{"id":11274,"date":"2021-05-05T12:33:08","date_gmt":"2021-05-05T11:33:08","guid":{"rendered":"https:\/\/woocommerce-587295-4567585.cloudwaysapps.com\/?page_id=11274"},"modified":"2021-12-07T17:56:19","modified_gmt":"2021-12-07T16:56:19","slug":"assistenza-clienti","status":"publish","type":"page","link":"https:\/\/staging.baredev.com\/de\/assistenza-clienti\/","title":{"rendered":"Kundendienst"},"content":{"rendered":"<h2>Kundendienst<\/h2>\n<p>Unser Team ist immer bereit, Ihnen zu helfen.<\/p>\n<h6>H\u00e4ufig gestellte Fragen (FAQ)<\/h6>\n<h2>Bestellungen und Versand<\/h2>\n<p><a href=\"\">Wann erhalte ich meine Bestellung?<\/a><\/p>\n<p>Nella maggior parte dei casi, salvo imprevisti, l\u2019ordine viene consegnato in 24\/72 ore, per maggiori informazioni, puoi visitare la pagina <a href=\"https:\/\/staging.baredev.com\/de\/spedizioni-e-tariffe\/\"><strong>Versand und Preise<\/strong><\/a><\/p>\n<p><a href=\"\">Wie erstelle ich ein Konto?<\/a><\/p>\n<p>Sie k\u00f6nnen ein Konto erstellen, indem Sie die Seite besuchen <strong><a href=\"https:\/\/staging.baredev.com\/de\/my-account\/\">Mein Konto<\/a><\/strong>, oppure durante il checkout, selezionando l\u2019opzione \u201c<em>Ein Konto erstellen?<\/em>\u201c.<\/p>\n<p><a href=\"\">Wie kann ich meine Sendung verfolgen?<\/a><\/p>\n<p>Sie k\u00f6nnen Ihre Sendung \u00fcber die Seite verfolgen <a href=\"https:\/\/staging.baredev.com\/de\/my-account\/orders\/\"><strong>Meine Bestellungen<\/strong><\/a>, oder, falls Sie nicht registriert sind, \u00fcber die <a href=\"https:\/\/staging.baredev.com\/de\/order-tracking\/\"><strong>Versandverfolgung<\/strong><\/a>.<\/p>\n<p><a href=\"\">F\u00fcr welchen Betrag ist der Versand kostenlos?<\/a><\/p>\n<p>Im Moment k\u00f6nnen wir noch keinen kostenlosen Versand anbieten. Wenn Sie wissen m\u00f6chten, wie hoch die Transportkosten sind, k\u00f6nnen Sie die Seite besuchen <a href=\"https:\/\/staging.baredev.com\/de\/spedizioni-e-tariffe\/\"><strong>Versand und Preise<\/strong>.<\/a><\/p>\n<p><a href=\"\">Wo muss der Aktionscode (Coupon) eingegeben werden?<\/a><\/p>\n<p>Rabattcodes m\u00fcssen auf der Seite eingegeben werden <a href=\"https:\/\/staging.baredev.com\/de\/carrello\/\"><strong>Einkaufswagen<\/strong><\/a> oder auf der Seite <a href=\"https:\/\/staging.baredev.com\/de\/checkout\/\"><strong>Auschecken<\/strong><\/a>.<\/p>\n<p><a href=\"\">Welche Zahlungsmethoden gibt es?<\/a><\/p>\n<p>Sie k\u00f6nnen \u00fcber . bezahlen <strong>Papier<\/strong> oder <strong>Paypal<\/strong>. Nur bei Bestellungen \u00fcber 10,01 Kg ist eine Zahlung m\u00f6glich <strong>Barzahlung bei Lieferung<\/strong> mit einem Zuschlag von 5,00 \u20ac.<\/p>\n<p><a href=\"\">Gibt es eine Mindestausgabengrenze?<\/a><br \/>\nNo,&nbsp;\u00e8&nbsp;possibile&nbsp;acquistare&nbsp;liberamente&nbsp;tutti&nbsp;i&nbsp;prodotti&nbsp;senza&nbsp;dover&nbsp;raggiungere&nbsp;una&nbsp;spesa&nbsp;minima.<br \/>\n<a href=\"\">Versenden Sie auch nach Europa?<\/a><\/p>\n<p>Spediamo in tutta Europa, i costi di spedizione e i tempi di consegna variano a seconda dell\u2019indirizzo di consegna.<\/p>\n<h6>Nach Kauf<\/h6>\n<h2>Widerrufsrecht und Garantien<\/h2>\n<p><a href=\"\">Die erhaltene Ware ist besch\u00e4digt, was soll ich tun?<\/a><\/p>\n<p>Sollten Sie ein sichtbar besch\u00e4digtes Paket erhalten, nehmen Sie die Ware bitte mit Vorbehalt entgegen.<\/p>\n<p>Bei Besch\u00e4digungen senden Sie uns bitte so schnell wie m\u00f6glich:<\/p>\n<ul>\n<li>Foto dell\u2019imballo esterno ed interno<\/li>\n<li>Foto dell\u2019etichetta di spedizione<\/li>\n<li>Foto der besch\u00e4digten Ware<\/li>\n<li>Foto della conferma d\u2019ordine<\/li>\n<\/ul>\n<p>all\u2019indirizzo <strong><a href=\"mailto:spedizioni@opusgroupsrl.com\">spedizioni@opusgroupsrl.com<\/a><\/strong> oder durch <strong><a href=\"https:\/\/api.whatsapp.com\/send?phone=3908231444406&amp;text=Ho%20ricevuto%20l'ordine%20danneggiato.\">WhatsApp<\/a><\/strong><\/p>\n<p><a href=\"\">Kann ich eine R\u00fccksendung vornehmen?<\/a><\/p>\n<p>Beim Kauf von Lebensmitteln ist eine R\u00fcckgabe der Ware nicht m\u00f6glich <em>(Siehe Normative Verweisungen)<\/em>.<\/p>\n<p>Per tutti gli altri prodotti hai 14 giorni se vuoi restituire la merce. Le spese di trasporto in caso di ripensamento sono a carico dell\u2019acquirente, per maggiori informazioni puoi consultare le nostre <a href=\"https:\/\/staging.baredev.com\/de\/condizioni-generali-di-vendita\/\"><strong>Allgemeine Verkaufsbedingungen<\/strong><\/a><\/p>\n<p>Normative Anforderungen:<br \/>\nGesetzesdekret 06.09.2005, nr. 206 Verbraucherschutzgesetz<br \/>\nGesetzesdekret vom 21.02.2014, nr. 21.<\/p>\n<p><a href=\"\">Kann ich ein Nachnahmepaket ablehnen?<\/a><\/p>\n<p>Beim Kauf von Lebensmitteln per Nachnahme ist der Kunde zur Annahme der Ware verpflichtet, da das Paket nicht zur\u00fcckgegeben werden kann, so dass bei einer Ablehnung des Pakets der Kunde strafrechtlich verfolgt wird.<\/p>\n<p>Wenn Sie Ihre Meinung \u00e4ndern, kontaktieren Sie uns bitte umgehend.<\/p>\n<p>Normative Anforderungen:<br \/>\nGesetzesdekret 06.09.2005, nr. 206 Verbraucherschutzgesetz<br \/>\nGesetzesdekret vom 21.02.2014, nr. 21.<\/p>\n<h2>Sie haben nicht gefunden, wonach Sie gesucht haben?<\/h2>\n<p><a href=\"https:\/\/staging.baredev.com\/de\/contattaci\/\" role=\"button\"><br \/>\nKontaktiere uns<br \/>\n<\/a><\/p>","protected":false},"excerpt":{"rendered":"<p>Assistenza Clienti Il nostro Team \u00e8 sempre pronto ad aiutarti. Domande Frequenti (FAQ) Ordini e Spedizioni Quando ricever\u00f2 il mio ordine? Nella maggior parte dei casi, salvo imprevisti, l\u2019ordine viene consegnato in 24\/72 ore, per maggiori informazioni, puoi visitare la pagina Spedizioni e Tariffe Come faccio a creare un account? Puoi creare un account visitando [&hellip;]<\/p>\n","protected":false},"author":1,"featured_media":0,"parent":0,"menu_order":0,"comment_status":"closed","ping_status":"closed","template":"template-fullwidth-no-heading.php","meta":{"_acf_changed":false,"inline_featured_image":false,"wprm-recipe-roundup-name":"","wprm-recipe-roundup-description":"","footnotes":""},"class_list":["post-11274","page","type-page","status-publish","hentry"],"acf":[],"yoast_head":"<!-- This site is optimized with the Yoast SEO Premium plugin v23.7 (Yoast SEO v27.6) - https:\/\/yoast.com\/product\/yoast-seo-premium-wordpress\/ -->\n<title>Assistenza Clienti - Sapori Nostri<\/title>\n<meta name=\"description\" content=\"Il Team Sapori Nostri \u00e8 sempre pronto ad aiutarti, puoi richiedere assistenza telefonicamente, tramite WhatsApp o Email\" \/>\n<meta name=\"robots\" content=\"index, follow, max-snippet:-1, max-image-preview:large, max-video-preview:-1\" \/>\n<link rel=\"canonical\" href=\"https:\/\/staging.baredev.com\/de\/assistenza-clienti\/\" \/>\n<meta property=\"og:locale\" content=\"de_DE\" \/>\n<meta property=\"og:type\" content=\"article\" \/>\n<meta property=\"og:title\" content=\"Assistenza Clienti\" \/>\n<meta property=\"og:description\" content=\"Il Team Sapori Nostri \u00e8 sempre pronto ad aiutarti, puoi richiedere assistenza telefonicamente, tramite WhatsApp o Email\" \/>\n<meta property=\"og:url\" content=\"https:\/\/staging.baredev.com\/de\/assistenza-clienti\/\" \/>\n<meta property=\"og:site_name\" content=\"Sapori Nostri\" \/>\n<meta property=\"article:publisher\" content=\"https:\/\/www.facebook.com\/saporinostri.it\/\" \/>\n<meta property=\"article:modified_time\" content=\"2021-12-07T16:56:19+00:00\" \/>\n<meta name=\"twitter:card\" content=\"summary_large_image\" \/>\n<meta name=\"twitter:label1\" content=\"Est. reading time\" \/>\n\t<meta name=\"twitter:data1\" content=\"2 minutes\" \/>\n<script type=\"application\/ld+json\" class=\"yoast-schema-graph\">{\"@context\":\"https:\\\/\\\/schema.org\",\"@graph\":[{\"@type\":\"WebPage\",\"@id\":\"https:\\\/\\\/staging.baredev.com\\\/de\\\/assistenza-clienti\\\/\",\"url\":\"https:\\\/\\\/staging.baredev.com\\\/de\\\/assistenza-clienti\\\/\",\"name\":\"Assistenza Clienti - Sapori Nostri\",\"isPartOf\":{\"@id\":\"https:\\\/\\\/staging.baredev.com\\\/de\\\/#website\"},\"datePublished\":\"2021-05-05T11:33:08+00:00\",\"dateModified\":\"2021-12-07T16:56:19+00:00\",\"description\":\"Il Team Sapori Nostri \u00e8 sempre pronto ad aiutarti, puoi richiedere assistenza telefonicamente, tramite WhatsApp o Email\",\"breadcrumb\":{\"@id\":\"https:\\\/\\\/staging.baredev.com\\\/de\\\/assistenza-clienti\\\/#breadcrumb\"},\"inLanguage\":\"de-DE\",\"potentialAction\":[{\"@type\":\"ReadAction\",\"target\":[\"https:\\\/\\\/staging.baredev.com\\\/de\\\/assistenza-clienti\\\/\"]}]},{\"@type\":\"BreadcrumbList\",\"@id\":\"https:\\\/\\\/staging.baredev.com\\\/de\\\/assistenza-clienti\\\/#breadcrumb\",\"itemListElement\":[{\"@type\":\"ListItem\",\"position\":1,\"name\":\"Home\",\"item\":\"https:\\\/\\\/staging.baredev.com\\\/de\\\/\"},{\"@type\":\"ListItem\",\"position\":2,\"name\":\"Assistenza Clienti\"}]},{\"@type\":\"WebSite\",\"@id\":\"https:\\\/\\\/staging.baredev.com\\\/de\\\/#website\",\"url\":\"https:\\\/\\\/staging.baredev.com\\\/de\\\/\",\"name\":\"Sapori Nostri\",\"description\":\"\",\"publisher\":{\"@id\":\"https:\\\/\\\/staging.baredev.com\\\/de\\\/#organization\"},\"potentialAction\":[{\"@type\":\"SearchAction\",\"target\":{\"@type\":\"EntryPoint\",\"urlTemplate\":\"https:\\\/\\\/staging.baredev.com\\\/de\\\/?s={search_term_string}\"},\"query-input\":{\"@type\":\"PropertyValueSpecification\",\"valueRequired\":true,\"valueName\":\"search_term_string\"}}],\"inLanguage\":\"de-DE\"},{\"@type\":\"Organization\",\"@id\":\"https:\\\/\\\/staging.baredev.com\\\/de\\\/#organization\",\"name\":\"Sapori Nostri\",\"url\":\"https:\\\/\\\/staging.baredev.com\\\/de\\\/\",\"logo\":{\"@type\":\"ImageObject\",\"inLanguage\":\"de-DE\",\"@id\":\"https:\\\/\\\/staging.baredev.com\\\/de\\\/#\\\/schema\\\/logo\\\/image\\\/\",\"url\":\"https:\\\/\\\/staging.baredev.com\\\/wp-content\\\/uploads\\\/2020\\\/05\\\/logo-retina.png\",\"contentUrl\":\"https:\\\/\\\/staging.baredev.com\\\/wp-content\\\/uploads\\\/2020\\\/05\\\/logo-retina.png\",\"width\":500,\"height\":109,\"caption\":\"Sapori Nostri\"},\"image\":{\"@id\":\"https:\\\/\\\/staging.baredev.com\\\/de\\\/#\\\/schema\\\/logo\\\/image\\\/\"},\"sameAs\":[\"https:\\\/\\\/www.facebook.com\\\/saporinostri.it\\\/\",\"https:\\\/\\\/www.instagram.com\\\/saporinostri.it\\\/\"]}]}<\/script>\n<!-- \/ Yoast SEO Premium plugin. -->","yoast_head_json":{"title":"Kundenservice - Sapori Our","description":"Das Sapori Unser Team ist immer bereit, Ihnen zu helfen, Sie k\u00f6nnen telefonisch, per WhatsApp oder E-Mail Hilfe anfordern","robots":{"index":"index","follow":"follow","max-snippet":"max-snippet:-1","max-image-preview":"max-image-preview:large","max-video-preview":"max-video-preview:-1"},"canonical":"https:\/\/staging.baredev.com\/de\/assistenza-clienti\/","og_locale":"de_DE","og_type":"article","og_title":"Assistenza Clienti","og_description":"Il Team Sapori Nostri \u00e8 sempre pronto ad aiutarti, puoi richiedere assistenza telefonicamente, tramite WhatsApp o Email","og_url":"https:\/\/staging.baredev.com\/de\/assistenza-clienti\/","og_site_name":"Sapori Nostri","article_publisher":"https:\/\/www.facebook.com\/saporinostri.it\/","article_modified_time":"2021-12-07T16:56:19+00:00","twitter_card":"summary_large_image","twitter_misc":{"Est. reading time":"2 minutes"},"schema":{"@context":"https:\/\/schema.org","@graph":[{"@type":"WebPage","@id":"https:\/\/staging.baredev.com\/de\/assistenza-clienti\/","url":"https:\/\/staging.baredev.com\/de\/assistenza-clienti\/","name":"Kundenservice - Sapori Our","isPartOf":{"@id":"https:\/\/staging.baredev.com\/de\/#website"},"datePublished":"2021-05-05T11:33:08+00:00","dateModified":"2021-12-07T16:56:19+00:00","description":"Das Sapori Unser Team ist immer bereit, Ihnen zu helfen, Sie k\u00f6nnen telefonisch, per WhatsApp oder E-Mail Hilfe anfordern","breadcrumb":{"@id":"https:\/\/staging.baredev.com\/de\/assistenza-clienti\/#breadcrumb"},"inLanguage":"de-DE","potentialAction":[{"@type":"ReadAction","target":["https:\/\/staging.baredev.com\/de\/assistenza-clienti\/"]}]},{"@type":"BreadcrumbList","@id":"https:\/\/staging.baredev.com\/de\/assistenza-clienti\/#breadcrumb","itemListElement":[{"@type":"ListItem","position":1,"name":"Home","item":"https:\/\/staging.baredev.com\/de\/"},{"@type":"ListItem","position":2,"name":"Assistenza Clienti"}]},{"@type":"WebSite","@id":"https:\/\/staging.baredev.com\/de\/#website","url":"https:\/\/staging.baredev.com\/de\/","name":"Sapori Nostri","description":"","publisher":{"@id":"https:\/\/staging.baredev.com\/de\/#organization"},"potentialAction":[{"@type":"SearchAction","target":{"@type":"EntryPoint","urlTemplate":"https:\/\/staging.baredev.com\/de\/?s={search_term_string}"},"query-input":{"@type":"PropertyValueSpecification","valueRequired":true,"valueName":"search_term_string"}}],"inLanguage":"de-DE"},{"@type":"Organization","@id":"https:\/\/staging.baredev.com\/de\/#organization","name":"Sapori Nostri","url":"https:\/\/staging.baredev.com\/de\/","logo":{"@type":"ImageObject","inLanguage":"de-DE","@id":"https:\/\/staging.baredev.com\/de\/#\/schema\/logo\/image\/","url":"https:\/\/staging.baredev.com\/wp-content\/uploads\/2020\/05\/logo-retina.png","contentUrl":"https:\/\/staging.baredev.com\/wp-content\/uploads\/2020\/05\/logo-retina.png","width":500,"height":109,"caption":"Sapori Nostri"},"image":{"@id":"https:\/\/staging.baredev.com\/de\/#\/schema\/logo\/image\/"},"sameAs":["https:\/\/www.facebook.com\/saporinostri.it\/","https:\/\/www.instagram.com\/saporinostri.it\/"]}]}},"jetpack_sharing_enabled":true,"_links":{"self":[{"href":"https:\/\/staging.baredev.com\/de\/wp-json\/wp\/v2\/pages\/11274","targetHints":{"allow":["GET"]}}],"collection":[{"href":"https:\/\/staging.baredev.com\/de\/wp-json\/wp\/v2\/pages"}],"about":[{"href":"https:\/\/staging.baredev.com\/de\/wp-json\/wp\/v2\/types\/page"}],"author":[{"embeddable":true,"href":"https:\/\/staging.baredev.com\/de\/wp-json\/wp\/v2\/users\/1"}],"replies":[{"embeddable":true,"href":"https:\/\/staging.baredev.com\/de\/wp-json\/wp\/v2\/comments?post=11274"}],"version-history":[{"count":0,"href":"https:\/\/staging.baredev.com\/de\/wp-json\/wp\/v2\/pages\/11274\/revisions"}],"wp:attachment":[{"href":"https:\/\/staging.baredev.com\/de\/wp-json\/wp\/v2\/media?parent=11274"}],"curies":[{"name":"wp","href":"https:\/\/api.w.org\/{rel}","templated":true}]}}