{"id":17872,"date":"2022-02-21T15:11:00","date_gmt":"2022-02-21T14:11:00","guid":{"rendered":"https:\/\/woocommerce-587295-4567585.cloudwaysapps.com\/?post_type=product&#038;p=17872"},"modified":"2026-01-15T18:24:08","modified_gmt":"2026-01-15T17:24:08","slug":"farfalle-igp-il-vecchio-pastificio-di-gragnano-500g","status":"publish","type":"product","link":"https:\/\/staging.baredev.com\/de\/farfalle-igp-il-vecchio-pastificio-di-gragnano-500g\/","title":{"rendered":"Farfalle IGP Il Vecchio Pastificio di Gragnano 500g"},"content":{"rendered":"<p>In \u00dcbereinstimmung mit der gro\u00dfen weltlichen Tradition von Gragnano produziert Il Vecchio Pastificio di Gragnano jeden Tag unter den wachsamen Augen des Nudelmeisters nach der handwerklichen Methode Pasta di Gragnano g.g.A. von h\u00f6chster Qualit\u00e4t. Durch die Auswahl des besten Hartweizengrie\u00dfes, der nur mit dem S\u00fc\u00dfwasser der sehr reinen - jahrtausendealten - Quellen von Gragnano vermischt wird, mit viel Leidenschaft, Sorgfalt und Geschick.<br \/>\nLangsam nur mit Bronzestempeln gezogene Farfalle, wie die Geschichte lehrt, die der Pasta eine au\u00dfergew\u00f6hnliche Rauheit verleihen; nur bei niedriger Temperatur sehr langsam getrocknet, um die hervorragende Qualit\u00e4t des Produkts weiter zu verbessern, einzigartig, schmackhaft, duftend, unter st\u00e4ndiger menschlicher Kontrolle in allen Phasen. Eine avantgardistische Nudelfabrik mit einer bedeutenden Produktionskapazit\u00e4t, die t\u00e4glich mit strengen und gewissenhaften handwerklichen Methoden arbeitet.<\/p>\n<p><strong>Zutaten:<\/strong> Hartweizengrie\u00df, Gragnano-Wasser.<\/p>","protected":false},"excerpt":{"rendered":"<p>Le Farfalle IGP del Vecchio Pastificio di Gragnano vengono prodotte con semole di grano duro accuratamente selezionate e con purissima acqua fresca delle millenarie sorgenti di Gragnano, con tanta passione e maestria.<\/p>\n<p><strong>Peso Netto:<\/strong> 500 g<br \/>\n<strong>Cottura:<\/strong> 8 minuti<\/p>\n<div class=\"scadenza\">Scadenza Lotto Pi\u00f9 Recente: <b>[acf field=\"scadenza\"] L.[acf field=\"lotto\"]<\/b><\/div>\n","protected":false},"featured_media":17873,"comment_status":"open","ping_status":"closed","template":"","meta":{"_acf_changed":false,"inline_featured_image":false,"wprm-recipe-roundup-name":"","wprm-recipe-roundup-description":""},"pwb-brand":[411],"product_brand":[],"product_cat":[407],"product_tag":[],"class_list":{"0":"post-17872","1":"product","2":"type-product","3":"status-publish","4":"has-post-thumbnail","6":"pwb-brand-il-vecchio-pastificio-di-gragnano","7":"product_cat-pasta-artigianale","9":"first","10":"instock","11":"sale","12":"taxable","13":"shipping-taxable","14":"purchasable","15":"product-type-simple"},"acf":[],"yoast_head":"<!-- This site is optimized with the Yoast SEO Premium plugin v23.7 (Yoast SEO v27.6) - https:\/\/yoast.com\/product\/yoast-seo-premium-wordpress\/ -->\n<title>Farfalle IGP Vecchio Pastificio di Gragnano 500g - Sapori Nostri<\/title>\n<meta name=\"description\" content=\"Farfalle IGP Vecchio Pastificio di Gragnano, prodotte con semole selezionate e purissima acqua fresca delle sorgenti di Gragnano\" \/>\n<meta name=\"robots\" content=\"index, follow, max-snippet:-1, max-image-preview:large, max-video-preview:-1\" \/>\n<link rel=\"canonical\" href=\"https:\/\/staging.baredev.com\/de\/farfalle-igp-il-vecchio-pastificio-di-gragnano-500g\/\" \/>\n<meta property=\"og:locale\" content=\"de_DE\" \/>\n<meta property=\"og:type\" content=\"article\" \/>\n<meta property=\"og:title\" content=\"Farfalle IGP Il Vecchio Pastificio di Gragnano 500g\" \/>\n<meta property=\"og:description\" content=\"Farfalle IGP Vecchio Pastificio di Gragnano, prodotte con semole selezionate e purissima acqua fresca delle sorgenti di Gragnano\" \/>\n<meta property=\"og:url\" content=\"https:\/\/staging.baredev.com\/de\/farfalle-igp-il-vecchio-pastificio-di-gragnano-500g\/\" \/>\n<meta property=\"og:site_name\" content=\"Sapori Nostri\" \/>\n<meta property=\"article:publisher\" content=\"https:\/\/www.facebook.com\/saporinostri.it\/\" \/>\n<meta property=\"article:modified_time\" content=\"2026-01-15T17:24:08+00:00\" \/>\n<meta property=\"og:image\" content=\"https:\/\/staging.baredev.com\/wp-content\/uploads\/2022\/02\/farfalle-vecchio-pastificio-di-gragnano-front.jpg\" \/>\n\t<meta property=\"og:image:width\" content=\"1100\" \/>\n\t<meta property=\"og:image:height\" content=\"1100\" \/>\n\t<meta property=\"og:image:type\" content=\"image\/jpeg\" \/>\n<meta name=\"twitter:card\" content=\"summary_large_image\" \/>\n<meta name=\"twitter:label1\" content=\"Est. reading time\" \/>\n\t<meta name=\"twitter:data1\" content=\"2 minutes\" \/>\n<script type=\"application\/ld+json\" class=\"yoast-schema-graph\">{\"@context\":\"https:\\\/\\\/schema.org\",\"@graph\":[{\"@type\":\"WebPage\",\"@id\":\"https:\\\/\\\/staging.baredev.com\\\/de\\\/farfalle-igp-il-vecchio-pastificio-di-gragnano-500g\\\/\",\"url\":\"https:\\\/\\\/staging.baredev.com\\\/de\\\/farfalle-igp-il-vecchio-pastificio-di-gragnano-500g\\\/\",\"name\":\"Farfalle IGP Vecchio Pastificio di Gragnano 500g - Sapori Nostri\",\"isPartOf\":{\"@id\":\"https:\\\/\\\/staging.baredev.com\\\/de\\\/#website\"},\"primaryImageOfPage\":{\"@id\":\"https:\\\/\\\/staging.baredev.com\\\/de\\\/farfalle-igp-il-vecchio-pastificio-di-gragnano-500g\\\/#primaryimage\"},\"image\":{\"@id\":\"https:\\\/\\\/staging.baredev.com\\\/de\\\/farfalle-igp-il-vecchio-pastificio-di-gragnano-500g\\\/#primaryimage\"},\"thumbnailUrl\":\"https:\\\/\\\/staging.baredev.com\\\/wp-content\\\/uploads\\\/2022\\\/02\\\/farfalle-vecchio-pastificio-di-gragnano-front.jpg\",\"datePublished\":\"2022-02-21T14:11:00+00:00\",\"dateModified\":\"2026-01-15T17:24:08+00:00\",\"description\":\"Farfalle IGP Vecchio Pastificio di Gragnano, prodotte con semole selezionate e purissima acqua fresca delle sorgenti di Gragnano\",\"breadcrumb\":{\"@id\":\"https:\\\/\\\/staging.baredev.com\\\/de\\\/farfalle-igp-il-vecchio-pastificio-di-gragnano-500g\\\/#breadcrumb\"},\"inLanguage\":\"de-DE\",\"potentialAction\":[{\"@type\":\"ReadAction\",\"target\":[\"https:\\\/\\\/staging.baredev.com\\\/de\\\/farfalle-igp-il-vecchio-pastificio-di-gragnano-500g\\\/\"]}]},{\"@type\":\"ImageObject\",\"inLanguage\":\"de-DE\",\"@id\":\"https:\\\/\\\/staging.baredev.com\\\/de\\\/farfalle-igp-il-vecchio-pastificio-di-gragnano-500g\\\/#primaryimage\",\"url\":\"https:\\\/\\\/staging.baredev.com\\\/wp-content\\\/uploads\\\/2022\\\/02\\\/farfalle-vecchio-pastificio-di-gragnano-front.jpg\",\"contentUrl\":\"https:\\\/\\\/staging.baredev.com\\\/wp-content\\\/uploads\\\/2022\\\/02\\\/farfalle-vecchio-pastificio-di-gragnano-front.jpg\",\"width\":1100,\"height\":1100,\"caption\":\"Farfalle IGP Il Vecchio Pastificio di Gragnano 500g\"},{\"@type\":\"BreadcrumbList\",\"@id\":\"https:\\\/\\\/staging.baredev.com\\\/de\\\/farfalle-igp-il-vecchio-pastificio-di-gragnano-500g\\\/#breadcrumb\",\"itemListElement\":[{\"@type\":\"ListItem\",\"position\":1,\"name\":\"Home\",\"item\":\"https:\\\/\\\/staging.baredev.com\\\/de\\\/\"},{\"@type\":\"ListItem\",\"position\":2,\"name\":\"Shop\",\"item\":\"https:\\\/\\\/staging.baredev.com\\\/de\\\/shop\\\/\"},{\"@type\":\"ListItem\",\"position\":3,\"name\":\"Farfalle IGP Il Vecchio Pastificio di Gragnano 500g\"}]},{\"@type\":\"WebSite\",\"@id\":\"https:\\\/\\\/staging.baredev.com\\\/de\\\/#website\",\"url\":\"https:\\\/\\\/staging.baredev.com\\\/de\\\/\",\"name\":\"Sapori Nostri\",\"description\":\"\",\"publisher\":{\"@id\":\"https:\\\/\\\/staging.baredev.com\\\/de\\\/#organization\"},\"potentialAction\":[{\"@type\":\"SearchAction\",\"target\":{\"@type\":\"EntryPoint\",\"urlTemplate\":\"https:\\\/\\\/staging.baredev.com\\\/de\\\/?s={search_term_string}\"},\"query-input\":{\"@type\":\"PropertyValueSpecification\",\"valueRequired\":true,\"valueName\":\"search_term_string\"}}],\"inLanguage\":\"de-DE\"},{\"@type\":\"Organization\",\"@id\":\"https:\\\/\\\/staging.baredev.com\\\/de\\\/#organization\",\"name\":\"Sapori Nostri\",\"url\":\"https:\\\/\\\/staging.baredev.com\\\/de\\\/\",\"logo\":{\"@type\":\"ImageObject\",\"inLanguage\":\"de-DE\",\"@id\":\"https:\\\/\\\/staging.baredev.com\\\/de\\\/#\\\/schema\\\/logo\\\/image\\\/\",\"url\":\"https:\\\/\\\/staging.baredev.com\\\/wp-content\\\/uploads\\\/2020\\\/05\\\/logo-retina.png\",\"contentUrl\":\"https:\\\/\\\/staging.baredev.com\\\/wp-content\\\/uploads\\\/2020\\\/05\\\/logo-retina.png\",\"width\":500,\"height\":109,\"caption\":\"Sapori Nostri\"},\"image\":{\"@id\":\"https:\\\/\\\/staging.baredev.com\\\/de\\\/#\\\/schema\\\/logo\\\/image\\\/\"},\"sameAs\":[\"https:\\\/\\\/www.facebook.com\\\/saporinostri.it\\\/\",\"https:\\\/\\\/www.instagram.com\\\/saporinostri.it\\\/\"]}]}<\/script>\n<!-- \/ Yoast SEO Premium plugin. -->","yoast_head_json":{"title":"Farfalle IGP Old Pastificio di Gragnano 500g - Unsere Aromen","description":"Farfalle IGP Vecchio Pastificio di Gragnano, hergestellt aus erlesenem Grie\u00df und reinem S\u00fc\u00dfwasser aus den Gragnano-Quellen","robots":{"index":"index","follow":"follow","max-snippet":"max-snippet:-1","max-image-preview":"max-image-preview:large","max-video-preview":"max-video-preview:-1"},"canonical":"https:\/\/staging.baredev.com\/de\/farfalle-igp-il-vecchio-pastificio-di-gragnano-500g\/","og_locale":"de_DE","og_type":"article","og_title":"Farfalle IGP Il Vecchio Pastificio di Gragnano 500g","og_description":"Farfalle IGP Vecchio Pastificio di Gragnano, prodotte con semole selezionate e purissima acqua fresca delle sorgenti di Gragnano","og_url":"https:\/\/staging.baredev.com\/de\/farfalle-igp-il-vecchio-pastificio-di-gragnano-500g\/","og_site_name":"Sapori Nostri","article_publisher":"https:\/\/www.facebook.com\/saporinostri.it\/","article_modified_time":"2026-01-15T17:24:08+00:00","og_image":[{"width":1100,"height":1100,"url":"https:\/\/staging.baredev.com\/wp-content\/uploads\/2022\/02\/farfalle-vecchio-pastificio-di-gragnano-front.jpg","type":"image\/jpeg"}],"twitter_card":"summary_large_image","twitter_misc":{"Est. reading time":"2 minutes"},"schema":{"@context":"https:\/\/schema.org","@graph":[{"@type":"WebPage","@id":"https:\/\/staging.baredev.com\/de\/farfalle-igp-il-vecchio-pastificio-di-gragnano-500g\/","url":"https:\/\/staging.baredev.com\/de\/farfalle-igp-il-vecchio-pastificio-di-gragnano-500g\/","name":"Farfalle IGP Old Pastificio di Gragnano 500g - Unsere Aromen","isPartOf":{"@id":"https:\/\/staging.baredev.com\/de\/#website"},"primaryImageOfPage":{"@id":"https:\/\/staging.baredev.com\/de\/farfalle-igp-il-vecchio-pastificio-di-gragnano-500g\/#primaryimage"},"image":{"@id":"https:\/\/staging.baredev.com\/de\/farfalle-igp-il-vecchio-pastificio-di-gragnano-500g\/#primaryimage"},"thumbnailUrl":"https:\/\/staging.baredev.com\/wp-content\/uploads\/2022\/02\/farfalle-vecchio-pastificio-di-gragnano-front.jpg","datePublished":"2022-02-21T14:11:00+00:00","dateModified":"2026-01-15T17:24:08+00:00","description":"Farfalle IGP Vecchio Pastificio di Gragnano, hergestellt aus erlesenem Grie\u00df und reinem S\u00fc\u00dfwasser aus den Gragnano-Quellen","breadcrumb":{"@id":"https:\/\/staging.baredev.com\/de\/farfalle-igp-il-vecchio-pastificio-di-gragnano-500g\/#breadcrumb"},"inLanguage":"de-DE","potentialAction":[{"@type":"ReadAction","target":["https:\/\/staging.baredev.com\/de\/farfalle-igp-il-vecchio-pastificio-di-gragnano-500g\/"]}]},{"@type":"ImageObject","inLanguage":"de-DE","@id":"https:\/\/staging.baredev.com\/de\/farfalle-igp-il-vecchio-pastificio-di-gragnano-500g\/#primaryimage","url":"https:\/\/staging.baredev.com\/wp-content\/uploads\/2022\/02\/farfalle-vecchio-pastificio-di-gragnano-front.jpg","contentUrl":"https:\/\/staging.baredev.com\/wp-content\/uploads\/2022\/02\/farfalle-vecchio-pastificio-di-gragnano-front.jpg","width":1100,"height":1100,"caption":"Farfalle IGP Il Vecchio Pastificio di Gragnano 500g"},{"@type":"BreadcrumbList","@id":"https:\/\/staging.baredev.com\/de\/farfalle-igp-il-vecchio-pastificio-di-gragnano-500g\/#breadcrumb","itemListElement":[{"@type":"ListItem","position":1,"name":"Home","item":"https:\/\/staging.baredev.com\/de\/"},{"@type":"ListItem","position":2,"name":"Shop","item":"https:\/\/staging.baredev.com\/de\/shop\/"},{"@type":"ListItem","position":3,"name":"Farfalle IGP Il Vecchio Pastificio di Gragnano 500g"}]},{"@type":"WebSite","@id":"https:\/\/staging.baredev.com\/de\/#website","url":"https:\/\/staging.baredev.com\/de\/","name":"Sapori Nostri","description":"","publisher":{"@id":"https:\/\/staging.baredev.com\/de\/#organization"},"potentialAction":[{"@type":"SearchAction","target":{"@type":"EntryPoint","urlTemplate":"https:\/\/staging.baredev.com\/de\/?s={search_term_string}"},"query-input":{"@type":"PropertyValueSpecification","valueRequired":true,"valueName":"search_term_string"}}],"inLanguage":"de-DE"},{"@type":"Organization","@id":"https:\/\/staging.baredev.com\/de\/#organization","name":"Sapori Nostri","url":"https:\/\/staging.baredev.com\/de\/","logo":{"@type":"ImageObject","inLanguage":"de-DE","@id":"https:\/\/staging.baredev.com\/de\/#\/schema\/logo\/image\/","url":"https:\/\/staging.baredev.com\/wp-content\/uploads\/2020\/05\/logo-retina.png","contentUrl":"https:\/\/staging.baredev.com\/wp-content\/uploads\/2020\/05\/logo-retina.png","width":500,"height":109,"caption":"Sapori Nostri"},"image":{"@id":"https:\/\/staging.baredev.com\/de\/#\/schema\/logo\/image\/"},"sameAs":["https:\/\/www.facebook.com\/saporinostri.it\/","https:\/\/www.instagram.com\/saporinostri.it\/"]}]}},"jetpack_sharing_enabled":true,"brands":[{"id":411,"name":"Die alte Pastificio di Gragnano","slug":"il-vecchio-pastificio-di-gragnano"}],"_links":{"self":[{"href":"https:\/\/staging.baredev.com\/de\/wp-json\/wp\/v2\/product\/17872","targetHints":{"allow":["GET"]}}],"collection":[{"href":"https:\/\/staging.baredev.com\/de\/wp-json\/wp\/v2\/product"}],"about":[{"href":"https:\/\/staging.baredev.com\/de\/wp-json\/wp\/v2\/types\/product"}],"replies":[{"embeddable":true,"href":"https:\/\/staging.baredev.com\/de\/wp-json\/wp\/v2\/comments?post=17872"}],"wp:featuredmedia":[{"embeddable":true,"href":"https:\/\/staging.baredev.com\/de\/wp-json\/wp\/v2\/media\/17873"}],"wp:attachment":[{"href":"https:\/\/staging.baredev.com\/de\/wp-json\/wp\/v2\/media?parent=17872"}],"wp:term":[{"taxonomy":"pwb-brand","embeddable":true,"href":"https:\/\/staging.baredev.com\/de\/wp-json\/wp\/v2\/pwb-brand?post=17872"},{"taxonomy":"product_brand","embeddable":true,"href":"https:\/\/staging.baredev.com\/de\/wp-json\/wp\/v2\/product_brand?post=17872"},{"taxonomy":"product_cat","embeddable":true,"href":"https:\/\/staging.baredev.com\/de\/wp-json\/wp\/v2\/product_cat?post=17872"},{"taxonomy":"product_tag","embeddable":true,"href":"https:\/\/staging.baredev.com\/de\/wp-json\/wp\/v2\/product_tag?post=17872"}],"curies":[{"name":"wp","href":"https:\/\/api.w.org\/{rel}","templated":true}]}}