{"id":18377,"date":"2022-03-18T15:35:08","date_gmt":"2022-03-18T14:35:08","guid":{"rendered":"https:\/\/woocommerce-587295-4567585.cloudwaysapps.com\/?post_type=product&#038;p=18377"},"modified":"2026-02-22T18:15:58","modified_gmt":"2026-02-22T17:15:58","slug":"pomodorini-datterini-rossi-semi-secchi-in-olio-grangusto-280g","status":"publish","type":"product","link":"https:\/\/staging.baredev.com\/de\/pomodorini-datterini-rossi-semi-secchi-in-olio-grangusto-280g\/","title":{"rendered":"Halbgetrocknete rote Datterini-Tomaten in Grangusto-\u00d6l 280g"},"content":{"rendered":"<p style=\"font-size: 1.1em; line-height: 1.3em; color: #333;\">Die Liebe zu unserem Land geht, wie wir wissen, auch durch den Tisch. Die roten Datterini Grangusto halbtrocken in \u00d6l, die in der Piana del Sele angebaut werden, sind nicht nur sehr schmackhaft, sondern repr\u00e4sentieren seit jeher das unsch\u00e4tzbare Erbe der italienischen l\u00e4ndlichen Tradition. Dieses Produkt ist perfekt f\u00fcr Vorspeisen, zum Anrichten von Focaccia, Salaten, Gourmet-Sandwiches.<\/p>","protected":false},"excerpt":{"rendered":"<p style=\"font-size: 1.1em; line-height: 1.3em; color: #333;\">K\u00f6stliche italienische halbgetrocknete Kirschtomaten, s\u00fc\u00df aromatisiert mit Gew\u00fcrzen, die an unser Mittelmeer erinnern, s\u00fc\u00df eingelegt in zartem Samen\u00f6l. Halbgetrocknete Kirschtomaten sind eine ausgezeichnete Idee, um sie auf den Tisch zu bringen, um sie als Vorspeise, Beilage oder zum F\u00fcllen von Sandwiches und Focaccia zu genie\u00dfen.<\/p>\n<p style=\"font-size: 1.1em; line-height: 1.3em; color: #333;\"><strong>Nettogewicht:<\/strong> 280 g<\/p>\n<p style=\"font-size: 1.1em; line-height: 1.3em; color: #333;\"><strong>Abgelassenes Gewicht:<\/strong> 180 gr<\/p>","protected":false},"featured_media":18378,"comment_status":"open","ping_status":"closed","template":"","meta":{"_acf_changed":false,"inline_featured_image":false,"wprm-recipe-roundup-name":"","wprm-recipe-roundup-description":""},"pwb-brand":[635],"product_brand":[],"product_cat":[412,427],"product_tag":[],"class_list":{"0":"post-18377","1":"product","2":"type-product","3":"status-publish","4":"has-post-thumbnail","6":"pwb-brand-grangusto","7":"product_cat-conserve","8":"product_cat-pomodori","10":"first","11":"instock","12":"sale","13":"taxable","14":"shipping-taxable","15":"purchasable","16":"product-type-simple"},"acf":[],"yoast_head":"<!-- This site is optimized with the Yoast SEO Premium plugin v23.7 (Yoast SEO v27.6) - https:\/\/yoast.com\/product\/yoast-seo-premium-wordpress\/ -->\n<title>Pomodorini Datterini Rossi Semi Secchi Grangusto 280g - Sapori Nostri<\/title>\n<meta name=\"description\" content=\"Datterini rossi semi secchi della Piana del Sele in olio Grangusto sono dei pomodori straordinari dal sapore unico, acquistali online\" \/>\n<meta name=\"robots\" content=\"index, follow, max-snippet:-1, max-image-preview:large, max-video-preview:-1\" \/>\n<link rel=\"canonical\" href=\"https:\/\/staging.baredev.com\/de\/pomodorini-datterini-rossi-semi-secchi-in-olio-grangusto-280g\/\" \/>\n<meta property=\"og:locale\" content=\"de_DE\" \/>\n<meta property=\"og:type\" content=\"article\" \/>\n<meta property=\"og:title\" content=\"Pomodorini Datterini Rossi Semi Secchi in Olio Grangusto 280g\" \/>\n<meta property=\"og:description\" content=\"Datterini rossi semi secchi della Piana del Sele in olio Grangusto sono dei pomodori straordinari dal sapore unico, acquistali online\" \/>\n<meta property=\"og:url\" content=\"https:\/\/staging.baredev.com\/de\/pomodorini-datterini-rossi-semi-secchi-in-olio-grangusto-280g\/\" \/>\n<meta property=\"og:site_name\" content=\"Sapori Nostri\" \/>\n<meta property=\"article:publisher\" content=\"https:\/\/www.facebook.com\/saporinostri.it\/\" \/>\n<meta property=\"article:modified_time\" content=\"2026-02-22T17:15:58+00:00\" \/>\n<meta property=\"og:image\" content=\"https:\/\/staging.baredev.com\/wp-content\/uploads\/2022\/03\/pomodorini-datterini-rossi-semi-secchi-in-olio-grangusto-280g.jpg\" \/>\n\t<meta property=\"og:image:width\" content=\"1100\" \/>\n\t<meta property=\"og:image:height\" content=\"1100\" \/>\n\t<meta property=\"og:image:type\" content=\"image\/jpeg\" \/>\n<meta name=\"twitter:card\" content=\"summary_large_image\" \/>\n<meta name=\"twitter:label1\" content=\"Est. reading time\" \/>\n\t<meta name=\"twitter:data1\" content=\"1 minute\" \/>\n<script type=\"application\/ld+json\" class=\"yoast-schema-graph\">{\"@context\":\"https:\\\/\\\/schema.org\",\"@graph\":[{\"@type\":\"WebPage\",\"@id\":\"https:\\\/\\\/staging.baredev.com\\\/de\\\/pomodorini-datterini-rossi-semi-secchi-in-olio-grangusto-280g\\\/\",\"url\":\"https:\\\/\\\/staging.baredev.com\\\/de\\\/pomodorini-datterini-rossi-semi-secchi-in-olio-grangusto-280g\\\/\",\"name\":\"Pomodorini Datterini Rossi Semi Secchi Grangusto 280g - Sapori Nostri\",\"isPartOf\":{\"@id\":\"https:\\\/\\\/staging.baredev.com\\\/de\\\/#website\"},\"primaryImageOfPage\":{\"@id\":\"https:\\\/\\\/staging.baredev.com\\\/de\\\/pomodorini-datterini-rossi-semi-secchi-in-olio-grangusto-280g\\\/#primaryimage\"},\"image\":{\"@id\":\"https:\\\/\\\/staging.baredev.com\\\/de\\\/pomodorini-datterini-rossi-semi-secchi-in-olio-grangusto-280g\\\/#primaryimage\"},\"thumbnailUrl\":\"https:\\\/\\\/staging.baredev.com\\\/wp-content\\\/uploads\\\/2022\\\/03\\\/pomodorini-datterini-rossi-semi-secchi-in-olio-grangusto-280g.jpg\",\"datePublished\":\"2022-03-18T14:35:08+00:00\",\"dateModified\":\"2026-02-22T17:15:58+00:00\",\"description\":\"Datterini rossi semi secchi della Piana del Sele in olio Grangusto sono dei pomodori straordinari dal sapore unico, acquistali online\",\"breadcrumb\":{\"@id\":\"https:\\\/\\\/staging.baredev.com\\\/de\\\/pomodorini-datterini-rossi-semi-secchi-in-olio-grangusto-280g\\\/#breadcrumb\"},\"inLanguage\":\"de-DE\",\"potentialAction\":[{\"@type\":\"ReadAction\",\"target\":[\"https:\\\/\\\/staging.baredev.com\\\/de\\\/pomodorini-datterini-rossi-semi-secchi-in-olio-grangusto-280g\\\/\"]}]},{\"@type\":\"ImageObject\",\"inLanguage\":\"de-DE\",\"@id\":\"https:\\\/\\\/staging.baredev.com\\\/de\\\/pomodorini-datterini-rossi-semi-secchi-in-olio-grangusto-280g\\\/#primaryimage\",\"url\":\"https:\\\/\\\/staging.baredev.com\\\/wp-content\\\/uploads\\\/2022\\\/03\\\/pomodorini-datterini-rossi-semi-secchi-in-olio-grangusto-280g.jpg\",\"contentUrl\":\"https:\\\/\\\/staging.baredev.com\\\/wp-content\\\/uploads\\\/2022\\\/03\\\/pomodorini-datterini-rossi-semi-secchi-in-olio-grangusto-280g.jpg\",\"width\":1100,\"height\":1100,\"caption\":\"Pomodorini Datterini Rossi Semi Secchi in Olio Grangusto 280g\"},{\"@type\":\"BreadcrumbList\",\"@id\":\"https:\\\/\\\/staging.baredev.com\\\/de\\\/pomodorini-datterini-rossi-semi-secchi-in-olio-grangusto-280g\\\/#breadcrumb\",\"itemListElement\":[{\"@type\":\"ListItem\",\"position\":1,\"name\":\"Home\",\"item\":\"https:\\\/\\\/staging.baredev.com\\\/de\\\/\"},{\"@type\":\"ListItem\",\"position\":2,\"name\":\"Shop\",\"item\":\"https:\\\/\\\/staging.baredev.com\\\/de\\\/shop\\\/\"},{\"@type\":\"ListItem\",\"position\":3,\"name\":\"Pomodorini Datterini Rossi Semi Secchi in Olio Grangusto 280g\"}]},{\"@type\":\"WebSite\",\"@id\":\"https:\\\/\\\/staging.baredev.com\\\/de\\\/#website\",\"url\":\"https:\\\/\\\/staging.baredev.com\\\/de\\\/\",\"name\":\"Sapori Nostri\",\"description\":\"\",\"publisher\":{\"@id\":\"https:\\\/\\\/staging.baredev.com\\\/de\\\/#organization\"},\"potentialAction\":[{\"@type\":\"SearchAction\",\"target\":{\"@type\":\"EntryPoint\",\"urlTemplate\":\"https:\\\/\\\/staging.baredev.com\\\/de\\\/?s={search_term_string}\"},\"query-input\":{\"@type\":\"PropertyValueSpecification\",\"valueRequired\":true,\"valueName\":\"search_term_string\"}}],\"inLanguage\":\"de-DE\"},{\"@type\":\"Organization\",\"@id\":\"https:\\\/\\\/staging.baredev.com\\\/de\\\/#organization\",\"name\":\"Sapori Nostri\",\"url\":\"https:\\\/\\\/staging.baredev.com\\\/de\\\/\",\"logo\":{\"@type\":\"ImageObject\",\"inLanguage\":\"de-DE\",\"@id\":\"https:\\\/\\\/staging.baredev.com\\\/de\\\/#\\\/schema\\\/logo\\\/image\\\/\",\"url\":\"https:\\\/\\\/staging.baredev.com\\\/wp-content\\\/uploads\\\/2020\\\/05\\\/logo-retina.png\",\"contentUrl\":\"https:\\\/\\\/staging.baredev.com\\\/wp-content\\\/uploads\\\/2020\\\/05\\\/logo-retina.png\",\"width\":500,\"height\":109,\"caption\":\"Sapori Nostri\"},\"image\":{\"@id\":\"https:\\\/\\\/staging.baredev.com\\\/de\\\/#\\\/schema\\\/logo\\\/image\\\/\"},\"sameAs\":[\"https:\\\/\\\/www.facebook.com\\\/saporinostri.it\\\/\",\"https:\\\/\\\/www.instagram.com\\\/saporinostri.it\\\/\"]}]}<\/script>\n<!-- \/ Yoast SEO Premium plugin. -->","yoast_head_json":{"title":"Halbgetrocknete rote Datterini Kirschtomaten Grangusto 280g - Sapori Our","description":"Halbgetrocknete rote Datterini-Tomaten aus der Piana del Sele in Grangusto-\u00d6l sind au\u00dfergew\u00f6hnliche Tomaten mit einem einzigartigen Geschmack, kaufen Sie sie online","robots":{"index":"index","follow":"follow","max-snippet":"max-snippet:-1","max-image-preview":"max-image-preview:large","max-video-preview":"max-video-preview:-1"},"canonical":"https:\/\/staging.baredev.com\/de\/pomodorini-datterini-rossi-semi-secchi-in-olio-grangusto-280g\/","og_locale":"de_DE","og_type":"article","og_title":"Pomodorini Datterini Rossi Semi Secchi in Olio Grangusto 280g","og_description":"Datterini rossi semi secchi della Piana del Sele in olio Grangusto sono dei pomodori straordinari dal sapore unico, acquistali online","og_url":"https:\/\/staging.baredev.com\/de\/pomodorini-datterini-rossi-semi-secchi-in-olio-grangusto-280g\/","og_site_name":"Sapori Nostri","article_publisher":"https:\/\/www.facebook.com\/saporinostri.it\/","article_modified_time":"2026-02-22T17:15:58+00:00","og_image":[{"width":1100,"height":1100,"url":"https:\/\/staging.baredev.com\/wp-content\/uploads\/2022\/03\/pomodorini-datterini-rossi-semi-secchi-in-olio-grangusto-280g.jpg","type":"image\/jpeg"}],"twitter_card":"summary_large_image","twitter_misc":{"Est. reading time":"1 minute"},"schema":{"@context":"https:\/\/schema.org","@graph":[{"@type":"WebPage","@id":"https:\/\/staging.baredev.com\/de\/pomodorini-datterini-rossi-semi-secchi-in-olio-grangusto-280g\/","url":"https:\/\/staging.baredev.com\/de\/pomodorini-datterini-rossi-semi-secchi-in-olio-grangusto-280g\/","name":"Halbgetrocknete rote Datterini Kirschtomaten Grangusto 280g - Sapori Our","isPartOf":{"@id":"https:\/\/staging.baredev.com\/de\/#website"},"primaryImageOfPage":{"@id":"https:\/\/staging.baredev.com\/de\/pomodorini-datterini-rossi-semi-secchi-in-olio-grangusto-280g\/#primaryimage"},"image":{"@id":"https:\/\/staging.baredev.com\/de\/pomodorini-datterini-rossi-semi-secchi-in-olio-grangusto-280g\/#primaryimage"},"thumbnailUrl":"https:\/\/staging.baredev.com\/wp-content\/uploads\/2022\/03\/pomodorini-datterini-rossi-semi-secchi-in-olio-grangusto-280g.jpg","datePublished":"2022-03-18T14:35:08+00:00","dateModified":"2026-02-22T17:15:58+00:00","description":"Halbgetrocknete rote Datterini-Tomaten aus der Piana del Sele in Grangusto-\u00d6l sind au\u00dfergew\u00f6hnliche Tomaten mit einem einzigartigen Geschmack, kaufen Sie sie online","breadcrumb":{"@id":"https:\/\/staging.baredev.com\/de\/pomodorini-datterini-rossi-semi-secchi-in-olio-grangusto-280g\/#breadcrumb"},"inLanguage":"de-DE","potentialAction":[{"@type":"ReadAction","target":["https:\/\/staging.baredev.com\/de\/pomodorini-datterini-rossi-semi-secchi-in-olio-grangusto-280g\/"]}]},{"@type":"ImageObject","inLanguage":"de-DE","@id":"https:\/\/staging.baredev.com\/de\/pomodorini-datterini-rossi-semi-secchi-in-olio-grangusto-280g\/#primaryimage","url":"https:\/\/staging.baredev.com\/wp-content\/uploads\/2022\/03\/pomodorini-datterini-rossi-semi-secchi-in-olio-grangusto-280g.jpg","contentUrl":"https:\/\/staging.baredev.com\/wp-content\/uploads\/2022\/03\/pomodorini-datterini-rossi-semi-secchi-in-olio-grangusto-280g.jpg","width":1100,"height":1100,"caption":"Pomodorini Datterini Rossi Semi Secchi in Olio Grangusto 280g"},{"@type":"BreadcrumbList","@id":"https:\/\/staging.baredev.com\/de\/pomodorini-datterini-rossi-semi-secchi-in-olio-grangusto-280g\/#breadcrumb","itemListElement":[{"@type":"ListItem","position":1,"name":"Home","item":"https:\/\/staging.baredev.com\/de\/"},{"@type":"ListItem","position":2,"name":"Shop","item":"https:\/\/staging.baredev.com\/de\/shop\/"},{"@type":"ListItem","position":3,"name":"Pomodorini Datterini Rossi Semi Secchi in Olio Grangusto 280g"}]},{"@type":"WebSite","@id":"https:\/\/staging.baredev.com\/de\/#website","url":"https:\/\/staging.baredev.com\/de\/","name":"Sapori Nostri","description":"","publisher":{"@id":"https:\/\/staging.baredev.com\/de\/#organization"},"potentialAction":[{"@type":"SearchAction","target":{"@type":"EntryPoint","urlTemplate":"https:\/\/staging.baredev.com\/de\/?s={search_term_string}"},"query-input":{"@type":"PropertyValueSpecification","valueRequired":true,"valueName":"search_term_string"}}],"inLanguage":"de-DE"},{"@type":"Organization","@id":"https:\/\/staging.baredev.com\/de\/#organization","name":"Sapori Nostri","url":"https:\/\/staging.baredev.com\/de\/","logo":{"@type":"ImageObject","inLanguage":"de-DE","@id":"https:\/\/staging.baredev.com\/de\/#\/schema\/logo\/image\/","url":"https:\/\/staging.baredev.com\/wp-content\/uploads\/2020\/05\/logo-retina.png","contentUrl":"https:\/\/staging.baredev.com\/wp-content\/uploads\/2020\/05\/logo-retina.png","width":500,"height":109,"caption":"Sapori Nostri"},"image":{"@id":"https:\/\/staging.baredev.com\/de\/#\/schema\/logo\/image\/"},"sameAs":["https:\/\/www.facebook.com\/saporinostri.it\/","https:\/\/www.instagram.com\/saporinostri.it\/"]}]}},"jetpack_sharing_enabled":true,"brands":[{"id":635,"name":"Gro\u00dfartiger Geschmack","slug":"grangusto"}],"_links":{"self":[{"href":"https:\/\/staging.baredev.com\/de\/wp-json\/wp\/v2\/product\/18377","targetHints":{"allow":["GET"]}}],"collection":[{"href":"https:\/\/staging.baredev.com\/de\/wp-json\/wp\/v2\/product"}],"about":[{"href":"https:\/\/staging.baredev.com\/de\/wp-json\/wp\/v2\/types\/product"}],"replies":[{"embeddable":true,"href":"https:\/\/staging.baredev.com\/de\/wp-json\/wp\/v2\/comments?post=18377"}],"wp:featuredmedia":[{"embeddable":true,"href":"https:\/\/staging.baredev.com\/de\/wp-json\/wp\/v2\/media\/18378"}],"wp:attachment":[{"href":"https:\/\/staging.baredev.com\/de\/wp-json\/wp\/v2\/media?parent=18377"}],"wp:term":[{"taxonomy":"pwb-brand","embeddable":true,"href":"https:\/\/staging.baredev.com\/de\/wp-json\/wp\/v2\/pwb-brand?post=18377"},{"taxonomy":"product_brand","embeddable":true,"href":"https:\/\/staging.baredev.com\/de\/wp-json\/wp\/v2\/product_brand?post=18377"},{"taxonomy":"product_cat","embeddable":true,"href":"https:\/\/staging.baredev.com\/de\/wp-json\/wp\/v2\/product_cat?post=18377"},{"taxonomy":"product_tag","embeddable":true,"href":"https:\/\/staging.baredev.com\/de\/wp-json\/wp\/v2\/product_tag?post=18377"}],"curies":[{"name":"wp","href":"https:\/\/api.w.org\/{rel}","templated":true}]}}