{"id":20306,"date":"2022-08-29T16:38:33","date_gmt":"2022-08-29T14:38:33","guid":{"rendered":"https:\/\/woocommerce-587295-4567585.cloudwaysapps.com\/?post_type=product&#038;p=20306"},"modified":"2026-04-19T08:48:18","modified_gmt":"2026-04-19T06:48:18","slug":"farina-per-pizza-napoletana-vesuvio-molino-vigevano-500g","status":"publish","type":"product","link":"https:\/\/staging.baredev.com\/de\/farina-per-pizza-napoletana-vesuvio-molino-vigevano-500g\/","title":{"rendered":"Mehl f\u00fcr neapolitanische Pizza Vesuvio Molino Vigevano 500g"},"content":{"rendered":"<div class=\"ap-wrapper\">\n<div class=\"ap-col f-2 n-b\"><p>La farina <strong>Vesuvio<\/strong> del <strong>Molino Vigevano<\/strong> \u00e8 realizzata con farina di grano tenero Tipo &#8220;0&#8221; e germe di grano vitale studiata per la perfetta realizzazione di impasti leggeri e alveolati donando volume e gusto alle creazioni in cucina. La farina Vesuvio \u00e8 semplicissima da usare ed \u00e8 ideale per preparare la pizza Napoletana, con cornicione alto e soffice; ti regaler\u00e0 un\u2019esplosione di aromi e gusto unici, all\u2019insegna della tradizione di uno dei piatti simbolo della cucina italiana.<\/p>\n<p>La farina Vesuvio di Molino Vigevano \u00e8 il prodotto ideale per chi vuole realizzare la vera pizza napoletana e la pizza in pala alla romana con semplicit\u00e0. Otterrete un cornicione sempre alveolato, morbido e perfettamente dorato con qualsiasi tipologia di forno. \u00c8 ideale per le medie e lunghe lievitazioni dalle 6 alle 12 ore a temperatura ambiente; pu\u00f2 essere portata a maturazione per 24 o 48 ore in cella di refrigerazione a 4\u00b0C.<\/p>\n<p style=\"font-size: 0.9em\"><strong>Ingredienti:<\/strong> Farina di Grano tenero Tipo &#8220;0&#8221;<\/p>\n<p style=\"font-size: 0.9em\"><strong>Senza aggiunta di additivi<\/strong><\/p>\n<p style=\"font-size: 0.9em\"><strong>Prodotta in uno stabilimento che tratta uova, arachidi, soia, latte, nocciole, noci, pistacchi, mandorle, sesamo, lupini, senape e quindi il prodotto pu\u00f2 contenerne.<\/strong><\/p>\n<p style=\"font-size: 0.9em\"><strong>Si consiglia di conservare la farina in un ambiente fresco e asciutto, ad una temperatura di 18\u00b0\/20\u00b0C ed umidit\u00e0 massima del 45%, per garantire una perfetta resa in fase di utilizzo. L\u2019errata conservazione pu\u00f2 comprometterne l\u2019uso in fase di lavorazione.<\/strong><\/p>\n<\/div>\n<div class=\"ap-col f-1\">\n<div class=\"nutrition-facts-heading\"><b>Valori Nutrizionali Medi<\/b><\/div>\n<div class=\"nutrition-facts-content\">\n<table>\n<thead>\n<tr>\n<td><\/td>\n<td><b>100g<\/b><\/td>\n<\/tr>\n<\/thead>\n<tbody>\n<tr>\n<td><b>Valore energetico<\/b><\/td>\n<td>1.482 kj<br \/>\n350 kcal<\/td>\n<\/tr>\n<tr>\n<td><b>Grassi<\/b><br \/>\ndi cui: <b>acidi grassi saturi<\/b><\/td>\n<td>1,4 g<br \/>\n0,3 g<\/td>\n<\/tr>\n<tr>\n<td><b>Carboidrati<\/b><br \/>\ndi cui: <b>zuccheri<\/b><\/td>\n<td>72.2 g<br \/>\n1.2 g<\/td>\n<\/tr>\n<tr>\n<td><b>Fibre<\/b><\/td>\n<td>3 g<\/td>\n<\/tr>\n<tr>\n<td><b>Proteine<\/b><\/td>\n<td>14,5 g<\/td>\n<\/tr>\n<tr>\n<td><b>Sale<\/b><\/td>\n<td>0,001 g<\/td>\n<\/tr>\n<\/tbody>\n<\/table>\n<\/div>\n<\/div>\n<\/div>\n<div class=\"mini-infobox-wrapper\">\n<p class=\"mini-infobox\"><b>Tipo di Farina<\/b><br \/>\n0<\/p>\n<p class=\"mini-infobox\"><b>Panificazione<\/b><br \/>\nW 270\/290<\/p>\n<p class=\"mini-infobox\"><b>Proteine<\/b><br \/>\n14,50%<\/p>\n<p class=\"mini-infobox\"><b>Lievitazione<\/b><br \/>\nLunga<\/p>\n<\/div>\n<h3 class=\"mt-5\">Il Molino Vigevano<\/h3>\n<div class=\"mt-3\">\n<p><strong>Molino Vigevano<\/strong> nasce nel 1936, in provincia di Pavia in Lombardia, una terra ricca di tradizione molitoria. I fondatori di Molino Vigevano, hanno portato tradizione, saperi e passione nel cuore della Lomellina, conservando ancora oggi intatti quei valori atavici, nati dalla matrice del tutto rurale dell\u2019arte bianca.<\/p>\n<\/div>\n\n<h3 class=\"mt-5\">Ricette con questo prodotto<\/h3>\n<div class=\"mt-3\">[elementor-template id=&#8221;12108&#8243;]<\/div>\n","protected":false},"excerpt":{"rendered":"[acf field=\"descrizione_breve\"]\n<div class=\"scadenza\">Scadenza Lotto Pi\u00f9 Recente: <b>[acf field=\"scadenza\"] L.[acf field=\"lotto\"]<\/b><\/div>\n","protected":false},"featured_media":20307,"comment_status":"open","ping_status":"closed","template":"","meta":{"_acf_changed":false,"inline_featured_image":false,"wprm-recipe-roundup-name":"","wprm-recipe-roundup-description":""},"pwb-brand":[640],"product_brand":[],"product_cat":[97],"product_tag":[],"class_list":{"0":"post-20306","1":"product","2":"type-product","3":"status-publish","4":"has-post-thumbnail","6":"pwb-brand-molino-vigevano","7":"product_cat-farine","8":"product_shipping_class-iva-4","10":"first","11":"outofstock","12":"sale","13":"taxable","14":"shipping-taxable","15":"purchasable","16":"product-type-simple"},"acf":[],"yoast_head":"<!-- This site is optimized with the Yoast SEO Premium plugin v23.7 (Yoast SEO v27.6) - https:\/\/yoast.com\/product\/yoast-seo-premium-wordpress\/ -->\n<title>Farina per Pizza Napoletana Vesuvio Molino Vigevano 500g - Sapori Nostri<\/title>\n<meta name=\"description\" content=\"Farina Vesuvio Molino Vigevano \u00e8 ideale per la Pizza Napoletana, per impasti leggeri e alveolati, 100% naturale senza additivi n\u00e9 conservanti\" \/>\n<meta name=\"robots\" content=\"index, follow, max-snippet:-1, max-image-preview:large, max-video-preview:-1\" \/>\n<link rel=\"canonical\" href=\"https:\/\/staging.baredev.com\/de\/farina-per-pizza-napoletana-vesuvio-molino-vigevano-500g\/\" \/>\n<meta property=\"og:locale\" content=\"de_DE\" \/>\n<meta property=\"og:type\" content=\"article\" \/>\n<meta property=\"og:title\" content=\"Farina per Pizza Napoletana Vesuvio Molino Vigevano 500g\" \/>\n<meta property=\"og:description\" content=\"Farina Vesuvio Molino Vigevano \u00e8 ideale per la Pizza Napoletana, per impasti leggeri e alveolati, 100% naturale senza additivi n\u00e9 conservanti\" \/>\n<meta property=\"og:url\" content=\"https:\/\/staging.baredev.com\/de\/farina-per-pizza-napoletana-vesuvio-molino-vigevano-500g\/\" \/>\n<meta property=\"og:site_name\" content=\"Sapori Nostri\" \/>\n<meta property=\"article:publisher\" content=\"https:\/\/www.facebook.com\/saporinostri.it\/\" \/>\n<meta property=\"article:modified_time\" content=\"2026-04-19T06:48:18+00:00\" \/>\n<meta property=\"og:image\" content=\"https:\/\/staging.baredev.com\/wp-content\/uploads\/2022\/08\/farina-per-pizza-napoletana-vesuvio-molino-vigevano-front.jpg\" \/>\n\t<meta property=\"og:image:width\" content=\"1500\" \/>\n\t<meta property=\"og:image:height\" content=\"1500\" \/>\n\t<meta property=\"og:image:type\" content=\"image\/jpeg\" \/>\n<meta name=\"twitter:card\" content=\"summary_large_image\" \/>\n<meta name=\"twitter:label1\" content=\"Est. reading time\" \/>\n\t<meta name=\"twitter:data1\" content=\"1 minute\" \/>\n<script type=\"application\/ld+json\" class=\"yoast-schema-graph\">{\"@context\":\"https:\\\/\\\/schema.org\",\"@graph\":[{\"@type\":\"WebPage\",\"@id\":\"https:\\\/\\\/staging.baredev.com\\\/de\\\/farina-per-pizza-napoletana-vesuvio-molino-vigevano-500g\\\/\",\"url\":\"https:\\\/\\\/staging.baredev.com\\\/de\\\/farina-per-pizza-napoletana-vesuvio-molino-vigevano-500g\\\/\",\"name\":\"Farina per Pizza Napoletana Vesuvio Molino Vigevano 500g - Sapori Nostri\",\"isPartOf\":{\"@id\":\"https:\\\/\\\/staging.baredev.com\\\/de\\\/#website\"},\"primaryImageOfPage\":{\"@id\":\"https:\\\/\\\/staging.baredev.com\\\/de\\\/farina-per-pizza-napoletana-vesuvio-molino-vigevano-500g\\\/#primaryimage\"},\"image\":{\"@id\":\"https:\\\/\\\/staging.baredev.com\\\/de\\\/farina-per-pizza-napoletana-vesuvio-molino-vigevano-500g\\\/#primaryimage\"},\"thumbnailUrl\":\"https:\\\/\\\/staging.baredev.com\\\/wp-content\\\/uploads\\\/2022\\\/08\\\/farina-per-pizza-napoletana-vesuvio-molino-vigevano-front.jpg\",\"datePublished\":\"2022-08-29T14:38:33+00:00\",\"dateModified\":\"2026-04-19T06:48:18+00:00\",\"description\":\"Farina Vesuvio Molino Vigevano \u00e8 ideale per la Pizza Napoletana, per impasti leggeri e alveolati, 100% naturale senza additivi n\u00e9 conservanti\",\"breadcrumb\":{\"@id\":\"https:\\\/\\\/staging.baredev.com\\\/de\\\/farina-per-pizza-napoletana-vesuvio-molino-vigevano-500g\\\/#breadcrumb\"},\"inLanguage\":\"de-DE\",\"potentialAction\":[{\"@type\":\"ReadAction\",\"target\":[\"https:\\\/\\\/staging.baredev.com\\\/de\\\/farina-per-pizza-napoletana-vesuvio-molino-vigevano-500g\\\/\"]}]},{\"@type\":\"ImageObject\",\"inLanguage\":\"de-DE\",\"@id\":\"https:\\\/\\\/staging.baredev.com\\\/de\\\/farina-per-pizza-napoletana-vesuvio-molino-vigevano-500g\\\/#primaryimage\",\"url\":\"https:\\\/\\\/staging.baredev.com\\\/wp-content\\\/uploads\\\/2022\\\/08\\\/farina-per-pizza-napoletana-vesuvio-molino-vigevano-front.jpg\",\"contentUrl\":\"https:\\\/\\\/staging.baredev.com\\\/wp-content\\\/uploads\\\/2022\\\/08\\\/farina-per-pizza-napoletana-vesuvio-molino-vigevano-front.jpg\",\"width\":1500,\"height\":1500,\"caption\":\"Farina per Pizza Napoletana Vesuvio Molino Vigevano 500g\"},{\"@type\":\"BreadcrumbList\",\"@id\":\"https:\\\/\\\/staging.baredev.com\\\/de\\\/farina-per-pizza-napoletana-vesuvio-molino-vigevano-500g\\\/#breadcrumb\",\"itemListElement\":[{\"@type\":\"ListItem\",\"position\":1,\"name\":\"Home\",\"item\":\"https:\\\/\\\/staging.baredev.com\\\/de\\\/\"},{\"@type\":\"ListItem\",\"position\":2,\"name\":\"Shop\",\"item\":\"https:\\\/\\\/staging.baredev.com\\\/de\\\/shop\\\/\"},{\"@type\":\"ListItem\",\"position\":3,\"name\":\"Farina per Pizza Napoletana Vesuvio Molino Vigevano 500g\"}]},{\"@type\":\"WebSite\",\"@id\":\"https:\\\/\\\/staging.baredev.com\\\/de\\\/#website\",\"url\":\"https:\\\/\\\/staging.baredev.com\\\/de\\\/\",\"name\":\"Sapori Nostri\",\"description\":\"\",\"publisher\":{\"@id\":\"https:\\\/\\\/staging.baredev.com\\\/de\\\/#organization\"},\"potentialAction\":[{\"@type\":\"SearchAction\",\"target\":{\"@type\":\"EntryPoint\",\"urlTemplate\":\"https:\\\/\\\/staging.baredev.com\\\/de\\\/?s={search_term_string}\"},\"query-input\":{\"@type\":\"PropertyValueSpecification\",\"valueRequired\":true,\"valueName\":\"search_term_string\"}}],\"inLanguage\":\"de-DE\"},{\"@type\":\"Organization\",\"@id\":\"https:\\\/\\\/staging.baredev.com\\\/de\\\/#organization\",\"name\":\"Sapori Nostri\",\"url\":\"https:\\\/\\\/staging.baredev.com\\\/de\\\/\",\"logo\":{\"@type\":\"ImageObject\",\"inLanguage\":\"de-DE\",\"@id\":\"https:\\\/\\\/staging.baredev.com\\\/de\\\/#\\\/schema\\\/logo\\\/image\\\/\",\"url\":\"https:\\\/\\\/staging.baredev.com\\\/wp-content\\\/uploads\\\/2020\\\/05\\\/logo-retina.png\",\"contentUrl\":\"https:\\\/\\\/staging.baredev.com\\\/wp-content\\\/uploads\\\/2020\\\/05\\\/logo-retina.png\",\"width\":500,\"height\":109,\"caption\":\"Sapori Nostri\"},\"image\":{\"@id\":\"https:\\\/\\\/staging.baredev.com\\\/de\\\/#\\\/schema\\\/logo\\\/image\\\/\"},\"sameAs\":[\"https:\\\/\\\/www.facebook.com\\\/saporinostri.it\\\/\",\"https:\\\/\\\/www.instagram.com\\\/saporinostri.it\\\/\"]}]}<\/script>\n<!-- \/ Yoast SEO Premium plugin. -->","yoast_head_json":{"title":"Mehl f\u00fcr neapolitanische Pizza Vesuvio Molino Vigevano 500g - Sapori Nostri","description":"Mehl Vesuvio Molino Vigevano ist ideal f\u00fcr neapolitanische Pizza, f\u00fcr leichte und bauchige Teige, naturbelassen 100% ohne Zusatz- oder Konservierungsstoffe","robots":{"index":"index","follow":"follow","max-snippet":"max-snippet:-1","max-image-preview":"max-image-preview:large","max-video-preview":"max-video-preview:-1"},"canonical":"https:\/\/staging.baredev.com\/de\/farina-per-pizza-napoletana-vesuvio-molino-vigevano-500g\/","og_locale":"de_DE","og_type":"article","og_title":"Farina per Pizza Napoletana Vesuvio Molino Vigevano 500g","og_description":"Farina Vesuvio Molino Vigevano \u00e8 ideale per la Pizza Napoletana, per impasti leggeri e alveolati, 100% naturale senza additivi n\u00e9 conservanti","og_url":"https:\/\/staging.baredev.com\/de\/farina-per-pizza-napoletana-vesuvio-molino-vigevano-500g\/","og_site_name":"Sapori Nostri","article_publisher":"https:\/\/www.facebook.com\/saporinostri.it\/","article_modified_time":"2026-04-19T06:48:18+00:00","og_image":[{"width":1500,"height":1500,"url":"https:\/\/staging.baredev.com\/wp-content\/uploads\/2022\/08\/farina-per-pizza-napoletana-vesuvio-molino-vigevano-front.jpg","type":"image\/jpeg"}],"twitter_card":"summary_large_image","twitter_misc":{"Est. reading time":"1 minute"},"schema":{"@context":"https:\/\/schema.org","@graph":[{"@type":"WebPage","@id":"https:\/\/staging.baredev.com\/de\/farina-per-pizza-napoletana-vesuvio-molino-vigevano-500g\/","url":"https:\/\/staging.baredev.com\/de\/farina-per-pizza-napoletana-vesuvio-molino-vigevano-500g\/","name":"Mehl f\u00fcr neapolitanische Pizza Vesuvio Molino Vigevano 500g - Sapori Nostri","isPartOf":{"@id":"https:\/\/staging.baredev.com\/de\/#website"},"primaryImageOfPage":{"@id":"https:\/\/staging.baredev.com\/de\/farina-per-pizza-napoletana-vesuvio-molino-vigevano-500g\/#primaryimage"},"image":{"@id":"https:\/\/staging.baredev.com\/de\/farina-per-pizza-napoletana-vesuvio-molino-vigevano-500g\/#primaryimage"},"thumbnailUrl":"https:\/\/staging.baredev.com\/wp-content\/uploads\/2022\/08\/farina-per-pizza-napoletana-vesuvio-molino-vigevano-front.jpg","datePublished":"2022-08-29T14:38:33+00:00","dateModified":"2026-04-19T06:48:18+00:00","description":"Mehl Vesuvio Molino Vigevano ist ideal f\u00fcr neapolitanische Pizza, f\u00fcr leichte und bauchige Teige, naturbelassen 100% ohne Zusatz- oder Konservierungsstoffe","breadcrumb":{"@id":"https:\/\/staging.baredev.com\/de\/farina-per-pizza-napoletana-vesuvio-molino-vigevano-500g\/#breadcrumb"},"inLanguage":"de-DE","potentialAction":[{"@type":"ReadAction","target":["https:\/\/staging.baredev.com\/de\/farina-per-pizza-napoletana-vesuvio-molino-vigevano-500g\/"]}]},{"@type":"ImageObject","inLanguage":"de-DE","@id":"https:\/\/staging.baredev.com\/de\/farina-per-pizza-napoletana-vesuvio-molino-vigevano-500g\/#primaryimage","url":"https:\/\/staging.baredev.com\/wp-content\/uploads\/2022\/08\/farina-per-pizza-napoletana-vesuvio-molino-vigevano-front.jpg","contentUrl":"https:\/\/staging.baredev.com\/wp-content\/uploads\/2022\/08\/farina-per-pizza-napoletana-vesuvio-molino-vigevano-front.jpg","width":1500,"height":1500,"caption":"Farina per Pizza Napoletana Vesuvio Molino Vigevano 500g"},{"@type":"BreadcrumbList","@id":"https:\/\/staging.baredev.com\/de\/farina-per-pizza-napoletana-vesuvio-molino-vigevano-500g\/#breadcrumb","itemListElement":[{"@type":"ListItem","position":1,"name":"Home","item":"https:\/\/staging.baredev.com\/de\/"},{"@type":"ListItem","position":2,"name":"Shop","item":"https:\/\/staging.baredev.com\/de\/shop\/"},{"@type":"ListItem","position":3,"name":"Farina per Pizza Napoletana Vesuvio Molino Vigevano 500g"}]},{"@type":"WebSite","@id":"https:\/\/staging.baredev.com\/de\/#website","url":"https:\/\/staging.baredev.com\/de\/","name":"Sapori Nostri","description":"","publisher":{"@id":"https:\/\/staging.baredev.com\/de\/#organization"},"potentialAction":[{"@type":"SearchAction","target":{"@type":"EntryPoint","urlTemplate":"https:\/\/staging.baredev.com\/de\/?s={search_term_string}"},"query-input":{"@type":"PropertyValueSpecification","valueRequired":true,"valueName":"search_term_string"}}],"inLanguage":"de-DE"},{"@type":"Organization","@id":"https:\/\/staging.baredev.com\/de\/#organization","name":"Sapori Nostri","url":"https:\/\/staging.baredev.com\/de\/","logo":{"@type":"ImageObject","inLanguage":"de-DE","@id":"https:\/\/staging.baredev.com\/de\/#\/schema\/logo\/image\/","url":"https:\/\/staging.baredev.com\/wp-content\/uploads\/2020\/05\/logo-retina.png","contentUrl":"https:\/\/staging.baredev.com\/wp-content\/uploads\/2020\/05\/logo-retina.png","width":500,"height":109,"caption":"Sapori Nostri"},"image":{"@id":"https:\/\/staging.baredev.com\/de\/#\/schema\/logo\/image\/"},"sameAs":["https:\/\/www.facebook.com\/saporinostri.it\/","https:\/\/www.instagram.com\/saporinostri.it\/"]}]}},"jetpack_sharing_enabled":true,"brands":[{"id":640,"name":"Molino Vigevano","slug":"molino-vigevano"}],"_links":{"self":[{"href":"https:\/\/staging.baredev.com\/de\/wp-json\/wp\/v2\/product\/20306","targetHints":{"allow":["GET"]}}],"collection":[{"href":"https:\/\/staging.baredev.com\/de\/wp-json\/wp\/v2\/product"}],"about":[{"href":"https:\/\/staging.baredev.com\/de\/wp-json\/wp\/v2\/types\/product"}],"replies":[{"embeddable":true,"href":"https:\/\/staging.baredev.com\/de\/wp-json\/wp\/v2\/comments?post=20306"}],"wp:featuredmedia":[{"embeddable":true,"href":"https:\/\/staging.baredev.com\/de\/wp-json\/wp\/v2\/media\/20307"}],"wp:attachment":[{"href":"https:\/\/staging.baredev.com\/de\/wp-json\/wp\/v2\/media?parent=20306"}],"wp:term":[{"taxonomy":"pwb-brand","embeddable":true,"href":"https:\/\/staging.baredev.com\/de\/wp-json\/wp\/v2\/pwb-brand?post=20306"},{"taxonomy":"product_brand","embeddable":true,"href":"https:\/\/staging.baredev.com\/de\/wp-json\/wp\/v2\/product_brand?post=20306"},{"taxonomy":"product_cat","embeddable":true,"href":"https:\/\/staging.baredev.com\/de\/wp-json\/wp\/v2\/product_cat?post=20306"},{"taxonomy":"product_tag","embeddable":true,"href":"https:\/\/staging.baredev.com\/de\/wp-json\/wp\/v2\/product_tag?post=20306"}],"curies":[{"name":"wp","href":"https:\/\/api.w.org\/{rel}","templated":true}]}}