{"id":21399,"date":"2022-12-13T10:26:32","date_gmt":"2022-12-13T09:26:32","guid":{"rendered":"https:\/\/woocommerce-587295-4567585.cloudwaysapps.com\/?post_type=product&#038;p=21399"},"modified":"2025-03-25T12:05:43","modified_gmt":"2025-03-25T11:05:43","slug":"farina-fior-di-ceci-caputo-500g","status":"publish","type":"product","link":"https:\/\/staging.baredev.com\/de\/farina-fior-di-ceci-caputo-500g\/","title":{"rendered":"Kichererbsenmehl Caputo 500g"},"content":{"rendered":"<div class=\"mini-infobox-wrapper\">\n<p class=\"mini-infobox\">Mehl aus <strong>Kichererbsen<\/strong> glutenfrei, ballaststoff- und proteinreich, aus italienischer Lieferkette. Ideal zum Anreichern von s\u00fc\u00dfen und herzhaften Zubereitungen. Geeignet f\u00fcr vegane und vegetarische Rezepte Das angegebene Verfallsdatum bezieht sich auf das Produkt in der gesamten Verpackung, korrekt gelagert an einem k\u00fchlen, trockenen Ort, entfernt von W\u00e4rme- und Lichtquellen.<br \/>\nVon Feuchtigkeit und pl\u00f6tzlichen Temperatur\u00e4nderungen fernhalten.<\/p>\n<p>&nbsp;<\/p>\n<p>N\u00e4hrwerte pro 100 g:<br \/>\nEnergie: 375 Kalorien.<br \/>\nFette: 6,6 g.<br \/>\ndavon ges\u00e4ttigte Fetts\u00e4uren 1 gr.<br \/>\nKohlenhydrate: 51,7 g.<br \/>\ndavon Zucker 3,7 g.<br \/>\nFasern: 9,2 g.<br \/>\nProteine: 22,7 g.<br \/>\nSalz: 0,01 g.<\/p>\n<p class=\"mini-infobox\">Format von 500 g.<br \/>\nGlutenfrei.<\/p>\n<\/div>\n<p>&nbsp;<\/p>","protected":false},"excerpt":{"rendered":"<p><b>Kichererbsenmehl<\/b><\/p>\n<ul>\n<li>Mehl <strong>Glutenfrei<\/strong><\/li>\n<li>Geeignet f\u00fcr den Verzehr durch pr\u00e4sentierende Personen <strong>Z\u00f6liakie<\/strong>.<\/li>\n<\/ul>\n<div class=\"scadenza\">Letzter Batch-Ablauf: <b>01.01.2024 Gesetz S2227603<\/b><\/div>","protected":false},"featured_media":21400,"comment_status":"open","ping_status":"closed","template":"","meta":{"_acf_changed":false,"inline_featured_image":false,"wprm-recipe-roundup-name":"","wprm-recipe-roundup-description":""},"pwb-brand":[110],"product_brand":[],"product_cat":[97],"product_tag":[],"class_list":{"0":"post-21399","1":"product","2":"type-product","3":"status-publish","4":"has-post-thumbnail","6":"pwb-brand-mulino-caputo","7":"product_cat-farine","8":"product_shipping_class-iva-4","10":"first","11":"outofstock","12":"sale","13":"taxable","14":"shipping-taxable","15":"purchasable","16":"product-type-simple"},"acf":[],"yoast_head":"<!-- This site is optimized with the Yoast SEO Premium plugin v23.7 (Yoast SEO v27.6) - https:\/\/yoast.com\/product\/yoast-seo-premium-wordpress\/ -->\n<title>Farina Fior di CECI Caputo 500g | Senza Glutine - Sapori Nostri<\/title>\n<meta name=\"description\" content=\"Ideale per arricchire preparati dolci e salati. Adatta per realizzare ricette vegane e vegetariane.\" \/>\n<meta name=\"robots\" content=\"index, follow, max-snippet:-1, max-image-preview:large, max-video-preview:-1\" \/>\n<link rel=\"canonical\" href=\"https:\/\/staging.baredev.com\/de\/farina-fior-di-ceci-caputo-500g\/\" \/>\n<meta property=\"og:locale\" content=\"de_DE\" \/>\n<meta property=\"og:type\" content=\"article\" \/>\n<meta property=\"og:title\" content=\"Farina Fior di CECI Caputo 500g\" \/>\n<meta property=\"og:description\" content=\"Ideale per arricchire preparati dolci e salati. Adatta per realizzare ricette vegane e vegetariane.\" \/>\n<meta property=\"og:url\" content=\"https:\/\/staging.baredev.com\/de\/farina-fior-di-ceci-caputo-500g\/\" \/>\n<meta property=\"og:site_name\" content=\"Sapori Nostri\" \/>\n<meta property=\"article:publisher\" content=\"https:\/\/www.facebook.com\/saporinostri.it\/\" \/>\n<meta property=\"article:modified_time\" content=\"2025-03-25T11:05:43+00:00\" \/>\n<meta property=\"og:image\" content=\"https:\/\/staging.baredev.com\/wp-content\/uploads\/2022\/12\/0000000020627_medium.jpg\" \/>\n\t<meta property=\"og:image:width\" content=\"800\" \/>\n\t<meta property=\"og:image:height\" content=\"800\" \/>\n\t<meta property=\"og:image:type\" content=\"image\/jpeg\" \/>\n<meta name=\"twitter:card\" content=\"summary_large_image\" \/>\n<meta name=\"twitter:label1\" content=\"Est. reading time\" \/>\n\t<meta name=\"twitter:data1\" content=\"1 minute\" \/>\n<script type=\"application\/ld+json\" class=\"yoast-schema-graph\">{\"@context\":\"https:\\\/\\\/schema.org\",\"@graph\":[{\"@type\":\"WebPage\",\"@id\":\"https:\\\/\\\/staging.baredev.com\\\/de\\\/farina-fior-di-ceci-caputo-500g\\\/\",\"url\":\"https:\\\/\\\/staging.baredev.com\\\/de\\\/farina-fior-di-ceci-caputo-500g\\\/\",\"name\":\"Farina Fior di CECI Caputo 500g | Senza Glutine - Sapori Nostri\",\"isPartOf\":{\"@id\":\"https:\\\/\\\/staging.baredev.com\\\/de\\\/#website\"},\"primaryImageOfPage\":{\"@id\":\"https:\\\/\\\/staging.baredev.com\\\/de\\\/farina-fior-di-ceci-caputo-500g\\\/#primaryimage\"},\"image\":{\"@id\":\"https:\\\/\\\/staging.baredev.com\\\/de\\\/farina-fior-di-ceci-caputo-500g\\\/#primaryimage\"},\"thumbnailUrl\":\"https:\\\/\\\/staging.baredev.com\\\/wp-content\\\/uploads\\\/2022\\\/12\\\/0000000020627_medium.jpg\",\"datePublished\":\"2022-12-13T09:26:32+00:00\",\"dateModified\":\"2025-03-25T11:05:43+00:00\",\"description\":\"Ideale per arricchire preparati dolci e salati. Adatta per realizzare ricette vegane e vegetariane.\",\"breadcrumb\":{\"@id\":\"https:\\\/\\\/staging.baredev.com\\\/de\\\/farina-fior-di-ceci-caputo-500g\\\/#breadcrumb\"},\"inLanguage\":\"de-DE\",\"potentialAction\":[{\"@type\":\"ReadAction\",\"target\":[\"https:\\\/\\\/staging.baredev.com\\\/de\\\/farina-fior-di-ceci-caputo-500g\\\/\"]}]},{\"@type\":\"ImageObject\",\"inLanguage\":\"de-DE\",\"@id\":\"https:\\\/\\\/staging.baredev.com\\\/de\\\/farina-fior-di-ceci-caputo-500g\\\/#primaryimage\",\"url\":\"https:\\\/\\\/staging.baredev.com\\\/wp-content\\\/uploads\\\/2022\\\/12\\\/0000000020627_medium.jpg\",\"contentUrl\":\"https:\\\/\\\/staging.baredev.com\\\/wp-content\\\/uploads\\\/2022\\\/12\\\/0000000020627_medium.jpg\",\"width\":800,\"height\":800},{\"@type\":\"BreadcrumbList\",\"@id\":\"https:\\\/\\\/staging.baredev.com\\\/de\\\/farina-fior-di-ceci-caputo-500g\\\/#breadcrumb\",\"itemListElement\":[{\"@type\":\"ListItem\",\"position\":1,\"name\":\"Home\",\"item\":\"https:\\\/\\\/staging.baredev.com\\\/de\\\/\"},{\"@type\":\"ListItem\",\"position\":2,\"name\":\"Shop\",\"item\":\"https:\\\/\\\/staging.baredev.com\\\/de\\\/shop\\\/\"},{\"@type\":\"ListItem\",\"position\":3,\"name\":\"Farina Fior di CECI Caputo 500g\"}]},{\"@type\":\"WebSite\",\"@id\":\"https:\\\/\\\/staging.baredev.com\\\/de\\\/#website\",\"url\":\"https:\\\/\\\/staging.baredev.com\\\/de\\\/\",\"name\":\"Sapori Nostri\",\"description\":\"\",\"publisher\":{\"@id\":\"https:\\\/\\\/staging.baredev.com\\\/de\\\/#organization\"},\"potentialAction\":[{\"@type\":\"SearchAction\",\"target\":{\"@type\":\"EntryPoint\",\"urlTemplate\":\"https:\\\/\\\/staging.baredev.com\\\/de\\\/?s={search_term_string}\"},\"query-input\":{\"@type\":\"PropertyValueSpecification\",\"valueRequired\":true,\"valueName\":\"search_term_string\"}}],\"inLanguage\":\"de-DE\"},{\"@type\":\"Organization\",\"@id\":\"https:\\\/\\\/staging.baredev.com\\\/de\\\/#organization\",\"name\":\"Sapori Nostri\",\"url\":\"https:\\\/\\\/staging.baredev.com\\\/de\\\/\",\"logo\":{\"@type\":\"ImageObject\",\"inLanguage\":\"de-DE\",\"@id\":\"https:\\\/\\\/staging.baredev.com\\\/de\\\/#\\\/schema\\\/logo\\\/image\\\/\",\"url\":\"https:\\\/\\\/staging.baredev.com\\\/wp-content\\\/uploads\\\/2020\\\/05\\\/logo-retina.png\",\"contentUrl\":\"https:\\\/\\\/staging.baredev.com\\\/wp-content\\\/uploads\\\/2020\\\/05\\\/logo-retina.png\",\"width\":500,\"height\":109,\"caption\":\"Sapori Nostri\"},\"image\":{\"@id\":\"https:\\\/\\\/staging.baredev.com\\\/de\\\/#\\\/schema\\\/logo\\\/image\\\/\"},\"sameAs\":[\"https:\\\/\\\/www.facebook.com\\\/saporinostri.it\\\/\",\"https:\\\/\\\/www.instagram.com\\\/saporinostri.it\\\/\"]}]}<\/script>\n<!-- \/ Yoast SEO Premium plugin. -->","yoast_head_json":{"title":"Kichererbsenmehl Caputo 500g | Glutenfrei - Sapori Nostri","description":"Ideal zum Anreichern von s\u00fc\u00dfen und herzhaften Zubereitungen. Geeignet f\u00fcr vegane und vegetarische Rezepte.","robots":{"index":"index","follow":"follow","max-snippet":"max-snippet:-1","max-image-preview":"max-image-preview:large","max-video-preview":"max-video-preview:-1"},"canonical":"https:\/\/staging.baredev.com\/de\/farina-fior-di-ceci-caputo-500g\/","og_locale":"de_DE","og_type":"article","og_title":"Farina Fior di CECI Caputo 500g","og_description":"Ideale per arricchire preparati dolci e salati. Adatta per realizzare ricette vegane e vegetariane.","og_url":"https:\/\/staging.baredev.com\/de\/farina-fior-di-ceci-caputo-500g\/","og_site_name":"Sapori Nostri","article_publisher":"https:\/\/www.facebook.com\/saporinostri.it\/","article_modified_time":"2025-03-25T11:05:43+00:00","og_image":[{"width":800,"height":800,"url":"https:\/\/staging.baredev.com\/wp-content\/uploads\/2022\/12\/0000000020627_medium.jpg","type":"image\/jpeg"}],"twitter_card":"summary_large_image","twitter_misc":{"Est. reading time":"1 minute"},"schema":{"@context":"https:\/\/schema.org","@graph":[{"@type":"WebPage","@id":"https:\/\/staging.baredev.com\/de\/farina-fior-di-ceci-caputo-500g\/","url":"https:\/\/staging.baredev.com\/de\/farina-fior-di-ceci-caputo-500g\/","name":"Kichererbsenmehl Caputo 500g | Glutenfrei - Sapori Nostri","isPartOf":{"@id":"https:\/\/staging.baredev.com\/de\/#website"},"primaryImageOfPage":{"@id":"https:\/\/staging.baredev.com\/de\/farina-fior-di-ceci-caputo-500g\/#primaryimage"},"image":{"@id":"https:\/\/staging.baredev.com\/de\/farina-fior-di-ceci-caputo-500g\/#primaryimage"},"thumbnailUrl":"https:\/\/staging.baredev.com\/wp-content\/uploads\/2022\/12\/0000000020627_medium.jpg","datePublished":"2022-12-13T09:26:32+00:00","dateModified":"2025-03-25T11:05:43+00:00","description":"Ideal zum Anreichern von s\u00fc\u00dfen und herzhaften Zubereitungen. Geeignet f\u00fcr vegane und vegetarische Rezepte.","breadcrumb":{"@id":"https:\/\/staging.baredev.com\/de\/farina-fior-di-ceci-caputo-500g\/#breadcrumb"},"inLanguage":"de-DE","potentialAction":[{"@type":"ReadAction","target":["https:\/\/staging.baredev.com\/de\/farina-fior-di-ceci-caputo-500g\/"]}]},{"@type":"ImageObject","inLanguage":"de-DE","@id":"https:\/\/staging.baredev.com\/de\/farina-fior-di-ceci-caputo-500g\/#primaryimage","url":"https:\/\/staging.baredev.com\/wp-content\/uploads\/2022\/12\/0000000020627_medium.jpg","contentUrl":"https:\/\/staging.baredev.com\/wp-content\/uploads\/2022\/12\/0000000020627_medium.jpg","width":800,"height":800},{"@type":"BreadcrumbList","@id":"https:\/\/staging.baredev.com\/de\/farina-fior-di-ceci-caputo-500g\/#breadcrumb","itemListElement":[{"@type":"ListItem","position":1,"name":"Home","item":"https:\/\/staging.baredev.com\/de\/"},{"@type":"ListItem","position":2,"name":"Shop","item":"https:\/\/staging.baredev.com\/de\/shop\/"},{"@type":"ListItem","position":3,"name":"Farina Fior di CECI Caputo 500g"}]},{"@type":"WebSite","@id":"https:\/\/staging.baredev.com\/de\/#website","url":"https:\/\/staging.baredev.com\/de\/","name":"Sapori Nostri","description":"","publisher":{"@id":"https:\/\/staging.baredev.com\/de\/#organization"},"potentialAction":[{"@type":"SearchAction","target":{"@type":"EntryPoint","urlTemplate":"https:\/\/staging.baredev.com\/de\/?s={search_term_string}"},"query-input":{"@type":"PropertyValueSpecification","valueRequired":true,"valueName":"search_term_string"}}],"inLanguage":"de-DE"},{"@type":"Organization","@id":"https:\/\/staging.baredev.com\/de\/#organization","name":"Sapori Nostri","url":"https:\/\/staging.baredev.com\/de\/","logo":{"@type":"ImageObject","inLanguage":"de-DE","@id":"https:\/\/staging.baredev.com\/de\/#\/schema\/logo\/image\/","url":"https:\/\/staging.baredev.com\/wp-content\/uploads\/2020\/05\/logo-retina.png","contentUrl":"https:\/\/staging.baredev.com\/wp-content\/uploads\/2020\/05\/logo-retina.png","width":500,"height":109,"caption":"Sapori Nostri"},"image":{"@id":"https:\/\/staging.baredev.com\/de\/#\/schema\/logo\/image\/"},"sameAs":["https:\/\/www.facebook.com\/saporinostri.it\/","https:\/\/www.instagram.com\/saporinostri.it\/"]}]}},"jetpack_sharing_enabled":true,"brands":[{"id":110,"name":"Mulino Caputo","slug":"mulino-caputo"}],"_links":{"self":[{"href":"https:\/\/staging.baredev.com\/de\/wp-json\/wp\/v2\/product\/21399","targetHints":{"allow":["GET"]}}],"collection":[{"href":"https:\/\/staging.baredev.com\/de\/wp-json\/wp\/v2\/product"}],"about":[{"href":"https:\/\/staging.baredev.com\/de\/wp-json\/wp\/v2\/types\/product"}],"replies":[{"embeddable":true,"href":"https:\/\/staging.baredev.com\/de\/wp-json\/wp\/v2\/comments?post=21399"}],"wp:featuredmedia":[{"embeddable":true,"href":"https:\/\/staging.baredev.com\/de\/wp-json\/wp\/v2\/media\/21400"}],"wp:attachment":[{"href":"https:\/\/staging.baredev.com\/de\/wp-json\/wp\/v2\/media?parent=21399"}],"wp:term":[{"taxonomy":"pwb-brand","embeddable":true,"href":"https:\/\/staging.baredev.com\/de\/wp-json\/wp\/v2\/pwb-brand?post=21399"},{"taxonomy":"product_brand","embeddable":true,"href":"https:\/\/staging.baredev.com\/de\/wp-json\/wp\/v2\/product_brand?post=21399"},{"taxonomy":"product_cat","embeddable":true,"href":"https:\/\/staging.baredev.com\/de\/wp-json\/wp\/v2\/product_cat?post=21399"},{"taxonomy":"product_tag","embeddable":true,"href":"https:\/\/staging.baredev.com\/de\/wp-json\/wp\/v2\/product_tag?post=21399"}],"curies":[{"name":"wp","href":"https:\/\/api.w.org\/{rel}","templated":true}]}}