{"id":21609,"date":"2023-01-05T12:54:16","date_gmt":"2023-01-05T11:54:16","guid":{"rendered":"https:\/\/woocommerce-587295-4567585.cloudwaysapps.com\/?post_type=product&#038;p=21609"},"modified":"2026-05-10T18:28:30","modified_gmt":"2026-05-10T16:28:30","slug":"farina-per-pizza-tipo-1-molino-vigevano-500g","status":"publish","type":"product","link":"https:\/\/staging.baredev.com\/de\/farina-per-pizza-tipo-1-molino-vigevano-500g\/","title":{"rendered":"Mehl f\u00fcr Pizza &quot;TYP 1&quot; Molino Vigevano 500g"},"content":{"rendered":"<div class=\"ap-wrapper\">\n<div class=\"ap-col f-2 n-b\">\n<p>la farina per <strong>Pizza tipo 1 <\/strong>\u00e8 realizzata con farina di grano tenero tipo \u201c1\u201d, germe di grano vitale, semola di grano duro e lievito naturale pasta madre in polvere, gi\u00e0 perfettamente dosato per una completa lievitazione e maturazione dell\u2019impasto.<\/p>\n<p>La farina per <strong>Pizza tipo 1 <\/strong>\u00e8 semplicissima da usare ed \u00e8 ideale per preparare pizza al piatto e pizza in teglia, alta e soffice oppure croccante; ti regaler\u00e0 un\u2019esplosione di aromi e gusto unici, all\u2019insegna della tradizione di uno dei piatti simbolo della cucina italiana.<\/p>\n<\/div>\n<div class=\"ap-col f-1\">\n<div class=\"nutrition-facts-heading\"><b>Valori Nutrizionali Medi<\/b><\/div>\n<div class=\"nutrition-facts-content\">\n<table>\n<thead>\n<tr>\n<td><\/td>\n<td><b>100g<\/b><\/td>\n<\/tr>\n<\/thead>\n<tbody>\n<tr>\n<td><b>Valore energetico<\/b><\/td>\n<td>1.455 kj<br \/>\n348 kcal<\/td>\n<\/tr>\n<tr>\n<td><b>Grassi<\/b><br \/>\ndi cui: <b>acidi grassi saturi<\/b><\/td>\n<td>1,5 g<br \/>\n0,28 g<\/td>\n<\/tr>\n<tr>\n<td><b>Carboidrati<\/b><br \/>\ndi cui: <b>zuccheri<\/b><\/td>\n<td>71 g<br \/>\n1.9 g<\/td>\n<\/tr>\n<tr>\n<td><b>Fibre<\/b><\/td>\n<td>3 g<\/td>\n<\/tr>\n<tr>\n<td><b>Proteine<\/b><\/td>\n<td>12,4 g<\/td>\n<\/tr>\n<tr>\n<td><b>Sale<\/b><\/td>\n<td>0,05 g<\/td>\n<\/tr>\n<\/tbody>\n<\/table>\n<\/div>\n<\/div>\n<\/div>\n<div class=\"mini-infobox-wrapper\">\n<p class=\"mini-infobox\"><b>Tipo di Farina<\/b><br \/>\n1<\/p>\n<p class=\"mini-infobox\"><b>Panificazione<\/b><br \/>\nW 290\/310<\/p>\n<p class=\"mini-infobox\"><b>Proteine<\/b><br \/>\n12,50%<\/p>\n<p class=\"mini-infobox\"><b>Lievitazione<\/b><br \/>\nLunga<\/p>\n<\/div>\n<h3 class=\"mt-5\">Il Molino Vigevano<\/h3>\n<div class=\"mt-3\">\n<p><strong>Molino Vigevano<\/strong> nasce nel 1936, in provincia di Pavia in Lombardia, una terra ricca di tradizione molitoria. I fondatori di Molino Vigevano, hanno portato tradizione, saperi e passione nel cuore della Lomellina, conservando ancora oggi intatti quei valori atavici, nati dalla matrice del tutto rurale dell\u2019arte bianca.<\/p>\n<\/div>\n\n<h3 class=\"mt-5\">Ricette con questo prodotto<\/h3>\n<div class=\"mt-3\">[elementor-template id=&#8221;12108&#8243;]<\/div>\n","protected":false},"excerpt":{"rendered":"<p>das Mehl f\u00fcr <strong>Pizzatyp 1 <\/strong>es wird aus Weichweizenmehl Typ \u201e1\u201c, vitalen Weizenkeimen, Hartweizengrie\u00df und nat\u00fcrlichem Sauerteigpulver hergestellt, bereits perfekt dosiert f\u00fcr die vollst\u00e4ndige Aufgehen und Reifung des Teigs.<\/p>\n<p>Das Mehl f\u00fcr <strong>Pizzatyp 1 <\/strong>es ist sehr einfach zu bedienen und eignet sich ideal f\u00fcr die Zubereitung von flachen Pizzas und Pfannenpizza, dick und weich oder knusprig; Es wird Ihnen eine Explosion einzigartiger Aromen und Geschm\u00e4cker geben, im Namen der Tradition eines der symboltr\u00e4chtigen Gerichte der italienischen K\u00fcche.<\/p>\n<div class=\"scadenza\">Letzter Batch-Ablauf: <strong>Termin<\/strong>\u00a0<b>27.08. L.25234<\/b><\/div>","protected":false},"featured_media":21638,"comment_status":"open","ping_status":"closed","template":"","meta":{"_acf_changed":false,"inline_featured_image":false,"wprm-recipe-roundup-name":"","wprm-recipe-roundup-description":""},"pwb-brand":[640],"product_brand":[],"product_cat":[97],"product_tag":[],"class_list":{"0":"post-21609","1":"product","2":"type-product","3":"status-publish","4":"has-post-thumbnail","6":"pwb-brand-molino-vigevano","7":"product_cat-farine","8":"product_shipping_class-iva-4","10":"first","11":"instock","12":"sale","13":"taxable","14":"shipping-taxable","15":"purchasable","16":"product-type-simple"},"acf":[],"yoast_head":"<!-- This site is optimized with the Yoast SEO Premium plugin v23.7 (Yoast SEO v27.6) - https:\/\/yoast.com\/product\/yoast-seo-premium-wordpress\/ -->\n<title>Farina per Pizza &quot;TIPO 1&quot; Molino Vigevano 500g - Sapori Nostri<\/title>\n<meta name=\"description\" content=\"la farina per Pizza tipo 1 \u00e8 realizzata con farina di grano tenero tipo \u201c1\u201d, germe di grano vitale, semola di grano duro e lievito naturale pasta madre in polvere, gi\u00e0 perfettamente dosato per una completa lievitazione e maturazione dell\u2019impasto.\" \/>\n<meta name=\"robots\" content=\"index, follow, max-snippet:-1, max-image-preview:large, max-video-preview:-1\" \/>\n<link rel=\"canonical\" href=\"https:\/\/staging.baredev.com\/de\/farina-per-pizza-tipo-1-molino-vigevano-500g\/\" \/>\n<meta property=\"og:locale\" content=\"de_DE\" \/>\n<meta property=\"og:type\" content=\"article\" \/>\n<meta property=\"og:title\" content=\"Farina per Pizza &quot;TIPO 1&quot; Molino Vigevano 500g\" \/>\n<meta property=\"og:description\" content=\"la farina per Pizza tipo 1 \u00e8 realizzata con farina di grano tenero tipo \u201c1\u201d, germe di grano vitale, semola di grano duro e lievito naturale pasta madre in polvere, gi\u00e0 perfettamente dosato per una completa lievitazione e maturazione dell\u2019impasto.\" \/>\n<meta property=\"og:url\" content=\"https:\/\/staging.baredev.com\/de\/farina-per-pizza-tipo-1-molino-vigevano-500g\/\" \/>\n<meta property=\"og:site_name\" content=\"Sapori Nostri\" \/>\n<meta property=\"article:publisher\" content=\"https:\/\/www.facebook.com\/saporinostri.it\/\" \/>\n<meta property=\"article:modified_time\" content=\"2026-05-10T16:28:30+00:00\" \/>\n<meta property=\"og:image\" content=\"https:\/\/staging.baredev.com\/wp-content\/uploads\/2023\/01\/Farina-per-Pizza-tipo-1-Molino-Vigevano.png\" \/>\n\t<meta property=\"og:image:width\" content=\"1024\" \/>\n\t<meta property=\"og:image:height\" content=\"1024\" \/>\n\t<meta property=\"og:image:type\" content=\"image\/png\" \/>\n<meta name=\"twitter:card\" content=\"summary_large_image\" \/>\n<meta name=\"twitter:label1\" content=\"Est. reading time\" \/>\n\t<meta name=\"twitter:data1\" content=\"2 minutes\" \/>\n<script type=\"application\/ld+json\" class=\"yoast-schema-graph\">{\"@context\":\"https:\\\/\\\/schema.org\",\"@graph\":[{\"@type\":\"WebPage\",\"@id\":\"https:\\\/\\\/staging.baredev.com\\\/de\\\/farina-per-pizza-tipo-1-molino-vigevano-500g\\\/\",\"url\":\"https:\\\/\\\/staging.baredev.com\\\/de\\\/farina-per-pizza-tipo-1-molino-vigevano-500g\\\/\",\"name\":\"Farina per Pizza \\\"TIPO 1\\\" Molino Vigevano 500g - Sapori Nostri\",\"isPartOf\":{\"@id\":\"https:\\\/\\\/staging.baredev.com\\\/de\\\/#website\"},\"primaryImageOfPage\":{\"@id\":\"https:\\\/\\\/staging.baredev.com\\\/de\\\/farina-per-pizza-tipo-1-molino-vigevano-500g\\\/#primaryimage\"},\"image\":{\"@id\":\"https:\\\/\\\/staging.baredev.com\\\/de\\\/farina-per-pizza-tipo-1-molino-vigevano-500g\\\/#primaryimage\"},\"thumbnailUrl\":\"https:\\\/\\\/staging.baredev.com\\\/wp-content\\\/uploads\\\/2023\\\/01\\\/Farina-per-Pizza-tipo-1-Molino-Vigevano.png\",\"datePublished\":\"2023-01-05T11:54:16+00:00\",\"dateModified\":\"2026-05-10T16:28:30+00:00\",\"description\":\"la farina per Pizza tipo 1 \u00e8 realizzata con farina di grano tenero tipo \u201c1\u201d, germe di grano vitale, semola di grano duro e lievito naturale pasta madre in polvere, gi\u00e0 perfettamente dosato per una completa lievitazione e maturazione dell\u2019impasto.\",\"breadcrumb\":{\"@id\":\"https:\\\/\\\/staging.baredev.com\\\/de\\\/farina-per-pizza-tipo-1-molino-vigevano-500g\\\/#breadcrumb\"},\"inLanguage\":\"de-DE\",\"potentialAction\":[{\"@type\":\"ReadAction\",\"target\":[\"https:\\\/\\\/staging.baredev.com\\\/de\\\/farina-per-pizza-tipo-1-molino-vigevano-500g\\\/\"]}]},{\"@type\":\"ImageObject\",\"inLanguage\":\"de-DE\",\"@id\":\"https:\\\/\\\/staging.baredev.com\\\/de\\\/farina-per-pizza-tipo-1-molino-vigevano-500g\\\/#primaryimage\",\"url\":\"https:\\\/\\\/staging.baredev.com\\\/wp-content\\\/uploads\\\/2023\\\/01\\\/Farina-per-Pizza-tipo-1-Molino-Vigevano.png\",\"contentUrl\":\"https:\\\/\\\/staging.baredev.com\\\/wp-content\\\/uploads\\\/2023\\\/01\\\/Farina-per-Pizza-tipo-1-Molino-Vigevano.png\",\"width\":1024,\"height\":1024},{\"@type\":\"BreadcrumbList\",\"@id\":\"https:\\\/\\\/staging.baredev.com\\\/de\\\/farina-per-pizza-tipo-1-molino-vigevano-500g\\\/#breadcrumb\",\"itemListElement\":[{\"@type\":\"ListItem\",\"position\":1,\"name\":\"Home\",\"item\":\"https:\\\/\\\/staging.baredev.com\\\/de\\\/\"},{\"@type\":\"ListItem\",\"position\":2,\"name\":\"Shop\",\"item\":\"https:\\\/\\\/staging.baredev.com\\\/de\\\/shop\\\/\"},{\"@type\":\"ListItem\",\"position\":3,\"name\":\"Farina per Pizza &#8220;TIPO 1&#8221; Molino Vigevano 500g\"}]},{\"@type\":\"WebSite\",\"@id\":\"https:\\\/\\\/staging.baredev.com\\\/de\\\/#website\",\"url\":\"https:\\\/\\\/staging.baredev.com\\\/de\\\/\",\"name\":\"Sapori Nostri\",\"description\":\"\",\"publisher\":{\"@id\":\"https:\\\/\\\/staging.baredev.com\\\/de\\\/#organization\"},\"potentialAction\":[{\"@type\":\"SearchAction\",\"target\":{\"@type\":\"EntryPoint\",\"urlTemplate\":\"https:\\\/\\\/staging.baredev.com\\\/de\\\/?s={search_term_string}\"},\"query-input\":{\"@type\":\"PropertyValueSpecification\",\"valueRequired\":true,\"valueName\":\"search_term_string\"}}],\"inLanguage\":\"de-DE\"},{\"@type\":\"Organization\",\"@id\":\"https:\\\/\\\/staging.baredev.com\\\/de\\\/#organization\",\"name\":\"Sapori Nostri\",\"url\":\"https:\\\/\\\/staging.baredev.com\\\/de\\\/\",\"logo\":{\"@type\":\"ImageObject\",\"inLanguage\":\"de-DE\",\"@id\":\"https:\\\/\\\/staging.baredev.com\\\/de\\\/#\\\/schema\\\/logo\\\/image\\\/\",\"url\":\"https:\\\/\\\/staging.baredev.com\\\/wp-content\\\/uploads\\\/2020\\\/05\\\/logo-retina.png\",\"contentUrl\":\"https:\\\/\\\/staging.baredev.com\\\/wp-content\\\/uploads\\\/2020\\\/05\\\/logo-retina.png\",\"width\":500,\"height\":109,\"caption\":\"Sapori Nostri\"},\"image\":{\"@id\":\"https:\\\/\\\/staging.baredev.com\\\/de\\\/#\\\/schema\\\/logo\\\/image\\\/\"},\"sameAs\":[\"https:\\\/\\\/www.facebook.com\\\/saporinostri.it\\\/\",\"https:\\\/\\\/www.instagram.com\\\/saporinostri.it\\\/\"]}]}<\/script>\n<!-- \/ Yoast SEO Premium plugin. -->","yoast_head_json":{"title":"Mehl f\u00fcr Pizza &quot;TYP 1&quot; Molino Vigevano 500g - Sapori Nostri","description":"Pizzamehl Typ 1 wird aus Weichweizenmehl Typ \u201e1\u201c, vitalen Weizenkeimen, Hartweizengrie\u00df und nat\u00fcrlichem Sauerteigpulver hergestellt, die bereits perfekt dosiert sind, um den Teig vollst\u00e4ndig aufzus\u00e4uern und zu reifen.","robots":{"index":"index","follow":"follow","max-snippet":"max-snippet:-1","max-image-preview":"max-image-preview:large","max-video-preview":"max-video-preview:-1"},"canonical":"https:\/\/staging.baredev.com\/de\/farina-per-pizza-tipo-1-molino-vigevano-500g\/","og_locale":"de_DE","og_type":"article","og_title":"Farina per Pizza \"TIPO 1\" Molino Vigevano 500g","og_description":"la farina per Pizza tipo 1 \u00e8 realizzata con farina di grano tenero tipo \u201c1\u201d, germe di grano vitale, semola di grano duro e lievito naturale pasta madre in polvere, gi\u00e0 perfettamente dosato per una completa lievitazione e maturazione dell\u2019impasto.","og_url":"https:\/\/staging.baredev.com\/de\/farina-per-pizza-tipo-1-molino-vigevano-500g\/","og_site_name":"Sapori Nostri","article_publisher":"https:\/\/www.facebook.com\/saporinostri.it\/","article_modified_time":"2026-05-10T16:28:30+00:00","og_image":[{"width":1024,"height":1024,"url":"https:\/\/staging.baredev.com\/wp-content\/uploads\/2023\/01\/Farina-per-Pizza-tipo-1-Molino-Vigevano.png","type":"image\/png"}],"twitter_card":"summary_large_image","twitter_misc":{"Est. reading time":"2 minutes"},"schema":{"@context":"https:\/\/schema.org","@graph":[{"@type":"WebPage","@id":"https:\/\/staging.baredev.com\/de\/farina-per-pizza-tipo-1-molino-vigevano-500g\/","url":"https:\/\/staging.baredev.com\/de\/farina-per-pizza-tipo-1-molino-vigevano-500g\/","name":"Mehl f\u00fcr Pizza &quot;TYP 1&quot; Molino Vigevano 500g - Sapori Nostri","isPartOf":{"@id":"https:\/\/staging.baredev.com\/de\/#website"},"primaryImageOfPage":{"@id":"https:\/\/staging.baredev.com\/de\/farina-per-pizza-tipo-1-molino-vigevano-500g\/#primaryimage"},"image":{"@id":"https:\/\/staging.baredev.com\/de\/farina-per-pizza-tipo-1-molino-vigevano-500g\/#primaryimage"},"thumbnailUrl":"https:\/\/staging.baredev.com\/wp-content\/uploads\/2023\/01\/Farina-per-Pizza-tipo-1-Molino-Vigevano.png","datePublished":"2023-01-05T11:54:16+00:00","dateModified":"2026-05-10T16:28:30+00:00","description":"Pizzamehl Typ 1 wird aus Weichweizenmehl Typ \u201e1\u201c, vitalen Weizenkeimen, Hartweizengrie\u00df und nat\u00fcrlichem Sauerteigpulver hergestellt, die bereits perfekt dosiert sind, um den Teig vollst\u00e4ndig aufzus\u00e4uern und zu reifen.","breadcrumb":{"@id":"https:\/\/staging.baredev.com\/de\/farina-per-pizza-tipo-1-molino-vigevano-500g\/#breadcrumb"},"inLanguage":"de-DE","potentialAction":[{"@type":"ReadAction","target":["https:\/\/staging.baredev.com\/de\/farina-per-pizza-tipo-1-molino-vigevano-500g\/"]}]},{"@type":"ImageObject","inLanguage":"de-DE","@id":"https:\/\/staging.baredev.com\/de\/farina-per-pizza-tipo-1-molino-vigevano-500g\/#primaryimage","url":"https:\/\/staging.baredev.com\/wp-content\/uploads\/2023\/01\/Farina-per-Pizza-tipo-1-Molino-Vigevano.png","contentUrl":"https:\/\/staging.baredev.com\/wp-content\/uploads\/2023\/01\/Farina-per-Pizza-tipo-1-Molino-Vigevano.png","width":1024,"height":1024},{"@type":"BreadcrumbList","@id":"https:\/\/staging.baredev.com\/de\/farina-per-pizza-tipo-1-molino-vigevano-500g\/#breadcrumb","itemListElement":[{"@type":"ListItem","position":1,"name":"Home","item":"https:\/\/staging.baredev.com\/de\/"},{"@type":"ListItem","position":2,"name":"Shop","item":"https:\/\/staging.baredev.com\/de\/shop\/"},{"@type":"ListItem","position":3,"name":"Farina per Pizza &#8220;TIPO 1&#8221; Molino Vigevano 500g"}]},{"@type":"WebSite","@id":"https:\/\/staging.baredev.com\/de\/#website","url":"https:\/\/staging.baredev.com\/de\/","name":"Sapori Nostri","description":"","publisher":{"@id":"https:\/\/staging.baredev.com\/de\/#organization"},"potentialAction":[{"@type":"SearchAction","target":{"@type":"EntryPoint","urlTemplate":"https:\/\/staging.baredev.com\/de\/?s={search_term_string}"},"query-input":{"@type":"PropertyValueSpecification","valueRequired":true,"valueName":"search_term_string"}}],"inLanguage":"de-DE"},{"@type":"Organization","@id":"https:\/\/staging.baredev.com\/de\/#organization","name":"Sapori Nostri","url":"https:\/\/staging.baredev.com\/de\/","logo":{"@type":"ImageObject","inLanguage":"de-DE","@id":"https:\/\/staging.baredev.com\/de\/#\/schema\/logo\/image\/","url":"https:\/\/staging.baredev.com\/wp-content\/uploads\/2020\/05\/logo-retina.png","contentUrl":"https:\/\/staging.baredev.com\/wp-content\/uploads\/2020\/05\/logo-retina.png","width":500,"height":109,"caption":"Sapori Nostri"},"image":{"@id":"https:\/\/staging.baredev.com\/de\/#\/schema\/logo\/image\/"},"sameAs":["https:\/\/www.facebook.com\/saporinostri.it\/","https:\/\/www.instagram.com\/saporinostri.it\/"]}]}},"jetpack_sharing_enabled":true,"brands":[{"id":640,"name":"Molino Vigevano","slug":"molino-vigevano"}],"_links":{"self":[{"href":"https:\/\/staging.baredev.com\/de\/wp-json\/wp\/v2\/product\/21609","targetHints":{"allow":["GET"]}}],"collection":[{"href":"https:\/\/staging.baredev.com\/de\/wp-json\/wp\/v2\/product"}],"about":[{"href":"https:\/\/staging.baredev.com\/de\/wp-json\/wp\/v2\/types\/product"}],"replies":[{"embeddable":true,"href":"https:\/\/staging.baredev.com\/de\/wp-json\/wp\/v2\/comments?post=21609"}],"wp:featuredmedia":[{"embeddable":true,"href":"https:\/\/staging.baredev.com\/de\/wp-json\/wp\/v2\/media\/21638"}],"wp:attachment":[{"href":"https:\/\/staging.baredev.com\/de\/wp-json\/wp\/v2\/media?parent=21609"}],"wp:term":[{"taxonomy":"pwb-brand","embeddable":true,"href":"https:\/\/staging.baredev.com\/de\/wp-json\/wp\/v2\/pwb-brand?post=21609"},{"taxonomy":"product_brand","embeddable":true,"href":"https:\/\/staging.baredev.com\/de\/wp-json\/wp\/v2\/product_brand?post=21609"},{"taxonomy":"product_cat","embeddable":true,"href":"https:\/\/staging.baredev.com\/de\/wp-json\/wp\/v2\/product_cat?post=21609"},{"taxonomy":"product_tag","embeddable":true,"href":"https:\/\/staging.baredev.com\/de\/wp-json\/wp\/v2\/product_tag?post=21609"}],"curies":[{"name":"wp","href":"https:\/\/api.w.org\/{rel}","templated":true}]}}