{"id":2183,"date":"2020-05-09T18:41:17","date_gmt":"2020-05-09T16:41:17","guid":{"rendered":"http:\/\/172.105.66.148\/?post_type=product&#038;p=2183"},"modified":"2026-05-06T09:18:55","modified_gmt":"2026-05-06T07:18:55","slug":"farina-tipo-1-caputo-1-kg","status":"publish","type":"product","link":"https:\/\/staging.baredev.com\/de\/farina-tipo-1-caputo-1-kg\/","title":{"rendered":"Mehltyp 1 Caputo 1 kg K"},"content":{"rendered":"<p>Weichweizenmehl, ein Produkt, das an die gesamte Tradition der neapolitanischen M\u00fcller erinnert. Dort <strong>Typ 1<\/strong> geboren aus der Erfahrung der Millers of <a href=\"https:\/\/staging.baredev.com\/de\/produttore\/mulino-caputo\/\"><strong>Mulino Caputo<\/strong><\/a>: Es ist ein Mehl, das die Authentizit\u00e4t und Tradition des Geschmacks der Vergangenheit bewahrt. Hergestellt mit einer Auswahl der besten Getreidesorten und angereichert mit Weizenkeimen, eignet es sich f\u00fcr lange gehende Teige und auch als Schneidemehl f\u00fcr Brot, Pizza, Desserts.<\/p>\n<div class=\"mini-infobox-wrapper\">\n<p class=\"mini-infobox\"><b>Mehlsorte<\/b><br \/>\n1<\/p>\n<p class=\"mini-infobox\"><b>B\u00e4ckerei<\/b><br \/>\nW 250\/270<\/p>\n<p class=\"mini-infobox\"><b>Proteine<\/b><br \/>\n13,00%<\/p>\n<p class=\"mini-infobox\"><b>Elastizit\u00e4t<\/b><br \/>\nP \/ L 0,50 \/ 0,60<\/p>\n<p class=\"mini-infobox\"><b>Sauerteig<\/b><br \/>\nLange<\/p>\n<\/div>\n<h3 class=\"mt-5\">Die Caputo-M\u00fchle<\/h3>\n<div class=\"mt-3\">\n<p>Seit 1924 ist die\u00a0<strong>Mulino Caputo<\/strong>\u00a0arbeitet den Weizen mit Gro\u00dfz\u00fcgigkeit und Leidenschaft, um Fachleuten und Liebhabern der White Art Caputo Farina von h\u00f6chster Qualit\u00e4t anzubieten, die unter voller Achtung der Rohstoffe und der Tradition hergestellt wird.<\/p>\n<p>Il Molino Caputo produziert eine breite Palette von Mehlen f\u00fcr den privaten und professionellen Gebrauch. Caputo-Mehl wird vor allem von Profis in der Konditorei, Brotherstellung, Pasta und Pizza verwendet, wobei viele Mehlsorten f\u00fcr verschiedene Prozesse bestimmt sind.<\/p>\n<p>Autorit\u00e4t, Spontaneit\u00e4t und Tradition, aus diesen Werten entsteht die wei\u00dfe Kunst von Mulino Caputo, die es dank der Erfahrung von drei Generationen neapolitanischer Meisterm\u00fcller erm\u00f6glicht, sehr hohe Qualit\u00e4tsstandards zu garantieren, um diesen Experten zu gew\u00e4hrleisten Gastronomen und Handwerker des Geschmacks bringen ihre Kreativit\u00e4t am besten zum Ausdruck.<\/p>\n<p>Caputo-Mehl hat die F\u00e4higkeit, die Nat\u00fcrlichkeit und Authentizit\u00e4t von Aromen maximal zu bewahren, aus diesem und aus anderen Gr\u00fcnden wird Molino Caputo auf der ganzen Welt gesch\u00e4tzt und anerkannt.<\/p>\n<\/div>","protected":false},"excerpt":{"rendered":"<p><b>Lievitazione:<\/b> Lunga<br \/>\n<b>Panificazione:<\/b> W 250\/270<\/p>\n<ul>\n<li>Farina che conserva l&#8217;autenticit\u00e0 del sapore di una volta.<\/li>\n<li>La migliore variet\u00e0 di grani, arricchita con germe di grano.<\/li>\n<li>Per impasti a lunga lievitazione o come farina da taglio per pane, pizza, dolci.<\/li>\n<\/ul>\n<div class=\"scadenza\">Scadenza Lotto Pi\u00f9 Recente: <b>[acf field=\"scadenza\"] L.[acf field=\"lotto\"]<\/b><\/div>\n","protected":false},"featured_media":4040,"comment_status":"open","ping_status":"closed","template":"","meta":{"_acf_changed":false,"inline_featured_image":false,"wprm-recipe-roundup-name":"","wprm-recipe-roundup-description":""},"pwb-brand":[110],"product_brand":[],"product_cat":[97],"product_tag":[],"class_list":{"0":"post-2183","1":"product","2":"type-product","3":"status-publish","4":"has-post-thumbnail","6":"pwb-brand-mulino-caputo","7":"product_cat-farine","8":"product_shipping_class-iva-4","10":"first","11":"outofstock","12":"sale","13":"taxable","14":"shipping-taxable","15":"purchasable","16":"product-type-simple"},"acf":[],"yoast_head":"<!-- This site is optimized with the Yoast SEO Premium plugin v23.7 (Yoast SEO v27.6) - https:\/\/yoast.com\/product\/yoast-seo-premium-wordpress\/ -->\n<title>Farina Tipo 1 Caputo 1 Kg - Sapori Nostri<\/title>\n<meta name=\"description\" content=\"Farina Tipo 1 Caputo conserva autenticit\u00e0 e tradizione del sapore di una volta, prodotta con la selezione della migliore variet\u00e0 di grani\" \/>\n<meta name=\"robots\" content=\"index, follow, max-snippet:-1, max-image-preview:large, max-video-preview:-1\" \/>\n<link rel=\"canonical\" href=\"https:\/\/staging.baredev.com\/de\/farina-tipo-1-caputo-1-kg\/\" \/>\n<meta property=\"og:locale\" content=\"de_DE\" \/>\n<meta property=\"og:type\" content=\"article\" \/>\n<meta property=\"og:title\" content=\"Farina Tipo 1 Caputo 1 Kg\" \/>\n<meta property=\"og:description\" content=\"Farina Tipo 1 Caputo conserva autenticit\u00e0 e tradizione del sapore di una volta, prodotta con la selezione della migliore variet\u00e0 di grani\" \/>\n<meta property=\"og:url\" content=\"https:\/\/staging.baredev.com\/de\/farina-tipo-1-caputo-1-kg\/\" \/>\n<meta property=\"og:site_name\" content=\"Sapori Nostri\" \/>\n<meta property=\"article:publisher\" content=\"https:\/\/www.facebook.com\/saporinostri.it\/\" \/>\n<meta property=\"article:modified_time\" content=\"2026-05-06T07:18:55+00:00\" \/>\n<meta property=\"og:image\" content=\"https:\/\/staging.baredev.com\/wp-content\/uploads\/2020\/05\/farina-tipo-1-caputo-1-kg-front.jpg\" \/>\n\t<meta property=\"og:image:width\" content=\"1100\" \/>\n\t<meta property=\"og:image:height\" content=\"1100\" \/>\n\t<meta property=\"og:image:type\" content=\"image\/jpeg\" \/>\n<meta name=\"twitter:card\" content=\"summary_large_image\" \/>\n<meta name=\"twitter:label1\" content=\"Est. reading time\" \/>\n\t<meta name=\"twitter:data1\" content=\"2 minutes\" \/>\n<script type=\"application\/ld+json\" class=\"yoast-schema-graph\">{\"@context\":\"https:\\\/\\\/schema.org\",\"@graph\":[{\"@type\":\"WebPage\",\"@id\":\"https:\\\/\\\/staging.baredev.com\\\/de\\\/farina-tipo-1-caputo-1-kg\\\/\",\"url\":\"https:\\\/\\\/staging.baredev.com\\\/de\\\/farina-tipo-1-caputo-1-kg\\\/\",\"name\":\"Farina Tipo 1 Caputo 1 Kg - Sapori Nostri\",\"isPartOf\":{\"@id\":\"https:\\\/\\\/staging.baredev.com\\\/de\\\/#website\"},\"primaryImageOfPage\":{\"@id\":\"https:\\\/\\\/staging.baredev.com\\\/de\\\/farina-tipo-1-caputo-1-kg\\\/#primaryimage\"},\"image\":{\"@id\":\"https:\\\/\\\/staging.baredev.com\\\/de\\\/farina-tipo-1-caputo-1-kg\\\/#primaryimage\"},\"thumbnailUrl\":\"https:\\\/\\\/staging.baredev.com\\\/wp-content\\\/uploads\\\/2020\\\/05\\\/farina-tipo-1-caputo-1-kg-front.jpg\",\"datePublished\":\"2020-05-09T16:41:17+00:00\",\"dateModified\":\"2026-05-06T07:18:55+00:00\",\"description\":\"Farina Tipo 1 Caputo conserva autenticit\u00e0 e tradizione del sapore di una volta, prodotta con la selezione della migliore variet\u00e0 di grani\",\"breadcrumb\":{\"@id\":\"https:\\\/\\\/staging.baredev.com\\\/de\\\/farina-tipo-1-caputo-1-kg\\\/#breadcrumb\"},\"inLanguage\":\"de-DE\",\"potentialAction\":[{\"@type\":\"ReadAction\",\"target\":[\"https:\\\/\\\/staging.baredev.com\\\/de\\\/farina-tipo-1-caputo-1-kg\\\/\"]}]},{\"@type\":\"ImageObject\",\"inLanguage\":\"de-DE\",\"@id\":\"https:\\\/\\\/staging.baredev.com\\\/de\\\/farina-tipo-1-caputo-1-kg\\\/#primaryimage\",\"url\":\"https:\\\/\\\/staging.baredev.com\\\/wp-content\\\/uploads\\\/2020\\\/05\\\/farina-tipo-1-caputo-1-kg-front.jpg\",\"contentUrl\":\"https:\\\/\\\/staging.baredev.com\\\/wp-content\\\/uploads\\\/2020\\\/05\\\/farina-tipo-1-caputo-1-kg-front.jpg\",\"width\":1100,\"height\":1100,\"caption\":\"Farina Tipo 1 Caputo 1 Kg\"},{\"@type\":\"BreadcrumbList\",\"@id\":\"https:\\\/\\\/staging.baredev.com\\\/de\\\/farina-tipo-1-caputo-1-kg\\\/#breadcrumb\",\"itemListElement\":[{\"@type\":\"ListItem\",\"position\":1,\"name\":\"Home\",\"item\":\"https:\\\/\\\/staging.baredev.com\\\/de\\\/\"},{\"@type\":\"ListItem\",\"position\":2,\"name\":\"Shop\",\"item\":\"https:\\\/\\\/staging.baredev.com\\\/de\\\/shop\\\/\"},{\"@type\":\"ListItem\",\"position\":3,\"name\":\"Farina Tipo 1 Caputo 1 Kg\"}]},{\"@type\":\"WebSite\",\"@id\":\"https:\\\/\\\/staging.baredev.com\\\/de\\\/#website\",\"url\":\"https:\\\/\\\/staging.baredev.com\\\/de\\\/\",\"name\":\"Sapori Nostri\",\"description\":\"\",\"publisher\":{\"@id\":\"https:\\\/\\\/staging.baredev.com\\\/de\\\/#organization\"},\"potentialAction\":[{\"@type\":\"SearchAction\",\"target\":{\"@type\":\"EntryPoint\",\"urlTemplate\":\"https:\\\/\\\/staging.baredev.com\\\/de\\\/?s={search_term_string}\"},\"query-input\":{\"@type\":\"PropertyValueSpecification\",\"valueRequired\":true,\"valueName\":\"search_term_string\"}}],\"inLanguage\":\"de-DE\"},{\"@type\":\"Organization\",\"@id\":\"https:\\\/\\\/staging.baredev.com\\\/de\\\/#organization\",\"name\":\"Sapori Nostri\",\"url\":\"https:\\\/\\\/staging.baredev.com\\\/de\\\/\",\"logo\":{\"@type\":\"ImageObject\",\"inLanguage\":\"de-DE\",\"@id\":\"https:\\\/\\\/staging.baredev.com\\\/de\\\/#\\\/schema\\\/logo\\\/image\\\/\",\"url\":\"https:\\\/\\\/staging.baredev.com\\\/wp-content\\\/uploads\\\/2020\\\/05\\\/logo-retina.png\",\"contentUrl\":\"https:\\\/\\\/staging.baredev.com\\\/wp-content\\\/uploads\\\/2020\\\/05\\\/logo-retina.png\",\"width\":500,\"height\":109,\"caption\":\"Sapori Nostri\"},\"image\":{\"@id\":\"https:\\\/\\\/staging.baredev.com\\\/de\\\/#\\\/schema\\\/logo\\\/image\\\/\"},\"sameAs\":[\"https:\\\/\\\/www.facebook.com\\\/saporinostri.it\\\/\",\"https:\\\/\\\/www.instagram.com\\\/saporinostri.it\\\/\"]}]}<\/script>\n<!-- \/ Yoast SEO Premium plugin. -->","yoast_head_json":{"title":"Mehltyp 1 Caputo 1 Kg - Unsere Geschmacksrichtungen","description":"Typ 1 Caputo-Mehl bewahrt die Authentizit\u00e4t und Tradition des Geschmacks der Vergangenheit, hergestellt mit der Auswahl der besten Getreidesorten","robots":{"index":"index","follow":"follow","max-snippet":"max-snippet:-1","max-image-preview":"max-image-preview:large","max-video-preview":"max-video-preview:-1"},"canonical":"https:\/\/staging.baredev.com\/de\/farina-tipo-1-caputo-1-kg\/","og_locale":"de_DE","og_type":"article","og_title":"Farina Tipo 1 Caputo 1 Kg","og_description":"Farina Tipo 1 Caputo conserva autenticit\u00e0 e tradizione del sapore di una volta, prodotta con la selezione della migliore variet\u00e0 di grani","og_url":"https:\/\/staging.baredev.com\/de\/farina-tipo-1-caputo-1-kg\/","og_site_name":"Sapori Nostri","article_publisher":"https:\/\/www.facebook.com\/saporinostri.it\/","article_modified_time":"2026-05-06T07:18:55+00:00","og_image":[{"width":1100,"height":1100,"url":"https:\/\/staging.baredev.com\/wp-content\/uploads\/2020\/05\/farina-tipo-1-caputo-1-kg-front.jpg","type":"image\/jpeg"}],"twitter_card":"summary_large_image","twitter_misc":{"Est. reading time":"2 minutes"},"schema":{"@context":"https:\/\/schema.org","@graph":[{"@type":"WebPage","@id":"https:\/\/staging.baredev.com\/de\/farina-tipo-1-caputo-1-kg\/","url":"https:\/\/staging.baredev.com\/de\/farina-tipo-1-caputo-1-kg\/","name":"Mehltyp 1 Caputo 1 Kg - Unsere Geschmacksrichtungen","isPartOf":{"@id":"https:\/\/staging.baredev.com\/de\/#website"},"primaryImageOfPage":{"@id":"https:\/\/staging.baredev.com\/de\/farina-tipo-1-caputo-1-kg\/#primaryimage"},"image":{"@id":"https:\/\/staging.baredev.com\/de\/farina-tipo-1-caputo-1-kg\/#primaryimage"},"thumbnailUrl":"https:\/\/staging.baredev.com\/wp-content\/uploads\/2020\/05\/farina-tipo-1-caputo-1-kg-front.jpg","datePublished":"2020-05-09T16:41:17+00:00","dateModified":"2026-05-06T07:18:55+00:00","description":"Typ 1 Caputo-Mehl bewahrt die Authentizit\u00e4t und Tradition des Geschmacks der Vergangenheit, hergestellt mit der Auswahl der besten Getreidesorten","breadcrumb":{"@id":"https:\/\/staging.baredev.com\/de\/farina-tipo-1-caputo-1-kg\/#breadcrumb"},"inLanguage":"de-DE","potentialAction":[{"@type":"ReadAction","target":["https:\/\/staging.baredev.com\/de\/farina-tipo-1-caputo-1-kg\/"]}]},{"@type":"ImageObject","inLanguage":"de-DE","@id":"https:\/\/staging.baredev.com\/de\/farina-tipo-1-caputo-1-kg\/#primaryimage","url":"https:\/\/staging.baredev.com\/wp-content\/uploads\/2020\/05\/farina-tipo-1-caputo-1-kg-front.jpg","contentUrl":"https:\/\/staging.baredev.com\/wp-content\/uploads\/2020\/05\/farina-tipo-1-caputo-1-kg-front.jpg","width":1100,"height":1100,"caption":"Farina Tipo 1 Caputo 1 Kg"},{"@type":"BreadcrumbList","@id":"https:\/\/staging.baredev.com\/de\/farina-tipo-1-caputo-1-kg\/#breadcrumb","itemListElement":[{"@type":"ListItem","position":1,"name":"Home","item":"https:\/\/staging.baredev.com\/de\/"},{"@type":"ListItem","position":2,"name":"Shop","item":"https:\/\/staging.baredev.com\/de\/shop\/"},{"@type":"ListItem","position":3,"name":"Farina Tipo 1 Caputo 1 Kg"}]},{"@type":"WebSite","@id":"https:\/\/staging.baredev.com\/de\/#website","url":"https:\/\/staging.baredev.com\/de\/","name":"Sapori Nostri","description":"","publisher":{"@id":"https:\/\/staging.baredev.com\/de\/#organization"},"potentialAction":[{"@type":"SearchAction","target":{"@type":"EntryPoint","urlTemplate":"https:\/\/staging.baredev.com\/de\/?s={search_term_string}"},"query-input":{"@type":"PropertyValueSpecification","valueRequired":true,"valueName":"search_term_string"}}],"inLanguage":"de-DE"},{"@type":"Organization","@id":"https:\/\/staging.baredev.com\/de\/#organization","name":"Sapori Nostri","url":"https:\/\/staging.baredev.com\/de\/","logo":{"@type":"ImageObject","inLanguage":"de-DE","@id":"https:\/\/staging.baredev.com\/de\/#\/schema\/logo\/image\/","url":"https:\/\/staging.baredev.com\/wp-content\/uploads\/2020\/05\/logo-retina.png","contentUrl":"https:\/\/staging.baredev.com\/wp-content\/uploads\/2020\/05\/logo-retina.png","width":500,"height":109,"caption":"Sapori Nostri"},"image":{"@id":"https:\/\/staging.baredev.com\/de\/#\/schema\/logo\/image\/"},"sameAs":["https:\/\/www.facebook.com\/saporinostri.it\/","https:\/\/www.instagram.com\/saporinostri.it\/"]}]}},"jetpack_sharing_enabled":true,"brands":[{"id":110,"name":"Mulino Caputo","slug":"mulino-caputo"}],"_links":{"self":[{"href":"https:\/\/staging.baredev.com\/de\/wp-json\/wp\/v2\/product\/2183","targetHints":{"allow":["GET"]}}],"collection":[{"href":"https:\/\/staging.baredev.com\/de\/wp-json\/wp\/v2\/product"}],"about":[{"href":"https:\/\/staging.baredev.com\/de\/wp-json\/wp\/v2\/types\/product"}],"replies":[{"embeddable":true,"href":"https:\/\/staging.baredev.com\/de\/wp-json\/wp\/v2\/comments?post=2183"}],"wp:featuredmedia":[{"embeddable":true,"href":"https:\/\/staging.baredev.com\/de\/wp-json\/wp\/v2\/media\/4040"}],"wp:attachment":[{"href":"https:\/\/staging.baredev.com\/de\/wp-json\/wp\/v2\/media?parent=2183"}],"wp:term":[{"taxonomy":"pwb-brand","embeddable":true,"href":"https:\/\/staging.baredev.com\/de\/wp-json\/wp\/v2\/pwb-brand?post=2183"},{"taxonomy":"product_brand","embeddable":true,"href":"https:\/\/staging.baredev.com\/de\/wp-json\/wp\/v2\/product_brand?post=2183"},{"taxonomy":"product_cat","embeddable":true,"href":"https:\/\/staging.baredev.com\/de\/wp-json\/wp\/v2\/product_cat?post=2183"},{"taxonomy":"product_tag","embeddable":true,"href":"https:\/\/staging.baredev.com\/de\/wp-json\/wp\/v2\/product_tag?post=2183"}],"curies":[{"name":"wp","href":"https:\/\/api.w.org\/{rel}","templated":true}]}}