{"id":2201,"date":"2020-05-09T21:10:39","date_gmt":"2020-05-09T19:10:39","guid":{"rendered":"http:\/\/172.105.66.148\/?post_type=product&#038;p=2201"},"modified":"2026-04-26T03:27:55","modified_gmt":"2026-04-26T01:27:55","slug":"farina-fior-di-riso-caputo-500g","status":"publish","type":"product","link":"https:\/\/staging.baredev.com\/de\/farina-fior-di-riso-caputo-500g\/","title":{"rendered":"Fior di Riso Caputo Mehl 500g"},"content":{"rendered":"<p><strong>Fior di Riso Caputo<\/strong> es ist ein produkt <strong>Glutenfrei<\/strong> innovativ mit kalibrierter Partikelgr\u00f6\u00dfe, geeignet zum Best\u00e4uben, un\u00fcbertroffen in Braten und Tempura und hervorragend f\u00fcr die Zubereitung von Cremes und Puddings.<\/p>\n<p>Halbzeug f\u00fcr den professionellen Einsatz zur Produktvorbereitung <strong>glutenfrei<\/strong> und auch f\u00fcr traditionelle Pizza.<\/p>\n<p>Mehle und Backwaren, die durch Verarbeitung ohne Glutenkontamination gewonnen wurden, sind f\u00fcr den Verzehr durch Menschen mit <strong>Z\u00f6liakie<\/strong> und m\u00fcssen sich strikt glutenfrei ern\u00e4hren.<\/p>\n<p>Auch ideal f\u00fcr den Verzehr von Nicht-Z\u00f6liakie-Patienten, die eine Di\u00e4t mit einem Glutengehalt von weniger als 20 ppm w\u00e4hlen.<\/p>\n<div class=\"mini-infobox-wrapper\">\n<p class=\"mini-infobox\"><b>Mehlsorte<\/b><br \/>\nMehrzweck<\/p>\n<p class=\"mini-infobox\"><b>B\u00e4ckerei<\/b><br \/>\n\u2014<\/p>\n<p class=\"mini-infobox\"><b>Proteine<\/b><br \/>\n7,00%<\/p>\n<p class=\"mini-infobox\"><b>Elastizit\u00e4t<\/b><br \/>\n\u2014<\/p>\n<p class=\"mini-infobox\"><b>Sauerteig<\/b><br \/>\n\u2014<\/p>\n<\/div>\n<h3 class=\"mt-5\">Die Caputo-M\u00fchle<\/h3>\n<div class=\"mt-3\">\n<p>Seit 1924 ist die\u00a0<strong>Mulino Caputo<\/strong>\u00a0arbeitet den Weizen mit Gro\u00dfz\u00fcgigkeit und Leidenschaft, um Fachleuten und Liebhabern der White Art Caputo Farina von h\u00f6chster Qualit\u00e4t anzubieten, die unter voller Achtung der Rohstoffe und der Tradition hergestellt wird.<\/p>\n<p>Il Molino Caputo produziert eine breite Palette von Mehlen f\u00fcr den privaten und professionellen Gebrauch. Caputo-Mehl wird vor allem von Profis in der Konditorei, Brotherstellung, Pasta und Pizza verwendet, wobei viele Mehlsorten f\u00fcr verschiedene Prozesse bestimmt sind.<\/p>\n<p>Autorit\u00e4t, Spontaneit\u00e4t und Tradition, aus diesen Werten entsteht die wei\u00dfe Kunst von Mulino Caputo, die es dank der Erfahrung von drei Generationen neapolitanischer Meisterm\u00fcller erm\u00f6glicht, sehr hohe Qualit\u00e4tsstandards zu garantieren, um diesen Experten zu gew\u00e4hrleisten Gastronomen und Handwerker des Geschmacks bringen ihre Kreativit\u00e4t am besten zum Ausdruck.<\/p>\n<p>Caputo-Mehl hat die F\u00e4higkeit, die Nat\u00fcrlichkeit und Authentizit\u00e4t von Aromen maximal zu bewahren, aus diesem und aus anderen Gr\u00fcnden wird Molino Caputo auf der ganzen Welt gesch\u00e4tzt und anerkannt.<\/p>\n<\/div>","protected":false},"excerpt":{"rendered":"<p><b>Farina di Riso<\/b><\/p>\n<ul>\n<li>Farina <strong>Senza Glutine<\/strong><\/li>\n<li>Adatta al consumo da parte di persone che presentano <strong>celiachia<\/strong>.<\/li>\n<li>Adatto allo spolvero, insuperabile nella frittura e nella tempura e ottima per la preparazione di creme e budini.<\/li>\n<\/ul>\n<p><span style=\"font-size: 0.85em;\"><i class=\"fas fa-info-circle\"><\/i> <a href=\"https:\/\/staging.baredev.com\/sc\/scheda-tecnica-farina-fior-di-riso-mulino-caputo.pdf\" target=\"_blank\" rel=\"noopener\">Vedi Scheda Tecnica<\/a><\/span><\/p>\n<div class=\"scadenza\">Scadenza Lotto Pi\u00f9 Recente: <b>[acf field=\"scadenza\"] L.[acf field=\"lotto\"]<\/b><\/div>\n","protected":false},"featured_media":16970,"comment_status":"open","ping_status":"closed","template":"","meta":{"_acf_changed":false,"inline_featured_image":false,"wprm-recipe-roundup-name":"","wprm-recipe-roundup-description":""},"pwb-brand":[110],"product_brand":[],"product_cat":[97],"product_tag":[],"class_list":{"0":"post-2201","1":"product","2":"type-product","3":"status-publish","4":"has-post-thumbnail","6":"pwb-brand-mulino-caputo","7":"product_cat-farine","8":"product_shipping_class-iva-4","10":"first","11":"instock","12":"sale","13":"taxable","14":"shipping-taxable","15":"purchasable","16":"product-type-simple"},"acf":[],"yoast_head":"<!-- This site is optimized with the Yoast SEO Premium plugin v23.7 (Yoast SEO v27.6) - https:\/\/yoast.com\/product\/yoast-seo-premium-wordpress\/ -->\n<title>Farina Fior di Riso Caputo 500g | Senza Glutine - Sapori Nostri<\/title>\n<meta name=\"description\" content=\"Farina di Riso Caputo, Gluten Free adatta allo spolvero, insuperabile nella frittura, tempura e ottimo per la preparazione di creme e budini\" \/>\n<meta name=\"robots\" content=\"index, follow, max-snippet:-1, max-image-preview:large, max-video-preview:-1\" \/>\n<link rel=\"canonical\" href=\"https:\/\/staging.baredev.com\/de\/farina-fior-di-riso-caputo-500g\/\" \/>\n<meta property=\"og:locale\" content=\"de_DE\" \/>\n<meta property=\"og:type\" content=\"article\" \/>\n<meta property=\"og:title\" content=\"Farina Fior di Riso Caputo 500g\" \/>\n<meta property=\"og:description\" content=\"Farina di Riso Caputo, Gluten Free adatta allo spolvero, insuperabile nella frittura, tempura e ottimo per la preparazione di creme e budini\" \/>\n<meta property=\"og:url\" content=\"https:\/\/staging.baredev.com\/de\/farina-fior-di-riso-caputo-500g\/\" \/>\n<meta property=\"og:site_name\" content=\"Sapori Nostri\" \/>\n<meta property=\"article:publisher\" content=\"https:\/\/www.facebook.com\/saporinostri.it\/\" \/>\n<meta property=\"article:modified_time\" content=\"2026-04-26T01:27:55+00:00\" \/>\n<meta property=\"og:image\" content=\"https:\/\/staging.baredev.com\/wp-content\/uploads\/2020\/05\/farina-fior-di-riso-mulino-caputo-500g.jpg\" \/>\n\t<meta property=\"og:image:width\" content=\"1500\" \/>\n\t<meta property=\"og:image:height\" content=\"1500\" \/>\n\t<meta property=\"og:image:type\" content=\"image\/jpeg\" \/>\n<meta name=\"twitter:card\" content=\"summary_large_image\" \/>\n<meta name=\"twitter:label1\" content=\"Est. reading time\" \/>\n\t<meta name=\"twitter:data1\" content=\"2 minutes\" \/>\n<script type=\"application\/ld+json\" class=\"yoast-schema-graph\">{\"@context\":\"https:\\\/\\\/schema.org\",\"@graph\":[{\"@type\":\"WebPage\",\"@id\":\"https:\\\/\\\/staging.baredev.com\\\/de\\\/farina-fior-di-riso-caputo-500g\\\/\",\"url\":\"https:\\\/\\\/staging.baredev.com\\\/de\\\/farina-fior-di-riso-caputo-500g\\\/\",\"name\":\"Farina Fior di Riso Caputo 500g | Senza Glutine - Sapori Nostri\",\"isPartOf\":{\"@id\":\"https:\\\/\\\/staging.baredev.com\\\/de\\\/#website\"},\"primaryImageOfPage\":{\"@id\":\"https:\\\/\\\/staging.baredev.com\\\/de\\\/farina-fior-di-riso-caputo-500g\\\/#primaryimage\"},\"image\":{\"@id\":\"https:\\\/\\\/staging.baredev.com\\\/de\\\/farina-fior-di-riso-caputo-500g\\\/#primaryimage\"},\"thumbnailUrl\":\"https:\\\/\\\/staging.baredev.com\\\/wp-content\\\/uploads\\\/2020\\\/05\\\/farina-fior-di-riso-mulino-caputo-500g.jpg\",\"datePublished\":\"2020-05-09T19:10:39+00:00\",\"dateModified\":\"2026-04-26T01:27:55+00:00\",\"description\":\"Farina di Riso Caputo, Gluten Free adatta allo spolvero, insuperabile nella frittura, tempura e ottimo per la preparazione di creme e budini\",\"breadcrumb\":{\"@id\":\"https:\\\/\\\/staging.baredev.com\\\/de\\\/farina-fior-di-riso-caputo-500g\\\/#breadcrumb\"},\"inLanguage\":\"de-DE\",\"potentialAction\":[{\"@type\":\"ReadAction\",\"target\":[\"https:\\\/\\\/staging.baredev.com\\\/de\\\/farina-fior-di-riso-caputo-500g\\\/\"]}]},{\"@type\":\"ImageObject\",\"inLanguage\":\"de-DE\",\"@id\":\"https:\\\/\\\/staging.baredev.com\\\/de\\\/farina-fior-di-riso-caputo-500g\\\/#primaryimage\",\"url\":\"https:\\\/\\\/staging.baredev.com\\\/wp-content\\\/uploads\\\/2020\\\/05\\\/farina-fior-di-riso-mulino-caputo-500g.jpg\",\"contentUrl\":\"https:\\\/\\\/staging.baredev.com\\\/wp-content\\\/uploads\\\/2020\\\/05\\\/farina-fior-di-riso-mulino-caputo-500g.jpg\",\"width\":1500,\"height\":1500,\"caption\":\"Farina Fior di Riso Caputo 500g\"},{\"@type\":\"BreadcrumbList\",\"@id\":\"https:\\\/\\\/staging.baredev.com\\\/de\\\/farina-fior-di-riso-caputo-500g\\\/#breadcrumb\",\"itemListElement\":[{\"@type\":\"ListItem\",\"position\":1,\"name\":\"Home\",\"item\":\"https:\\\/\\\/staging.baredev.com\\\/de\\\/\"},{\"@type\":\"ListItem\",\"position\":2,\"name\":\"Shop\",\"item\":\"https:\\\/\\\/staging.baredev.com\\\/de\\\/shop\\\/\"},{\"@type\":\"ListItem\",\"position\":3,\"name\":\"Farina Fior di Riso Caputo 500g\"}]},{\"@type\":\"WebSite\",\"@id\":\"https:\\\/\\\/staging.baredev.com\\\/de\\\/#website\",\"url\":\"https:\\\/\\\/staging.baredev.com\\\/de\\\/\",\"name\":\"Sapori Nostri\",\"description\":\"\",\"publisher\":{\"@id\":\"https:\\\/\\\/staging.baredev.com\\\/de\\\/#organization\"},\"potentialAction\":[{\"@type\":\"SearchAction\",\"target\":{\"@type\":\"EntryPoint\",\"urlTemplate\":\"https:\\\/\\\/staging.baredev.com\\\/de\\\/?s={search_term_string}\"},\"query-input\":{\"@type\":\"PropertyValueSpecification\",\"valueRequired\":true,\"valueName\":\"search_term_string\"}}],\"inLanguage\":\"de-DE\"},{\"@type\":\"Organization\",\"@id\":\"https:\\\/\\\/staging.baredev.com\\\/de\\\/#organization\",\"name\":\"Sapori Nostri\",\"url\":\"https:\\\/\\\/staging.baredev.com\\\/de\\\/\",\"logo\":{\"@type\":\"ImageObject\",\"inLanguage\":\"de-DE\",\"@id\":\"https:\\\/\\\/staging.baredev.com\\\/de\\\/#\\\/schema\\\/logo\\\/image\\\/\",\"url\":\"https:\\\/\\\/staging.baredev.com\\\/wp-content\\\/uploads\\\/2020\\\/05\\\/logo-retina.png\",\"contentUrl\":\"https:\\\/\\\/staging.baredev.com\\\/wp-content\\\/uploads\\\/2020\\\/05\\\/logo-retina.png\",\"width\":500,\"height\":109,\"caption\":\"Sapori Nostri\"},\"image\":{\"@id\":\"https:\\\/\\\/staging.baredev.com\\\/de\\\/#\\\/schema\\\/logo\\\/image\\\/\"},\"sameAs\":[\"https:\\\/\\\/www.facebook.com\\\/saporinostri.it\\\/\",\"https:\\\/\\\/www.instagram.com\\\/saporinostri.it\\\/\"]}]}<\/script>\n<!-- \/ Yoast SEO Premium plugin. -->","yoast_head_json":{"title":"Fior di Riso Caputo Mehl 500g | Glutenfrei - Unsere Geschmacksrichtungen","description":"Caputo Reismehl, glutenfrei zum Best\u00e4uben geeignet, un\u00fcbertroffen in Braten, Tempura und hervorragend f\u00fcr die Zubereitung von Cremes und Puddings","robots":{"index":"index","follow":"follow","max-snippet":"max-snippet:-1","max-image-preview":"max-image-preview:large","max-video-preview":"max-video-preview:-1"},"canonical":"https:\/\/staging.baredev.com\/de\/farina-fior-di-riso-caputo-500g\/","og_locale":"de_DE","og_type":"article","og_title":"Farina Fior di Riso Caputo 500g","og_description":"Farina di Riso Caputo, Gluten Free adatta allo spolvero, insuperabile nella frittura, tempura e ottimo per la preparazione di creme e budini","og_url":"https:\/\/staging.baredev.com\/de\/farina-fior-di-riso-caputo-500g\/","og_site_name":"Sapori Nostri","article_publisher":"https:\/\/www.facebook.com\/saporinostri.it\/","article_modified_time":"2026-04-26T01:27:55+00:00","og_image":[{"width":1500,"height":1500,"url":"https:\/\/staging.baredev.com\/wp-content\/uploads\/2020\/05\/farina-fior-di-riso-mulino-caputo-500g.jpg","type":"image\/jpeg"}],"twitter_card":"summary_large_image","twitter_misc":{"Est. reading time":"2 minutes"},"schema":{"@context":"https:\/\/schema.org","@graph":[{"@type":"WebPage","@id":"https:\/\/staging.baredev.com\/de\/farina-fior-di-riso-caputo-500g\/","url":"https:\/\/staging.baredev.com\/de\/farina-fior-di-riso-caputo-500g\/","name":"Fior di Riso Caputo Mehl 500g | Glutenfrei - Unsere Geschmacksrichtungen","isPartOf":{"@id":"https:\/\/staging.baredev.com\/de\/#website"},"primaryImageOfPage":{"@id":"https:\/\/staging.baredev.com\/de\/farina-fior-di-riso-caputo-500g\/#primaryimage"},"image":{"@id":"https:\/\/staging.baredev.com\/de\/farina-fior-di-riso-caputo-500g\/#primaryimage"},"thumbnailUrl":"https:\/\/staging.baredev.com\/wp-content\/uploads\/2020\/05\/farina-fior-di-riso-mulino-caputo-500g.jpg","datePublished":"2020-05-09T19:10:39+00:00","dateModified":"2026-04-26T01:27:55+00:00","description":"Caputo Reismehl, glutenfrei zum Best\u00e4uben geeignet, un\u00fcbertroffen in Braten, Tempura und hervorragend f\u00fcr die Zubereitung von Cremes und Puddings","breadcrumb":{"@id":"https:\/\/staging.baredev.com\/de\/farina-fior-di-riso-caputo-500g\/#breadcrumb"},"inLanguage":"de-DE","potentialAction":[{"@type":"ReadAction","target":["https:\/\/staging.baredev.com\/de\/farina-fior-di-riso-caputo-500g\/"]}]},{"@type":"ImageObject","inLanguage":"de-DE","@id":"https:\/\/staging.baredev.com\/de\/farina-fior-di-riso-caputo-500g\/#primaryimage","url":"https:\/\/staging.baredev.com\/wp-content\/uploads\/2020\/05\/farina-fior-di-riso-mulino-caputo-500g.jpg","contentUrl":"https:\/\/staging.baredev.com\/wp-content\/uploads\/2020\/05\/farina-fior-di-riso-mulino-caputo-500g.jpg","width":1500,"height":1500,"caption":"Farina Fior di Riso Caputo 500g"},{"@type":"BreadcrumbList","@id":"https:\/\/staging.baredev.com\/de\/farina-fior-di-riso-caputo-500g\/#breadcrumb","itemListElement":[{"@type":"ListItem","position":1,"name":"Home","item":"https:\/\/staging.baredev.com\/de\/"},{"@type":"ListItem","position":2,"name":"Shop","item":"https:\/\/staging.baredev.com\/de\/shop\/"},{"@type":"ListItem","position":3,"name":"Farina Fior di Riso Caputo 500g"}]},{"@type":"WebSite","@id":"https:\/\/staging.baredev.com\/de\/#website","url":"https:\/\/staging.baredev.com\/de\/","name":"Sapori Nostri","description":"","publisher":{"@id":"https:\/\/staging.baredev.com\/de\/#organization"},"potentialAction":[{"@type":"SearchAction","target":{"@type":"EntryPoint","urlTemplate":"https:\/\/staging.baredev.com\/de\/?s={search_term_string}"},"query-input":{"@type":"PropertyValueSpecification","valueRequired":true,"valueName":"search_term_string"}}],"inLanguage":"de-DE"},{"@type":"Organization","@id":"https:\/\/staging.baredev.com\/de\/#organization","name":"Sapori Nostri","url":"https:\/\/staging.baredev.com\/de\/","logo":{"@type":"ImageObject","inLanguage":"de-DE","@id":"https:\/\/staging.baredev.com\/de\/#\/schema\/logo\/image\/","url":"https:\/\/staging.baredev.com\/wp-content\/uploads\/2020\/05\/logo-retina.png","contentUrl":"https:\/\/staging.baredev.com\/wp-content\/uploads\/2020\/05\/logo-retina.png","width":500,"height":109,"caption":"Sapori Nostri"},"image":{"@id":"https:\/\/staging.baredev.com\/de\/#\/schema\/logo\/image\/"},"sameAs":["https:\/\/www.facebook.com\/saporinostri.it\/","https:\/\/www.instagram.com\/saporinostri.it\/"]}]}},"jetpack_sharing_enabled":true,"brands":[{"id":110,"name":"Mulino Caputo","slug":"mulino-caputo"}],"_links":{"self":[{"href":"https:\/\/staging.baredev.com\/de\/wp-json\/wp\/v2\/product\/2201","targetHints":{"allow":["GET"]}}],"collection":[{"href":"https:\/\/staging.baredev.com\/de\/wp-json\/wp\/v2\/product"}],"about":[{"href":"https:\/\/staging.baredev.com\/de\/wp-json\/wp\/v2\/types\/product"}],"replies":[{"embeddable":true,"href":"https:\/\/staging.baredev.com\/de\/wp-json\/wp\/v2\/comments?post=2201"}],"wp:featuredmedia":[{"embeddable":true,"href":"https:\/\/staging.baredev.com\/de\/wp-json\/wp\/v2\/media\/16970"}],"wp:attachment":[{"href":"https:\/\/staging.baredev.com\/de\/wp-json\/wp\/v2\/media?parent=2201"}],"wp:term":[{"taxonomy":"pwb-brand","embeddable":true,"href":"https:\/\/staging.baredev.com\/de\/wp-json\/wp\/v2\/pwb-brand?post=2201"},{"taxonomy":"product_brand","embeddable":true,"href":"https:\/\/staging.baredev.com\/de\/wp-json\/wp\/v2\/product_brand?post=2201"},{"taxonomy":"product_cat","embeddable":true,"href":"https:\/\/staging.baredev.com\/de\/wp-json\/wp\/v2\/product_cat?post=2201"},{"taxonomy":"product_tag","embeddable":true,"href":"https:\/\/staging.baredev.com\/de\/wp-json\/wp\/v2\/product_tag?post=2201"}],"curies":[{"name":"wp","href":"https:\/\/api.w.org\/{rel}","templated":true}]}}