{"id":22361,"date":"2023-03-02T17:57:02","date_gmt":"2023-03-02T16:57:02","guid":{"rendered":"https:\/\/woocommerce-587295-4567585.cloudwaysapps.com\/?post_type=product&#038;p=22361"},"modified":"2026-01-26T10:28:21","modified_gmt":"2026-01-26T09:28:21","slug":"bomba-calabrese-delizie-di-calabria-180g","status":"publish","type":"product","link":"https:\/\/staging.baredev.com\/de\/bomba-calabrese-delizie-di-calabria-180g\/","title":{"rendered":"Kalabrische Bomba-Delikatessen aus Kalabrien 180g"},"content":{"rendered":"<p>Die Chili-Gem\u00fcse-Mischung \u201eBomba Calabrese\u201c von Delizie della Calabria ist eine authentische Geschmacksexplosion aus Kalabrien. Dieses erstaunliche Gew\u00fcrz wurde f\u00fcr diejenigen entwickelt, die eine w\u00fcrzige, geschmackvolle Note f\u00fcr ihre Lieblingsgerichte suchen.<\/p>\n<p>Bomba Calabrese ist eine handwerklich hergestellte Mischung aus lokalen Chilis und frischem Gem\u00fcse, die sorgf\u00e4ltig ausgew\u00e4hlt wurden, um ein H\u00f6chstma\u00df an Qualit\u00e4t und Geschmack zu gew\u00e4hrleisten. Diese Kreation von Delizie della Calabria f\u00e4ngt die Leidenschaft und W\u00e4rme der Region ein und bringt sie direkt in Ihre K\u00fcche.<\/p>\n<p>Mit seiner perfekten Balance aus Sch\u00e4rfe und Geschmack l\u00e4sst sich Bomba Calabrese auf vielf\u00e4ltige und kreative Weise verwenden. F\u00fcgen Sie es als Gew\u00fcrz zu Pizza oder Pasta hinzu, um eine w\u00fcrzige und schmackhafte Note zu erhalten, mischen Sie es mit K\u00e4se f\u00fcr eine Geschmacksexplosion in Ihren Sandwiches oder verwenden Sie es, um au\u00dfergew\u00f6hnliche Saucen und Marinaden zu kreieren.<\/p>\n<p>Sorgf\u00e4ltig verpackt in einem Glas mit 180 g purer K\u00f6stlichkeit ist die kalabrische Bomba di Delizie della Calabria die ideale Erg\u00e4nzung f\u00fcr jeden Tisch. Es stillt nicht nur Ihr Verlangen nach intensivem Geschmack, sondern bietet Ihnen auch eine kulinarische Reise in die gastronomische Tradition Kalabriens. Verleihen Sie Ihren Mahlzeiten mit Bomba Calabrese einen Hauch von Leidenschaft und K\u00fchnheit und entdecken Sie die wahre Bedeutung der kalabrischen K\u00fcche.<\/p>","protected":false},"excerpt":{"rendered":"<p>Die Chili-Gem\u00fcse-Mischung \u201eBomba Calabrese\u201c ist eine authentische Geschmacksexplosion aus Kalabrien.<\/p>\n<p>Dieses erstaunliche Gew\u00fcrz wurde f\u00fcr diejenigen entwickelt, die eine w\u00fcrzige, geschmackvolle Note f\u00fcr ihre Lieblingsgerichte suchen.<\/p>\n<p><strong>Nettogewicht:<\/strong> 180 gr<\/p>\n<div class=\"scadenza\">Letzter Batch-Ablauf: <strong>02<\/strong><b>\/11\/2025 L.LF306C<\/b><\/div>","protected":false},"featured_media":24155,"comment_status":"open","ping_status":"closed","template":"","meta":{"_acf_changed":false,"inline_featured_image":false,"wprm-recipe-roundup-name":"","wprm-recipe-roundup-description":""},"pwb-brand":[653],"product_brand":[],"product_cat":[412,582],"product_tag":[],"class_list":{"0":"post-22361","1":"product","2":"type-product","3":"status-publish","4":"has-post-thumbnail","6":"pwb-brand-delizie-di-calabria","7":"product_cat-conserve","8":"product_cat-salse-di-accompagnamento","10":"first","11":"instock","12":"sale","13":"taxable","14":"shipping-taxable","15":"purchasable","16":"product-type-simple"},"acf":[],"yoast_head":"<!-- This site is optimized with the Yoast SEO Premium plugin v23.7 (Yoast SEO v27.6) - https:\/\/yoast.com\/product\/yoast-seo-premium-wordpress\/ -->\n<title>Bomba Calabrese Delizie di Calabria 180g - Sapori Nostri<\/title>\n<meta name=\"description\" content=\"La Bomba Calabrese \u00e8 un gustosissimo mix di Peperoncino e Ortaggi, un&#039;autentica esplosione di sapore proveniente dalla Calabria\" \/>\n<meta name=\"robots\" content=\"index, follow, max-snippet:-1, max-image-preview:large, max-video-preview:-1\" \/>\n<link rel=\"canonical\" href=\"https:\/\/staging.baredev.com\/de\/bomba-calabrese-delizie-di-calabria-180g\/\" \/>\n<meta property=\"og:locale\" content=\"de_DE\" \/>\n<meta property=\"og:type\" content=\"article\" \/>\n<meta property=\"og:title\" content=\"Bomba Calabrese Delizie di Calabria 180g\" \/>\n<meta property=\"og:description\" content=\"La Bomba Calabrese \u00e8 un gustosissimo mix di Peperoncino e Ortaggi, un&#039;autentica esplosione di sapore proveniente dalla Calabria\" \/>\n<meta property=\"og:url\" content=\"https:\/\/staging.baredev.com\/de\/bomba-calabrese-delizie-di-calabria-180g\/\" \/>\n<meta property=\"og:site_name\" content=\"Sapori Nostri\" \/>\n<meta property=\"article:publisher\" content=\"https:\/\/www.facebook.com\/saporinostri.it\/\" \/>\n<meta property=\"article:modified_time\" content=\"2026-01-26T09:28:21+00:00\" \/>\n<meta property=\"og:image\" content=\"https:\/\/staging.baredev.com\/wp-content\/uploads\/2023\/03\/bomba-calabrese-delizie-della-calabria-180g.jpg\" \/>\n\t<meta property=\"og:image:width\" content=\"1500\" \/>\n\t<meta property=\"og:image:height\" content=\"1500\" \/>\n\t<meta property=\"og:image:type\" content=\"image\/jpeg\" \/>\n<meta name=\"twitter:card\" content=\"summary_large_image\" \/>\n<meta name=\"twitter:label1\" content=\"Est. reading time\" \/>\n\t<meta name=\"twitter:data1\" content=\"2 minutes\" \/>\n<script type=\"application\/ld+json\" class=\"yoast-schema-graph\">{\"@context\":\"https:\\\/\\\/schema.org\",\"@graph\":[{\"@type\":\"WebPage\",\"@id\":\"https:\\\/\\\/staging.baredev.com\\\/de\\\/bomba-calabrese-delizie-di-calabria-180g\\\/\",\"url\":\"https:\\\/\\\/staging.baredev.com\\\/de\\\/bomba-calabrese-delizie-di-calabria-180g\\\/\",\"name\":\"Bomba Calabrese Delizie di Calabria 180g - Sapori Nostri\",\"isPartOf\":{\"@id\":\"https:\\\/\\\/staging.baredev.com\\\/de\\\/#website\"},\"primaryImageOfPage\":{\"@id\":\"https:\\\/\\\/staging.baredev.com\\\/de\\\/bomba-calabrese-delizie-di-calabria-180g\\\/#primaryimage\"},\"image\":{\"@id\":\"https:\\\/\\\/staging.baredev.com\\\/de\\\/bomba-calabrese-delizie-di-calabria-180g\\\/#primaryimage\"},\"thumbnailUrl\":\"https:\\\/\\\/staging.baredev.com\\\/wp-content\\\/uploads\\\/2023\\\/03\\\/bomba-calabrese-delizie-della-calabria-180g.jpg\",\"datePublished\":\"2023-03-02T16:57:02+00:00\",\"dateModified\":\"2026-01-26T09:28:21+00:00\",\"description\":\"La Bomba Calabrese \u00e8 un gustosissimo mix di Peperoncino e Ortaggi, un'autentica esplosione di sapore proveniente dalla Calabria\",\"breadcrumb\":{\"@id\":\"https:\\\/\\\/staging.baredev.com\\\/de\\\/bomba-calabrese-delizie-di-calabria-180g\\\/#breadcrumb\"},\"inLanguage\":\"de-DE\",\"potentialAction\":[{\"@type\":\"ReadAction\",\"target\":[\"https:\\\/\\\/staging.baredev.com\\\/de\\\/bomba-calabrese-delizie-di-calabria-180g\\\/\"]}]},{\"@type\":\"ImageObject\",\"inLanguage\":\"de-DE\",\"@id\":\"https:\\\/\\\/staging.baredev.com\\\/de\\\/bomba-calabrese-delizie-di-calabria-180g\\\/#primaryimage\",\"url\":\"https:\\\/\\\/staging.baredev.com\\\/wp-content\\\/uploads\\\/2023\\\/03\\\/bomba-calabrese-delizie-della-calabria-180g.jpg\",\"contentUrl\":\"https:\\\/\\\/staging.baredev.com\\\/wp-content\\\/uploads\\\/2023\\\/03\\\/bomba-calabrese-delizie-della-calabria-180g.jpg\",\"width\":1500,\"height\":1500,\"caption\":\"Bomba Calabrese Delizie di Calabria 180g\"},{\"@type\":\"BreadcrumbList\",\"@id\":\"https:\\\/\\\/staging.baredev.com\\\/de\\\/bomba-calabrese-delizie-di-calabria-180g\\\/#breadcrumb\",\"itemListElement\":[{\"@type\":\"ListItem\",\"position\":1,\"name\":\"Home\",\"item\":\"https:\\\/\\\/staging.baredev.com\\\/de\\\/\"},{\"@type\":\"ListItem\",\"position\":2,\"name\":\"Shop\",\"item\":\"https:\\\/\\\/staging.baredev.com\\\/de\\\/shop\\\/\"},{\"@type\":\"ListItem\",\"position\":3,\"name\":\"Bomba Calabrese Delizie di Calabria 180g\"}]},{\"@type\":\"WebSite\",\"@id\":\"https:\\\/\\\/staging.baredev.com\\\/de\\\/#website\",\"url\":\"https:\\\/\\\/staging.baredev.com\\\/de\\\/\",\"name\":\"Sapori Nostri\",\"description\":\"\",\"publisher\":{\"@id\":\"https:\\\/\\\/staging.baredev.com\\\/de\\\/#organization\"},\"potentialAction\":[{\"@type\":\"SearchAction\",\"target\":{\"@type\":\"EntryPoint\",\"urlTemplate\":\"https:\\\/\\\/staging.baredev.com\\\/de\\\/?s={search_term_string}\"},\"query-input\":{\"@type\":\"PropertyValueSpecification\",\"valueRequired\":true,\"valueName\":\"search_term_string\"}}],\"inLanguage\":\"de-DE\"},{\"@type\":\"Organization\",\"@id\":\"https:\\\/\\\/staging.baredev.com\\\/de\\\/#organization\",\"name\":\"Sapori Nostri\",\"url\":\"https:\\\/\\\/staging.baredev.com\\\/de\\\/\",\"logo\":{\"@type\":\"ImageObject\",\"inLanguage\":\"de-DE\",\"@id\":\"https:\\\/\\\/staging.baredev.com\\\/de\\\/#\\\/schema\\\/logo\\\/image\\\/\",\"url\":\"https:\\\/\\\/staging.baredev.com\\\/wp-content\\\/uploads\\\/2020\\\/05\\\/logo-retina.png\",\"contentUrl\":\"https:\\\/\\\/staging.baredev.com\\\/wp-content\\\/uploads\\\/2020\\\/05\\\/logo-retina.png\",\"width\":500,\"height\":109,\"caption\":\"Sapori Nostri\"},\"image\":{\"@id\":\"https:\\\/\\\/staging.baredev.com\\\/de\\\/#\\\/schema\\\/logo\\\/image\\\/\"},\"sameAs\":[\"https:\\\/\\\/www.facebook.com\\\/saporinostri.it\\\/\",\"https:\\\/\\\/www.instagram.com\\\/saporinostri.it\\\/\"]}]}<\/script>\n<!-- \/ Yoast SEO Premium plugin. -->","yoast_head_json":{"title":"Kalabrische Bomba-K\u00f6stlichkeiten aus Kalabrien 180g - Sapori Nostri","description":"Die kalabrische Bomba ist eine leckere Mischung aus Chili und Gem\u00fcse, eine authentische Geschmacksexplosion aus Kalabrien","robots":{"index":"index","follow":"follow","max-snippet":"max-snippet:-1","max-image-preview":"max-image-preview:large","max-video-preview":"max-video-preview:-1"},"canonical":"https:\/\/staging.baredev.com\/de\/bomba-calabrese-delizie-di-calabria-180g\/","og_locale":"de_DE","og_type":"article","og_title":"Bomba Calabrese Delizie di Calabria 180g","og_description":"La Bomba Calabrese \u00e8 un gustosissimo mix di Peperoncino e Ortaggi, un'autentica esplosione di sapore proveniente dalla Calabria","og_url":"https:\/\/staging.baredev.com\/de\/bomba-calabrese-delizie-di-calabria-180g\/","og_site_name":"Sapori Nostri","article_publisher":"https:\/\/www.facebook.com\/saporinostri.it\/","article_modified_time":"2026-01-26T09:28:21+00:00","og_image":[{"width":1500,"height":1500,"url":"https:\/\/staging.baredev.com\/wp-content\/uploads\/2023\/03\/bomba-calabrese-delizie-della-calabria-180g.jpg","type":"image\/jpeg"}],"twitter_card":"summary_large_image","twitter_misc":{"Est. reading time":"2 minutes"},"schema":{"@context":"https:\/\/schema.org","@graph":[{"@type":"WebPage","@id":"https:\/\/staging.baredev.com\/de\/bomba-calabrese-delizie-di-calabria-180g\/","url":"https:\/\/staging.baredev.com\/de\/bomba-calabrese-delizie-di-calabria-180g\/","name":"Kalabrische Bomba-K\u00f6stlichkeiten aus Kalabrien 180g - Sapori Nostri","isPartOf":{"@id":"https:\/\/staging.baredev.com\/de\/#website"},"primaryImageOfPage":{"@id":"https:\/\/staging.baredev.com\/de\/bomba-calabrese-delizie-di-calabria-180g\/#primaryimage"},"image":{"@id":"https:\/\/staging.baredev.com\/de\/bomba-calabrese-delizie-di-calabria-180g\/#primaryimage"},"thumbnailUrl":"https:\/\/staging.baredev.com\/wp-content\/uploads\/2023\/03\/bomba-calabrese-delizie-della-calabria-180g.jpg","datePublished":"2023-03-02T16:57:02+00:00","dateModified":"2026-01-26T09:28:21+00:00","description":"Die kalabrische Bomba ist eine leckere Mischung aus Chili und Gem\u00fcse, eine authentische Geschmacksexplosion aus Kalabrien","breadcrumb":{"@id":"https:\/\/staging.baredev.com\/de\/bomba-calabrese-delizie-di-calabria-180g\/#breadcrumb"},"inLanguage":"de-DE","potentialAction":[{"@type":"ReadAction","target":["https:\/\/staging.baredev.com\/de\/bomba-calabrese-delizie-di-calabria-180g\/"]}]},{"@type":"ImageObject","inLanguage":"de-DE","@id":"https:\/\/staging.baredev.com\/de\/bomba-calabrese-delizie-di-calabria-180g\/#primaryimage","url":"https:\/\/staging.baredev.com\/wp-content\/uploads\/2023\/03\/bomba-calabrese-delizie-della-calabria-180g.jpg","contentUrl":"https:\/\/staging.baredev.com\/wp-content\/uploads\/2023\/03\/bomba-calabrese-delizie-della-calabria-180g.jpg","width":1500,"height":1500,"caption":"Bomba Calabrese Delizie di Calabria 180g"},{"@type":"BreadcrumbList","@id":"https:\/\/staging.baredev.com\/de\/bomba-calabrese-delizie-di-calabria-180g\/#breadcrumb","itemListElement":[{"@type":"ListItem","position":1,"name":"Home","item":"https:\/\/staging.baredev.com\/de\/"},{"@type":"ListItem","position":2,"name":"Shop","item":"https:\/\/staging.baredev.com\/de\/shop\/"},{"@type":"ListItem","position":3,"name":"Bomba Calabrese Delizie di Calabria 180g"}]},{"@type":"WebSite","@id":"https:\/\/staging.baredev.com\/de\/#website","url":"https:\/\/staging.baredev.com\/de\/","name":"Sapori Nostri","description":"","publisher":{"@id":"https:\/\/staging.baredev.com\/de\/#organization"},"potentialAction":[{"@type":"SearchAction","target":{"@type":"EntryPoint","urlTemplate":"https:\/\/staging.baredev.com\/de\/?s={search_term_string}"},"query-input":{"@type":"PropertyValueSpecification","valueRequired":true,"valueName":"search_term_string"}}],"inLanguage":"de-DE"},{"@type":"Organization","@id":"https:\/\/staging.baredev.com\/de\/#organization","name":"Sapori Nostri","url":"https:\/\/staging.baredev.com\/de\/","logo":{"@type":"ImageObject","inLanguage":"de-DE","@id":"https:\/\/staging.baredev.com\/de\/#\/schema\/logo\/image\/","url":"https:\/\/staging.baredev.com\/wp-content\/uploads\/2020\/05\/logo-retina.png","contentUrl":"https:\/\/staging.baredev.com\/wp-content\/uploads\/2020\/05\/logo-retina.png","width":500,"height":109,"caption":"Sapori Nostri"},"image":{"@id":"https:\/\/staging.baredev.com\/de\/#\/schema\/logo\/image\/"},"sameAs":["https:\/\/www.facebook.com\/saporinostri.it\/","https:\/\/www.instagram.com\/saporinostri.it\/"]}]}},"jetpack_sharing_enabled":true,"brands":[{"id":653,"name":"Kalabrische K\u00f6stlichkeiten","slug":"delizie-di-calabria"}],"_links":{"self":[{"href":"https:\/\/staging.baredev.com\/de\/wp-json\/wp\/v2\/product\/22361","targetHints":{"allow":["GET"]}}],"collection":[{"href":"https:\/\/staging.baredev.com\/de\/wp-json\/wp\/v2\/product"}],"about":[{"href":"https:\/\/staging.baredev.com\/de\/wp-json\/wp\/v2\/types\/product"}],"replies":[{"embeddable":true,"href":"https:\/\/staging.baredev.com\/de\/wp-json\/wp\/v2\/comments?post=22361"}],"wp:featuredmedia":[{"embeddable":true,"href":"https:\/\/staging.baredev.com\/de\/wp-json\/wp\/v2\/media\/24155"}],"wp:attachment":[{"href":"https:\/\/staging.baredev.com\/de\/wp-json\/wp\/v2\/media?parent=22361"}],"wp:term":[{"taxonomy":"pwb-brand","embeddable":true,"href":"https:\/\/staging.baredev.com\/de\/wp-json\/wp\/v2\/pwb-brand?post=22361"},{"taxonomy":"product_brand","embeddable":true,"href":"https:\/\/staging.baredev.com\/de\/wp-json\/wp\/v2\/product_brand?post=22361"},{"taxonomy":"product_cat","embeddable":true,"href":"https:\/\/staging.baredev.com\/de\/wp-json\/wp\/v2\/product_cat?post=22361"},{"taxonomy":"product_tag","embeddable":true,"href":"https:\/\/staging.baredev.com\/de\/wp-json\/wp\/v2\/product_tag?post=22361"}],"curies":[{"name":"wp","href":"https:\/\/api.w.org\/{rel}","templated":true}]}}