{"id":24079,"date":"2023-09-12T09:33:37","date_gmt":"2023-09-12T07:33:37","guid":{"rendered":"https:\/\/woocommerce-587295-4567585.cloudwaysapps.com\/?post_type=product&#038;p=24079"},"modified":"2026-04-26T03:27:55","modified_gmt":"2026-04-26T01:27:55","slug":"farina-fioreglut-caputo-1-kg-ideale-per-pizza-e-pane","status":"publish","type":"product","link":"https:\/\/staging.baredev.com\/de\/farina-fioreglut-caputo-1-kg-ideale-per-pizza-e-pane\/","title":{"rendered":"Fioreglut Caputo Mehl 1 kg, ideal f\u00fcr PIZZA und BROT"},"content":{"rendered":"<p><strong>Fioreglut<\/strong> Es ist ein glutenfreies Mehl mit kalibrierter K\u00f6rnung, f\u00fcr eine einfache Hydratation und hervorragende Verarbeitbarkeit. F\u00fcr weiche Teige, die nach dem Garen Leichtigkeit und Geschmack behalten. Die St\u00e4rkemischung ist perfekt abgestimmt f\u00fcr glutenfreie Zubereitungen.<\/p>\n<div class=\"mini-infobox-wrapper\">\n<p class=\"mini-infobox\"><b>Mehlsorte<\/b><br \/>\nHalbfertiges Produkt<\/p>\n<p class=\"mini-infobox\"><b>B\u00e4ckerei<\/b><br \/>\n\u2014<\/p>\n<p class=\"mini-infobox\"><b>Proteine<\/b><br \/>\n1,00%<\/p>\n<p class=\"mini-infobox\"><b>Elastizit\u00e4t<\/b><br \/>\n\u2014<\/p>\n<p class=\"mini-infobox\"><b>Sauerteig<\/b><br \/>\n\u2014<\/p>\n<\/div>\n<h3 class=\"mt-5\">Die Caputo-M\u00fchle<\/h3>\n<div class=\"mt-3\">\n<p>Seit 1924 ist die\u00a0<strong>Mulino Caputo<\/strong>\u00a0arbeitet den Weizen mit Gro\u00dfz\u00fcgigkeit und Leidenschaft, um Fachleuten und Liebhabern der White Art Caputo Farina von h\u00f6chster Qualit\u00e4t anzubieten, die unter voller Achtung der Rohstoffe und der Tradition hergestellt wird.<\/p>\n<p>Il Molino Caputo produziert eine breite Palette von Mehlen f\u00fcr den privaten und professionellen Gebrauch. Caputo-Mehl wird vor allem von Profis in der Konditorei, Brotherstellung, Pasta und Pizza verwendet, wobei viele Mehlsorten f\u00fcr verschiedene Prozesse bestimmt sind.<\/p>\n<p>Autorit\u00e4t, Spontaneit\u00e4t und Tradition, aus diesen Werten entsteht die wei\u00dfe Kunst von Mulino Caputo, die es dank der Erfahrung von drei Generationen neapolitanischer Meisterm\u00fcller erm\u00f6glicht, sehr hohe Qualit\u00e4tsstandards zu garantieren, um diesen Experten zu gew\u00e4hrleisten Gastronomen und Handwerker des Geschmacks bringen ihre Kreativit\u00e4t am besten zum Ausdruck.<\/p>\n<p>Caputo-Mehl hat die F\u00e4higkeit, die Nat\u00fcrlichkeit und Authentizit\u00e4t von Aromen maximal zu bewahren, aus diesem und aus anderen Gr\u00fcnden wird Molino Caputo auf der ganzen Welt gesch\u00e4tzt und anerkannt.<\/p>\n<\/div>","protected":false},"excerpt":{"rendered":"<p><b>Farina Caputo Senza Glutine<\/b><\/p>\n<ul>\n<li>Per impasti soffici che conservano leggerezza e sapore dopo la cottura.<\/li>\n<li>Farina con granulometria calibrata, per una facile idratazione, ottima lavorabilit\u00e0.<\/li>\n<\/ul>\n<div class=\"scadenza\">Scadenza Lotto Pi\u00f9 Recente: <b>[acf field=\"scadenza\"] L.[acf field=\"lotto\"]<\/b><\/div>\n","protected":false},"featured_media":24080,"comment_status":"open","ping_status":"closed","template":"","meta":{"_acf_changed":false,"inline_featured_image":false,"wprm-recipe-roundup-name":"","wprm-recipe-roundup-description":""},"pwb-brand":[110],"product_brand":[],"product_cat":[97],"product_tag":[],"class_list":{"0":"post-24079","1":"product","2":"type-product","3":"status-publish","4":"has-post-thumbnail","6":"pwb-brand-mulino-caputo","7":"product_cat-farine","8":"product_shipping_class-iva-10","10":"first","11":"outofstock","12":"sale","13":"taxable","14":"shipping-taxable","15":"purchasable","16":"product-type-simple"},"acf":[],"yoast_head":"<!-- This site is optimized with the Yoast SEO Premium plugin v23.7 (Yoast SEO v27.6) - https:\/\/yoast.com\/product\/yoast-seo-premium-wordpress\/ -->\n<title>Farina Fioreglut Caputo 1 Kg ideale per PIZZA e PANE - Farina Caputo Senza Glutine - Sapori Nostri<\/title>\n<meta name=\"description\" content=\"Farina Caputo Senza Glutine Fioreglut, per impasti soffici e leggeri, rinuncia al glutine ma non al sapore e alla qualit\u00e0\" \/>\n<meta name=\"robots\" content=\"index, follow, max-snippet:-1, max-image-preview:large, max-video-preview:-1\" \/>\n<link rel=\"canonical\" href=\"https:\/\/staging.baredev.com\/de\/farina-fioreglut-caputo-1-kg-ideale-per-pizza-e-pane\/\" \/>\n<meta property=\"og:locale\" content=\"de_DE\" \/>\n<meta property=\"og:type\" content=\"article\" \/>\n<meta property=\"og:title\" content=\"Farina Fioreglut Caputo 1 Kg ideale per PIZZA e PANE\" \/>\n<meta property=\"og:description\" content=\"Farina Caputo Senza Glutine Fioreglut, per impasti soffici e leggeri, rinuncia al glutine ma non al sapore e alla qualit\u00e0\" \/>\n<meta property=\"og:url\" content=\"https:\/\/staging.baredev.com\/de\/farina-fioreglut-caputo-1-kg-ideale-per-pizza-e-pane\/\" \/>\n<meta property=\"og:site_name\" content=\"Sapori Nostri\" \/>\n<meta property=\"article:publisher\" content=\"https:\/\/www.facebook.com\/saporinostri.it\/\" \/>\n<meta property=\"article:modified_time\" content=\"2026-04-26T01:27:55+00:00\" \/>\n<meta property=\"og:image\" content=\"https:\/\/staging.baredev.com\/wp-content\/uploads\/2023\/09\/2021-09-20-Pack-inclinato-pizza-e-pane.png\" \/>\n\t<meta property=\"og:image:width\" content=\"1000\" \/>\n\t<meta property=\"og:image:height\" content=\"1100\" \/>\n\t<meta property=\"og:image:type\" content=\"image\/png\" \/>\n<meta name=\"twitter:card\" content=\"summary_large_image\" \/>\n<meta name=\"twitter:label1\" content=\"Est. reading time\" \/>\n\t<meta name=\"twitter:data1\" content=\"2 minutes\" \/>\n<script type=\"application\/ld+json\" class=\"yoast-schema-graph\">{\"@context\":\"https:\\\/\\\/schema.org\",\"@graph\":[{\"@type\":\"WebPage\",\"@id\":\"https:\\\/\\\/staging.baredev.com\\\/de\\\/farina-fioreglut-caputo-1-kg-ideale-per-pizza-e-pane\\\/\",\"url\":\"https:\\\/\\\/staging.baredev.com\\\/de\\\/farina-fioreglut-caputo-1-kg-ideale-per-pizza-e-pane\\\/\",\"name\":\"Farina Fioreglut Caputo 1 Kg ideale per PIZZA e PANE - Farina Caputo Senza Glutine - Sapori Nostri\",\"isPartOf\":{\"@id\":\"https:\\\/\\\/staging.baredev.com\\\/de\\\/#website\"},\"primaryImageOfPage\":{\"@id\":\"https:\\\/\\\/staging.baredev.com\\\/de\\\/farina-fioreglut-caputo-1-kg-ideale-per-pizza-e-pane\\\/#primaryimage\"},\"image\":{\"@id\":\"https:\\\/\\\/staging.baredev.com\\\/de\\\/farina-fioreglut-caputo-1-kg-ideale-per-pizza-e-pane\\\/#primaryimage\"},\"thumbnailUrl\":\"https:\\\/\\\/staging.baredev.com\\\/wp-content\\\/uploads\\\/2023\\\/09\\\/2021-09-20-Pack-inclinato-pizza-e-pane.png\",\"datePublished\":\"2023-09-12T07:33:37+00:00\",\"dateModified\":\"2026-04-26T01:27:55+00:00\",\"description\":\"Farina Caputo Senza Glutine Fioreglut, per impasti soffici e leggeri, rinuncia al glutine ma non al sapore e alla qualit\u00e0\",\"breadcrumb\":{\"@id\":\"https:\\\/\\\/staging.baredev.com\\\/de\\\/farina-fioreglut-caputo-1-kg-ideale-per-pizza-e-pane\\\/#breadcrumb\"},\"inLanguage\":\"de-DE\",\"potentialAction\":[{\"@type\":\"ReadAction\",\"target\":[\"https:\\\/\\\/staging.baredev.com\\\/de\\\/farina-fioreglut-caputo-1-kg-ideale-per-pizza-e-pane\\\/\"]}]},{\"@type\":\"ImageObject\",\"inLanguage\":\"de-DE\",\"@id\":\"https:\\\/\\\/staging.baredev.com\\\/de\\\/farina-fioreglut-caputo-1-kg-ideale-per-pizza-e-pane\\\/#primaryimage\",\"url\":\"https:\\\/\\\/staging.baredev.com\\\/wp-content\\\/uploads\\\/2023\\\/09\\\/2021-09-20-Pack-inclinato-pizza-e-pane.png\",\"contentUrl\":\"https:\\\/\\\/staging.baredev.com\\\/wp-content\\\/uploads\\\/2023\\\/09\\\/2021-09-20-Pack-inclinato-pizza-e-pane.png\",\"width\":1000,\"height\":1100},{\"@type\":\"BreadcrumbList\",\"@id\":\"https:\\\/\\\/staging.baredev.com\\\/de\\\/farina-fioreglut-caputo-1-kg-ideale-per-pizza-e-pane\\\/#breadcrumb\",\"itemListElement\":[{\"@type\":\"ListItem\",\"position\":1,\"name\":\"Home\",\"item\":\"https:\\\/\\\/staging.baredev.com\\\/de\\\/\"},{\"@type\":\"ListItem\",\"position\":2,\"name\":\"Shop\",\"item\":\"https:\\\/\\\/staging.baredev.com\\\/de\\\/shop\\\/\"},{\"@type\":\"ListItem\",\"position\":3,\"name\":\"Farina Fioreglut Caputo 1 Kg ideale per PIZZA e PANE\"}]},{\"@type\":\"WebSite\",\"@id\":\"https:\\\/\\\/staging.baredev.com\\\/de\\\/#website\",\"url\":\"https:\\\/\\\/staging.baredev.com\\\/de\\\/\",\"name\":\"Sapori Nostri\",\"description\":\"\",\"publisher\":{\"@id\":\"https:\\\/\\\/staging.baredev.com\\\/de\\\/#organization\"},\"potentialAction\":[{\"@type\":\"SearchAction\",\"target\":{\"@type\":\"EntryPoint\",\"urlTemplate\":\"https:\\\/\\\/staging.baredev.com\\\/de\\\/?s={search_term_string}\"},\"query-input\":{\"@type\":\"PropertyValueSpecification\",\"valueRequired\":true,\"valueName\":\"search_term_string\"}}],\"inLanguage\":\"de-DE\"},{\"@type\":\"Organization\",\"@id\":\"https:\\\/\\\/staging.baredev.com\\\/de\\\/#organization\",\"name\":\"Sapori Nostri\",\"url\":\"https:\\\/\\\/staging.baredev.com\\\/de\\\/\",\"logo\":{\"@type\":\"ImageObject\",\"inLanguage\":\"de-DE\",\"@id\":\"https:\\\/\\\/staging.baredev.com\\\/de\\\/#\\\/schema\\\/logo\\\/image\\\/\",\"url\":\"https:\\\/\\\/staging.baredev.com\\\/wp-content\\\/uploads\\\/2020\\\/05\\\/logo-retina.png\",\"contentUrl\":\"https:\\\/\\\/staging.baredev.com\\\/wp-content\\\/uploads\\\/2020\\\/05\\\/logo-retina.png\",\"width\":500,\"height\":109,\"caption\":\"Sapori Nostri\"},\"image\":{\"@id\":\"https:\\\/\\\/staging.baredev.com\\\/de\\\/#\\\/schema\\\/logo\\\/image\\\/\"},\"sameAs\":[\"https:\\\/\\\/www.facebook.com\\\/saporinostri.it\\\/\",\"https:\\\/\\\/www.instagram.com\\\/saporinostri.it\\\/\"]}]}<\/script>\n<!-- \/ Yoast SEO Premium plugin. -->","yoast_head_json":{"title":"Fioreglut Caputo Mehl 1 kg, ideal f\u00fcr PIZZA und BROT - Caputo Glutenfreies Mehl - Sapori Nostri","description":"Caputo Mehl glutenfrei Fioreglut, f\u00fcr weiche und leichte Teige, verzichtet auf Gluten, aber nicht auf Geschmack und Qualit\u00e4t","robots":{"index":"index","follow":"follow","max-snippet":"max-snippet:-1","max-image-preview":"max-image-preview:large","max-video-preview":"max-video-preview:-1"},"canonical":"https:\/\/staging.baredev.com\/de\/farina-fioreglut-caputo-1-kg-ideale-per-pizza-e-pane\/","og_locale":"de_DE","og_type":"article","og_title":"Farina Fioreglut Caputo 1 Kg ideale per PIZZA e PANE","og_description":"Farina Caputo Senza Glutine Fioreglut, per impasti soffici e leggeri, rinuncia al glutine ma non al sapore e alla qualit\u00e0","og_url":"https:\/\/staging.baredev.com\/de\/farina-fioreglut-caputo-1-kg-ideale-per-pizza-e-pane\/","og_site_name":"Sapori Nostri","article_publisher":"https:\/\/www.facebook.com\/saporinostri.it\/","article_modified_time":"2026-04-26T01:27:55+00:00","og_image":[{"width":1000,"height":1100,"url":"https:\/\/staging.baredev.com\/wp-content\/uploads\/2023\/09\/2021-09-20-Pack-inclinato-pizza-e-pane.png","type":"image\/png"}],"twitter_card":"summary_large_image","twitter_misc":{"Est. reading time":"2 minutes"},"schema":{"@context":"https:\/\/schema.org","@graph":[{"@type":"WebPage","@id":"https:\/\/staging.baredev.com\/de\/farina-fioreglut-caputo-1-kg-ideale-per-pizza-e-pane\/","url":"https:\/\/staging.baredev.com\/de\/farina-fioreglut-caputo-1-kg-ideale-per-pizza-e-pane\/","name":"Fioreglut Caputo Mehl 1 kg, ideal f\u00fcr PIZZA und BROT - Caputo Glutenfreies Mehl - Sapori Nostri","isPartOf":{"@id":"https:\/\/staging.baredev.com\/de\/#website"},"primaryImageOfPage":{"@id":"https:\/\/staging.baredev.com\/de\/farina-fioreglut-caputo-1-kg-ideale-per-pizza-e-pane\/#primaryimage"},"image":{"@id":"https:\/\/staging.baredev.com\/de\/farina-fioreglut-caputo-1-kg-ideale-per-pizza-e-pane\/#primaryimage"},"thumbnailUrl":"https:\/\/staging.baredev.com\/wp-content\/uploads\/2023\/09\/2021-09-20-Pack-inclinato-pizza-e-pane.png","datePublished":"2023-09-12T07:33:37+00:00","dateModified":"2026-04-26T01:27:55+00:00","description":"Caputo Mehl glutenfrei Fioreglut, f\u00fcr weiche und leichte Teige, verzichtet auf Gluten, aber nicht auf Geschmack und Qualit\u00e4t","breadcrumb":{"@id":"https:\/\/staging.baredev.com\/de\/farina-fioreglut-caputo-1-kg-ideale-per-pizza-e-pane\/#breadcrumb"},"inLanguage":"de-DE","potentialAction":[{"@type":"ReadAction","target":["https:\/\/staging.baredev.com\/de\/farina-fioreglut-caputo-1-kg-ideale-per-pizza-e-pane\/"]}]},{"@type":"ImageObject","inLanguage":"de-DE","@id":"https:\/\/staging.baredev.com\/de\/farina-fioreglut-caputo-1-kg-ideale-per-pizza-e-pane\/#primaryimage","url":"https:\/\/staging.baredev.com\/wp-content\/uploads\/2023\/09\/2021-09-20-Pack-inclinato-pizza-e-pane.png","contentUrl":"https:\/\/staging.baredev.com\/wp-content\/uploads\/2023\/09\/2021-09-20-Pack-inclinato-pizza-e-pane.png","width":1000,"height":1100},{"@type":"BreadcrumbList","@id":"https:\/\/staging.baredev.com\/de\/farina-fioreglut-caputo-1-kg-ideale-per-pizza-e-pane\/#breadcrumb","itemListElement":[{"@type":"ListItem","position":1,"name":"Home","item":"https:\/\/staging.baredev.com\/de\/"},{"@type":"ListItem","position":2,"name":"Shop","item":"https:\/\/staging.baredev.com\/de\/shop\/"},{"@type":"ListItem","position":3,"name":"Farina Fioreglut Caputo 1 Kg ideale per PIZZA e PANE"}]},{"@type":"WebSite","@id":"https:\/\/staging.baredev.com\/de\/#website","url":"https:\/\/staging.baredev.com\/de\/","name":"Sapori Nostri","description":"","publisher":{"@id":"https:\/\/staging.baredev.com\/de\/#organization"},"potentialAction":[{"@type":"SearchAction","target":{"@type":"EntryPoint","urlTemplate":"https:\/\/staging.baredev.com\/de\/?s={search_term_string}"},"query-input":{"@type":"PropertyValueSpecification","valueRequired":true,"valueName":"search_term_string"}}],"inLanguage":"de-DE"},{"@type":"Organization","@id":"https:\/\/staging.baredev.com\/de\/#organization","name":"Sapori Nostri","url":"https:\/\/staging.baredev.com\/de\/","logo":{"@type":"ImageObject","inLanguage":"de-DE","@id":"https:\/\/staging.baredev.com\/de\/#\/schema\/logo\/image\/","url":"https:\/\/staging.baredev.com\/wp-content\/uploads\/2020\/05\/logo-retina.png","contentUrl":"https:\/\/staging.baredev.com\/wp-content\/uploads\/2020\/05\/logo-retina.png","width":500,"height":109,"caption":"Sapori Nostri"},"image":{"@id":"https:\/\/staging.baredev.com\/de\/#\/schema\/logo\/image\/"},"sameAs":["https:\/\/www.facebook.com\/saporinostri.it\/","https:\/\/www.instagram.com\/saporinostri.it\/"]}]}},"jetpack_sharing_enabled":true,"brands":[{"id":110,"name":"Mulino Caputo","slug":"mulino-caputo"}],"_links":{"self":[{"href":"https:\/\/staging.baredev.com\/de\/wp-json\/wp\/v2\/product\/24079","targetHints":{"allow":["GET"]}}],"collection":[{"href":"https:\/\/staging.baredev.com\/de\/wp-json\/wp\/v2\/product"}],"about":[{"href":"https:\/\/staging.baredev.com\/de\/wp-json\/wp\/v2\/types\/product"}],"replies":[{"embeddable":true,"href":"https:\/\/staging.baredev.com\/de\/wp-json\/wp\/v2\/comments?post=24079"}],"wp:featuredmedia":[{"embeddable":true,"href":"https:\/\/staging.baredev.com\/de\/wp-json\/wp\/v2\/media\/24080"}],"wp:attachment":[{"href":"https:\/\/staging.baredev.com\/de\/wp-json\/wp\/v2\/media?parent=24079"}],"wp:term":[{"taxonomy":"pwb-brand","embeddable":true,"href":"https:\/\/staging.baredev.com\/de\/wp-json\/wp\/v2\/pwb-brand?post=24079"},{"taxonomy":"product_brand","embeddable":true,"href":"https:\/\/staging.baredev.com\/de\/wp-json\/wp\/v2\/product_brand?post=24079"},{"taxonomy":"product_cat","embeddable":true,"href":"https:\/\/staging.baredev.com\/de\/wp-json\/wp\/v2\/product_cat?post=24079"},{"taxonomy":"product_tag","embeddable":true,"href":"https:\/\/staging.baredev.com\/de\/wp-json\/wp\/v2\/product_tag?post=24079"}],"curies":[{"name":"wp","href":"https:\/\/api.w.org\/{rel}","templated":true}]}}