{"id":2658,"date":"2020-07-20T14:26:20","date_gmt":"2020-07-20T12:26:20","guid":{"rendered":"http:\/\/172.105.66.148\/?post_type=product&#038;p=2658"},"modified":"2024-11-05T18:27:36","modified_gmt":"2024-11-05T17:27:36","slug":"olio-extravergine-di-oliva-porto-di-mola","status":"publish","type":"product","link":"https:\/\/staging.baredev.com\/de\/olio-extravergine-di-oliva-porto-di-mola\/","title":{"rendered":"Natives Oliven\u00f6l Extra Porto di Mola"},"content":{"rendered":"<p>Con un\u2019acidit\u00e0 mai al di sopra dello 0,2%, quest\u2019olio, dal fruttato medio, ha sentori di carciofo, mandorla e erba tagliata. Ottimo come condimento per cibi che prevedono cottura a crudo, viene estratto da differenti qualit\u00e0 di olive provenienti dagli oliveti del Frantoio Porto di Mola. La lavorazione a freddo, a 3 ore dalla raccolta, conferisce al prodotto un gusto deciso e piccante, che racchiude tutta la qualit\u00e0 di un olio 100% italiano.<\/p>\n<h3 class=\"mt-5\">Ricette con questo prodotto<\/h3>\n<div class=\"mt-3\">[elementor-template id=&#8221;12251&#8243;]<\/div>\n","protected":false},"excerpt":{"rendered":"<p><strong>Hinweise:<\/strong> Artischocke, Mandel und geschnittenes Gras<br \/>\n<strong>Fruchtig:<\/strong> Mittel<br \/>\n<strong>Ideal f\u00fcr:<\/strong> Delikate Gerichte und Toppings<br \/>\n<strong>Sorte:<\/strong> Frantoio, Leccino, Sessana, Coratina und Itrana<br \/>\n<strong>S\u00e4ure:<\/strong> 0.18%<br \/>\n<strong>Peroxide:<\/strong> 10,4 meq 02 \/ kg<br \/>\n<strong>Gesamtpolyphenole:<\/strong> 361 mg \/ kg<\/p>","protected":false},"featured_media":4345,"comment_status":"open","ping_status":"closed","template":"","meta":{"_acf_changed":false,"inline_featured_image":false,"wprm-recipe-roundup-name":"","wprm-recipe-roundup-description":""},"pwb-brand":[191],"product_brand":[],"product_cat":[194],"product_tag":[],"class_list":{"0":"post-2658","1":"product","2":"type-product","3":"status-publish","4":"has-post-thumbnail","6":"pwb-brand-porto-di-mola","7":"product_cat-olio","9":"first","10":"outofstock","11":"sale","12":"taxable","13":"shipping-taxable","14":"purchasable","15":"product-type-simple"},"acf":[],"yoast_head":"<!-- This site is optimized with the Yoast SEO Premium plugin v23.7 (Yoast SEO v27.6) - https:\/\/yoast.com\/product\/yoast-seo-premium-wordpress\/ -->\n<title>Olio Extravergine Di Oliva Porto di Mola - Sapori Nostri<\/title>\n<meta name=\"description\" content=\"L&#039;Olio Extravergine di Oliva del Frantoio Porto di Mola ha un gusto deciso e piccante, che racchiude tutta la qualit\u00e0 di un olio 100% italiano\" \/>\n<meta name=\"robots\" content=\"index, follow, max-snippet:-1, max-image-preview:large, max-video-preview:-1\" \/>\n<link rel=\"canonical\" href=\"https:\/\/staging.baredev.com\/de\/olio-extravergine-di-oliva-porto-di-mola\/\" \/>\n<meta property=\"og:locale\" content=\"de_DE\" \/>\n<meta property=\"og:type\" content=\"article\" \/>\n<meta property=\"og:title\" content=\"Olio Extravergine Di Oliva Porto di Mola\" \/>\n<meta property=\"og:description\" content=\"L&#039;Olio Extravergine di Oliva del Frantoio Porto di Mola ha un gusto deciso e piccante, che racchiude tutta la qualit\u00e0 di un olio 100% italiano\" \/>\n<meta property=\"og:url\" content=\"https:\/\/staging.baredev.com\/de\/olio-extravergine-di-oliva-porto-di-mola\/\" \/>\n<meta property=\"og:site_name\" content=\"Sapori Nostri\" \/>\n<meta property=\"article:publisher\" content=\"https:\/\/www.facebook.com\/saporinostri.it\/\" \/>\n<meta property=\"article:modified_time\" content=\"2024-11-05T17:27:36+00:00\" \/>\n<meta property=\"og:image\" content=\"https:\/\/staging.baredev.com\/wp-content\/uploads\/2020\/07\/olio-extravergine-di-oliva-frantoio-porto-di-mola-front.jpg\" \/>\n\t<meta property=\"og:image:width\" content=\"1100\" \/>\n\t<meta property=\"og:image:height\" content=\"1100\" \/>\n\t<meta property=\"og:image:type\" content=\"image\/jpeg\" \/>\n<meta name=\"twitter:card\" content=\"summary_large_image\" \/>\n<script type=\"application\/ld+json\" class=\"yoast-schema-graph\">{\"@context\":\"https:\\\/\\\/schema.org\",\"@graph\":[{\"@type\":\"WebPage\",\"@id\":\"https:\\\/\\\/staging.baredev.com\\\/de\\\/olio-extravergine-di-oliva-porto-di-mola\\\/\",\"url\":\"https:\\\/\\\/staging.baredev.com\\\/de\\\/olio-extravergine-di-oliva-porto-di-mola\\\/\",\"name\":\"Olio Extravergine Di Oliva Porto di Mola - Sapori Nostri\",\"isPartOf\":{\"@id\":\"https:\\\/\\\/staging.baredev.com\\\/de\\\/#website\"},\"primaryImageOfPage\":{\"@id\":\"https:\\\/\\\/staging.baredev.com\\\/de\\\/olio-extravergine-di-oliva-porto-di-mola\\\/#primaryimage\"},\"image\":{\"@id\":\"https:\\\/\\\/staging.baredev.com\\\/de\\\/olio-extravergine-di-oliva-porto-di-mola\\\/#primaryimage\"},\"thumbnailUrl\":\"https:\\\/\\\/staging.baredev.com\\\/wp-content\\\/uploads\\\/2020\\\/07\\\/olio-extravergine-di-oliva-frantoio-porto-di-mola-front.jpg\",\"datePublished\":\"2020-07-20T12:26:20+00:00\",\"dateModified\":\"2024-11-05T17:27:36+00:00\",\"description\":\"L'Olio Extravergine di Oliva del Frantoio Porto di Mola ha un gusto deciso e piccante, che racchiude tutta la qualit\u00e0 di un olio 100% italiano\",\"breadcrumb\":{\"@id\":\"https:\\\/\\\/staging.baredev.com\\\/de\\\/olio-extravergine-di-oliva-porto-di-mola\\\/#breadcrumb\"},\"inLanguage\":\"de-DE\",\"potentialAction\":[{\"@type\":\"ReadAction\",\"target\":[\"https:\\\/\\\/staging.baredev.com\\\/de\\\/olio-extravergine-di-oliva-porto-di-mola\\\/\"]}]},{\"@type\":\"ImageObject\",\"inLanguage\":\"de-DE\",\"@id\":\"https:\\\/\\\/staging.baredev.com\\\/de\\\/olio-extravergine-di-oliva-porto-di-mola\\\/#primaryimage\",\"url\":\"https:\\\/\\\/staging.baredev.com\\\/wp-content\\\/uploads\\\/2020\\\/07\\\/olio-extravergine-di-oliva-frantoio-porto-di-mola-front.jpg\",\"contentUrl\":\"https:\\\/\\\/staging.baredev.com\\\/wp-content\\\/uploads\\\/2020\\\/07\\\/olio-extravergine-di-oliva-frantoio-porto-di-mola-front.jpg\",\"width\":1100,\"height\":1100,\"caption\":\"Olio Extravergine Di Oliva Porto di Mola\"},{\"@type\":\"BreadcrumbList\",\"@id\":\"https:\\\/\\\/staging.baredev.com\\\/de\\\/olio-extravergine-di-oliva-porto-di-mola\\\/#breadcrumb\",\"itemListElement\":[{\"@type\":\"ListItem\",\"position\":1,\"name\":\"Home\",\"item\":\"https:\\\/\\\/staging.baredev.com\\\/de\\\/\"},{\"@type\":\"ListItem\",\"position\":2,\"name\":\"Shop\",\"item\":\"https:\\\/\\\/staging.baredev.com\\\/de\\\/shop\\\/\"},{\"@type\":\"ListItem\",\"position\":3,\"name\":\"Olio Extravergine Di Oliva Porto di Mola\"}]},{\"@type\":\"WebSite\",\"@id\":\"https:\\\/\\\/staging.baredev.com\\\/de\\\/#website\",\"url\":\"https:\\\/\\\/staging.baredev.com\\\/de\\\/\",\"name\":\"Sapori Nostri\",\"description\":\"\",\"publisher\":{\"@id\":\"https:\\\/\\\/staging.baredev.com\\\/de\\\/#organization\"},\"potentialAction\":[{\"@type\":\"SearchAction\",\"target\":{\"@type\":\"EntryPoint\",\"urlTemplate\":\"https:\\\/\\\/staging.baredev.com\\\/de\\\/?s={search_term_string}\"},\"query-input\":{\"@type\":\"PropertyValueSpecification\",\"valueRequired\":true,\"valueName\":\"search_term_string\"}}],\"inLanguage\":\"de-DE\"},{\"@type\":\"Organization\",\"@id\":\"https:\\\/\\\/staging.baredev.com\\\/de\\\/#organization\",\"name\":\"Sapori Nostri\",\"url\":\"https:\\\/\\\/staging.baredev.com\\\/de\\\/\",\"logo\":{\"@type\":\"ImageObject\",\"inLanguage\":\"de-DE\",\"@id\":\"https:\\\/\\\/staging.baredev.com\\\/de\\\/#\\\/schema\\\/logo\\\/image\\\/\",\"url\":\"https:\\\/\\\/staging.baredev.com\\\/wp-content\\\/uploads\\\/2020\\\/05\\\/logo-retina.png\",\"contentUrl\":\"https:\\\/\\\/staging.baredev.com\\\/wp-content\\\/uploads\\\/2020\\\/05\\\/logo-retina.png\",\"width\":500,\"height\":109,\"caption\":\"Sapori Nostri\"},\"image\":{\"@id\":\"https:\\\/\\\/staging.baredev.com\\\/de\\\/#\\\/schema\\\/logo\\\/image\\\/\"},\"sameAs\":[\"https:\\\/\\\/www.facebook.com\\\/saporinostri.it\\\/\",\"https:\\\/\\\/www.instagram.com\\\/saporinostri.it\\\/\"]}]}<\/script>\n<!-- \/ Yoast SEO Premium plugin. -->","yoast_head_json":{"title":"Porto di Mola Natives Oliven\u00f6l Extra - Unsere Geschmacksrichtungen","description":"Das Native Oliven\u00f6l Extra von Frantoio Porto di Mola hat einen starken und w\u00fcrzigen Geschmack, der die ganze Qualit\u00e4t eines italienischen 100%-\u00d6ls enth\u00e4lt","robots":{"index":"index","follow":"follow","max-snippet":"max-snippet:-1","max-image-preview":"max-image-preview:large","max-video-preview":"max-video-preview:-1"},"canonical":"https:\/\/staging.baredev.com\/de\/olio-extravergine-di-oliva-porto-di-mola\/","og_locale":"de_DE","og_type":"article","og_title":"Olio Extravergine Di Oliva Porto di Mola","og_description":"L'Olio Extravergine di Oliva del Frantoio Porto di Mola ha un gusto deciso e piccante, che racchiude tutta la qualit\u00e0 di un olio 100% italiano","og_url":"https:\/\/staging.baredev.com\/de\/olio-extravergine-di-oliva-porto-di-mola\/","og_site_name":"Sapori Nostri","article_publisher":"https:\/\/www.facebook.com\/saporinostri.it\/","article_modified_time":"2024-11-05T17:27:36+00:00","og_image":[{"width":1100,"height":1100,"url":"https:\/\/staging.baredev.com\/wp-content\/uploads\/2020\/07\/olio-extravergine-di-oliva-frantoio-porto-di-mola-front.jpg","type":"image\/jpeg"}],"twitter_card":"summary_large_image","schema":{"@context":"https:\/\/schema.org","@graph":[{"@type":"WebPage","@id":"https:\/\/staging.baredev.com\/de\/olio-extravergine-di-oliva-porto-di-mola\/","url":"https:\/\/staging.baredev.com\/de\/olio-extravergine-di-oliva-porto-di-mola\/","name":"Porto di Mola Natives Oliven\u00f6l Extra - Unsere Geschmacksrichtungen","isPartOf":{"@id":"https:\/\/staging.baredev.com\/de\/#website"},"primaryImageOfPage":{"@id":"https:\/\/staging.baredev.com\/de\/olio-extravergine-di-oliva-porto-di-mola\/#primaryimage"},"image":{"@id":"https:\/\/staging.baredev.com\/de\/olio-extravergine-di-oliva-porto-di-mola\/#primaryimage"},"thumbnailUrl":"https:\/\/staging.baredev.com\/wp-content\/uploads\/2020\/07\/olio-extravergine-di-oliva-frantoio-porto-di-mola-front.jpg","datePublished":"2020-07-20T12:26:20+00:00","dateModified":"2024-11-05T17:27:36+00:00","description":"Das Native Oliven\u00f6l Extra von Frantoio Porto di Mola hat einen starken und w\u00fcrzigen Geschmack, der die ganze Qualit\u00e4t eines italienischen 100%-\u00d6ls enth\u00e4lt","breadcrumb":{"@id":"https:\/\/staging.baredev.com\/de\/olio-extravergine-di-oliva-porto-di-mola\/#breadcrumb"},"inLanguage":"de-DE","potentialAction":[{"@type":"ReadAction","target":["https:\/\/staging.baredev.com\/de\/olio-extravergine-di-oliva-porto-di-mola\/"]}]},{"@type":"ImageObject","inLanguage":"de-DE","@id":"https:\/\/staging.baredev.com\/de\/olio-extravergine-di-oliva-porto-di-mola\/#primaryimage","url":"https:\/\/staging.baredev.com\/wp-content\/uploads\/2020\/07\/olio-extravergine-di-oliva-frantoio-porto-di-mola-front.jpg","contentUrl":"https:\/\/staging.baredev.com\/wp-content\/uploads\/2020\/07\/olio-extravergine-di-oliva-frantoio-porto-di-mola-front.jpg","width":1100,"height":1100,"caption":"Olio Extravergine Di Oliva Porto di Mola"},{"@type":"BreadcrumbList","@id":"https:\/\/staging.baredev.com\/de\/olio-extravergine-di-oliva-porto-di-mola\/#breadcrumb","itemListElement":[{"@type":"ListItem","position":1,"name":"Home","item":"https:\/\/staging.baredev.com\/de\/"},{"@type":"ListItem","position":2,"name":"Shop","item":"https:\/\/staging.baredev.com\/de\/shop\/"},{"@type":"ListItem","position":3,"name":"Olio Extravergine Di Oliva Porto di Mola"}]},{"@type":"WebSite","@id":"https:\/\/staging.baredev.com\/de\/#website","url":"https:\/\/staging.baredev.com\/de\/","name":"Sapori Nostri","description":"","publisher":{"@id":"https:\/\/staging.baredev.com\/de\/#organization"},"potentialAction":[{"@type":"SearchAction","target":{"@type":"EntryPoint","urlTemplate":"https:\/\/staging.baredev.com\/de\/?s={search_term_string}"},"query-input":{"@type":"PropertyValueSpecification","valueRequired":true,"valueName":"search_term_string"}}],"inLanguage":"de-DE"},{"@type":"Organization","@id":"https:\/\/staging.baredev.com\/de\/#organization","name":"Sapori Nostri","url":"https:\/\/staging.baredev.com\/de\/","logo":{"@type":"ImageObject","inLanguage":"de-DE","@id":"https:\/\/staging.baredev.com\/de\/#\/schema\/logo\/image\/","url":"https:\/\/staging.baredev.com\/wp-content\/uploads\/2020\/05\/logo-retina.png","contentUrl":"https:\/\/staging.baredev.com\/wp-content\/uploads\/2020\/05\/logo-retina.png","width":500,"height":109,"caption":"Sapori Nostri"},"image":{"@id":"https:\/\/staging.baredev.com\/de\/#\/schema\/logo\/image\/"},"sameAs":["https:\/\/www.facebook.com\/saporinostri.it\/","https:\/\/www.instagram.com\/saporinostri.it\/"]}]}},"jetpack_sharing_enabled":true,"brands":[{"id":191,"name":"Hafen von Mola","slug":"porto-di-mola"}],"_links":{"self":[{"href":"https:\/\/staging.baredev.com\/de\/wp-json\/wp\/v2\/product\/2658","targetHints":{"allow":["GET"]}}],"collection":[{"href":"https:\/\/staging.baredev.com\/de\/wp-json\/wp\/v2\/product"}],"about":[{"href":"https:\/\/staging.baredev.com\/de\/wp-json\/wp\/v2\/types\/product"}],"replies":[{"embeddable":true,"href":"https:\/\/staging.baredev.com\/de\/wp-json\/wp\/v2\/comments?post=2658"}],"wp:featuredmedia":[{"embeddable":true,"href":"https:\/\/staging.baredev.com\/de\/wp-json\/wp\/v2\/media\/4345"}],"wp:attachment":[{"href":"https:\/\/staging.baredev.com\/de\/wp-json\/wp\/v2\/media?parent=2658"}],"wp:term":[{"taxonomy":"pwb-brand","embeddable":true,"href":"https:\/\/staging.baredev.com\/de\/wp-json\/wp\/v2\/pwb-brand?post=2658"},{"taxonomy":"product_brand","embeddable":true,"href":"https:\/\/staging.baredev.com\/de\/wp-json\/wp\/v2\/product_brand?post=2658"},{"taxonomy":"product_cat","embeddable":true,"href":"https:\/\/staging.baredev.com\/de\/wp-json\/wp\/v2\/product_cat?post=2658"},{"taxonomy":"product_tag","embeddable":true,"href":"https:\/\/staging.baredev.com\/de\/wp-json\/wp\/v2\/product_tag?post=2658"}],"curies":[{"name":"wp","href":"https:\/\/api.w.org\/{rel}","templated":true}]}}