{"id":2719,"date":"2020-07-25T11:01:47","date_gmt":"2020-07-25T10:01:47","guid":{"rendered":"http:\/\/172.105.66.148\/?post_type=product&#038;p=2719"},"modified":"2023-11-26T15:54:31","modified_gmt":"2023-11-26T14:54:31","slug":"contenitore-per-olio-acciaio-inox-il-gioiello-sansone","status":"publish","type":"product","link":"https:\/\/staging.baredev.com\/de\/contenitore-per-olio-acciaio-inox-il-gioiello-sansone\/","title":{"rendered":"Il Gioiello \u00d6lbeh\u00e4lter aus Edelstahl"},"content":{"rendered":"<p style=\"font-size: 1.1em; line-height: 1.25em; color: #333;\">Beh\u00e4lter f\u00fcr \u00d6l und andere Lebensmittel, gebaut nach strengsten Qualit\u00e4tsstandards zur Konservierung von Lebensmittelfl\u00fcssigkeiten und mit den innovativsten Schwei\u00dftechniken. Der Container Modell Europa hat eine einzelne Zentraldichtung. Der Boden hat keine Schwei\u00dfn\u00e4hte, so dass er wie bei einem normalen Kochtopf leicht zu reinigen ist.<br \/>\nMit 1\/2 Tropfhahn.<\/p>","protected":false},"excerpt":{"rendered":"<p style=\"font-size: 1.1em; line-height: 1.25em; color: #333;\">\u00d6lbeh\u00e4lter aus Edelstahl 18\/10 - Il Gioiello Sansone, mit Hahn.<\/p>","protected":false},"featured_media":2724,"comment_status":"open","ping_status":"closed","template":"","meta":{"_acf_changed":false,"inline_featured_image":false,"wprm-recipe-roundup-name":"","wprm-recipe-roundup-description":""},"pwb-brand":[200],"product_brand":[],"product_cat":[148,145],"product_tag":[],"class_list":{"0":"post-2719","1":"product","2":"type-product","3":"status-publish","4":"has-post-thumbnail","6":"pwb-brand-sansone","7":"product_cat-contenitori","8":"product_cat-utensili-cucina","10":"first","11":"instock","12":"sale","13":"taxable","14":"shipping-taxable","15":"purchasable","16":"product-type-variable","17":"has-default-attributes"},"acf":[],"yoast_head":"<!-- This site is optimized with the Yoast SEO Premium plugin v23.7 (Yoast SEO v27.6) - https:\/\/yoast.com\/product\/yoast-seo-premium-wordpress\/ -->\n<title>Contenitore per Olio in Acciaio Inox Il Gioiello - Sapori Nostri<\/title>\n<meta name=\"description\" content=\"Contenitore per olio costruito secondo le pi\u00f9 severe norme di qualit\u00e0 per la conservazione di liquidi alimentari e con innovative tecniche di saldatura\" \/>\n<meta name=\"robots\" content=\"index, follow, max-snippet:-1, max-image-preview:large, max-video-preview:-1\" \/>\n<link rel=\"canonical\" href=\"https:\/\/staging.baredev.com\/de\/contenitore-per-olio-acciaio-inox-il-gioiello-sansone\/\" \/>\n<meta property=\"og:locale\" content=\"de_DE\" \/>\n<meta property=\"og:type\" content=\"article\" \/>\n<meta property=\"og:title\" content=\"Contenitore per Olio in Acciaio Inox Il Gioiello\" \/>\n<meta property=\"og:description\" content=\"Contenitore per olio costruito secondo le pi\u00f9 severe norme di qualit\u00e0 per la conservazione di liquidi alimentari e con innovative tecniche di saldatura\" \/>\n<meta property=\"og:url\" content=\"https:\/\/staging.baredev.com\/de\/contenitore-per-olio-acciaio-inox-il-gioiello-sansone\/\" \/>\n<meta property=\"og:site_name\" content=\"Sapori Nostri\" \/>\n<meta property=\"article:publisher\" content=\"https:\/\/www.facebook.com\/saporinostri.it\/\" \/>\n<meta property=\"article:modified_time\" content=\"2023-11-26T14:54:31+00:00\" \/>\n<meta property=\"og:image\" content=\"https:\/\/staging.baredev.com\/wp-content\/uploads\/2020\/07\/contenitore-acciao-inox-2-litri-sansone-1.jpg\" \/>\n\t<meta property=\"og:image:width\" content=\"1500\" \/>\n\t<meta property=\"og:image:height\" content=\"1500\" \/>\n\t<meta property=\"og:image:type\" content=\"image\/jpeg\" \/>\n<meta name=\"twitter:card\" content=\"summary_large_image\" \/>\n<script type=\"application\/ld+json\" class=\"yoast-schema-graph\">{\"@context\":\"https:\\\/\\\/schema.org\",\"@graph\":[{\"@type\":\"WebPage\",\"@id\":\"https:\\\/\\\/staging.baredev.com\\\/de\\\/contenitore-per-olio-acciaio-inox-il-gioiello-sansone\\\/\",\"url\":\"https:\\\/\\\/staging.baredev.com\\\/de\\\/contenitore-per-olio-acciaio-inox-il-gioiello-sansone\\\/\",\"name\":\"Contenitore per Olio in Acciaio Inox Il Gioiello - Sapori Nostri\",\"isPartOf\":{\"@id\":\"https:\\\/\\\/staging.baredev.com\\\/de\\\/#website\"},\"primaryImageOfPage\":{\"@id\":\"https:\\\/\\\/staging.baredev.com\\\/de\\\/contenitore-per-olio-acciaio-inox-il-gioiello-sansone\\\/#primaryimage\"},\"image\":{\"@id\":\"https:\\\/\\\/staging.baredev.com\\\/de\\\/contenitore-per-olio-acciaio-inox-il-gioiello-sansone\\\/#primaryimage\"},\"thumbnailUrl\":\"https:\\\/\\\/staging.baredev.com\\\/wp-content\\\/uploads\\\/2020\\\/07\\\/contenitore-acciao-inox-2-litri-sansone-1.jpg\",\"datePublished\":\"2020-07-25T10:01:47+00:00\",\"dateModified\":\"2023-11-26T14:54:31+00:00\",\"description\":\"Contenitore per olio costruito secondo le pi\u00f9 severe norme di qualit\u00e0 per la conservazione di liquidi alimentari e con innovative tecniche di saldatura\",\"breadcrumb\":{\"@id\":\"https:\\\/\\\/staging.baredev.com\\\/de\\\/contenitore-per-olio-acciaio-inox-il-gioiello-sansone\\\/#breadcrumb\"},\"inLanguage\":\"de-DE\",\"potentialAction\":[{\"@type\":\"ReadAction\",\"target\":[\"https:\\\/\\\/staging.baredev.com\\\/de\\\/contenitore-per-olio-acciaio-inox-il-gioiello-sansone\\\/\"]}]},{\"@type\":\"ImageObject\",\"inLanguage\":\"de-DE\",\"@id\":\"https:\\\/\\\/staging.baredev.com\\\/de\\\/contenitore-per-olio-acciaio-inox-il-gioiello-sansone\\\/#primaryimage\",\"url\":\"https:\\\/\\\/staging.baredev.com\\\/wp-content\\\/uploads\\\/2020\\\/07\\\/contenitore-acciao-inox-2-litri-sansone-1.jpg\",\"contentUrl\":\"https:\\\/\\\/staging.baredev.com\\\/wp-content\\\/uploads\\\/2020\\\/07\\\/contenitore-acciao-inox-2-litri-sansone-1.jpg\",\"width\":1500,\"height\":1500,\"caption\":\"Contenitore Acciaio Inox 2 Litri - Sansone\"},{\"@type\":\"BreadcrumbList\",\"@id\":\"https:\\\/\\\/staging.baredev.com\\\/de\\\/contenitore-per-olio-acciaio-inox-il-gioiello-sansone\\\/#breadcrumb\",\"itemListElement\":[{\"@type\":\"ListItem\",\"position\":1,\"name\":\"Home\",\"item\":\"https:\\\/\\\/staging.baredev.com\\\/de\\\/\"},{\"@type\":\"ListItem\",\"position\":2,\"name\":\"Shop\",\"item\":\"https:\\\/\\\/staging.baredev.com\\\/de\\\/shop\\\/\"},{\"@type\":\"ListItem\",\"position\":3,\"name\":\"Contenitore per Olio in Acciaio Inox Il Gioiello\"}]},{\"@type\":\"WebSite\",\"@id\":\"https:\\\/\\\/staging.baredev.com\\\/de\\\/#website\",\"url\":\"https:\\\/\\\/staging.baredev.com\\\/de\\\/\",\"name\":\"Sapori Nostri\",\"description\":\"\",\"publisher\":{\"@id\":\"https:\\\/\\\/staging.baredev.com\\\/de\\\/#organization\"},\"potentialAction\":[{\"@type\":\"SearchAction\",\"target\":{\"@type\":\"EntryPoint\",\"urlTemplate\":\"https:\\\/\\\/staging.baredev.com\\\/de\\\/?s={search_term_string}\"},\"query-input\":{\"@type\":\"PropertyValueSpecification\",\"valueRequired\":true,\"valueName\":\"search_term_string\"}}],\"inLanguage\":\"de-DE\"},{\"@type\":\"Organization\",\"@id\":\"https:\\\/\\\/staging.baredev.com\\\/de\\\/#organization\",\"name\":\"Sapori Nostri\",\"url\":\"https:\\\/\\\/staging.baredev.com\\\/de\\\/\",\"logo\":{\"@type\":\"ImageObject\",\"inLanguage\":\"de-DE\",\"@id\":\"https:\\\/\\\/staging.baredev.com\\\/de\\\/#\\\/schema\\\/logo\\\/image\\\/\",\"url\":\"https:\\\/\\\/staging.baredev.com\\\/wp-content\\\/uploads\\\/2020\\\/05\\\/logo-retina.png\",\"contentUrl\":\"https:\\\/\\\/staging.baredev.com\\\/wp-content\\\/uploads\\\/2020\\\/05\\\/logo-retina.png\",\"width\":500,\"height\":109,\"caption\":\"Sapori Nostri\"},\"image\":{\"@id\":\"https:\\\/\\\/staging.baredev.com\\\/de\\\/#\\\/schema\\\/logo\\\/image\\\/\"},\"sameAs\":[\"https:\\\/\\\/www.facebook.com\\\/saporinostri.it\\\/\",\"https:\\\/\\\/www.instagram.com\\\/saporinostri.it\\\/\"]}]}<\/script>\n<!-- \/ Yoast SEO Premium plugin. -->","yoast_head_json":{"title":"Il Gioiello Edelstahl \u00d6lbeh\u00e4lter - Sapori Our","description":"Beh\u00e4lter f\u00fcr \u00d6l, gebaut nach strengsten Qualit\u00e4tsstandards zur Konservierung von Lebensmittelfl\u00fcssigkeiten und mit innovativen Schwei\u00dftechniken","robots":{"index":"index","follow":"follow","max-snippet":"max-snippet:-1","max-image-preview":"max-image-preview:large","max-video-preview":"max-video-preview:-1"},"canonical":"https:\/\/staging.baredev.com\/de\/contenitore-per-olio-acciaio-inox-il-gioiello-sansone\/","og_locale":"de_DE","og_type":"article","og_title":"Contenitore per Olio in Acciaio Inox Il Gioiello","og_description":"Contenitore per olio costruito secondo le pi\u00f9 severe norme di qualit\u00e0 per la conservazione di liquidi alimentari e con innovative tecniche di saldatura","og_url":"https:\/\/staging.baredev.com\/de\/contenitore-per-olio-acciaio-inox-il-gioiello-sansone\/","og_site_name":"Sapori Nostri","article_publisher":"https:\/\/www.facebook.com\/saporinostri.it\/","article_modified_time":"2023-11-26T14:54:31+00:00","og_image":[{"width":1500,"height":1500,"url":"https:\/\/staging.baredev.com\/wp-content\/uploads\/2020\/07\/contenitore-acciao-inox-2-litri-sansone-1.jpg","type":"image\/jpeg"}],"twitter_card":"summary_large_image","schema":{"@context":"https:\/\/schema.org","@graph":[{"@type":"WebPage","@id":"https:\/\/staging.baredev.com\/de\/contenitore-per-olio-acciaio-inox-il-gioiello-sansone\/","url":"https:\/\/staging.baredev.com\/de\/contenitore-per-olio-acciaio-inox-il-gioiello-sansone\/","name":"Il Gioiello Edelstahl \u00d6lbeh\u00e4lter - Sapori Our","isPartOf":{"@id":"https:\/\/staging.baredev.com\/de\/#website"},"primaryImageOfPage":{"@id":"https:\/\/staging.baredev.com\/de\/contenitore-per-olio-acciaio-inox-il-gioiello-sansone\/#primaryimage"},"image":{"@id":"https:\/\/staging.baredev.com\/de\/contenitore-per-olio-acciaio-inox-il-gioiello-sansone\/#primaryimage"},"thumbnailUrl":"https:\/\/staging.baredev.com\/wp-content\/uploads\/2020\/07\/contenitore-acciao-inox-2-litri-sansone-1.jpg","datePublished":"2020-07-25T10:01:47+00:00","dateModified":"2023-11-26T14:54:31+00:00","description":"Beh\u00e4lter f\u00fcr \u00d6l, gebaut nach strengsten Qualit\u00e4tsstandards zur Konservierung von Lebensmittelfl\u00fcssigkeiten und mit innovativen Schwei\u00dftechniken","breadcrumb":{"@id":"https:\/\/staging.baredev.com\/de\/contenitore-per-olio-acciaio-inox-il-gioiello-sansone\/#breadcrumb"},"inLanguage":"de-DE","potentialAction":[{"@type":"ReadAction","target":["https:\/\/staging.baredev.com\/de\/contenitore-per-olio-acciaio-inox-il-gioiello-sansone\/"]}]},{"@type":"ImageObject","inLanguage":"de-DE","@id":"https:\/\/staging.baredev.com\/de\/contenitore-per-olio-acciaio-inox-il-gioiello-sansone\/#primaryimage","url":"https:\/\/staging.baredev.com\/wp-content\/uploads\/2020\/07\/contenitore-acciao-inox-2-litri-sansone-1.jpg","contentUrl":"https:\/\/staging.baredev.com\/wp-content\/uploads\/2020\/07\/contenitore-acciao-inox-2-litri-sansone-1.jpg","width":1500,"height":1500,"caption":"Contenitore Acciaio Inox 2 Litri - Sansone"},{"@type":"BreadcrumbList","@id":"https:\/\/staging.baredev.com\/de\/contenitore-per-olio-acciaio-inox-il-gioiello-sansone\/#breadcrumb","itemListElement":[{"@type":"ListItem","position":1,"name":"Home","item":"https:\/\/staging.baredev.com\/de\/"},{"@type":"ListItem","position":2,"name":"Shop","item":"https:\/\/staging.baredev.com\/de\/shop\/"},{"@type":"ListItem","position":3,"name":"Contenitore per Olio in Acciaio Inox Il Gioiello"}]},{"@type":"WebSite","@id":"https:\/\/staging.baredev.com\/de\/#website","url":"https:\/\/staging.baredev.com\/de\/","name":"Sapori Nostri","description":"","publisher":{"@id":"https:\/\/staging.baredev.com\/de\/#organization"},"potentialAction":[{"@type":"SearchAction","target":{"@type":"EntryPoint","urlTemplate":"https:\/\/staging.baredev.com\/de\/?s={search_term_string}"},"query-input":{"@type":"PropertyValueSpecification","valueRequired":true,"valueName":"search_term_string"}}],"inLanguage":"de-DE"},{"@type":"Organization","@id":"https:\/\/staging.baredev.com\/de\/#organization","name":"Sapori Nostri","url":"https:\/\/staging.baredev.com\/de\/","logo":{"@type":"ImageObject","inLanguage":"de-DE","@id":"https:\/\/staging.baredev.com\/de\/#\/schema\/logo\/image\/","url":"https:\/\/staging.baredev.com\/wp-content\/uploads\/2020\/05\/logo-retina.png","contentUrl":"https:\/\/staging.baredev.com\/wp-content\/uploads\/2020\/05\/logo-retina.png","width":500,"height":109,"caption":"Sapori Nostri"},"image":{"@id":"https:\/\/staging.baredev.com\/de\/#\/schema\/logo\/image\/"},"sameAs":["https:\/\/www.facebook.com\/saporinostri.it\/","https:\/\/www.instagram.com\/saporinostri.it\/"]}]}},"jetpack_sharing_enabled":true,"brands":[{"id":200,"name":"Samson","slug":"sansone"}],"_links":{"self":[{"href":"https:\/\/staging.baredev.com\/de\/wp-json\/wp\/v2\/product\/2719","targetHints":{"allow":["GET"]}}],"collection":[{"href":"https:\/\/staging.baredev.com\/de\/wp-json\/wp\/v2\/product"}],"about":[{"href":"https:\/\/staging.baredev.com\/de\/wp-json\/wp\/v2\/types\/product"}],"replies":[{"embeddable":true,"href":"https:\/\/staging.baredev.com\/de\/wp-json\/wp\/v2\/comments?post=2719"}],"wp:featuredmedia":[{"embeddable":true,"href":"https:\/\/staging.baredev.com\/de\/wp-json\/wp\/v2\/media\/2724"}],"wp:attachment":[{"href":"https:\/\/staging.baredev.com\/de\/wp-json\/wp\/v2\/media?parent=2719"}],"wp:term":[{"taxonomy":"pwb-brand","embeddable":true,"href":"https:\/\/staging.baredev.com\/de\/wp-json\/wp\/v2\/pwb-brand?post=2719"},{"taxonomy":"product_brand","embeddable":true,"href":"https:\/\/staging.baredev.com\/de\/wp-json\/wp\/v2\/product_brand?post=2719"},{"taxonomy":"product_cat","embeddable":true,"href":"https:\/\/staging.baredev.com\/de\/wp-json\/wp\/v2\/product_cat?post=2719"},{"taxonomy":"product_tag","embeddable":true,"href":"https:\/\/staging.baredev.com\/de\/wp-json\/wp\/v2\/product_tag?post=2719"}],"curies":[{"name":"wp","href":"https:\/\/api.w.org\/{rel}","templated":true}]}}