{"id":2777,"date":"2020-08-06T16:20:26","date_gmt":"2020-08-06T14:20:26","guid":{"rendered":"http:\/\/172.105.66.148\/?post_type=product&#038;p=2777"},"modified":"2026-05-09T22:17:48","modified_gmt":"2026-05-09T20:17:48","slug":"farina-nuvola-caputo-5-kg","status":"publish","type":"product","link":"https:\/\/staging.baredev.com\/de\/farina-nuvola-caputo-5-kg\/","title":{"rendered":"Nuvola Caputo Mehl 5 Kg"},"content":{"rendered":"<div class=\"ap-wrapper\">\n<div class=\"ap-col f-2 n-b\"><p>Dalla ricerca e sviluppo del Mulino Caputo nasce <strong>Nuvola<\/strong>: un&#8217;accurata selezione di materie prime 100% naturali senza additivi n\u00e9 conservanti che assicura volume e sofficit\u00e0 degli impasti grazie all&#8217;alta capacit\u00e0 fermentativa naturalmente presente nei grani, che rende gli impasti di facile digeribilit\u00e0.<\/p>\n<p>La <strong>Farina Nuvola Caputo<\/strong> \u00e8 adatta agli impasti diretti fino a <strong>18\/24 h di lievitazione<\/strong>, si otterranno <strong>impasti leggeri<\/strong> con <strong>grandi alveolature<\/strong>.<\/p>\n<p><strong>Nuvola<\/strong>\u00a0\u00e8 una parola che si associa a molti concetti: leggerezza, impalpabilit\u00e0, sofficit\u00e0, ma soprattutto scioglievolezza ovvero quella consistenza a masticazione zero che si dissolve in bocca, un po&#8217; come lo zucchero filato.<\/p>\n<p>Nuvola \u00e8 una linea di farine tutta nuova che <strong>Mulino Caputo<\/strong> ha dedicato in primis agli impasti contemporanei. La contemporaneit\u00e0 in arte bianca \u00e8 una vera e propria scuola di pensiero che attraverso maggiore idratazione e aumento dei tempi di lievitazione e maturazione dell&#8217;impasto punta ad ottenere: ottima alveolatura, masticazione zero, leggerezza, scioglievolezza, digeribilit\u00e0.<\/p>\n<p style=\"font-size: 0.9em\"><strong>Ingredienti:<\/strong> Farina di Grano tenero Tipo &#8220;0&#8221;<\/p>\n<p style=\"font-size: 0.9em\"><strong>Senza aggiunta di additivi ed enzimi<\/strong><br \/>\n<strong>Contiene <u>glutine<\/u>. Pu\u00f2 contenere tracce di <u>soia<\/u><\/strong><\/p>\n<p style=\"font-size: 0.9em\"><strong>Conservare in luogo fresco e asciutto<\/strong><\/p>\n<\/div>\n<div class=\"ap-col f-1\">\n<div class=\"nutrition-facts-heading\"><b>Valori Nutrizionali Medi<\/b><\/div>\n<div class=\"nutrition-facts-content\">\n<table>\n<thead>\n<tr>\n<td><\/td>\n<td><b>100g<\/b><\/td>\n<td><b>%AR*\/100g<\/b><\/td>\n<\/tr>\n<\/thead>\n<tbody>\n<tr>\n<td><b>Valore energetico<\/b><\/td>\n<td>1.502 kj<br \/>\n352 kcal<\/td>\n<td>18%<\/td>\n<\/tr>\n<tr>\n<td><b>Grassi<\/b><br \/>\ndi cui: <b>acidi grassi saturi<\/b><\/td>\n<td>1,0 g<br \/>\n0,2 g<\/td>\n<td>1%<br \/>\n1%<\/td>\n<\/tr>\n<tr>\n<td><b>Carboidrati<\/b><br \/>\ndi cui: <b>zuccheri<\/b><\/td>\n<td>72 g<br \/>\n1 g<\/td>\n<td>28%<br \/>\n1%<\/td>\n<\/tr>\n<tr>\n<td><b>Fibre<\/b><\/td>\n<td>3 g<\/td>\n<td><\/td>\n<\/tr>\n<tr>\n<td><b>Proteine<\/b><\/td>\n<td>12,5 g<\/td>\n<td>25%<\/td>\n<\/tr>\n<tr>\n<td><b>Sale<\/b><\/td>\n<td>0,006 g<\/td>\n<td>0%<\/td>\n<\/tr>\n<\/tbody>\n<\/table>\n<\/div>\n<\/div>\n<\/div>\n<div class=\"mini-infobox-wrapper\">\n<p class=\"mini-infobox\"><b>Tipo di Farina<\/b><br \/>\n<\/p>\n<p class=\"mini-infobox\"><b>Panificazione<\/b><br \/>\nW 260\/280<\/p>\n<p class=\"mini-infobox\"><b>Proteine<\/b><br \/>\n12,50% <span style=\"font-size: 0.85em;\">\u00b1 0,50%<\/span><\/p>\n<p class=\"mini-infobox\"><b>Elasticit\u00e0<\/b><br \/>\nP\/L 0,50\/0,60<\/p>\n<p class=\"mini-infobox\"><b>Lievitazione<\/b><br \/>\n18\/24 ore<\/p>\n<\/div>\n<h3 class=\"mt-5\">Il Mulino Caputo<\/h3>\n<div class=\"mt-3\">\n<p>Dal 1924, il\u00a0<strong>Mulino Caputo<\/strong>\u00a0lavora il grano con generosit\u00e0 e passione, per offrire a professionisti e appassionati dell&#8217;Arte Bianca Farina Caputo di altissima qualit\u00e0, prodotte nel pieno rispetto delle materie prime e della tradizione.<\/p>\n<p>Il Molino Caputo produce un\u2019ampia gamma di farine per uso casalingo e professionale. La farina Caputo viene utilizzata soprattutto dai professionisti degli impasti dolciari, della panificazione, della pasta e della pizza, con tanti tipi di farine destinate alle diverse lavorazioni.<\/p>\n<p>Autorevolezza, spontaneit\u00e0 e tradizione, \u00e8 da questi valori che nasce l\u2019arte bianca del Mulino Caputo, che grazie all\u2019esperienza maturata in 3 generazioni di Maestri Mugnai Napoletani, gli permette di garantire elevatissimi standard qualitativi, per fare in modo che esperti ristoratori e artigiani del gusto esprimano al meglio la loro creativit\u00e0.<\/p>\n<p>La farina Caputo ha la capacit\u00e0 di preservare al massimo la naturalit\u00e0 e l\u2019autenticit\u00e0 dei sapori, per questo e per altri motivi, il Molino Caputo \u00e8 apprezzato e riconosciuto in tutto il mondo.<\/p>\n<\/div>\n\n<h3 class=\"mt-5\">Ricette con questo prodotto<\/h3>\n<div class=\"mt-3\">[elementor-template id=&#8221;12108&#8243;]<\/div>\n","protected":false},"excerpt":{"rendered":"[acf field=\"descrizione_breve\"]\n<div class=\"scadenza\">Scadenza Lotto Pi\u00f9 Recente: <strong>18<\/strong><b>\/02\/2027 L.049B<\/b><\/div>\n","protected":false},"featured_media":11891,"comment_status":"open","ping_status":"closed","template":"","meta":{"_acf_changed":false,"inline_featured_image":false,"wprm-recipe-roundup-name":"","wprm-recipe-roundup-description":""},"pwb-brand":[110],"product_brand":[],"product_cat":[97],"product_tag":[],"class_list":{"0":"post-2777","1":"product","2":"type-product","3":"status-publish","4":"has-post-thumbnail","6":"pwb-brand-mulino-caputo","7":"product_cat-farine","8":"product_shipping_class-iva-4","10":"first","11":"instock","12":"sale","13":"taxable","14":"shipping-taxable","15":"purchasable","16":"product-type-simple"},"acf":[],"yoast_head":"<!-- This site is optimized with the Yoast SEO Premium plugin v23.7 (Yoast SEO v27.6) - https:\/\/yoast.com\/product\/yoast-seo-premium-wordpress\/ -->\n<title>Farina Nuvola Caputo 5 Kg - Sapori Nostri<\/title>\n<meta name=\"description\" content=\"Farina Nuvola Caputo, ideale per impasti leggeri con grandi alveolature, accurata selezione di materie prime 100% naturali senza conservanti\" \/>\n<meta name=\"robots\" content=\"index, follow, max-snippet:-1, max-image-preview:large, max-video-preview:-1\" \/>\n<link rel=\"canonical\" href=\"https:\/\/staging.baredev.com\/de\/farina-nuvola-caputo-5-kg\/\" \/>\n<meta property=\"og:locale\" content=\"de_DE\" \/>\n<meta property=\"og:type\" content=\"article\" \/>\n<meta property=\"og:title\" content=\"Farina Nuvola Caputo 5 Kg\" \/>\n<meta property=\"og:description\" content=\"Farina Nuvola Caputo, ideale per impasti leggeri con grandi alveolature, accurata selezione di materie prime 100% naturali senza conservanti\" \/>\n<meta property=\"og:url\" content=\"https:\/\/staging.baredev.com\/de\/farina-nuvola-caputo-5-kg\/\" \/>\n<meta property=\"og:site_name\" content=\"Sapori Nostri\" \/>\n<meta property=\"article:publisher\" content=\"https:\/\/www.facebook.com\/saporinostri.it\/\" \/>\n<meta property=\"article:modified_time\" content=\"2026-05-09T20:17:48+00:00\" \/>\n<meta property=\"og:image\" content=\"https:\/\/staging.baredev.com\/wp-content\/uploads\/2020\/08\/farina-nuvola-caputo-5-kg-front.jpg\" \/>\n\t<meta property=\"og:image:width\" content=\"1500\" \/>\n\t<meta property=\"og:image:height\" content=\"1500\" \/>\n\t<meta property=\"og:image:type\" content=\"image\/jpeg\" \/>\n<meta name=\"twitter:card\" content=\"summary_large_image\" \/>\n<meta name=\"twitter:label1\" content=\"Est. reading time\" \/>\n\t<meta name=\"twitter:data1\" content=\"2 minutes\" \/>\n<script type=\"application\/ld+json\" class=\"yoast-schema-graph\">{\"@context\":\"https:\\\/\\\/schema.org\",\"@graph\":[{\"@type\":\"WebPage\",\"@id\":\"https:\\\/\\\/staging.baredev.com\\\/de\\\/farina-nuvola-caputo-5-kg\\\/\",\"url\":\"https:\\\/\\\/staging.baredev.com\\\/de\\\/farina-nuvola-caputo-5-kg\\\/\",\"name\":\"Farina Nuvola Caputo 5 Kg - Sapori Nostri\",\"isPartOf\":{\"@id\":\"https:\\\/\\\/staging.baredev.com\\\/de\\\/#website\"},\"primaryImageOfPage\":{\"@id\":\"https:\\\/\\\/staging.baredev.com\\\/de\\\/farina-nuvola-caputo-5-kg\\\/#primaryimage\"},\"image\":{\"@id\":\"https:\\\/\\\/staging.baredev.com\\\/de\\\/farina-nuvola-caputo-5-kg\\\/#primaryimage\"},\"thumbnailUrl\":\"https:\\\/\\\/staging.baredev.com\\\/wp-content\\\/uploads\\\/2020\\\/08\\\/farina-nuvola-caputo-5-kg-front.jpg\",\"datePublished\":\"2020-08-06T14:20:26+00:00\",\"dateModified\":\"2026-05-09T20:17:48+00:00\",\"description\":\"Farina Nuvola Caputo, ideale per impasti leggeri con grandi alveolature, accurata selezione di materie prime 100% naturali senza conservanti\",\"breadcrumb\":{\"@id\":\"https:\\\/\\\/staging.baredev.com\\\/de\\\/farina-nuvola-caputo-5-kg\\\/#breadcrumb\"},\"inLanguage\":\"de-DE\",\"potentialAction\":[{\"@type\":\"ReadAction\",\"target\":[\"https:\\\/\\\/staging.baredev.com\\\/de\\\/farina-nuvola-caputo-5-kg\\\/\"]}]},{\"@type\":\"ImageObject\",\"inLanguage\":\"de-DE\",\"@id\":\"https:\\\/\\\/staging.baredev.com\\\/de\\\/farina-nuvola-caputo-5-kg\\\/#primaryimage\",\"url\":\"https:\\\/\\\/staging.baredev.com\\\/wp-content\\\/uploads\\\/2020\\\/08\\\/farina-nuvola-caputo-5-kg-front.jpg\",\"contentUrl\":\"https:\\\/\\\/staging.baredev.com\\\/wp-content\\\/uploads\\\/2020\\\/08\\\/farina-nuvola-caputo-5-kg-front.jpg\",\"width\":1500,\"height\":1500,\"caption\":\"Farina Nuvola Caputo 5 Kg\"},{\"@type\":\"BreadcrumbList\",\"@id\":\"https:\\\/\\\/staging.baredev.com\\\/de\\\/farina-nuvola-caputo-5-kg\\\/#breadcrumb\",\"itemListElement\":[{\"@type\":\"ListItem\",\"position\":1,\"name\":\"Home\",\"item\":\"https:\\\/\\\/staging.baredev.com\\\/de\\\/\"},{\"@type\":\"ListItem\",\"position\":2,\"name\":\"Shop\",\"item\":\"https:\\\/\\\/staging.baredev.com\\\/de\\\/shop\\\/\"},{\"@type\":\"ListItem\",\"position\":3,\"name\":\"Farina Nuvola Caputo 5 Kg\"}]},{\"@type\":\"WebSite\",\"@id\":\"https:\\\/\\\/staging.baredev.com\\\/de\\\/#website\",\"url\":\"https:\\\/\\\/staging.baredev.com\\\/de\\\/\",\"name\":\"Sapori Nostri\",\"description\":\"\",\"publisher\":{\"@id\":\"https:\\\/\\\/staging.baredev.com\\\/de\\\/#organization\"},\"potentialAction\":[{\"@type\":\"SearchAction\",\"target\":{\"@type\":\"EntryPoint\",\"urlTemplate\":\"https:\\\/\\\/staging.baredev.com\\\/de\\\/?s={search_term_string}\"},\"query-input\":{\"@type\":\"PropertyValueSpecification\",\"valueRequired\":true,\"valueName\":\"search_term_string\"}}],\"inLanguage\":\"de-DE\"},{\"@type\":\"Organization\",\"@id\":\"https:\\\/\\\/staging.baredev.com\\\/de\\\/#organization\",\"name\":\"Sapori Nostri\",\"url\":\"https:\\\/\\\/staging.baredev.com\\\/de\\\/\",\"logo\":{\"@type\":\"ImageObject\",\"inLanguage\":\"de-DE\",\"@id\":\"https:\\\/\\\/staging.baredev.com\\\/de\\\/#\\\/schema\\\/logo\\\/image\\\/\",\"url\":\"https:\\\/\\\/staging.baredev.com\\\/wp-content\\\/uploads\\\/2020\\\/05\\\/logo-retina.png\",\"contentUrl\":\"https:\\\/\\\/staging.baredev.com\\\/wp-content\\\/uploads\\\/2020\\\/05\\\/logo-retina.png\",\"width\":500,\"height\":109,\"caption\":\"Sapori Nostri\"},\"image\":{\"@id\":\"https:\\\/\\\/staging.baredev.com\\\/de\\\/#\\\/schema\\\/logo\\\/image\\\/\"},\"sameAs\":[\"https:\\\/\\\/www.facebook.com\\\/saporinostri.it\\\/\",\"https:\\\/\\\/www.instagram.com\\\/saporinostri.it\\\/\"]}]}<\/script>\n<!-- \/ Yoast SEO Premium plugin. -->","yoast_head_json":{"title":"Nuvola Caputo Mehl 5 Kg - Unsere Geschmacksrichtungen","description":"Nuvola Caputo Mehl, ideal f\u00fcr leichte Teige mit gro\u00dfen Alveolen, sorgf\u00e4ltige Auswahl nat\u00fcrlicher 100% Rohstoffe ohne Konservierungsstoffe","robots":{"index":"index","follow":"follow","max-snippet":"max-snippet:-1","max-image-preview":"max-image-preview:large","max-video-preview":"max-video-preview:-1"},"canonical":"https:\/\/staging.baredev.com\/de\/farina-nuvola-caputo-5-kg\/","og_locale":"de_DE","og_type":"article","og_title":"Farina Nuvola Caputo 5 Kg","og_description":"Farina Nuvola Caputo, ideale per impasti leggeri con grandi alveolature, accurata selezione di materie prime 100% naturali senza conservanti","og_url":"https:\/\/staging.baredev.com\/de\/farina-nuvola-caputo-5-kg\/","og_site_name":"Sapori Nostri","article_publisher":"https:\/\/www.facebook.com\/saporinostri.it\/","article_modified_time":"2026-05-09T20:17:48+00:00","og_image":[{"width":1500,"height":1500,"url":"https:\/\/staging.baredev.com\/wp-content\/uploads\/2020\/08\/farina-nuvola-caputo-5-kg-front.jpg","type":"image\/jpeg"}],"twitter_card":"summary_large_image","twitter_misc":{"Est. reading time":"2 minutes"},"schema":{"@context":"https:\/\/schema.org","@graph":[{"@type":"WebPage","@id":"https:\/\/staging.baredev.com\/de\/farina-nuvola-caputo-5-kg\/","url":"https:\/\/staging.baredev.com\/de\/farina-nuvola-caputo-5-kg\/","name":"Nuvola Caputo Mehl 5 Kg - Unsere Geschmacksrichtungen","isPartOf":{"@id":"https:\/\/staging.baredev.com\/de\/#website"},"primaryImageOfPage":{"@id":"https:\/\/staging.baredev.com\/de\/farina-nuvola-caputo-5-kg\/#primaryimage"},"image":{"@id":"https:\/\/staging.baredev.com\/de\/farina-nuvola-caputo-5-kg\/#primaryimage"},"thumbnailUrl":"https:\/\/staging.baredev.com\/wp-content\/uploads\/2020\/08\/farina-nuvola-caputo-5-kg-front.jpg","datePublished":"2020-08-06T14:20:26+00:00","dateModified":"2026-05-09T20:17:48+00:00","description":"Nuvola Caputo Mehl, ideal f\u00fcr leichte Teige mit gro\u00dfen Alveolen, sorgf\u00e4ltige Auswahl nat\u00fcrlicher 100% Rohstoffe ohne Konservierungsstoffe","breadcrumb":{"@id":"https:\/\/staging.baredev.com\/de\/farina-nuvola-caputo-5-kg\/#breadcrumb"},"inLanguage":"de-DE","potentialAction":[{"@type":"ReadAction","target":["https:\/\/staging.baredev.com\/de\/farina-nuvola-caputo-5-kg\/"]}]},{"@type":"ImageObject","inLanguage":"de-DE","@id":"https:\/\/staging.baredev.com\/de\/farina-nuvola-caputo-5-kg\/#primaryimage","url":"https:\/\/staging.baredev.com\/wp-content\/uploads\/2020\/08\/farina-nuvola-caputo-5-kg-front.jpg","contentUrl":"https:\/\/staging.baredev.com\/wp-content\/uploads\/2020\/08\/farina-nuvola-caputo-5-kg-front.jpg","width":1500,"height":1500,"caption":"Farina Nuvola Caputo 5 Kg"},{"@type":"BreadcrumbList","@id":"https:\/\/staging.baredev.com\/de\/farina-nuvola-caputo-5-kg\/#breadcrumb","itemListElement":[{"@type":"ListItem","position":1,"name":"Home","item":"https:\/\/staging.baredev.com\/de\/"},{"@type":"ListItem","position":2,"name":"Shop","item":"https:\/\/staging.baredev.com\/de\/shop\/"},{"@type":"ListItem","position":3,"name":"Farina Nuvola Caputo 5 Kg"}]},{"@type":"WebSite","@id":"https:\/\/staging.baredev.com\/de\/#website","url":"https:\/\/staging.baredev.com\/de\/","name":"Sapori Nostri","description":"","publisher":{"@id":"https:\/\/staging.baredev.com\/de\/#organization"},"potentialAction":[{"@type":"SearchAction","target":{"@type":"EntryPoint","urlTemplate":"https:\/\/staging.baredev.com\/de\/?s={search_term_string}"},"query-input":{"@type":"PropertyValueSpecification","valueRequired":true,"valueName":"search_term_string"}}],"inLanguage":"de-DE"},{"@type":"Organization","@id":"https:\/\/staging.baredev.com\/de\/#organization","name":"Sapori Nostri","url":"https:\/\/staging.baredev.com\/de\/","logo":{"@type":"ImageObject","inLanguage":"de-DE","@id":"https:\/\/staging.baredev.com\/de\/#\/schema\/logo\/image\/","url":"https:\/\/staging.baredev.com\/wp-content\/uploads\/2020\/05\/logo-retina.png","contentUrl":"https:\/\/staging.baredev.com\/wp-content\/uploads\/2020\/05\/logo-retina.png","width":500,"height":109,"caption":"Sapori Nostri"},"image":{"@id":"https:\/\/staging.baredev.com\/de\/#\/schema\/logo\/image\/"},"sameAs":["https:\/\/www.facebook.com\/saporinostri.it\/","https:\/\/www.instagram.com\/saporinostri.it\/"]}]}},"jetpack_sharing_enabled":true,"brands":[{"id":110,"name":"Mulino Caputo","slug":"mulino-caputo"}],"_links":{"self":[{"href":"https:\/\/staging.baredev.com\/de\/wp-json\/wp\/v2\/product\/2777","targetHints":{"allow":["GET"]}}],"collection":[{"href":"https:\/\/staging.baredev.com\/de\/wp-json\/wp\/v2\/product"}],"about":[{"href":"https:\/\/staging.baredev.com\/de\/wp-json\/wp\/v2\/types\/product"}],"replies":[{"embeddable":true,"href":"https:\/\/staging.baredev.com\/de\/wp-json\/wp\/v2\/comments?post=2777"}],"wp:featuredmedia":[{"embeddable":true,"href":"https:\/\/staging.baredev.com\/de\/wp-json\/wp\/v2\/media\/11891"}],"wp:attachment":[{"href":"https:\/\/staging.baredev.com\/de\/wp-json\/wp\/v2\/media?parent=2777"}],"wp:term":[{"taxonomy":"pwb-brand","embeddable":true,"href":"https:\/\/staging.baredev.com\/de\/wp-json\/wp\/v2\/pwb-brand?post=2777"},{"taxonomy":"product_brand","embeddable":true,"href":"https:\/\/staging.baredev.com\/de\/wp-json\/wp\/v2\/product_brand?post=2777"},{"taxonomy":"product_cat","embeddable":true,"href":"https:\/\/staging.baredev.com\/de\/wp-json\/wp\/v2\/product_cat?post=2777"},{"taxonomy":"product_tag","embeddable":true,"href":"https:\/\/staging.baredev.com\/de\/wp-json\/wp\/v2\/product_tag?post=2777"}],"curies":[{"name":"wp","href":"https:\/\/api.w.org\/{rel}","templated":true}]}}