{"id":28641,"date":"2024-06-05T10:10:35","date_gmt":"2024-06-05T08:10:35","guid":{"rendered":"https:\/\/www.saporinostri.it\/?post_type=product&#038;p=28641"},"modified":"2026-03-02T12:23:18","modified_gmt":"2026-03-02T11:23:18","slug":"fleur-de-sel-125g","status":"publish","type":"product","link":"https:\/\/staging.baredev.com\/de\/fleur-de-sel-125g\/","title":{"rendered":"Fleur De Sel De Camargue 125g"},"content":{"rendered":"<p>Die g.g.A. Sel de Camargue bzw <strong>Fleur de Sel<\/strong> <strong>de Camargue<\/strong> Unter gesch\u00fctzter geografischer Angabe versteht man Meersalze, die durch die nat\u00fcrliche Verdunstung von Meerwasser entstehen und ausschlie\u00dflich durch die Einwirkung von Sonne und Wind kristallisieren.<\/p>\n<p>Das<strong><em> Salzblume<\/em><\/strong><em>,<\/em> Wie der Name bereits vermuten l\u00e4sst, handelt es sich um ein Produkt der Salinen der Camargue <strong>nat\u00fcrliches Meersalz bei 100%<\/strong> sehr selten und wertvoll und hat einen unvergleichlich authentischen Geschmack. Gerade weil es so kostbar ist, wird es auch so genannt <strong>\u201eDer Kaviar des Salzes\u201c<\/strong>.<\/p>\n<p>Die Blume des Salt de Camargue ist das Salz aus <em>Gourmet<\/em> par excellence. Es hat eine wunderbare, zarte und knusprige Textur. Diese Salzkristalle zergehen f\u00f6rmlich auf der Zunge. Sie haben einen rein salzigen Geschmack und sorgen beim Verzehr f\u00fcr ein einzigartiges Salzerlebnis.<\/p>\n<p>Dort <em>Salzsumpf<\/em> Es ist von Nord nach S\u00fcd 18 Kilometer lang und von Ost nach West 13 Kilometer breit. <strong>\u00dcber 340 Kilometer<\/strong> von Stra\u00dfen und Wegen <strong>\u00fcberqueren Sie 8.000 Hektar<\/strong>, eine Fl\u00e4che, die der Gr\u00f6\u00dfe von Paris entspricht.<\/p>","protected":false},"excerpt":{"rendered":"<p>Die Fleur de Sel de Camargue<em> IGP<\/em>\u00a0 bezieht sich auf <b>\u00a0Meersalze,<\/b> Produkte durch<span style=\"text-decoration: underline;\"><em> die nat\u00fcrliche Verdunstung von Meerwasser<\/em> <\/span>und die ausschlie\u00dflich durch die Einwirkung von Sonne und Wind kristallisieren.<\/p>","protected":false},"featured_media":28650,"comment_status":"open","ping_status":"closed","template":"","meta":{"_acf_changed":false,"inline_featured_image":false,"wprm-recipe-roundup-name":"","wprm-recipe-roundup-description":""},"pwb-brand":[672],"product_brand":[],"product_cat":[645],"product_tag":[],"class_list":{"0":"post-28641","1":"product","2":"type-product","3":"status-publish","4":"has-post-thumbnail","6":"pwb-brand-le-saunier-de-camargue","7":"product_cat-gourmet","8":"product_shipping_class-iva-22","10":"first","11":"instock","12":"sale","13":"taxable","14":"shipping-taxable","15":"purchasable","16":"product-type-simple"},"acf":[],"yoast_head":"<!-- This site is optimized with the Yoast SEO Premium plugin v23.7 (Yoast SEO v27.6) - https:\/\/yoast.com\/product\/yoast-seo-premium-wordpress\/ -->\n<title>Fleur De Sel De Camargue 125g - Sapori Nostri<\/title>\n<meta name=\"description\" content=\"Fiore di Sale Camargue, il fiore del sale per gourmet della Francia chiamato in loco Fleur de Sel o &quot;Caviale del Sale&quot;. Sale marino naturale al 100%\" \/>\n<meta name=\"robots\" content=\"index, follow, max-snippet:-1, max-image-preview:large, max-video-preview:-1\" \/>\n<link rel=\"canonical\" href=\"https:\/\/staging.baredev.com\/de\/fleur-de-sel-125g\/\" \/>\n<meta property=\"og:locale\" content=\"de_DE\" \/>\n<meta property=\"og:type\" content=\"article\" \/>\n<meta property=\"og:title\" content=\"Fleur De Sel De Camargue 125g\" \/>\n<meta property=\"og:description\" content=\"Fiore di Sale Camargue, il fiore del sale per gourmet della Francia chiamato in loco Fleur de Sel o &quot;Caviale del Sale&quot;. Sale marino naturale al 100%\" \/>\n<meta property=\"og:url\" content=\"https:\/\/staging.baredev.com\/de\/fleur-de-sel-125g\/\" \/>\n<meta property=\"og:site_name\" content=\"Sapori Nostri\" \/>\n<meta property=\"article:publisher\" content=\"https:\/\/www.facebook.com\/saporinostri.it\/\" \/>\n<meta property=\"article:modified_time\" content=\"2026-03-02T11:23:18+00:00\" \/>\n<meta property=\"og:image\" content=\"https:\/\/staging.baredev.com\/wp-content\/uploads\/2024\/06\/Immagine-WhatsApp-2024-06-05-ore-11.32.04_6f2eb610.jpg\" \/>\n\t<meta property=\"og:image:width\" content=\"805\" \/>\n\t<meta property=\"og:image:height\" content=\"935\" \/>\n\t<meta property=\"og:image:type\" content=\"image\/jpeg\" \/>\n<meta name=\"twitter:card\" content=\"summary_large_image\" \/>\n<meta name=\"twitter:label1\" content=\"Est. reading time\" \/>\n\t<meta name=\"twitter:data1\" content=\"2 minutes\" \/>\n<script type=\"application\/ld+json\" class=\"yoast-schema-graph\">{\"@context\":\"https:\\\/\\\/schema.org\",\"@graph\":[{\"@type\":\"WebPage\",\"@id\":\"https:\\\/\\\/staging.baredev.com\\\/de\\\/fleur-de-sel-125g\\\/\",\"url\":\"https:\\\/\\\/staging.baredev.com\\\/de\\\/fleur-de-sel-125g\\\/\",\"name\":\"Fleur De Sel De Camargue 125g - Sapori Nostri\",\"isPartOf\":{\"@id\":\"https:\\\/\\\/staging.baredev.com\\\/de\\\/#website\"},\"primaryImageOfPage\":{\"@id\":\"https:\\\/\\\/staging.baredev.com\\\/de\\\/fleur-de-sel-125g\\\/#primaryimage\"},\"image\":{\"@id\":\"https:\\\/\\\/staging.baredev.com\\\/de\\\/fleur-de-sel-125g\\\/#primaryimage\"},\"thumbnailUrl\":\"https:\\\/\\\/staging.baredev.com\\\/wp-content\\\/uploads\\\/2024\\\/06\\\/Immagine-WhatsApp-2024-06-05-ore-11.32.04_6f2eb610.jpg\",\"datePublished\":\"2024-06-05T08:10:35+00:00\",\"dateModified\":\"2026-03-02T11:23:18+00:00\",\"description\":\"Fiore di Sale Camargue, il fiore del sale per gourmet della Francia chiamato in loco Fleur de Sel o \\\"Caviale del Sale\\\". Sale marino naturale al 100%\",\"breadcrumb\":{\"@id\":\"https:\\\/\\\/staging.baredev.com\\\/de\\\/fleur-de-sel-125g\\\/#breadcrumb\"},\"inLanguage\":\"de-DE\",\"potentialAction\":[{\"@type\":\"ReadAction\",\"target\":[\"https:\\\/\\\/staging.baredev.com\\\/de\\\/fleur-de-sel-125g\\\/\"]}]},{\"@type\":\"ImageObject\",\"inLanguage\":\"de-DE\",\"@id\":\"https:\\\/\\\/staging.baredev.com\\\/de\\\/fleur-de-sel-125g\\\/#primaryimage\",\"url\":\"https:\\\/\\\/staging.baredev.com\\\/wp-content\\\/uploads\\\/2024\\\/06\\\/Immagine-WhatsApp-2024-06-05-ore-11.32.04_6f2eb610.jpg\",\"contentUrl\":\"https:\\\/\\\/staging.baredev.com\\\/wp-content\\\/uploads\\\/2024\\\/06\\\/Immagine-WhatsApp-2024-06-05-ore-11.32.04_6f2eb610.jpg\",\"width\":805,\"height\":935},{\"@type\":\"BreadcrumbList\",\"@id\":\"https:\\\/\\\/staging.baredev.com\\\/de\\\/fleur-de-sel-125g\\\/#breadcrumb\",\"itemListElement\":[{\"@type\":\"ListItem\",\"position\":1,\"name\":\"Home\",\"item\":\"https:\\\/\\\/staging.baredev.com\\\/de\\\/\"},{\"@type\":\"ListItem\",\"position\":2,\"name\":\"Shop\",\"item\":\"https:\\\/\\\/staging.baredev.com\\\/de\\\/shop\\\/\"},{\"@type\":\"ListItem\",\"position\":3,\"name\":\"Fleur De Sel De Camargue 125g\"}]},{\"@type\":\"WebSite\",\"@id\":\"https:\\\/\\\/staging.baredev.com\\\/de\\\/#website\",\"url\":\"https:\\\/\\\/staging.baredev.com\\\/de\\\/\",\"name\":\"Sapori Nostri\",\"description\":\"\",\"publisher\":{\"@id\":\"https:\\\/\\\/staging.baredev.com\\\/de\\\/#organization\"},\"potentialAction\":[{\"@type\":\"SearchAction\",\"target\":{\"@type\":\"EntryPoint\",\"urlTemplate\":\"https:\\\/\\\/staging.baredev.com\\\/de\\\/?s={search_term_string}\"},\"query-input\":{\"@type\":\"PropertyValueSpecification\",\"valueRequired\":true,\"valueName\":\"search_term_string\"}}],\"inLanguage\":\"de-DE\"},{\"@type\":\"Organization\",\"@id\":\"https:\\\/\\\/staging.baredev.com\\\/de\\\/#organization\",\"name\":\"Sapori Nostri\",\"url\":\"https:\\\/\\\/staging.baredev.com\\\/de\\\/\",\"logo\":{\"@type\":\"ImageObject\",\"inLanguage\":\"de-DE\",\"@id\":\"https:\\\/\\\/staging.baredev.com\\\/de\\\/#\\\/schema\\\/logo\\\/image\\\/\",\"url\":\"https:\\\/\\\/staging.baredev.com\\\/wp-content\\\/uploads\\\/2020\\\/05\\\/logo-retina.png\",\"contentUrl\":\"https:\\\/\\\/staging.baredev.com\\\/wp-content\\\/uploads\\\/2020\\\/05\\\/logo-retina.png\",\"width\":500,\"height\":109,\"caption\":\"Sapori Nostri\"},\"image\":{\"@id\":\"https:\\\/\\\/staging.baredev.com\\\/de\\\/#\\\/schema\\\/logo\\\/image\\\/\"},\"sameAs\":[\"https:\\\/\\\/www.facebook.com\\\/saporinostri.it\\\/\",\"https:\\\/\\\/www.instagram.com\\\/saporinostri.it\\\/\"]}]}<\/script>\n<!-- \/ Yoast SEO Premium plugin. -->","yoast_head_json":{"title":"Fleur De Sel De Camargue 125g - Sapori Nostri","description":"Camargue-Salzblume, die Gourmet-Salzblume Frankreichs, lokal Fleur de Sel oder \u201eSalzkaviar\u201c genannt. Nat\u00fcrliches Meersalz bei 100%","robots":{"index":"index","follow":"follow","max-snippet":"max-snippet:-1","max-image-preview":"max-image-preview:large","max-video-preview":"max-video-preview:-1"},"canonical":"https:\/\/staging.baredev.com\/de\/fleur-de-sel-125g\/","og_locale":"de_DE","og_type":"article","og_title":"Fleur De Sel De Camargue 125g","og_description":"Fiore di Sale Camargue, il fiore del sale per gourmet della Francia chiamato in loco Fleur de Sel o \"Caviale del Sale\". Sale marino naturale al 100%","og_url":"https:\/\/staging.baredev.com\/de\/fleur-de-sel-125g\/","og_site_name":"Sapori Nostri","article_publisher":"https:\/\/www.facebook.com\/saporinostri.it\/","article_modified_time":"2026-03-02T11:23:18+00:00","og_image":[{"width":805,"height":935,"url":"https:\/\/staging.baredev.com\/wp-content\/uploads\/2024\/06\/Immagine-WhatsApp-2024-06-05-ore-11.32.04_6f2eb610.jpg","type":"image\/jpeg"}],"twitter_card":"summary_large_image","twitter_misc":{"Est. reading time":"2 minutes"},"schema":{"@context":"https:\/\/schema.org","@graph":[{"@type":"WebPage","@id":"https:\/\/staging.baredev.com\/de\/fleur-de-sel-125g\/","url":"https:\/\/staging.baredev.com\/de\/fleur-de-sel-125g\/","name":"Fleur De Sel De Camargue 125g - Sapori Nostri","isPartOf":{"@id":"https:\/\/staging.baredev.com\/de\/#website"},"primaryImageOfPage":{"@id":"https:\/\/staging.baredev.com\/de\/fleur-de-sel-125g\/#primaryimage"},"image":{"@id":"https:\/\/staging.baredev.com\/de\/fleur-de-sel-125g\/#primaryimage"},"thumbnailUrl":"https:\/\/staging.baredev.com\/wp-content\/uploads\/2024\/06\/Immagine-WhatsApp-2024-06-05-ore-11.32.04_6f2eb610.jpg","datePublished":"2024-06-05T08:10:35+00:00","dateModified":"2026-03-02T11:23:18+00:00","description":"Camargue-Salzblume, die Gourmet-Salzblume Frankreichs, lokal Fleur de Sel oder \u201eSalzkaviar\u201c genannt. Nat\u00fcrliches Meersalz bei 100%","breadcrumb":{"@id":"https:\/\/staging.baredev.com\/de\/fleur-de-sel-125g\/#breadcrumb"},"inLanguage":"de-DE","potentialAction":[{"@type":"ReadAction","target":["https:\/\/staging.baredev.com\/de\/fleur-de-sel-125g\/"]}]},{"@type":"ImageObject","inLanguage":"de-DE","@id":"https:\/\/staging.baredev.com\/de\/fleur-de-sel-125g\/#primaryimage","url":"https:\/\/staging.baredev.com\/wp-content\/uploads\/2024\/06\/Immagine-WhatsApp-2024-06-05-ore-11.32.04_6f2eb610.jpg","contentUrl":"https:\/\/staging.baredev.com\/wp-content\/uploads\/2024\/06\/Immagine-WhatsApp-2024-06-05-ore-11.32.04_6f2eb610.jpg","width":805,"height":935},{"@type":"BreadcrumbList","@id":"https:\/\/staging.baredev.com\/de\/fleur-de-sel-125g\/#breadcrumb","itemListElement":[{"@type":"ListItem","position":1,"name":"Home","item":"https:\/\/staging.baredev.com\/de\/"},{"@type":"ListItem","position":2,"name":"Shop","item":"https:\/\/staging.baredev.com\/de\/shop\/"},{"@type":"ListItem","position":3,"name":"Fleur De Sel De Camargue 125g"}]},{"@type":"WebSite","@id":"https:\/\/staging.baredev.com\/de\/#website","url":"https:\/\/staging.baredev.com\/de\/","name":"Sapori Nostri","description":"","publisher":{"@id":"https:\/\/staging.baredev.com\/de\/#organization"},"potentialAction":[{"@type":"SearchAction","target":{"@type":"EntryPoint","urlTemplate":"https:\/\/staging.baredev.com\/de\/?s={search_term_string}"},"query-input":{"@type":"PropertyValueSpecification","valueRequired":true,"valueName":"search_term_string"}}],"inLanguage":"de-DE"},{"@type":"Organization","@id":"https:\/\/staging.baredev.com\/de\/#organization","name":"Sapori Nostri","url":"https:\/\/staging.baredev.com\/de\/","logo":{"@type":"ImageObject","inLanguage":"de-DE","@id":"https:\/\/staging.baredev.com\/de\/#\/schema\/logo\/image\/","url":"https:\/\/staging.baredev.com\/wp-content\/uploads\/2020\/05\/logo-retina.png","contentUrl":"https:\/\/staging.baredev.com\/wp-content\/uploads\/2020\/05\/logo-retina.png","width":500,"height":109,"caption":"Sapori Nostri"},"image":{"@id":"https:\/\/staging.baredev.com\/de\/#\/schema\/logo\/image\/"},"sameAs":["https:\/\/www.facebook.com\/saporinostri.it\/","https:\/\/www.instagram.com\/saporinostri.it\/"]}]}},"jetpack_sharing_enabled":true,"brands":[{"id":672,"name":"Le Saunier De Camargue","slug":"le-saunier-de-camargue"}],"_links":{"self":[{"href":"https:\/\/staging.baredev.com\/de\/wp-json\/wp\/v2\/product\/28641","targetHints":{"allow":["GET"]}}],"collection":[{"href":"https:\/\/staging.baredev.com\/de\/wp-json\/wp\/v2\/product"}],"about":[{"href":"https:\/\/staging.baredev.com\/de\/wp-json\/wp\/v2\/types\/product"}],"replies":[{"embeddable":true,"href":"https:\/\/staging.baredev.com\/de\/wp-json\/wp\/v2\/comments?post=28641"}],"wp:featuredmedia":[{"embeddable":true,"href":"https:\/\/staging.baredev.com\/de\/wp-json\/wp\/v2\/media\/28650"}],"wp:attachment":[{"href":"https:\/\/staging.baredev.com\/de\/wp-json\/wp\/v2\/media?parent=28641"}],"wp:term":[{"taxonomy":"pwb-brand","embeddable":true,"href":"https:\/\/staging.baredev.com\/de\/wp-json\/wp\/v2\/pwb-brand?post=28641"},{"taxonomy":"product_brand","embeddable":true,"href":"https:\/\/staging.baredev.com\/de\/wp-json\/wp\/v2\/product_brand?post=28641"},{"taxonomy":"product_cat","embeddable":true,"href":"https:\/\/staging.baredev.com\/de\/wp-json\/wp\/v2\/product_cat?post=28641"},{"taxonomy":"product_tag","embeddable":true,"href":"https:\/\/staging.baredev.com\/de\/wp-json\/wp\/v2\/product_tag?post=28641"}],"curies":[{"name":"wp","href":"https:\/\/api.w.org\/{rel}","templated":true}]}}