{"id":31149,"date":"2024-12-04T13:00:33","date_gmt":"2024-12-04T12:00:33","guid":{"rendered":"https:\/\/www.saporinostri.it\/?post_type=product&#038;p=31149"},"modified":"2026-01-26T11:49:57","modified_gmt":"2026-01-26T10:49:57","slug":"crema-di-pistacchio-280gr-nobiliradici","status":"publish","type":"product","link":"https:\/\/staging.baredev.com\/de\/crema-di-pistacchio-280gr-nobiliradici\/","title":{"rendered":"Pistaziencreme 280gr NobiliRadici"},"content":{"rendered":"<p>Dort <em><strong>Nobili Radici Pistaziencreme<\/strong><\/em> Es ist ein wahrer Genuss f\u00fcr den Gaumen, hergestellt aus hochwertigen Pistazien, sorgf\u00e4ltig ausgew\u00e4hlt, kombiniert mit dem zarten Geschmack von <strong>wei\u00dfe Schokolade <\/strong>um einen intensiven und umh\u00fcllenden Geschmack zu gew\u00e4hrleisten.<\/p>\n<p>Seine samtige Textur und der reichhaltige Geschmack ger\u00f6steter Pistazien verschmelzen mit einem<strong> empfindliches Gleichgewicht von Zucker und \u00d6l,<\/strong> So entsteht eine unwiderstehliche Creme, die sich perfekt zum F\u00fcllen von Desserts, zum Aufstreichen von Brot oder Croissants oder als Topping f\u00fcr Eis und Joghurt eignet.<\/p>\n<p>Ein Produkt, das<strong> Es enth\u00e4lt die ganze Authentizit\u00e4t und Leidenschaft f\u00fcr Rohstoffe,<\/strong> ideal f\u00fcr alle, die ein einzigartiges und raffiniertes Geschmackserlebnis suchen.<\/p>","protected":false},"excerpt":{"rendered":"<p>La Crema di Pistacchio Nobili Radici \u00e8 un&#8217;autentica delizia per il palato, realizzata con pistacchi di alta qualit\u00e0, accuratamente selezionati uniti al delicato sapore della cioccolata bianca per garantire un sapore intenso e avvolgente. La sua consistenza vellutata e il gusto ricco di pistacchio tostato si fondono con un delicato equilibrio di zucchero e olio, [&hellip;]<\/p>\n","protected":false},"featured_media":31165,"comment_status":"open","ping_status":"closed","template":"","meta":{"_acf_changed":false,"inline_featured_image":false,"wprm-recipe-roundup-name":"","wprm-recipe-roundup-description":""},"pwb-brand":[],"product_brand":[],"product_cat":[577,412],"product_tag":[],"class_list":{"0":"post-31149","1":"product","2":"type-product","3":"status-publish","4":"has-post-thumbnail","6":"product_cat-confetture-e-marmellate","7":"product_cat-conserve","9":"first","10":"instock","11":"sale","12":"taxable","13":"shipping-taxable","14":"purchasable","15":"product-type-simple"},"acf":[],"yoast_head":"<!-- This site is optimized with the Yoast SEO Premium plugin v23.7 (Yoast SEO v27.6) - https:\/\/yoast.com\/product\/yoast-seo-premium-wordpress\/ -->\n<title>Crema di Pistacchio 280gr NobiliRadici - Sapori Nostri<\/title>\n<meta name=\"description\" content=\"La Crema di Pistacchio \u00e8 una dolce e vellutata preparazione che si distingue per il suo sapore ricco e aromatico. Ideale anche per farcire dolci\" \/>\n<meta name=\"robots\" content=\"index, follow, max-snippet:-1, max-image-preview:large, max-video-preview:-1\" \/>\n<link rel=\"canonical\" href=\"https:\/\/staging.baredev.com\/de\/crema-di-pistacchio-280gr-nobiliradici\/\" \/>\n<meta property=\"og:locale\" content=\"de_DE\" \/>\n<meta property=\"og:type\" content=\"article\" \/>\n<meta property=\"og:title\" content=\"Crema di Pistacchio 280gr NobiliRadici\" \/>\n<meta property=\"og:description\" content=\"La Crema di Pistacchio \u00e8 una dolce e vellutata preparazione che si distingue per il suo sapore ricco e aromatico. Ideale anche per farcire dolci\" \/>\n<meta property=\"og:url\" content=\"https:\/\/staging.baredev.com\/de\/crema-di-pistacchio-280gr-nobiliradici\/\" \/>\n<meta property=\"og:site_name\" content=\"Sapori Nostri\" \/>\n<meta property=\"article:publisher\" content=\"https:\/\/www.facebook.com\/saporinostri.it\/\" \/>\n<meta property=\"article:modified_time\" content=\"2026-01-26T10:49:57+00:00\" \/>\n<meta property=\"og:image\" content=\"https:\/\/staging.baredev.com\/wp-content\/uploads\/2024\/12\/Senza-titolo-3-1-3.png\" \/>\n\t<meta property=\"og:image:width\" content=\"1080\" \/>\n\t<meta property=\"og:image:height\" content=\"1080\" \/>\n\t<meta property=\"og:image:type\" content=\"image\/png\" \/>\n<meta name=\"twitter:card\" content=\"summary_large_image\" \/>\n<meta name=\"twitter:label1\" content=\"Est. reading time\" \/>\n\t<meta name=\"twitter:data1\" content=\"2 minutes\" \/>\n<script type=\"application\/ld+json\" class=\"yoast-schema-graph\">{\"@context\":\"https:\\\/\\\/schema.org\",\"@graph\":[{\"@type\":\"WebPage\",\"@id\":\"https:\\\/\\\/staging.baredev.com\\\/de\\\/crema-di-pistacchio-280gr-nobiliradici\\\/\",\"url\":\"https:\\\/\\\/staging.baredev.com\\\/de\\\/crema-di-pistacchio-280gr-nobiliradici\\\/\",\"name\":\"Crema di Pistacchio 280gr NobiliRadici - Sapori Nostri\",\"isPartOf\":{\"@id\":\"https:\\\/\\\/staging.baredev.com\\\/de\\\/#website\"},\"primaryImageOfPage\":{\"@id\":\"https:\\\/\\\/staging.baredev.com\\\/de\\\/crema-di-pistacchio-280gr-nobiliradici\\\/#primaryimage\"},\"image\":{\"@id\":\"https:\\\/\\\/staging.baredev.com\\\/de\\\/crema-di-pistacchio-280gr-nobiliradici\\\/#primaryimage\"},\"thumbnailUrl\":\"https:\\\/\\\/staging.baredev.com\\\/wp-content\\\/uploads\\\/2024\\\/12\\\/Senza-titolo-3-1-3.png\",\"datePublished\":\"2024-12-04T12:00:33+00:00\",\"dateModified\":\"2026-01-26T10:49:57+00:00\",\"description\":\"La Crema di Pistacchio \u00e8 una dolce e vellutata preparazione che si distingue per il suo sapore ricco e aromatico. Ideale anche per farcire dolci\",\"breadcrumb\":{\"@id\":\"https:\\\/\\\/staging.baredev.com\\\/de\\\/crema-di-pistacchio-280gr-nobiliradici\\\/#breadcrumb\"},\"inLanguage\":\"de-DE\",\"potentialAction\":[{\"@type\":\"ReadAction\",\"target\":[\"https:\\\/\\\/staging.baredev.com\\\/de\\\/crema-di-pistacchio-280gr-nobiliradici\\\/\"]}]},{\"@type\":\"ImageObject\",\"inLanguage\":\"de-DE\",\"@id\":\"https:\\\/\\\/staging.baredev.com\\\/de\\\/crema-di-pistacchio-280gr-nobiliradici\\\/#primaryimage\",\"url\":\"https:\\\/\\\/staging.baredev.com\\\/wp-content\\\/uploads\\\/2024\\\/12\\\/Senza-titolo-3-1-3.png\",\"contentUrl\":\"https:\\\/\\\/staging.baredev.com\\\/wp-content\\\/uploads\\\/2024\\\/12\\\/Senza-titolo-3-1-3.png\",\"width\":1080,\"height\":1080},{\"@type\":\"BreadcrumbList\",\"@id\":\"https:\\\/\\\/staging.baredev.com\\\/de\\\/crema-di-pistacchio-280gr-nobiliradici\\\/#breadcrumb\",\"itemListElement\":[{\"@type\":\"ListItem\",\"position\":1,\"name\":\"Home\",\"item\":\"https:\\\/\\\/staging.baredev.com\\\/de\\\/\"},{\"@type\":\"ListItem\",\"position\":2,\"name\":\"Shop\",\"item\":\"https:\\\/\\\/staging.baredev.com\\\/de\\\/shop\\\/\"},{\"@type\":\"ListItem\",\"position\":3,\"name\":\"Crema di Pistacchio 280gr NobiliRadici\"}]},{\"@type\":\"WebSite\",\"@id\":\"https:\\\/\\\/staging.baredev.com\\\/de\\\/#website\",\"url\":\"https:\\\/\\\/staging.baredev.com\\\/de\\\/\",\"name\":\"Sapori Nostri\",\"description\":\"\",\"publisher\":{\"@id\":\"https:\\\/\\\/staging.baredev.com\\\/de\\\/#organization\"},\"potentialAction\":[{\"@type\":\"SearchAction\",\"target\":{\"@type\":\"EntryPoint\",\"urlTemplate\":\"https:\\\/\\\/staging.baredev.com\\\/de\\\/?s={search_term_string}\"},\"query-input\":{\"@type\":\"PropertyValueSpecification\",\"valueRequired\":true,\"valueName\":\"search_term_string\"}}],\"inLanguage\":\"de-DE\"},{\"@type\":\"Organization\",\"@id\":\"https:\\\/\\\/staging.baredev.com\\\/de\\\/#organization\",\"name\":\"Sapori Nostri\",\"url\":\"https:\\\/\\\/staging.baredev.com\\\/de\\\/\",\"logo\":{\"@type\":\"ImageObject\",\"inLanguage\":\"de-DE\",\"@id\":\"https:\\\/\\\/staging.baredev.com\\\/de\\\/#\\\/schema\\\/logo\\\/image\\\/\",\"url\":\"https:\\\/\\\/staging.baredev.com\\\/wp-content\\\/uploads\\\/2020\\\/05\\\/logo-retina.png\",\"contentUrl\":\"https:\\\/\\\/staging.baredev.com\\\/wp-content\\\/uploads\\\/2020\\\/05\\\/logo-retina.png\",\"width\":500,\"height\":109,\"caption\":\"Sapori Nostri\"},\"image\":{\"@id\":\"https:\\\/\\\/staging.baredev.com\\\/de\\\/#\\\/schema\\\/logo\\\/image\\\/\"},\"sameAs\":[\"https:\\\/\\\/www.facebook.com\\\/saporinostri.it\\\/\",\"https:\\\/\\\/www.instagram.com\\\/saporinostri.it\\\/\"]}]}<\/script>\n<!-- \/ Yoast SEO Premium plugin. -->","yoast_head_json":{"title":"Pistaziencreme 280gr NobiliRadici - Sapori Nostri","description":"Pistaziencreme ist eine s\u00fc\u00dfe und samtige Zubereitung, die sich durch ihren reichen und aromatischen Geschmack auszeichnet. Ideal auch zum F\u00fcllen von Desserts","robots":{"index":"index","follow":"follow","max-snippet":"max-snippet:-1","max-image-preview":"max-image-preview:large","max-video-preview":"max-video-preview:-1"},"canonical":"https:\/\/staging.baredev.com\/de\/crema-di-pistacchio-280gr-nobiliradici\/","og_locale":"de_DE","og_type":"article","og_title":"Crema di Pistacchio 280gr NobiliRadici","og_description":"La Crema di Pistacchio \u00e8 una dolce e vellutata preparazione che si distingue per il suo sapore ricco e aromatico. Ideale anche per farcire dolci","og_url":"https:\/\/staging.baredev.com\/de\/crema-di-pistacchio-280gr-nobiliradici\/","og_site_name":"Sapori Nostri","article_publisher":"https:\/\/www.facebook.com\/saporinostri.it\/","article_modified_time":"2026-01-26T10:49:57+00:00","og_image":[{"width":1080,"height":1080,"url":"https:\/\/staging.baredev.com\/wp-content\/uploads\/2024\/12\/Senza-titolo-3-1-3.png","type":"image\/png"}],"twitter_card":"summary_large_image","twitter_misc":{"Est. reading time":"2 minutes"},"schema":{"@context":"https:\/\/schema.org","@graph":[{"@type":"WebPage","@id":"https:\/\/staging.baredev.com\/de\/crema-di-pistacchio-280gr-nobiliradici\/","url":"https:\/\/staging.baredev.com\/de\/crema-di-pistacchio-280gr-nobiliradici\/","name":"Pistaziencreme 280gr NobiliRadici - Sapori Nostri","isPartOf":{"@id":"https:\/\/staging.baredev.com\/de\/#website"},"primaryImageOfPage":{"@id":"https:\/\/staging.baredev.com\/de\/crema-di-pistacchio-280gr-nobiliradici\/#primaryimage"},"image":{"@id":"https:\/\/staging.baredev.com\/de\/crema-di-pistacchio-280gr-nobiliradici\/#primaryimage"},"thumbnailUrl":"https:\/\/staging.baredev.com\/wp-content\/uploads\/2024\/12\/Senza-titolo-3-1-3.png","datePublished":"2024-12-04T12:00:33+00:00","dateModified":"2026-01-26T10:49:57+00:00","description":"Pistaziencreme ist eine s\u00fc\u00dfe und samtige Zubereitung, die sich durch ihren reichen und aromatischen Geschmack auszeichnet. Ideal auch zum F\u00fcllen von Desserts","breadcrumb":{"@id":"https:\/\/staging.baredev.com\/de\/crema-di-pistacchio-280gr-nobiliradici\/#breadcrumb"},"inLanguage":"de-DE","potentialAction":[{"@type":"ReadAction","target":["https:\/\/staging.baredev.com\/de\/crema-di-pistacchio-280gr-nobiliradici\/"]}]},{"@type":"ImageObject","inLanguage":"de-DE","@id":"https:\/\/staging.baredev.com\/de\/crema-di-pistacchio-280gr-nobiliradici\/#primaryimage","url":"https:\/\/staging.baredev.com\/wp-content\/uploads\/2024\/12\/Senza-titolo-3-1-3.png","contentUrl":"https:\/\/staging.baredev.com\/wp-content\/uploads\/2024\/12\/Senza-titolo-3-1-3.png","width":1080,"height":1080},{"@type":"BreadcrumbList","@id":"https:\/\/staging.baredev.com\/de\/crema-di-pistacchio-280gr-nobiliradici\/#breadcrumb","itemListElement":[{"@type":"ListItem","position":1,"name":"Home","item":"https:\/\/staging.baredev.com\/de\/"},{"@type":"ListItem","position":2,"name":"Shop","item":"https:\/\/staging.baredev.com\/de\/shop\/"},{"@type":"ListItem","position":3,"name":"Crema di Pistacchio 280gr NobiliRadici"}]},{"@type":"WebSite","@id":"https:\/\/staging.baredev.com\/de\/#website","url":"https:\/\/staging.baredev.com\/de\/","name":"Sapori Nostri","description":"","publisher":{"@id":"https:\/\/staging.baredev.com\/de\/#organization"},"potentialAction":[{"@type":"SearchAction","target":{"@type":"EntryPoint","urlTemplate":"https:\/\/staging.baredev.com\/de\/?s={search_term_string}"},"query-input":{"@type":"PropertyValueSpecification","valueRequired":true,"valueName":"search_term_string"}}],"inLanguage":"de-DE"},{"@type":"Organization","@id":"https:\/\/staging.baredev.com\/de\/#organization","name":"Sapori Nostri","url":"https:\/\/staging.baredev.com\/de\/","logo":{"@type":"ImageObject","inLanguage":"de-DE","@id":"https:\/\/staging.baredev.com\/de\/#\/schema\/logo\/image\/","url":"https:\/\/staging.baredev.com\/wp-content\/uploads\/2020\/05\/logo-retina.png","contentUrl":"https:\/\/staging.baredev.com\/wp-content\/uploads\/2020\/05\/logo-retina.png","width":500,"height":109,"caption":"Sapori Nostri"},"image":{"@id":"https:\/\/staging.baredev.com\/de\/#\/schema\/logo\/image\/"},"sameAs":["https:\/\/www.facebook.com\/saporinostri.it\/","https:\/\/www.instagram.com\/saporinostri.it\/"]}]}},"jetpack_sharing_enabled":true,"brands":[],"_links":{"self":[{"href":"https:\/\/staging.baredev.com\/de\/wp-json\/wp\/v2\/product\/31149","targetHints":{"allow":["GET"]}}],"collection":[{"href":"https:\/\/staging.baredev.com\/de\/wp-json\/wp\/v2\/product"}],"about":[{"href":"https:\/\/staging.baredev.com\/de\/wp-json\/wp\/v2\/types\/product"}],"replies":[{"embeddable":true,"href":"https:\/\/staging.baredev.com\/de\/wp-json\/wp\/v2\/comments?post=31149"}],"wp:featuredmedia":[{"embeddable":true,"href":"https:\/\/staging.baredev.com\/de\/wp-json\/wp\/v2\/media\/31165"}],"wp:attachment":[{"href":"https:\/\/staging.baredev.com\/de\/wp-json\/wp\/v2\/media?parent=31149"}],"wp:term":[{"taxonomy":"pwb-brand","embeddable":true,"href":"https:\/\/staging.baredev.com\/de\/wp-json\/wp\/v2\/pwb-brand?post=31149"},{"taxonomy":"product_brand","embeddable":true,"href":"https:\/\/staging.baredev.com\/de\/wp-json\/wp\/v2\/product_brand?post=31149"},{"taxonomy":"product_cat","embeddable":true,"href":"https:\/\/staging.baredev.com\/de\/wp-json\/wp\/v2\/product_cat?post=31149"},{"taxonomy":"product_tag","embeddable":true,"href":"https:\/\/staging.baredev.com\/de\/wp-json\/wp\/v2\/product_tag?post=31149"}],"curies":[{"name":"wp","href":"https:\/\/api.w.org\/{rel}","templated":true}]}}