{"id":32200,"date":"2025-02-11T10:58:29","date_gmt":"2025-02-11T09:58:29","guid":{"rendered":"https:\/\/www.saporinostri.it\/?post_type=product&#038;p=32200"},"modified":"2026-04-25T18:44:57","modified_gmt":"2026-04-25T16:44:57","slug":"aglio-olio-e-peperoncino-calabrese-delizie-di-calabria-180g","status":"publish","type":"product","link":"https:\/\/staging.baredev.com\/de\/aglio-olio-e-peperoncino-calabrese-delizie-di-calabria-180g\/","title":{"rendered":"Delizie di Calabria mit Knoblauch, \u00d6l und kalabrischem Chili, 180 g"},"content":{"rendered":"<p>Mit<em><strong> Knoblauch, \u00d6l und Calabrese Chili <\/strong><\/em>\u00a0Sie k\u00f6nnen den authentischen Geschmack Kalabriens direkt auf Ihren Tisch bringen.<\/p>\n<p>Dank einer k\u00f6stlichen Kombination traditioneller Zutaten,<strong> Sie k\u00f6nnen die ber\u00fchmten Spaghetti mit Knoblauch, \u00d6l und Chili ganz einfach zubereiten<\/strong>, entdecken Sie den ganzen Geschmack der echten kalabrischen Chilischoten neu. Ideal auch um Bruschetta mit einer w\u00fcrzig-aromatischen Note zu verfeinern.<\/p>\n<p>Dieses Dressing ist perfekt f\u00fcr diejenigen, die lieben<strong> intensive und kr\u00e4ftige Aromen<\/strong><\/p>\n<p>Eine einfache Geste gen\u00fcgt, um einen Teller Pasta oder eine Scheibe ger\u00f6stetes Brot in ein authentisches und k\u00f6stliches kulinarisches Erlebnis zu verwandeln.<\/p>","protected":false},"excerpt":{"rendered":"<p>Con Aglio, Olio e Peperoncino Calabrese \u00a0puoi portare il gusto autentico della Calabria direttamente sulla tua tavola. Grazie ad una deliziosa combinazione di ingredienti tradizionali, puoi preparare con estrema facilit\u00e0 i famosi spaghetti aglio, olio e peperoncino, ritrovando tutto il sapore del vero peperoncino calabrese. Ideale inoltre, per arricchire le bruschette con una nota piccante [&hellip;]<\/p>\n","protected":false},"featured_media":32201,"comment_status":"open","ping_status":"closed","template":"","meta":{"_acf_changed":false,"inline_featured_image":false,"wprm-recipe-roundup-name":"","wprm-recipe-roundup-description":""},"pwb-brand":[653],"product_brand":[],"product_cat":[412,582],"product_tag":[],"class_list":{"0":"post-32200","1":"product","2":"type-product","3":"status-publish","4":"has-post-thumbnail","6":"pwb-brand-delizie-di-calabria","7":"product_cat-conserve","8":"product_cat-salse-di-accompagnamento","10":"first","11":"instock","12":"sale","13":"taxable","14":"shipping-taxable","15":"purchasable","16":"product-type-simple"},"acf":[],"yoast_head":"<!-- This site is optimized with the Yoast SEO Premium plugin v23.7 (Yoast SEO v27.6) - https:\/\/yoast.com\/product\/yoast-seo-premium-wordpress\/ -->\n<title>Aglio, Olio e Peperoncino Calabrese Delizie di Calabria 180g - Sapori Nostri<\/title>\n<meta name=\"description\" content=\"Un pesto dal gusto deciso e forte. Ideale per preparare i famosi spaghetti aglio, olio e Peperoncino ma \u00e8 anche delizioso da gustare su pane e bruschette.\" \/>\n<meta name=\"robots\" content=\"index, follow, max-snippet:-1, max-image-preview:large, max-video-preview:-1\" \/>\n<link rel=\"canonical\" href=\"https:\/\/staging.baredev.com\/de\/aglio-olio-e-peperoncino-calabrese-delizie-di-calabria-180g\/\" \/>\n<meta property=\"og:locale\" content=\"de_DE\" \/>\n<meta property=\"og:type\" content=\"article\" \/>\n<meta property=\"og:title\" content=\"Aglio, Olio e Peperoncino Calabrese Delizie di Calabria 180g\" \/>\n<meta property=\"og:description\" content=\"Un pesto dal gusto deciso e forte. Ideale per preparare i famosi spaghetti aglio, olio e Peperoncino ma \u00e8 anche delizioso da gustare su pane e bruschette.\" \/>\n<meta property=\"og:url\" content=\"https:\/\/staging.baredev.com\/de\/aglio-olio-e-peperoncino-calabrese-delizie-di-calabria-180g\/\" \/>\n<meta property=\"og:site_name\" content=\"Sapori Nostri\" \/>\n<meta property=\"article:publisher\" content=\"https:\/\/www.facebook.com\/saporinostri.it\/\" \/>\n<meta property=\"article:modified_time\" content=\"2026-04-25T16:44:57+00:00\" \/>\n<meta property=\"og:image\" content=\"https:\/\/staging.baredev.com\/wp-content\/uploads\/2025\/02\/aglio-olio-e-peperoncino.jpg\" \/>\n\t<meta property=\"og:image:width\" content=\"500\" \/>\n\t<meta property=\"og:image:height\" content=\"500\" \/>\n\t<meta property=\"og:image:type\" content=\"image\/jpeg\" \/>\n<meta name=\"twitter:card\" content=\"summary_large_image\" \/>\n<meta name=\"twitter:label1\" content=\"Est. reading time\" \/>\n\t<meta name=\"twitter:data1\" content=\"2 minutes\" \/>\n<script type=\"application\/ld+json\" class=\"yoast-schema-graph\">{\"@context\":\"https:\\\/\\\/schema.org\",\"@graph\":[{\"@type\":\"WebPage\",\"@id\":\"https:\\\/\\\/staging.baredev.com\\\/de\\\/aglio-olio-e-peperoncino-calabrese-delizie-di-calabria-180g\\\/\",\"url\":\"https:\\\/\\\/staging.baredev.com\\\/de\\\/aglio-olio-e-peperoncino-calabrese-delizie-di-calabria-180g\\\/\",\"name\":\"Aglio, Olio e Peperoncino Calabrese Delizie di Calabria 180g - Sapori Nostri\",\"isPartOf\":{\"@id\":\"https:\\\/\\\/staging.baredev.com\\\/de\\\/#website\"},\"primaryImageOfPage\":{\"@id\":\"https:\\\/\\\/staging.baredev.com\\\/de\\\/aglio-olio-e-peperoncino-calabrese-delizie-di-calabria-180g\\\/#primaryimage\"},\"image\":{\"@id\":\"https:\\\/\\\/staging.baredev.com\\\/de\\\/aglio-olio-e-peperoncino-calabrese-delizie-di-calabria-180g\\\/#primaryimage\"},\"thumbnailUrl\":\"https:\\\/\\\/staging.baredev.com\\\/wp-content\\\/uploads\\\/2025\\\/02\\\/aglio-olio-e-peperoncino.jpg\",\"datePublished\":\"2025-02-11T09:58:29+00:00\",\"dateModified\":\"2026-04-25T16:44:57+00:00\",\"description\":\"Un pesto dal gusto deciso e forte. Ideale per preparare i famosi spaghetti aglio, olio e Peperoncino ma \u00e8 anche delizioso da gustare su pane e bruschette.\",\"breadcrumb\":{\"@id\":\"https:\\\/\\\/staging.baredev.com\\\/de\\\/aglio-olio-e-peperoncino-calabrese-delizie-di-calabria-180g\\\/#breadcrumb\"},\"inLanguage\":\"de-DE\",\"potentialAction\":[{\"@type\":\"ReadAction\",\"target\":[\"https:\\\/\\\/staging.baredev.com\\\/de\\\/aglio-olio-e-peperoncino-calabrese-delizie-di-calabria-180g\\\/\"]}]},{\"@type\":\"ImageObject\",\"inLanguage\":\"de-DE\",\"@id\":\"https:\\\/\\\/staging.baredev.com\\\/de\\\/aglio-olio-e-peperoncino-calabrese-delizie-di-calabria-180g\\\/#primaryimage\",\"url\":\"https:\\\/\\\/staging.baredev.com\\\/wp-content\\\/uploads\\\/2025\\\/02\\\/aglio-olio-e-peperoncino.jpg\",\"contentUrl\":\"https:\\\/\\\/staging.baredev.com\\\/wp-content\\\/uploads\\\/2025\\\/02\\\/aglio-olio-e-peperoncino.jpg\",\"width\":500,\"height\":500},{\"@type\":\"BreadcrumbList\",\"@id\":\"https:\\\/\\\/staging.baredev.com\\\/de\\\/aglio-olio-e-peperoncino-calabrese-delizie-di-calabria-180g\\\/#breadcrumb\",\"itemListElement\":[{\"@type\":\"ListItem\",\"position\":1,\"name\":\"Home\",\"item\":\"https:\\\/\\\/staging.baredev.com\\\/de\\\/\"},{\"@type\":\"ListItem\",\"position\":2,\"name\":\"Shop\",\"item\":\"https:\\\/\\\/staging.baredev.com\\\/de\\\/shop\\\/\"},{\"@type\":\"ListItem\",\"position\":3,\"name\":\"Aglio, Olio e Peperoncino Calabrese Delizie di Calabria 180g\"}]},{\"@type\":\"WebSite\",\"@id\":\"https:\\\/\\\/staging.baredev.com\\\/de\\\/#website\",\"url\":\"https:\\\/\\\/staging.baredev.com\\\/de\\\/\",\"name\":\"Sapori Nostri\",\"description\":\"\",\"publisher\":{\"@id\":\"https:\\\/\\\/staging.baredev.com\\\/de\\\/#organization\"},\"potentialAction\":[{\"@type\":\"SearchAction\",\"target\":{\"@type\":\"EntryPoint\",\"urlTemplate\":\"https:\\\/\\\/staging.baredev.com\\\/de\\\/?s={search_term_string}\"},\"query-input\":{\"@type\":\"PropertyValueSpecification\",\"valueRequired\":true,\"valueName\":\"search_term_string\"}}],\"inLanguage\":\"de-DE\"},{\"@type\":\"Organization\",\"@id\":\"https:\\\/\\\/staging.baredev.com\\\/de\\\/#organization\",\"name\":\"Sapori Nostri\",\"url\":\"https:\\\/\\\/staging.baredev.com\\\/de\\\/\",\"logo\":{\"@type\":\"ImageObject\",\"inLanguage\":\"de-DE\",\"@id\":\"https:\\\/\\\/staging.baredev.com\\\/de\\\/#\\\/schema\\\/logo\\\/image\\\/\",\"url\":\"https:\\\/\\\/staging.baredev.com\\\/wp-content\\\/uploads\\\/2020\\\/05\\\/logo-retina.png\",\"contentUrl\":\"https:\\\/\\\/staging.baredev.com\\\/wp-content\\\/uploads\\\/2020\\\/05\\\/logo-retina.png\",\"width\":500,\"height\":109,\"caption\":\"Sapori Nostri\"},\"image\":{\"@id\":\"https:\\\/\\\/staging.baredev.com\\\/de\\\/#\\\/schema\\\/logo\\\/image\\\/\"},\"sameAs\":[\"https:\\\/\\\/www.facebook.com\\\/saporinostri.it\\\/\",\"https:\\\/\\\/www.instagram.com\\\/saporinostri.it\\\/\"]}]}<\/script>\n<!-- \/ Yoast SEO Premium plugin. -->","yoast_head_json":{"title":"Delizie di Calabria mit Knoblauch, \u00d6l und kalabrischem Chili 180 g - Sapori Nostri","description":"Ein Pesto mit starkem, kr\u00e4ftigem Geschmack. Ideal f\u00fcr die Zubereitung der ber\u00fchmten Spaghetti mit Knoblauch, \u00d6l und Chili, schmeckt aber auch k\u00f6stlich auf Brot und Bruschetta.","robots":{"index":"index","follow":"follow","max-snippet":"max-snippet:-1","max-image-preview":"max-image-preview:large","max-video-preview":"max-video-preview:-1"},"canonical":"https:\/\/staging.baredev.com\/de\/aglio-olio-e-peperoncino-calabrese-delizie-di-calabria-180g\/","og_locale":"de_DE","og_type":"article","og_title":"Aglio, Olio e Peperoncino Calabrese Delizie di Calabria 180g","og_description":"Un pesto dal gusto deciso e forte. Ideale per preparare i famosi spaghetti aglio, olio e Peperoncino ma \u00e8 anche delizioso da gustare su pane e bruschette.","og_url":"https:\/\/staging.baredev.com\/de\/aglio-olio-e-peperoncino-calabrese-delizie-di-calabria-180g\/","og_site_name":"Sapori Nostri","article_publisher":"https:\/\/www.facebook.com\/saporinostri.it\/","article_modified_time":"2026-04-25T16:44:57+00:00","og_image":[{"width":500,"height":500,"url":"https:\/\/staging.baredev.com\/wp-content\/uploads\/2025\/02\/aglio-olio-e-peperoncino.jpg","type":"image\/jpeg"}],"twitter_card":"summary_large_image","twitter_misc":{"Est. reading time":"2 minutes"},"schema":{"@context":"https:\/\/schema.org","@graph":[{"@type":"WebPage","@id":"https:\/\/staging.baredev.com\/de\/aglio-olio-e-peperoncino-calabrese-delizie-di-calabria-180g\/","url":"https:\/\/staging.baredev.com\/de\/aglio-olio-e-peperoncino-calabrese-delizie-di-calabria-180g\/","name":"Delizie di Calabria mit Knoblauch, \u00d6l und kalabrischem Chili 180 g - Sapori Nostri","isPartOf":{"@id":"https:\/\/staging.baredev.com\/de\/#website"},"primaryImageOfPage":{"@id":"https:\/\/staging.baredev.com\/de\/aglio-olio-e-peperoncino-calabrese-delizie-di-calabria-180g\/#primaryimage"},"image":{"@id":"https:\/\/staging.baredev.com\/de\/aglio-olio-e-peperoncino-calabrese-delizie-di-calabria-180g\/#primaryimage"},"thumbnailUrl":"https:\/\/staging.baredev.com\/wp-content\/uploads\/2025\/02\/aglio-olio-e-peperoncino.jpg","datePublished":"2025-02-11T09:58:29+00:00","dateModified":"2026-04-25T16:44:57+00:00","description":"Ein Pesto mit starkem, kr\u00e4ftigem Geschmack. Ideal f\u00fcr die Zubereitung der ber\u00fchmten Spaghetti mit Knoblauch, \u00d6l und Chili, schmeckt aber auch k\u00f6stlich auf Brot und Bruschetta.","breadcrumb":{"@id":"https:\/\/staging.baredev.com\/de\/aglio-olio-e-peperoncino-calabrese-delizie-di-calabria-180g\/#breadcrumb"},"inLanguage":"de-DE","potentialAction":[{"@type":"ReadAction","target":["https:\/\/staging.baredev.com\/de\/aglio-olio-e-peperoncino-calabrese-delizie-di-calabria-180g\/"]}]},{"@type":"ImageObject","inLanguage":"de-DE","@id":"https:\/\/staging.baredev.com\/de\/aglio-olio-e-peperoncino-calabrese-delizie-di-calabria-180g\/#primaryimage","url":"https:\/\/staging.baredev.com\/wp-content\/uploads\/2025\/02\/aglio-olio-e-peperoncino.jpg","contentUrl":"https:\/\/staging.baredev.com\/wp-content\/uploads\/2025\/02\/aglio-olio-e-peperoncino.jpg","width":500,"height":500},{"@type":"BreadcrumbList","@id":"https:\/\/staging.baredev.com\/de\/aglio-olio-e-peperoncino-calabrese-delizie-di-calabria-180g\/#breadcrumb","itemListElement":[{"@type":"ListItem","position":1,"name":"Home","item":"https:\/\/staging.baredev.com\/de\/"},{"@type":"ListItem","position":2,"name":"Shop","item":"https:\/\/staging.baredev.com\/de\/shop\/"},{"@type":"ListItem","position":3,"name":"Aglio, Olio e Peperoncino Calabrese Delizie di Calabria 180g"}]},{"@type":"WebSite","@id":"https:\/\/staging.baredev.com\/de\/#website","url":"https:\/\/staging.baredev.com\/de\/","name":"Sapori Nostri","description":"","publisher":{"@id":"https:\/\/staging.baredev.com\/de\/#organization"},"potentialAction":[{"@type":"SearchAction","target":{"@type":"EntryPoint","urlTemplate":"https:\/\/staging.baredev.com\/de\/?s={search_term_string}"},"query-input":{"@type":"PropertyValueSpecification","valueRequired":true,"valueName":"search_term_string"}}],"inLanguage":"de-DE"},{"@type":"Organization","@id":"https:\/\/staging.baredev.com\/de\/#organization","name":"Sapori Nostri","url":"https:\/\/staging.baredev.com\/de\/","logo":{"@type":"ImageObject","inLanguage":"de-DE","@id":"https:\/\/staging.baredev.com\/de\/#\/schema\/logo\/image\/","url":"https:\/\/staging.baredev.com\/wp-content\/uploads\/2020\/05\/logo-retina.png","contentUrl":"https:\/\/staging.baredev.com\/wp-content\/uploads\/2020\/05\/logo-retina.png","width":500,"height":109,"caption":"Sapori Nostri"},"image":{"@id":"https:\/\/staging.baredev.com\/de\/#\/schema\/logo\/image\/"},"sameAs":["https:\/\/www.facebook.com\/saporinostri.it\/","https:\/\/www.instagram.com\/saporinostri.it\/"]}]}},"jetpack_sharing_enabled":true,"brands":[{"id":653,"name":"Kalabrische K\u00f6stlichkeiten","slug":"delizie-di-calabria"}],"_links":{"self":[{"href":"https:\/\/staging.baredev.com\/de\/wp-json\/wp\/v2\/product\/32200","targetHints":{"allow":["GET"]}}],"collection":[{"href":"https:\/\/staging.baredev.com\/de\/wp-json\/wp\/v2\/product"}],"about":[{"href":"https:\/\/staging.baredev.com\/de\/wp-json\/wp\/v2\/types\/product"}],"replies":[{"embeddable":true,"href":"https:\/\/staging.baredev.com\/de\/wp-json\/wp\/v2\/comments?post=32200"}],"wp:featuredmedia":[{"embeddable":true,"href":"https:\/\/staging.baredev.com\/de\/wp-json\/wp\/v2\/media\/32201"}],"wp:attachment":[{"href":"https:\/\/staging.baredev.com\/de\/wp-json\/wp\/v2\/media?parent=32200"}],"wp:term":[{"taxonomy":"pwb-brand","embeddable":true,"href":"https:\/\/staging.baredev.com\/de\/wp-json\/wp\/v2\/pwb-brand?post=32200"},{"taxonomy":"product_brand","embeddable":true,"href":"https:\/\/staging.baredev.com\/de\/wp-json\/wp\/v2\/product_brand?post=32200"},{"taxonomy":"product_cat","embeddable":true,"href":"https:\/\/staging.baredev.com\/de\/wp-json\/wp\/v2\/product_cat?post=32200"},{"taxonomy":"product_tag","embeddable":true,"href":"https:\/\/staging.baredev.com\/de\/wp-json\/wp\/v2\/product_tag?post=32200"}],"curies":[{"name":"wp","href":"https:\/\/api.w.org\/{rel}","templated":true}]}}