{"id":32646,"date":"2025-03-14T09:18:11","date_gmt":"2025-03-14T08:18:11","guid":{"rendered":"https:\/\/www.saporinostri.it\/?post_type=product&#038;p=32646"},"modified":"2026-03-13T08:28:52","modified_gmt":"2026-03-13T07:28:52","slug":"fiocchi-di-sale-marino-allaglio-maldon-100g","status":"publish","type":"product","link":"https:\/\/staging.baredev.com\/de\/fiocchi-di-sale-marino-allaglio-maldon-100g\/","title":{"rendered":"Maldon Knoblauch-Meersalzflocken 100g"},"content":{"rendered":"<p style=\"font-size: 1.1em; line-height: 1.3em; color: #333;\">Maldon-Salz wird seit 1882 hergestellt.<\/p>\n<p style=\"font-size: 1.1em; line-height: 1.3em; color: #333;\">Weiche und knusprige Meersalzflocken, traditionell hergestellt mit <strong>nat\u00fcrlichen Methoden zubereitet und mit B\u00e4rlauch vermischt und ger\u00f6stet.<\/strong><\/p>\n<p style=\"font-size: 1.1em; line-height: 1.3em; color: #333;\">Die Hinzuf\u00fcgung von <strong>ger\u00f6steter Knoblauch<\/strong> verleiht dem Salz eine <strong>zarte S\u00fc\u00dfe und nussiger Geschmack<\/strong> um jedem Gericht einen einzigartigen, reichen und raffinierten Geschmack zu verleihen.<\/p>\n<p>Die Kristalle bei<strong> Pyramidenform<\/strong> sind die Marke, die weltweit als das beste englische Meersalz auf dem Markt anerkannt ist. Unsere Flocken geben ihre Salzigkeit mit sanfter Pr\u00e4zision ab und sorgen f\u00fcr eine frische Intensit\u00e4t und einen sauberen Geschmack. Eine sehr vielseitige Zutat, die jederzeit w\u00e4hrend des Kochvorgangs verwendet werden kann.<\/p>\n<h3><\/h3>","protected":false},"excerpt":{"rendered":"<p>Weiche und knusprige Meersalzflocken, traditionell hergestellt mit <strong>nat\u00fcrlichen Methoden und gemischt mit B\u00e4rlauch und Braten<\/strong>.<\/p>","protected":false},"featured_media":32647,"comment_status":"open","ping_status":"closed","template":"","meta":{"_acf_changed":false,"inline_featured_image":false,"wprm-recipe-roundup-name":"","wprm-recipe-roundup-description":""},"pwb-brand":[661],"product_brand":[],"product_cat":[645],"product_tag":[],"class_list":{"0":"post-32646","1":"product","2":"type-product","3":"status-publish","4":"has-post-thumbnail","6":"pwb-brand-maldon","7":"product_cat-gourmet","9":"first","10":"instock","11":"sale","12":"taxable","13":"shipping-taxable","14":"purchasable","15":"product-type-simple"},"acf":[],"yoast_head":"<!-- This site is optimized with the Yoast SEO Premium plugin v23.7 (Yoast SEO v27.6) - https:\/\/yoast.com\/product\/yoast-seo-premium-wordpress\/ -->\n<title>Fiocchi di Sale Marino all&#039;Aglio Maldon 100g - Sapori Nostri<\/title>\n<meta name=\"description\" content=\"Fiocchi di sale marino morbidi e croccanti tradizionalmente prodotti con metodi naturali e miscelati con aglio selvatico e arrosto.\" \/>\n<meta name=\"robots\" content=\"index, follow, max-snippet:-1, max-image-preview:large, max-video-preview:-1\" \/>\n<link rel=\"canonical\" href=\"https:\/\/staging.baredev.com\/de\/fiocchi-di-sale-marino-allaglio-maldon-100g\/\" \/>\n<meta property=\"og:locale\" content=\"de_DE\" \/>\n<meta property=\"og:type\" content=\"article\" \/>\n<meta property=\"og:title\" content=\"Fiocchi di Sale Marino all&#039;Aglio Maldon 100g\" \/>\n<meta property=\"og:description\" content=\"Fiocchi di sale marino morbidi e croccanti tradizionalmente prodotti con metodi naturali e miscelati con aglio selvatico e arrosto.\" \/>\n<meta property=\"og:url\" content=\"https:\/\/staging.baredev.com\/de\/fiocchi-di-sale-marino-allaglio-maldon-100g\/\" \/>\n<meta property=\"og:site_name\" content=\"Sapori Nostri\" \/>\n<meta property=\"article:publisher\" content=\"https:\/\/www.facebook.com\/saporinostri.it\/\" \/>\n<meta property=\"article:modified_time\" content=\"2026-03-13T07:28:52+00:00\" \/>\n<meta property=\"og:image\" content=\"https:\/\/staging.baredev.com\/wp-content\/uploads\/2025\/03\/Senza-titolo-25-4.png\" \/>\n\t<meta property=\"og:image:width\" content=\"1080\" \/>\n\t<meta property=\"og:image:height\" content=\"1080\" \/>\n\t<meta property=\"og:image:type\" content=\"image\/png\" \/>\n<meta name=\"twitter:card\" content=\"summary_large_image\" \/>\n<meta name=\"twitter:label1\" content=\"Est. reading time\" \/>\n\t<meta name=\"twitter:data1\" content=\"2 minutes\" \/>\n<script type=\"application\/ld+json\" class=\"yoast-schema-graph\">{\"@context\":\"https:\\\/\\\/schema.org\",\"@graph\":[{\"@type\":\"WebPage\",\"@id\":\"https:\\\/\\\/staging.baredev.com\\\/de\\\/fiocchi-di-sale-marino-allaglio-maldon-100g\\\/\",\"url\":\"https:\\\/\\\/staging.baredev.com\\\/de\\\/fiocchi-di-sale-marino-allaglio-maldon-100g\\\/\",\"name\":\"Fiocchi di Sale Marino all'Aglio Maldon 100g - Sapori Nostri\",\"isPartOf\":{\"@id\":\"https:\\\/\\\/staging.baredev.com\\\/de\\\/#website\"},\"primaryImageOfPage\":{\"@id\":\"https:\\\/\\\/staging.baredev.com\\\/de\\\/fiocchi-di-sale-marino-allaglio-maldon-100g\\\/#primaryimage\"},\"image\":{\"@id\":\"https:\\\/\\\/staging.baredev.com\\\/de\\\/fiocchi-di-sale-marino-allaglio-maldon-100g\\\/#primaryimage\"},\"thumbnailUrl\":\"https:\\\/\\\/staging.baredev.com\\\/wp-content\\\/uploads\\\/2025\\\/03\\\/Senza-titolo-25-4.png\",\"datePublished\":\"2025-03-14T08:18:11+00:00\",\"dateModified\":\"2026-03-13T07:28:52+00:00\",\"description\":\"Fiocchi di sale marino morbidi e croccanti tradizionalmente prodotti con metodi naturali e miscelati con aglio selvatico e arrosto.\",\"breadcrumb\":{\"@id\":\"https:\\\/\\\/staging.baredev.com\\\/de\\\/fiocchi-di-sale-marino-allaglio-maldon-100g\\\/#breadcrumb\"},\"inLanguage\":\"de-DE\",\"potentialAction\":[{\"@type\":\"ReadAction\",\"target\":[\"https:\\\/\\\/staging.baredev.com\\\/de\\\/fiocchi-di-sale-marino-allaglio-maldon-100g\\\/\"]}]},{\"@type\":\"ImageObject\",\"inLanguage\":\"de-DE\",\"@id\":\"https:\\\/\\\/staging.baredev.com\\\/de\\\/fiocchi-di-sale-marino-allaglio-maldon-100g\\\/#primaryimage\",\"url\":\"https:\\\/\\\/staging.baredev.com\\\/wp-content\\\/uploads\\\/2025\\\/03\\\/Senza-titolo-25-4.png\",\"contentUrl\":\"https:\\\/\\\/staging.baredev.com\\\/wp-content\\\/uploads\\\/2025\\\/03\\\/Senza-titolo-25-4.png\",\"width\":1080,\"height\":1080},{\"@type\":\"BreadcrumbList\",\"@id\":\"https:\\\/\\\/staging.baredev.com\\\/de\\\/fiocchi-di-sale-marino-allaglio-maldon-100g\\\/#breadcrumb\",\"itemListElement\":[{\"@type\":\"ListItem\",\"position\":1,\"name\":\"Home\",\"item\":\"https:\\\/\\\/staging.baredev.com\\\/de\\\/\"},{\"@type\":\"ListItem\",\"position\":2,\"name\":\"Shop\",\"item\":\"https:\\\/\\\/staging.baredev.com\\\/de\\\/shop\\\/\"},{\"@type\":\"ListItem\",\"position\":3,\"name\":\"Fiocchi di Sale Marino all&#8217;Aglio Maldon 100g\"}]},{\"@type\":\"WebSite\",\"@id\":\"https:\\\/\\\/staging.baredev.com\\\/de\\\/#website\",\"url\":\"https:\\\/\\\/staging.baredev.com\\\/de\\\/\",\"name\":\"Sapori Nostri\",\"description\":\"\",\"publisher\":{\"@id\":\"https:\\\/\\\/staging.baredev.com\\\/de\\\/#organization\"},\"potentialAction\":[{\"@type\":\"SearchAction\",\"target\":{\"@type\":\"EntryPoint\",\"urlTemplate\":\"https:\\\/\\\/staging.baredev.com\\\/de\\\/?s={search_term_string}\"},\"query-input\":{\"@type\":\"PropertyValueSpecification\",\"valueRequired\":true,\"valueName\":\"search_term_string\"}}],\"inLanguage\":\"de-DE\"},{\"@type\":\"Organization\",\"@id\":\"https:\\\/\\\/staging.baredev.com\\\/de\\\/#organization\",\"name\":\"Sapori Nostri\",\"url\":\"https:\\\/\\\/staging.baredev.com\\\/de\\\/\",\"logo\":{\"@type\":\"ImageObject\",\"inLanguage\":\"de-DE\",\"@id\":\"https:\\\/\\\/staging.baredev.com\\\/de\\\/#\\\/schema\\\/logo\\\/image\\\/\",\"url\":\"https:\\\/\\\/staging.baredev.com\\\/wp-content\\\/uploads\\\/2020\\\/05\\\/logo-retina.png\",\"contentUrl\":\"https:\\\/\\\/staging.baredev.com\\\/wp-content\\\/uploads\\\/2020\\\/05\\\/logo-retina.png\",\"width\":500,\"height\":109,\"caption\":\"Sapori Nostri\"},\"image\":{\"@id\":\"https:\\\/\\\/staging.baredev.com\\\/de\\\/#\\\/schema\\\/logo\\\/image\\\/\"},\"sameAs\":[\"https:\\\/\\\/www.facebook.com\\\/saporinostri.it\\\/\",\"https:\\\/\\\/www.instagram.com\\\/saporinostri.it\\\/\"]}]}<\/script>\n<!-- \/ Yoast SEO Premium plugin. -->","yoast_head_json":{"title":"Maldon Knoblauch-Meersalzflocken 100 g - Sapori Nostri","description":"Weiche und knusprige Meersalzflocken, traditionell nach nat\u00fcrlichen Methoden hergestellt und mit wildem und ger\u00f6stetem Knoblauch vermischt.","robots":{"index":"index","follow":"follow","max-snippet":"max-snippet:-1","max-image-preview":"max-image-preview:large","max-video-preview":"max-video-preview:-1"},"canonical":"https:\/\/staging.baredev.com\/de\/fiocchi-di-sale-marino-allaglio-maldon-100g\/","og_locale":"de_DE","og_type":"article","og_title":"Fiocchi di Sale Marino all'Aglio Maldon 100g","og_description":"Fiocchi di sale marino morbidi e croccanti tradizionalmente prodotti con metodi naturali e miscelati con aglio selvatico e arrosto.","og_url":"https:\/\/staging.baredev.com\/de\/fiocchi-di-sale-marino-allaglio-maldon-100g\/","og_site_name":"Sapori Nostri","article_publisher":"https:\/\/www.facebook.com\/saporinostri.it\/","article_modified_time":"2026-03-13T07:28:52+00:00","og_image":[{"width":1080,"height":1080,"url":"https:\/\/staging.baredev.com\/wp-content\/uploads\/2025\/03\/Senza-titolo-25-4.png","type":"image\/png"}],"twitter_card":"summary_large_image","twitter_misc":{"Est. reading time":"2 minutes"},"schema":{"@context":"https:\/\/schema.org","@graph":[{"@type":"WebPage","@id":"https:\/\/staging.baredev.com\/de\/fiocchi-di-sale-marino-allaglio-maldon-100g\/","url":"https:\/\/staging.baredev.com\/de\/fiocchi-di-sale-marino-allaglio-maldon-100g\/","name":"Maldon Knoblauch-Meersalzflocken 100 g - Sapori Nostri","isPartOf":{"@id":"https:\/\/staging.baredev.com\/de\/#website"},"primaryImageOfPage":{"@id":"https:\/\/staging.baredev.com\/de\/fiocchi-di-sale-marino-allaglio-maldon-100g\/#primaryimage"},"image":{"@id":"https:\/\/staging.baredev.com\/de\/fiocchi-di-sale-marino-allaglio-maldon-100g\/#primaryimage"},"thumbnailUrl":"https:\/\/staging.baredev.com\/wp-content\/uploads\/2025\/03\/Senza-titolo-25-4.png","datePublished":"2025-03-14T08:18:11+00:00","dateModified":"2026-03-13T07:28:52+00:00","description":"Weiche und knusprige Meersalzflocken, traditionell nach nat\u00fcrlichen Methoden hergestellt und mit wildem und ger\u00f6stetem Knoblauch vermischt.","breadcrumb":{"@id":"https:\/\/staging.baredev.com\/de\/fiocchi-di-sale-marino-allaglio-maldon-100g\/#breadcrumb"},"inLanguage":"de-DE","potentialAction":[{"@type":"ReadAction","target":["https:\/\/staging.baredev.com\/de\/fiocchi-di-sale-marino-allaglio-maldon-100g\/"]}]},{"@type":"ImageObject","inLanguage":"de-DE","@id":"https:\/\/staging.baredev.com\/de\/fiocchi-di-sale-marino-allaglio-maldon-100g\/#primaryimage","url":"https:\/\/staging.baredev.com\/wp-content\/uploads\/2025\/03\/Senza-titolo-25-4.png","contentUrl":"https:\/\/staging.baredev.com\/wp-content\/uploads\/2025\/03\/Senza-titolo-25-4.png","width":1080,"height":1080},{"@type":"BreadcrumbList","@id":"https:\/\/staging.baredev.com\/de\/fiocchi-di-sale-marino-allaglio-maldon-100g\/#breadcrumb","itemListElement":[{"@type":"ListItem","position":1,"name":"Home","item":"https:\/\/staging.baredev.com\/de\/"},{"@type":"ListItem","position":2,"name":"Shop","item":"https:\/\/staging.baredev.com\/de\/shop\/"},{"@type":"ListItem","position":3,"name":"Fiocchi di Sale Marino all&#8217;Aglio Maldon 100g"}]},{"@type":"WebSite","@id":"https:\/\/staging.baredev.com\/de\/#website","url":"https:\/\/staging.baredev.com\/de\/","name":"Sapori Nostri","description":"","publisher":{"@id":"https:\/\/staging.baredev.com\/de\/#organization"},"potentialAction":[{"@type":"SearchAction","target":{"@type":"EntryPoint","urlTemplate":"https:\/\/staging.baredev.com\/de\/?s={search_term_string}"},"query-input":{"@type":"PropertyValueSpecification","valueRequired":true,"valueName":"search_term_string"}}],"inLanguage":"de-DE"},{"@type":"Organization","@id":"https:\/\/staging.baredev.com\/de\/#organization","name":"Sapori Nostri","url":"https:\/\/staging.baredev.com\/de\/","logo":{"@type":"ImageObject","inLanguage":"de-DE","@id":"https:\/\/staging.baredev.com\/de\/#\/schema\/logo\/image\/","url":"https:\/\/staging.baredev.com\/wp-content\/uploads\/2020\/05\/logo-retina.png","contentUrl":"https:\/\/staging.baredev.com\/wp-content\/uploads\/2020\/05\/logo-retina.png","width":500,"height":109,"caption":"Sapori Nostri"},"image":{"@id":"https:\/\/staging.baredev.com\/de\/#\/schema\/logo\/image\/"},"sameAs":["https:\/\/www.facebook.com\/saporinostri.it\/","https:\/\/www.instagram.com\/saporinostri.it\/"]}]}},"jetpack_sharing_enabled":true,"brands":[{"id":661,"name":"Maldon","slug":"maldon"}],"_links":{"self":[{"href":"https:\/\/staging.baredev.com\/de\/wp-json\/wp\/v2\/product\/32646","targetHints":{"allow":["GET"]}}],"collection":[{"href":"https:\/\/staging.baredev.com\/de\/wp-json\/wp\/v2\/product"}],"about":[{"href":"https:\/\/staging.baredev.com\/de\/wp-json\/wp\/v2\/types\/product"}],"replies":[{"embeddable":true,"href":"https:\/\/staging.baredev.com\/de\/wp-json\/wp\/v2\/comments?post=32646"}],"wp:featuredmedia":[{"embeddable":true,"href":"https:\/\/staging.baredev.com\/de\/wp-json\/wp\/v2\/media\/32647"}],"wp:attachment":[{"href":"https:\/\/staging.baredev.com\/de\/wp-json\/wp\/v2\/media?parent=32646"}],"wp:term":[{"taxonomy":"pwb-brand","embeddable":true,"href":"https:\/\/staging.baredev.com\/de\/wp-json\/wp\/v2\/pwb-brand?post=32646"},{"taxonomy":"product_brand","embeddable":true,"href":"https:\/\/staging.baredev.com\/de\/wp-json\/wp\/v2\/product_brand?post=32646"},{"taxonomy":"product_cat","embeddable":true,"href":"https:\/\/staging.baredev.com\/de\/wp-json\/wp\/v2\/product_cat?post=32646"},{"taxonomy":"product_tag","embeddable":true,"href":"https:\/\/staging.baredev.com\/de\/wp-json\/wp\/v2\/product_tag?post=32646"}],"curies":[{"name":"wp","href":"https:\/\/api.w.org\/{rel}","templated":true}]}}