{"id":36389,"date":"2025-11-12T10:05:08","date_gmt":"2025-11-12T09:05:08","guid":{"rendered":"https:\/\/www.saporinostri.it\/?post_type=product&#038;p=36389"},"modified":"2026-04-23T17:11:49","modified_gmt":"2026-04-23T15:11:49","slug":"farina-alba-caputo-1-kg","status":"publish","type":"product","link":"https:\/\/staging.baredev.com\/de\/farina-alba-caputo-1-kg\/","title":{"rendered":"Alba Caputo Mehl 1 kg"},"content":{"rendered":"<div class=\"elementor-element elementor-element-e802c66 elementor-widget elementor-widget-heading\" data-id=\"e802c66\" data-element_type=\"widget\" data-widget_type=\"heading.default\">\n<div class=\"elementor-widget-container\">\n<p>Dort <strong data-start=\"286\" data-end=\"308\">Caputo Alba Mehl<\/strong> Es handelt sich um ein Weichweizenmehl vom Typ \u201e00\u201c, gewonnen <strong data-start=\"358\" data-end=\"375\">nur aus Weizen<\/strong>.<\/p>\n<p>Es handelt sich um ein professionelles Mehl, das speziell f\u00fcr die Zubereitung von ... entwickelt wurde. <strong data-start=\"503\" data-end=\"533\">Brioches, Donuts und Bl\u00e4tterteiggeb\u00e4ck<\/strong>daher ideal f\u00fcr <strong data-start=\"553\" data-end=\"615\">s\u00fc\u00dfe Teige, leichte Hefeprodukte und Geb\u00e4ckprodukte<\/strong>.<\/p>\n<\/div>\n<\/div>\n<div class=\"elementor-element elementor-element-8a9123e elementor-widget elementor-widget-theme-post-excerpt\" data-id=\"8a9123e\" data-element_type=\"widget\" data-widget_type=\"theme-post-excerpt.default\">\n<div><\/div>\n<\/div>\n<div class=\"mini-infobox-wrapper\">\n<p class=\"mini-infobox\"><b>Mehlsorte<\/b><br \/>\n00<\/p>\n<p class=\"mini-infobox\"><b>B\u00e4ckerei<\/b><br \/>\nW 260\/280<\/p>\n<p class=\"mini-infobox\"><b>Proteine<\/b><br \/>\n12,75%<\/p>\n<p class=\"mini-infobox\"><b>Elastizit\u00e4t<\/b><br \/>\nP \/ L 0,50 \/ 0,60<\/p>\n<p class=\"mini-infobox\"><b>Sauerteig<\/b><br \/>\nLange<\/p>\n<\/div>\n<p>&nbsp;<\/p>\n<div class=\"mt-3\"><\/div>","protected":false},"excerpt":{"rendered":"<p>Dort <strong data-start=\"2769\" data-end=\"2791\">Caputo Alba Mehl<\/strong> Es ist die ideale Wahl f\u00fcr alle, die Hefeteig- und Bl\u00e4tterteigdesserts mit professionellen Ergebnissen zubereiten m\u00f6chten.<br data-start=\"2895\" data-end=\"2898\" \/>Seine Reinheit, der feine Mahlgrad und die Qualit\u00e4t der K\u00f6rner machen es zu einem ausgewogenen, vielseitigen Mehl, das den Duft und die Zartheit jeder Zubereitung verbessern kann.<\/p>","protected":false},"featured_media":36392,"comment_status":"open","ping_status":"closed","template":"","meta":{"_acf_changed":false,"inline_featured_image":false,"wprm-recipe-roundup-name":"","wprm-recipe-roundup-description":""},"pwb-brand":[110],"product_brand":[],"product_cat":[97],"product_tag":[],"class_list":{"0":"post-36389","1":"product","2":"type-product","3":"status-publish","4":"has-post-thumbnail","6":"pwb-brand-mulino-caputo","7":"product_cat-farine","8":"product_shipping_class-iva-4","10":"first","11":"instock","12":"sale","13":"taxable","14":"shipping-taxable","15":"purchasable","16":"product-type-simple"},"acf":[],"yoast_head":"<!-- This site is optimized with the Yoast SEO Premium plugin v23.7 (Yoast SEO v27.6) - https:\/\/yoast.com\/product\/yoast-seo-premium-wordpress\/ -->\n<title>Farina Alba Caputo 1 Kg - Sapori Nostri<\/title>\n<meta name=\"description\" content=\"La Caputo Alba, studiata appositamente per la preparazione di brioches, graffe e sfoglie, ideale per impasti dolci, lievitati leggeri.\" \/>\n<meta name=\"robots\" content=\"index, follow, max-snippet:-1, max-image-preview:large, max-video-preview:-1\" \/>\n<link rel=\"canonical\" href=\"https:\/\/staging.baredev.com\/de\/farina-alba-caputo-1-kg\/\" \/>\n<meta property=\"og:locale\" content=\"de_DE\" \/>\n<meta property=\"og:type\" content=\"article\" \/>\n<meta property=\"og:title\" content=\"Farina Alba Caputo 1 Kg\" \/>\n<meta property=\"og:description\" content=\"La Caputo Alba, studiata appositamente per la preparazione di brioches, graffe e sfoglie, ideale per impasti dolci, lievitati leggeri.\" \/>\n<meta property=\"og:url\" content=\"https:\/\/staging.baredev.com\/de\/farina-alba-caputo-1-kg\/\" \/>\n<meta property=\"og:site_name\" content=\"Sapori Nostri\" \/>\n<meta property=\"article:publisher\" content=\"https:\/\/www.facebook.com\/saporinostri.it\/\" \/>\n<meta property=\"article:modified_time\" content=\"2026-04-23T15:11:49+00:00\" \/>\n<meta property=\"og:image\" content=\"https:\/\/staging.baredev.com\/wp-content\/uploads\/2025\/11\/alba-fronte.png\" \/>\n\t<meta property=\"og:image:width\" content=\"1080\" \/>\n\t<meta property=\"og:image:height\" content=\"1920\" \/>\n\t<meta property=\"og:image:type\" content=\"image\/png\" \/>\n<meta name=\"twitter:card\" content=\"summary_large_image\" \/>\n<meta name=\"twitter:label1\" content=\"Est. reading time\" \/>\n\t<meta name=\"twitter:data1\" content=\"2 minutes\" \/>\n<script type=\"application\/ld+json\" class=\"yoast-schema-graph\">{\"@context\":\"https:\\\/\\\/schema.org\",\"@graph\":[{\"@type\":\"WebPage\",\"@id\":\"https:\\\/\\\/staging.baredev.com\\\/de\\\/farina-alba-caputo-1-kg\\\/\",\"url\":\"https:\\\/\\\/staging.baredev.com\\\/de\\\/farina-alba-caputo-1-kg\\\/\",\"name\":\"Farina Alba Caputo 1 Kg - Sapori Nostri\",\"isPartOf\":{\"@id\":\"https:\\\/\\\/staging.baredev.com\\\/de\\\/#website\"},\"primaryImageOfPage\":{\"@id\":\"https:\\\/\\\/staging.baredev.com\\\/de\\\/farina-alba-caputo-1-kg\\\/#primaryimage\"},\"image\":{\"@id\":\"https:\\\/\\\/staging.baredev.com\\\/de\\\/farina-alba-caputo-1-kg\\\/#primaryimage\"},\"thumbnailUrl\":\"https:\\\/\\\/staging.baredev.com\\\/wp-content\\\/uploads\\\/2025\\\/11\\\/alba-fronte.png\",\"datePublished\":\"2025-11-12T09:05:08+00:00\",\"dateModified\":\"2026-04-23T15:11:49+00:00\",\"description\":\"La Caputo Alba, studiata appositamente per la preparazione di brioches, graffe e sfoglie, ideale per impasti dolci, lievitati leggeri.\",\"breadcrumb\":{\"@id\":\"https:\\\/\\\/staging.baredev.com\\\/de\\\/farina-alba-caputo-1-kg\\\/#breadcrumb\"},\"inLanguage\":\"de-DE\",\"potentialAction\":[{\"@type\":\"ReadAction\",\"target\":[\"https:\\\/\\\/staging.baredev.com\\\/de\\\/farina-alba-caputo-1-kg\\\/\"]}]},{\"@type\":\"ImageObject\",\"inLanguage\":\"de-DE\",\"@id\":\"https:\\\/\\\/staging.baredev.com\\\/de\\\/farina-alba-caputo-1-kg\\\/#primaryimage\",\"url\":\"https:\\\/\\\/staging.baredev.com\\\/wp-content\\\/uploads\\\/2025\\\/11\\\/alba-fronte.png\",\"contentUrl\":\"https:\\\/\\\/staging.baredev.com\\\/wp-content\\\/uploads\\\/2025\\\/11\\\/alba-fronte.png\",\"width\":1080,\"height\":1920},{\"@type\":\"BreadcrumbList\",\"@id\":\"https:\\\/\\\/staging.baredev.com\\\/de\\\/farina-alba-caputo-1-kg\\\/#breadcrumb\",\"itemListElement\":[{\"@type\":\"ListItem\",\"position\":1,\"name\":\"Home\",\"item\":\"https:\\\/\\\/staging.baredev.com\\\/de\\\/\"},{\"@type\":\"ListItem\",\"position\":2,\"name\":\"Shop\",\"item\":\"https:\\\/\\\/staging.baredev.com\\\/de\\\/shop\\\/\"},{\"@type\":\"ListItem\",\"position\":3,\"name\":\"Farina Alba Caputo 1 Kg\"}]},{\"@type\":\"WebSite\",\"@id\":\"https:\\\/\\\/staging.baredev.com\\\/de\\\/#website\",\"url\":\"https:\\\/\\\/staging.baredev.com\\\/de\\\/\",\"name\":\"Sapori Nostri\",\"description\":\"\",\"publisher\":{\"@id\":\"https:\\\/\\\/staging.baredev.com\\\/de\\\/#organization\"},\"potentialAction\":[{\"@type\":\"SearchAction\",\"target\":{\"@type\":\"EntryPoint\",\"urlTemplate\":\"https:\\\/\\\/staging.baredev.com\\\/de\\\/?s={search_term_string}\"},\"query-input\":{\"@type\":\"PropertyValueSpecification\",\"valueRequired\":true,\"valueName\":\"search_term_string\"}}],\"inLanguage\":\"de-DE\"},{\"@type\":\"Organization\",\"@id\":\"https:\\\/\\\/staging.baredev.com\\\/de\\\/#organization\",\"name\":\"Sapori Nostri\",\"url\":\"https:\\\/\\\/staging.baredev.com\\\/de\\\/\",\"logo\":{\"@type\":\"ImageObject\",\"inLanguage\":\"de-DE\",\"@id\":\"https:\\\/\\\/staging.baredev.com\\\/de\\\/#\\\/schema\\\/logo\\\/image\\\/\",\"url\":\"https:\\\/\\\/staging.baredev.com\\\/wp-content\\\/uploads\\\/2020\\\/05\\\/logo-retina.png\",\"contentUrl\":\"https:\\\/\\\/staging.baredev.com\\\/wp-content\\\/uploads\\\/2020\\\/05\\\/logo-retina.png\",\"width\":500,\"height\":109,\"caption\":\"Sapori Nostri\"},\"image\":{\"@id\":\"https:\\\/\\\/staging.baredev.com\\\/de\\\/#\\\/schema\\\/logo\\\/image\\\/\"},\"sameAs\":[\"https:\\\/\\\/www.facebook.com\\\/saporinostri.it\\\/\",\"https:\\\/\\\/www.instagram.com\\\/saporinostri.it\\\/\"]}]}<\/script>\n<!-- \/ Yoast SEO Premium plugin. -->","yoast_head_json":{"title":"Alba Caputo Mehl 1 kg - Sapori Nostri","description":"Caputo Alba wurde speziell f\u00fcr die Herstellung von Brioches, Donuts und Bl\u00e4tterteig entwickelt und eignet sich ideal f\u00fcr s\u00fc\u00dfe Teige und leichte Hefeprodukte.","robots":{"index":"index","follow":"follow","max-snippet":"max-snippet:-1","max-image-preview":"max-image-preview:large","max-video-preview":"max-video-preview:-1"},"canonical":"https:\/\/staging.baredev.com\/de\/farina-alba-caputo-1-kg\/","og_locale":"de_DE","og_type":"article","og_title":"Farina Alba Caputo 1 Kg","og_description":"La Caputo Alba, studiata appositamente per la preparazione di brioches, graffe e sfoglie, ideale per impasti dolci, lievitati leggeri.","og_url":"https:\/\/staging.baredev.com\/de\/farina-alba-caputo-1-kg\/","og_site_name":"Sapori Nostri","article_publisher":"https:\/\/www.facebook.com\/saporinostri.it\/","article_modified_time":"2026-04-23T15:11:49+00:00","og_image":[{"width":1080,"height":1920,"url":"https:\/\/staging.baredev.com\/wp-content\/uploads\/2025\/11\/alba-fronte.png","type":"image\/png"}],"twitter_card":"summary_large_image","twitter_misc":{"Est. reading time":"2 minutes"},"schema":{"@context":"https:\/\/schema.org","@graph":[{"@type":"WebPage","@id":"https:\/\/staging.baredev.com\/de\/farina-alba-caputo-1-kg\/","url":"https:\/\/staging.baredev.com\/de\/farina-alba-caputo-1-kg\/","name":"Alba Caputo Mehl 1 kg - Sapori Nostri","isPartOf":{"@id":"https:\/\/staging.baredev.com\/de\/#website"},"primaryImageOfPage":{"@id":"https:\/\/staging.baredev.com\/de\/farina-alba-caputo-1-kg\/#primaryimage"},"image":{"@id":"https:\/\/staging.baredev.com\/de\/farina-alba-caputo-1-kg\/#primaryimage"},"thumbnailUrl":"https:\/\/staging.baredev.com\/wp-content\/uploads\/2025\/11\/alba-fronte.png","datePublished":"2025-11-12T09:05:08+00:00","dateModified":"2026-04-23T15:11:49+00:00","description":"Caputo Alba wurde speziell f\u00fcr die Herstellung von Brioches, Donuts und Bl\u00e4tterteig entwickelt und eignet sich ideal f\u00fcr s\u00fc\u00dfe Teige und leichte Hefeprodukte.","breadcrumb":{"@id":"https:\/\/staging.baredev.com\/de\/farina-alba-caputo-1-kg\/#breadcrumb"},"inLanguage":"de-DE","potentialAction":[{"@type":"ReadAction","target":["https:\/\/staging.baredev.com\/de\/farina-alba-caputo-1-kg\/"]}]},{"@type":"ImageObject","inLanguage":"de-DE","@id":"https:\/\/staging.baredev.com\/de\/farina-alba-caputo-1-kg\/#primaryimage","url":"https:\/\/staging.baredev.com\/wp-content\/uploads\/2025\/11\/alba-fronte.png","contentUrl":"https:\/\/staging.baredev.com\/wp-content\/uploads\/2025\/11\/alba-fronte.png","width":1080,"height":1920},{"@type":"BreadcrumbList","@id":"https:\/\/staging.baredev.com\/de\/farina-alba-caputo-1-kg\/#breadcrumb","itemListElement":[{"@type":"ListItem","position":1,"name":"Home","item":"https:\/\/staging.baredev.com\/de\/"},{"@type":"ListItem","position":2,"name":"Shop","item":"https:\/\/staging.baredev.com\/de\/shop\/"},{"@type":"ListItem","position":3,"name":"Farina Alba Caputo 1 Kg"}]},{"@type":"WebSite","@id":"https:\/\/staging.baredev.com\/de\/#website","url":"https:\/\/staging.baredev.com\/de\/","name":"Sapori Nostri","description":"","publisher":{"@id":"https:\/\/staging.baredev.com\/de\/#organization"},"potentialAction":[{"@type":"SearchAction","target":{"@type":"EntryPoint","urlTemplate":"https:\/\/staging.baredev.com\/de\/?s={search_term_string}"},"query-input":{"@type":"PropertyValueSpecification","valueRequired":true,"valueName":"search_term_string"}}],"inLanguage":"de-DE"},{"@type":"Organization","@id":"https:\/\/staging.baredev.com\/de\/#organization","name":"Sapori Nostri","url":"https:\/\/staging.baredev.com\/de\/","logo":{"@type":"ImageObject","inLanguage":"de-DE","@id":"https:\/\/staging.baredev.com\/de\/#\/schema\/logo\/image\/","url":"https:\/\/staging.baredev.com\/wp-content\/uploads\/2020\/05\/logo-retina.png","contentUrl":"https:\/\/staging.baredev.com\/wp-content\/uploads\/2020\/05\/logo-retina.png","width":500,"height":109,"caption":"Sapori Nostri"},"image":{"@id":"https:\/\/staging.baredev.com\/de\/#\/schema\/logo\/image\/"},"sameAs":["https:\/\/www.facebook.com\/saporinostri.it\/","https:\/\/www.instagram.com\/saporinostri.it\/"]}]}},"jetpack_sharing_enabled":true,"brands":[{"id":110,"name":"Mulino Caputo","slug":"mulino-caputo"}],"_links":{"self":[{"href":"https:\/\/staging.baredev.com\/de\/wp-json\/wp\/v2\/product\/36389","targetHints":{"allow":["GET"]}}],"collection":[{"href":"https:\/\/staging.baredev.com\/de\/wp-json\/wp\/v2\/product"}],"about":[{"href":"https:\/\/staging.baredev.com\/de\/wp-json\/wp\/v2\/types\/product"}],"replies":[{"embeddable":true,"href":"https:\/\/staging.baredev.com\/de\/wp-json\/wp\/v2\/comments?post=36389"}],"wp:featuredmedia":[{"embeddable":true,"href":"https:\/\/staging.baredev.com\/de\/wp-json\/wp\/v2\/media\/36392"}],"wp:attachment":[{"href":"https:\/\/staging.baredev.com\/de\/wp-json\/wp\/v2\/media?parent=36389"}],"wp:term":[{"taxonomy":"pwb-brand","embeddable":true,"href":"https:\/\/staging.baredev.com\/de\/wp-json\/wp\/v2\/pwb-brand?post=36389"},{"taxonomy":"product_brand","embeddable":true,"href":"https:\/\/staging.baredev.com\/de\/wp-json\/wp\/v2\/product_brand?post=36389"},{"taxonomy":"product_cat","embeddable":true,"href":"https:\/\/staging.baredev.com\/de\/wp-json\/wp\/v2\/product_cat?post=36389"},{"taxonomy":"product_tag","embeddable":true,"href":"https:\/\/staging.baredev.com\/de\/wp-json\/wp\/v2\/product_tag?post=36389"}],"curies":[{"name":"wp","href":"https:\/\/api.w.org\/{rel}","templated":true}]}}