{"id":4112,"date":"2020-10-15T17:14:15","date_gmt":"2020-10-15T15:14:15","guid":{"rendered":"https:\/\/woocommerce-587295-4567585.cloudwaysapps.com\/?post_type=product&#038;p=4112"},"modified":"2024-11-05T18:28:58","modified_gmt":"2024-11-05T17:28:58","slug":"orecchiette-colorate-orogiallo","status":"publish","type":"product","link":"https:\/\/staging.baredev.com\/de\/orecchiette-colorate-orogiallo\/","title":{"rendered":"Goldgelbe Orecchiette 500g"},"content":{"rendered":"<p>Der Teig von OroGiallo Colored Orecchiette besteht aus Hartweizengrie\u00df, Wasser, Chili, Spinat, Kurkuma und Rote Beete. Ohne Konservierungs- und Zusatzstoffe jeglicher Art. Produkt, das sich durch sorgf\u00e4ltige Mahl- und Teigwarenherstellungsverfahren, handwerkliche Herstellungsverfahren und nat\u00fcrliche Trocknung durch seine Qualit\u00e4t auszeichnet.<\/p>\n<p><strong>Zutaten:<\/strong> Hartweizengrie\u00df, Wasser, dehydrierte Chili (3%), dehydrierter Spinat (3%), dehydrierte Kurkuma (3%), dehydrierte Rote Bete (3%).<\/p>","protected":false},"excerpt":{"rendered":"<p>Die OroGiallo Coloured Orecchiette werden ausschlie\u00dflich aus sorgf\u00e4ltig ausgew\u00e4hlten K\u00f6rnern hergestellt. Das Endprodukt verkocht nicht, hat einen charakteristischen Geschmack und eine charakteristische Farbe, ist rau und passt gut zu allen Gew\u00fcrzen.<\/p>\n<p><strong>Nettogewicht:<\/strong> 500 g<br \/>\n<strong>Kochen:<\/strong> 15 Minuten<\/p>","protected":false},"featured_media":4113,"comment_status":"open","ping_status":"closed","template":"","meta":{"_acf_changed":false,"inline_featured_image":false,"wprm-recipe-roundup-name":"","wprm-recipe-roundup-description":""},"pwb-brand":[409],"product_brand":[],"product_cat":[407],"product_tag":[],"class_list":{"0":"post-4112","1":"product","2":"type-product","3":"status-publish","4":"has-post-thumbnail","6":"pwb-brand-orogiallo","7":"product_cat-pasta-artigianale","9":"first","10":"outofstock","11":"sale","12":"taxable","13":"shipping-taxable","14":"purchasable","15":"product-type-simple"},"acf":[],"yoast_head":"<!-- This site is optimized with the Yoast SEO Premium plugin v23.7 (Yoast SEO v27.6) - https:\/\/yoast.com\/product\/yoast-seo-premium-wordpress\/ -->\n<title>Orecchiette Colorate OroGiallo 500g - Pasta Artigianale - Sapori Nostri<\/title>\n<meta name=\"description\" content=\"Le Orecchiette Colorate OroGiallo sono prodotte esclusivamente con grani selezionati, acquista le migliori paste artigianali su sapori nostri\" \/>\n<meta name=\"robots\" content=\"index, follow, max-snippet:-1, max-image-preview:large, max-video-preview:-1\" \/>\n<link rel=\"canonical\" href=\"https:\/\/staging.baredev.com\/de\/orecchiette-colorate-orogiallo\/\" \/>\n<meta property=\"og:locale\" content=\"de_DE\" \/>\n<meta property=\"og:type\" content=\"article\" \/>\n<meta property=\"og:title\" content=\"Orecchiette Colorate OroGiallo 500g\" \/>\n<meta property=\"og:description\" content=\"Le Orecchiette Colorate OroGiallo sono prodotte esclusivamente con grani selezionati, acquista le migliori paste artigianali su sapori nostri\" \/>\n<meta property=\"og:url\" content=\"https:\/\/staging.baredev.com\/de\/orecchiette-colorate-orogiallo\/\" \/>\n<meta property=\"og:site_name\" content=\"Sapori Nostri\" \/>\n<meta property=\"article:publisher\" content=\"https:\/\/www.facebook.com\/saporinostri.it\/\" \/>\n<meta property=\"article:modified_time\" content=\"2024-11-05T17:28:58+00:00\" \/>\n<meta property=\"og:image\" content=\"https:\/\/staging.baredev.com\/wp-content\/uploads\/2020\/10\/orecchiette-colorate-orogiallo-front.jpg\" \/>\n\t<meta property=\"og:image:width\" content=\"1100\" \/>\n\t<meta property=\"og:image:height\" content=\"1100\" \/>\n\t<meta property=\"og:image:type\" content=\"image\/jpeg\" \/>\n<meta name=\"twitter:card\" content=\"summary_large_image\" \/>\n<script type=\"application\/ld+json\" class=\"yoast-schema-graph\">{\"@context\":\"https:\\\/\\\/schema.org\",\"@graph\":[{\"@type\":\"WebPage\",\"@id\":\"https:\\\/\\\/staging.baredev.com\\\/de\\\/orecchiette-colorate-orogiallo\\\/\",\"url\":\"https:\\\/\\\/staging.baredev.com\\\/de\\\/orecchiette-colorate-orogiallo\\\/\",\"name\":\"Orecchiette Colorate OroGiallo 500g - Pasta Artigianale - Sapori Nostri\",\"isPartOf\":{\"@id\":\"https:\\\/\\\/staging.baredev.com\\\/de\\\/#website\"},\"primaryImageOfPage\":{\"@id\":\"https:\\\/\\\/staging.baredev.com\\\/de\\\/orecchiette-colorate-orogiallo\\\/#primaryimage\"},\"image\":{\"@id\":\"https:\\\/\\\/staging.baredev.com\\\/de\\\/orecchiette-colorate-orogiallo\\\/#primaryimage\"},\"thumbnailUrl\":\"https:\\\/\\\/staging.baredev.com\\\/wp-content\\\/uploads\\\/2020\\\/10\\\/orecchiette-colorate-orogiallo-front.jpg\",\"datePublished\":\"2020-10-15T15:14:15+00:00\",\"dateModified\":\"2024-11-05T17:28:58+00:00\",\"description\":\"Le Orecchiette Colorate OroGiallo sono prodotte esclusivamente con grani selezionati, acquista le migliori paste artigianali su sapori nostri\",\"breadcrumb\":{\"@id\":\"https:\\\/\\\/staging.baredev.com\\\/de\\\/orecchiette-colorate-orogiallo\\\/#breadcrumb\"},\"inLanguage\":\"de-DE\",\"potentialAction\":[{\"@type\":\"ReadAction\",\"target\":[\"https:\\\/\\\/staging.baredev.com\\\/de\\\/orecchiette-colorate-orogiallo\\\/\"]}]},{\"@type\":\"ImageObject\",\"inLanguage\":\"de-DE\",\"@id\":\"https:\\\/\\\/staging.baredev.com\\\/de\\\/orecchiette-colorate-orogiallo\\\/#primaryimage\",\"url\":\"https:\\\/\\\/staging.baredev.com\\\/wp-content\\\/uploads\\\/2020\\\/10\\\/orecchiette-colorate-orogiallo-front.jpg\",\"contentUrl\":\"https:\\\/\\\/staging.baredev.com\\\/wp-content\\\/uploads\\\/2020\\\/10\\\/orecchiette-colorate-orogiallo-front.jpg\",\"width\":1100,\"height\":1100,\"caption\":\"Orecchiette Colorate OroGiallo 500g\"},{\"@type\":\"BreadcrumbList\",\"@id\":\"https:\\\/\\\/staging.baredev.com\\\/de\\\/orecchiette-colorate-orogiallo\\\/#breadcrumb\",\"itemListElement\":[{\"@type\":\"ListItem\",\"position\":1,\"name\":\"Home\",\"item\":\"https:\\\/\\\/staging.baredev.com\\\/de\\\/\"},{\"@type\":\"ListItem\",\"position\":2,\"name\":\"Shop\",\"item\":\"https:\\\/\\\/staging.baredev.com\\\/de\\\/shop\\\/\"},{\"@type\":\"ListItem\",\"position\":3,\"name\":\"Orecchiette Colorate OroGiallo 500g\"}]},{\"@type\":\"WebSite\",\"@id\":\"https:\\\/\\\/staging.baredev.com\\\/de\\\/#website\",\"url\":\"https:\\\/\\\/staging.baredev.com\\\/de\\\/\",\"name\":\"Sapori Nostri\",\"description\":\"\",\"publisher\":{\"@id\":\"https:\\\/\\\/staging.baredev.com\\\/de\\\/#organization\"},\"potentialAction\":[{\"@type\":\"SearchAction\",\"target\":{\"@type\":\"EntryPoint\",\"urlTemplate\":\"https:\\\/\\\/staging.baredev.com\\\/de\\\/?s={search_term_string}\"},\"query-input\":{\"@type\":\"PropertyValueSpecification\",\"valueRequired\":true,\"valueName\":\"search_term_string\"}}],\"inLanguage\":\"de-DE\"},{\"@type\":\"Organization\",\"@id\":\"https:\\\/\\\/staging.baredev.com\\\/de\\\/#organization\",\"name\":\"Sapori Nostri\",\"url\":\"https:\\\/\\\/staging.baredev.com\\\/de\\\/\",\"logo\":{\"@type\":\"ImageObject\",\"inLanguage\":\"de-DE\",\"@id\":\"https:\\\/\\\/staging.baredev.com\\\/de\\\/#\\\/schema\\\/logo\\\/image\\\/\",\"url\":\"https:\\\/\\\/staging.baredev.com\\\/wp-content\\\/uploads\\\/2020\\\/05\\\/logo-retina.png\",\"contentUrl\":\"https:\\\/\\\/staging.baredev.com\\\/wp-content\\\/uploads\\\/2020\\\/05\\\/logo-retina.png\",\"width\":500,\"height\":109,\"caption\":\"Sapori Nostri\"},\"image\":{\"@id\":\"https:\\\/\\\/staging.baredev.com\\\/de\\\/#\\\/schema\\\/logo\\\/image\\\/\"},\"sameAs\":[\"https:\\\/\\\/www.facebook.com\\\/saporinostri.it\\\/\",\"https:\\\/\\\/www.instagram.com\\\/saporinostri.it\\\/\"]}]}<\/script>\n<!-- \/ Yoast SEO Premium plugin. -->","yoast_head_json":{"title":"Orecchiette Colored OroYellow 500g - Artisan Pasta - Unsere Geschmacksrichtungen","description":"Die OroGiallo Colored Orecchiette werden ausschlie\u00dflich mit ausgew\u00e4hlten K\u00f6rnern hergestellt, kaufen Sie die besten handwerklichen Nudeln in unseren Geschmacksrichtungen","robots":{"index":"index","follow":"follow","max-snippet":"max-snippet:-1","max-image-preview":"max-image-preview:large","max-video-preview":"max-video-preview:-1"},"canonical":"https:\/\/staging.baredev.com\/de\/orecchiette-colorate-orogiallo\/","og_locale":"de_DE","og_type":"article","og_title":"Orecchiette Colorate OroGiallo 500g","og_description":"Le Orecchiette Colorate OroGiallo sono prodotte esclusivamente con grani selezionati, acquista le migliori paste artigianali su sapori nostri","og_url":"https:\/\/staging.baredev.com\/de\/orecchiette-colorate-orogiallo\/","og_site_name":"Sapori Nostri","article_publisher":"https:\/\/www.facebook.com\/saporinostri.it\/","article_modified_time":"2024-11-05T17:28:58+00:00","og_image":[{"width":1100,"height":1100,"url":"https:\/\/staging.baredev.com\/wp-content\/uploads\/2020\/10\/orecchiette-colorate-orogiallo-front.jpg","type":"image\/jpeg"}],"twitter_card":"summary_large_image","schema":{"@context":"https:\/\/schema.org","@graph":[{"@type":"WebPage","@id":"https:\/\/staging.baredev.com\/de\/orecchiette-colorate-orogiallo\/","url":"https:\/\/staging.baredev.com\/de\/orecchiette-colorate-orogiallo\/","name":"Orecchiette Colored OroYellow 500g - Artisan Pasta - Unsere Geschmacksrichtungen","isPartOf":{"@id":"https:\/\/staging.baredev.com\/de\/#website"},"primaryImageOfPage":{"@id":"https:\/\/staging.baredev.com\/de\/orecchiette-colorate-orogiallo\/#primaryimage"},"image":{"@id":"https:\/\/staging.baredev.com\/de\/orecchiette-colorate-orogiallo\/#primaryimage"},"thumbnailUrl":"https:\/\/staging.baredev.com\/wp-content\/uploads\/2020\/10\/orecchiette-colorate-orogiallo-front.jpg","datePublished":"2020-10-15T15:14:15+00:00","dateModified":"2024-11-05T17:28:58+00:00","description":"Die OroGiallo Colored Orecchiette werden ausschlie\u00dflich mit ausgew\u00e4hlten K\u00f6rnern hergestellt, kaufen Sie die besten handwerklichen Nudeln in unseren Geschmacksrichtungen","breadcrumb":{"@id":"https:\/\/staging.baredev.com\/de\/orecchiette-colorate-orogiallo\/#breadcrumb"},"inLanguage":"de-DE","potentialAction":[{"@type":"ReadAction","target":["https:\/\/staging.baredev.com\/de\/orecchiette-colorate-orogiallo\/"]}]},{"@type":"ImageObject","inLanguage":"de-DE","@id":"https:\/\/staging.baredev.com\/de\/orecchiette-colorate-orogiallo\/#primaryimage","url":"https:\/\/staging.baredev.com\/wp-content\/uploads\/2020\/10\/orecchiette-colorate-orogiallo-front.jpg","contentUrl":"https:\/\/staging.baredev.com\/wp-content\/uploads\/2020\/10\/orecchiette-colorate-orogiallo-front.jpg","width":1100,"height":1100,"caption":"Orecchiette Colorate OroGiallo 500g"},{"@type":"BreadcrumbList","@id":"https:\/\/staging.baredev.com\/de\/orecchiette-colorate-orogiallo\/#breadcrumb","itemListElement":[{"@type":"ListItem","position":1,"name":"Home","item":"https:\/\/staging.baredev.com\/de\/"},{"@type":"ListItem","position":2,"name":"Shop","item":"https:\/\/staging.baredev.com\/de\/shop\/"},{"@type":"ListItem","position":3,"name":"Orecchiette Colorate OroGiallo 500g"}]},{"@type":"WebSite","@id":"https:\/\/staging.baredev.com\/de\/#website","url":"https:\/\/staging.baredev.com\/de\/","name":"Sapori Nostri","description":"","publisher":{"@id":"https:\/\/staging.baredev.com\/de\/#organization"},"potentialAction":[{"@type":"SearchAction","target":{"@type":"EntryPoint","urlTemplate":"https:\/\/staging.baredev.com\/de\/?s={search_term_string}"},"query-input":{"@type":"PropertyValueSpecification","valueRequired":true,"valueName":"search_term_string"}}],"inLanguage":"de-DE"},{"@type":"Organization","@id":"https:\/\/staging.baredev.com\/de\/#organization","name":"Sapori Nostri","url":"https:\/\/staging.baredev.com\/de\/","logo":{"@type":"ImageObject","inLanguage":"de-DE","@id":"https:\/\/staging.baredev.com\/de\/#\/schema\/logo\/image\/","url":"https:\/\/staging.baredev.com\/wp-content\/uploads\/2020\/05\/logo-retina.png","contentUrl":"https:\/\/staging.baredev.com\/wp-content\/uploads\/2020\/05\/logo-retina.png","width":500,"height":109,"caption":"Sapori Nostri"},"image":{"@id":"https:\/\/staging.baredev.com\/de\/#\/schema\/logo\/image\/"},"sameAs":["https:\/\/www.facebook.com\/saporinostri.it\/","https:\/\/www.instagram.com\/saporinostri.it\/"]}]}},"jetpack_sharing_enabled":true,"brands":[{"id":409,"name":"Gelbes Gold","slug":"orogiallo"}],"_links":{"self":[{"href":"https:\/\/staging.baredev.com\/de\/wp-json\/wp\/v2\/product\/4112","targetHints":{"allow":["GET"]}}],"collection":[{"href":"https:\/\/staging.baredev.com\/de\/wp-json\/wp\/v2\/product"}],"about":[{"href":"https:\/\/staging.baredev.com\/de\/wp-json\/wp\/v2\/types\/product"}],"replies":[{"embeddable":true,"href":"https:\/\/staging.baredev.com\/de\/wp-json\/wp\/v2\/comments?post=4112"}],"wp:featuredmedia":[{"embeddable":true,"href":"https:\/\/staging.baredev.com\/de\/wp-json\/wp\/v2\/media\/4113"}],"wp:attachment":[{"href":"https:\/\/staging.baredev.com\/de\/wp-json\/wp\/v2\/media?parent=4112"}],"wp:term":[{"taxonomy":"pwb-brand","embeddable":true,"href":"https:\/\/staging.baredev.com\/de\/wp-json\/wp\/v2\/pwb-brand?post=4112"},{"taxonomy":"product_brand","embeddable":true,"href":"https:\/\/staging.baredev.com\/de\/wp-json\/wp\/v2\/product_brand?post=4112"},{"taxonomy":"product_cat","embeddable":true,"href":"https:\/\/staging.baredev.com\/de\/wp-json\/wp\/v2\/product_cat?post=4112"},{"taxonomy":"product_tag","embeddable":true,"href":"https:\/\/staging.baredev.com\/de\/wp-json\/wp\/v2\/product_tag?post=4112"}],"curies":[{"name":"wp","href":"https:\/\/api.w.org\/{rel}","templated":true}]}}