{"id":4429,"date":"2020-11-03T13:05:14","date_gmt":"2020-11-03T12:05:14","guid":{"rendered":"https:\/\/woocommerce-587295-4567585.cloudwaysapps.com\/?post_type=product&#038;p=4429"},"modified":"2024-11-05T18:37:22","modified_gmt":"2024-11-05T17:37:22","slug":"olio-extravergine-di-oliva-porto-di-mola-cassetta-regalo-in-legno","status":"publish","type":"product","link":"https:\/\/staging.baredev.com\/de\/olio-extravergine-di-oliva-porto-di-mola-cassetta-regalo-in-legno\/","title":{"rendered":"Porto di Mola Natives Oliven\u00f6l Extra aus Holz Geschenkbox"},"content":{"rendered":"<p style=\"font-size: 1.2em; line-height: 1.5; color: #121212; margin-bottom: 20px;\">Eine kleine Exzellenz unseres Territoriums ist Sessana, eine Olive, die urspr\u00fcnglich aus Terra Laboris stammt, aus der ein \u00d6l mit einer strohgelben Farbe gewonnen wird, die ins Gr\u00fcne tendiert. Er hat einen hohen Gehalt an Polyphenolen und eine mittelintensive Fruchtigkeit.<\/p>","protected":false},"excerpt":{"rendered":"<div style=\"font-size: 1.06em; color: #333; line-height: 1.3em;\">Holzkiste mit 4 Flaschen Porto di Mola Bio Natives Oliven\u00f6l Extra Virgin<\/div>\n<div style=\"font-size: 1.06em; color: #333; line-height: 1.3em;\">1 x Natives Oliven\u00f6l Extra 250 ml<br \/>\n1 x Natives Oliven\u00f6l Extra DOP 250 ml<br \/>\n1 x Ger\u00e4uchertes Natives Oliven\u00f6l Extra 250 ml<br \/>\n1 x Natives Oliven\u00f6l Extra Itrana 250 ml<\/div>","protected":false},"featured_media":4431,"comment_status":"open","ping_status":"closed","template":"","meta":{"_acf_changed":false,"inline_featured_image":false,"wprm-recipe-roundup-name":"","wprm-recipe-roundup-description":""},"pwb-brand":[191],"product_brand":[],"product_cat":[194],"product_tag":[],"class_list":{"0":"post-4429","1":"product","2":"type-product","3":"status-publish","4":"has-post-thumbnail","6":"pwb-brand-porto-di-mola","7":"product_cat-olio","9":"first","10":"outofstock","11":"sale","12":"taxable","13":"shipping-taxable","14":"purchasable","15":"product-type-simple"},"acf":[],"yoast_head":"<!-- This site is optimized with the Yoast SEO Premium plugin v23.7 (Yoast SEO v27.6) - https:\/\/yoast.com\/product\/yoast-seo-premium-wordpress\/ -->\n<title>Olio Extravergine Di Oliva Porto di Mola - Cassetta Regalo - Sapori Nostri<\/title>\n<meta name=\"description\" content=\"Cassetta Regalo in legno con Olio Extravergine di Oliva Porto di Mola, prodotto con oliva originaria della Terra di Lavoro, olio 100% italiano\" \/>\n<meta name=\"robots\" content=\"index, follow, max-snippet:-1, max-image-preview:large, max-video-preview:-1\" \/>\n<link rel=\"canonical\" href=\"https:\/\/staging.baredev.com\/de\/olio-extravergine-di-oliva-porto-di-mola-cassetta-regalo-in-legno\/\" \/>\n<meta property=\"og:locale\" content=\"de_DE\" \/>\n<meta property=\"og:type\" content=\"article\" \/>\n<meta property=\"og:title\" content=\"Olio Extravergine Di Oliva Porto di Mola Cassetta Regalo in Legno\" \/>\n<meta property=\"og:description\" content=\"Cassetta Regalo in legno con Olio Extravergine di Oliva Porto di Mola, prodotto con oliva originaria della Terra di Lavoro, olio 100% italiano\" \/>\n<meta property=\"og:url\" content=\"https:\/\/staging.baredev.com\/de\/olio-extravergine-di-oliva-porto-di-mola-cassetta-regalo-in-legno\/\" \/>\n<meta property=\"og:site_name\" content=\"Sapori Nostri\" \/>\n<meta property=\"article:publisher\" content=\"https:\/\/www.facebook.com\/saporinostri.it\/\" \/>\n<meta property=\"article:modified_time\" content=\"2024-11-05T17:37:22+00:00\" \/>\n<meta property=\"og:image\" content=\"https:\/\/staging.baredev.com\/wp-content\/uploads\/2020\/11\/confezione-regalo-olio-porto-di-mola-side.jpg\" \/>\n\t<meta property=\"og:image:width\" content=\"1100\" \/>\n\t<meta property=\"og:image:height\" content=\"1100\" \/>\n\t<meta property=\"og:image:type\" content=\"image\/jpeg\" \/>\n<meta name=\"twitter:card\" content=\"summary_large_image\" \/>\n<script type=\"application\/ld+json\" class=\"yoast-schema-graph\">{\"@context\":\"https:\\\/\\\/schema.org\",\"@graph\":[{\"@type\":\"WebPage\",\"@id\":\"https:\\\/\\\/staging.baredev.com\\\/de\\\/olio-extravergine-di-oliva-porto-di-mola-cassetta-regalo-in-legno\\\/\",\"url\":\"https:\\\/\\\/staging.baredev.com\\\/de\\\/olio-extravergine-di-oliva-porto-di-mola-cassetta-regalo-in-legno\\\/\",\"name\":\"Olio Extravergine Di Oliva Porto di Mola - Cassetta Regalo - Sapori Nostri\",\"isPartOf\":{\"@id\":\"https:\\\/\\\/staging.baredev.com\\\/de\\\/#website\"},\"primaryImageOfPage\":{\"@id\":\"https:\\\/\\\/staging.baredev.com\\\/de\\\/olio-extravergine-di-oliva-porto-di-mola-cassetta-regalo-in-legno\\\/#primaryimage\"},\"image\":{\"@id\":\"https:\\\/\\\/staging.baredev.com\\\/de\\\/olio-extravergine-di-oliva-porto-di-mola-cassetta-regalo-in-legno\\\/#primaryimage\"},\"thumbnailUrl\":\"https:\\\/\\\/staging.baredev.com\\\/wp-content\\\/uploads\\\/2020\\\/11\\\/confezione-regalo-olio-porto-di-mola-side.jpg\",\"datePublished\":\"2020-11-03T12:05:14+00:00\",\"dateModified\":\"2024-11-05T17:37:22+00:00\",\"description\":\"Cassetta Regalo in legno con Olio Extravergine di Oliva Porto di Mola, prodotto con oliva originaria della Terra di Lavoro, olio 100% italiano\",\"breadcrumb\":{\"@id\":\"https:\\\/\\\/staging.baredev.com\\\/de\\\/olio-extravergine-di-oliva-porto-di-mola-cassetta-regalo-in-legno\\\/#breadcrumb\"},\"inLanguage\":\"de-DE\",\"potentialAction\":[{\"@type\":\"ReadAction\",\"target\":[\"https:\\\/\\\/staging.baredev.com\\\/de\\\/olio-extravergine-di-oliva-porto-di-mola-cassetta-regalo-in-legno\\\/\"]}]},{\"@type\":\"ImageObject\",\"inLanguage\":\"de-DE\",\"@id\":\"https:\\\/\\\/staging.baredev.com\\\/de\\\/olio-extravergine-di-oliva-porto-di-mola-cassetta-regalo-in-legno\\\/#primaryimage\",\"url\":\"https:\\\/\\\/staging.baredev.com\\\/wp-content\\\/uploads\\\/2020\\\/11\\\/confezione-regalo-olio-porto-di-mola-side.jpg\",\"contentUrl\":\"https:\\\/\\\/staging.baredev.com\\\/wp-content\\\/uploads\\\/2020\\\/11\\\/confezione-regalo-olio-porto-di-mola-side.jpg\",\"width\":1100,\"height\":1100,\"caption\":\"Olio Extravergine Di Oliva Porto di Mola Cassetta Regalo in Legno\"},{\"@type\":\"BreadcrumbList\",\"@id\":\"https:\\\/\\\/staging.baredev.com\\\/de\\\/olio-extravergine-di-oliva-porto-di-mola-cassetta-regalo-in-legno\\\/#breadcrumb\",\"itemListElement\":[{\"@type\":\"ListItem\",\"position\":1,\"name\":\"Home\",\"item\":\"https:\\\/\\\/staging.baredev.com\\\/de\\\/\"},{\"@type\":\"ListItem\",\"position\":2,\"name\":\"Shop\",\"item\":\"https:\\\/\\\/staging.baredev.com\\\/de\\\/shop\\\/\"},{\"@type\":\"ListItem\",\"position\":3,\"name\":\"Olio Extravergine Di Oliva Porto di Mola Cassetta Regalo in Legno\"}]},{\"@type\":\"WebSite\",\"@id\":\"https:\\\/\\\/staging.baredev.com\\\/de\\\/#website\",\"url\":\"https:\\\/\\\/staging.baredev.com\\\/de\\\/\",\"name\":\"Sapori Nostri\",\"description\":\"\",\"publisher\":{\"@id\":\"https:\\\/\\\/staging.baredev.com\\\/de\\\/#organization\"},\"potentialAction\":[{\"@type\":\"SearchAction\",\"target\":{\"@type\":\"EntryPoint\",\"urlTemplate\":\"https:\\\/\\\/staging.baredev.com\\\/de\\\/?s={search_term_string}\"},\"query-input\":{\"@type\":\"PropertyValueSpecification\",\"valueRequired\":true,\"valueName\":\"search_term_string\"}}],\"inLanguage\":\"de-DE\"},{\"@type\":\"Organization\",\"@id\":\"https:\\\/\\\/staging.baredev.com\\\/de\\\/#organization\",\"name\":\"Sapori Nostri\",\"url\":\"https:\\\/\\\/staging.baredev.com\\\/de\\\/\",\"logo\":{\"@type\":\"ImageObject\",\"inLanguage\":\"de-DE\",\"@id\":\"https:\\\/\\\/staging.baredev.com\\\/de\\\/#\\\/schema\\\/logo\\\/image\\\/\",\"url\":\"https:\\\/\\\/staging.baredev.com\\\/wp-content\\\/uploads\\\/2020\\\/05\\\/logo-retina.png\",\"contentUrl\":\"https:\\\/\\\/staging.baredev.com\\\/wp-content\\\/uploads\\\/2020\\\/05\\\/logo-retina.png\",\"width\":500,\"height\":109,\"caption\":\"Sapori Nostri\"},\"image\":{\"@id\":\"https:\\\/\\\/staging.baredev.com\\\/de\\\/#\\\/schema\\\/logo\\\/image\\\/\"},\"sameAs\":[\"https:\\\/\\\/www.facebook.com\\\/saporinostri.it\\\/\",\"https:\\\/\\\/www.instagram.com\\\/saporinostri.it\\\/\"]}]}<\/script>\n<!-- \/ Yoast SEO Premium plugin. -->","yoast_head_json":{"title":"Porto di Mola Natives Oliven\u00f6l Extra - Geschenkbox - Sapori Nostra","description":"Holz-Geschenkbox mit Porto di Mola Nativem Oliven\u00f6l Extra, hergestellt mit Oliven aus Terra di Lavoro, italienischem 100% \u00d6l","robots":{"index":"index","follow":"follow","max-snippet":"max-snippet:-1","max-image-preview":"max-image-preview:large","max-video-preview":"max-video-preview:-1"},"canonical":"https:\/\/staging.baredev.com\/de\/olio-extravergine-di-oliva-porto-di-mola-cassetta-regalo-in-legno\/","og_locale":"de_DE","og_type":"article","og_title":"Olio Extravergine Di Oliva Porto di Mola Cassetta Regalo in Legno","og_description":"Cassetta Regalo in legno con Olio Extravergine di Oliva Porto di Mola, prodotto con oliva originaria della Terra di Lavoro, olio 100% italiano","og_url":"https:\/\/staging.baredev.com\/de\/olio-extravergine-di-oliva-porto-di-mola-cassetta-regalo-in-legno\/","og_site_name":"Sapori Nostri","article_publisher":"https:\/\/www.facebook.com\/saporinostri.it\/","article_modified_time":"2024-11-05T17:37:22+00:00","og_image":[{"width":1100,"height":1100,"url":"https:\/\/staging.baredev.com\/wp-content\/uploads\/2020\/11\/confezione-regalo-olio-porto-di-mola-side.jpg","type":"image\/jpeg"}],"twitter_card":"summary_large_image","schema":{"@context":"https:\/\/schema.org","@graph":[{"@type":"WebPage","@id":"https:\/\/staging.baredev.com\/de\/olio-extravergine-di-oliva-porto-di-mola-cassetta-regalo-in-legno\/","url":"https:\/\/staging.baredev.com\/de\/olio-extravergine-di-oliva-porto-di-mola-cassetta-regalo-in-legno\/","name":"Porto di Mola Natives Oliven\u00f6l Extra - Geschenkbox - Sapori Nostra","isPartOf":{"@id":"https:\/\/staging.baredev.com\/de\/#website"},"primaryImageOfPage":{"@id":"https:\/\/staging.baredev.com\/de\/olio-extravergine-di-oliva-porto-di-mola-cassetta-regalo-in-legno\/#primaryimage"},"image":{"@id":"https:\/\/staging.baredev.com\/de\/olio-extravergine-di-oliva-porto-di-mola-cassetta-regalo-in-legno\/#primaryimage"},"thumbnailUrl":"https:\/\/staging.baredev.com\/wp-content\/uploads\/2020\/11\/confezione-regalo-olio-porto-di-mola-side.jpg","datePublished":"2020-11-03T12:05:14+00:00","dateModified":"2024-11-05T17:37:22+00:00","description":"Holz-Geschenkbox mit Porto di Mola Nativem Oliven\u00f6l Extra, hergestellt mit Oliven aus Terra di Lavoro, italienischem 100% \u00d6l","breadcrumb":{"@id":"https:\/\/staging.baredev.com\/de\/olio-extravergine-di-oliva-porto-di-mola-cassetta-regalo-in-legno\/#breadcrumb"},"inLanguage":"de-DE","potentialAction":[{"@type":"ReadAction","target":["https:\/\/staging.baredev.com\/de\/olio-extravergine-di-oliva-porto-di-mola-cassetta-regalo-in-legno\/"]}]},{"@type":"ImageObject","inLanguage":"de-DE","@id":"https:\/\/staging.baredev.com\/de\/olio-extravergine-di-oliva-porto-di-mola-cassetta-regalo-in-legno\/#primaryimage","url":"https:\/\/staging.baredev.com\/wp-content\/uploads\/2020\/11\/confezione-regalo-olio-porto-di-mola-side.jpg","contentUrl":"https:\/\/staging.baredev.com\/wp-content\/uploads\/2020\/11\/confezione-regalo-olio-porto-di-mola-side.jpg","width":1100,"height":1100,"caption":"Olio Extravergine Di Oliva Porto di Mola Cassetta Regalo in Legno"},{"@type":"BreadcrumbList","@id":"https:\/\/staging.baredev.com\/de\/olio-extravergine-di-oliva-porto-di-mola-cassetta-regalo-in-legno\/#breadcrumb","itemListElement":[{"@type":"ListItem","position":1,"name":"Home","item":"https:\/\/staging.baredev.com\/de\/"},{"@type":"ListItem","position":2,"name":"Shop","item":"https:\/\/staging.baredev.com\/de\/shop\/"},{"@type":"ListItem","position":3,"name":"Olio Extravergine Di Oliva Porto di Mola Cassetta Regalo in Legno"}]},{"@type":"WebSite","@id":"https:\/\/staging.baredev.com\/de\/#website","url":"https:\/\/staging.baredev.com\/de\/","name":"Sapori Nostri","description":"","publisher":{"@id":"https:\/\/staging.baredev.com\/de\/#organization"},"potentialAction":[{"@type":"SearchAction","target":{"@type":"EntryPoint","urlTemplate":"https:\/\/staging.baredev.com\/de\/?s={search_term_string}"},"query-input":{"@type":"PropertyValueSpecification","valueRequired":true,"valueName":"search_term_string"}}],"inLanguage":"de-DE"},{"@type":"Organization","@id":"https:\/\/staging.baredev.com\/de\/#organization","name":"Sapori Nostri","url":"https:\/\/staging.baredev.com\/de\/","logo":{"@type":"ImageObject","inLanguage":"de-DE","@id":"https:\/\/staging.baredev.com\/de\/#\/schema\/logo\/image\/","url":"https:\/\/staging.baredev.com\/wp-content\/uploads\/2020\/05\/logo-retina.png","contentUrl":"https:\/\/staging.baredev.com\/wp-content\/uploads\/2020\/05\/logo-retina.png","width":500,"height":109,"caption":"Sapori Nostri"},"image":{"@id":"https:\/\/staging.baredev.com\/de\/#\/schema\/logo\/image\/"},"sameAs":["https:\/\/www.facebook.com\/saporinostri.it\/","https:\/\/www.instagram.com\/saporinostri.it\/"]}]}},"jetpack_sharing_enabled":true,"brands":[{"id":191,"name":"Hafen von Mola","slug":"porto-di-mola"}],"_links":{"self":[{"href":"https:\/\/staging.baredev.com\/de\/wp-json\/wp\/v2\/product\/4429","targetHints":{"allow":["GET"]}}],"collection":[{"href":"https:\/\/staging.baredev.com\/de\/wp-json\/wp\/v2\/product"}],"about":[{"href":"https:\/\/staging.baredev.com\/de\/wp-json\/wp\/v2\/types\/product"}],"replies":[{"embeddable":true,"href":"https:\/\/staging.baredev.com\/de\/wp-json\/wp\/v2\/comments?post=4429"}],"wp:featuredmedia":[{"embeddable":true,"href":"https:\/\/staging.baredev.com\/de\/wp-json\/wp\/v2\/media\/4431"}],"wp:attachment":[{"href":"https:\/\/staging.baredev.com\/de\/wp-json\/wp\/v2\/media?parent=4429"}],"wp:term":[{"taxonomy":"pwb-brand","embeddable":true,"href":"https:\/\/staging.baredev.com\/de\/wp-json\/wp\/v2\/pwb-brand?post=4429"},{"taxonomy":"product_brand","embeddable":true,"href":"https:\/\/staging.baredev.com\/de\/wp-json\/wp\/v2\/product_brand?post=4429"},{"taxonomy":"product_cat","embeddable":true,"href":"https:\/\/staging.baredev.com\/de\/wp-json\/wp\/v2\/product_cat?post=4429"},{"taxonomy":"product_tag","embeddable":true,"href":"https:\/\/staging.baredev.com\/de\/wp-json\/wp\/v2\/product_tag?post=4429"}],"curies":[{"name":"wp","href":"https:\/\/api.w.org\/{rel}","templated":true}]}}