{"id":5073,"date":"2020-11-26T11:39:02","date_gmt":"2020-11-26T10:39:02","guid":{"rendered":"https:\/\/woocommerce-587295-4567585.cloudwaysapps.com\/?post_type=product&#038;p=5073"},"modified":"2024-11-18T22:54:29","modified_gmt":"2024-11-18T21:54:29","slug":"piastra-per-waffle-dcg-wa2205","status":"publish","type":"product","link":"https:\/\/staging.baredev.com\/de\/piastra-per-waffle-dcg-wa2205\/","title":{"rendered":"Waffeleisen DCG WA2205"},"content":{"rendered":"<p>A12-Zertifizierung, Antihaftplatte, Griffe, w\u00e4rmeisoliert, Verbr\u00fchungsschutzabdeckung, Kontrollleuchte.<\/p>\n<p>Stromversorgung: 230V 50Hz 700W<\/p>\n<p>Abmessungen: 20x26x8,5 cm<\/p>","protected":false},"excerpt":{"rendered":"<p>Einfach zu bedienendes Waffeleisen mit Kontrollleuchte, Temperaturkontrolle.<\/p>\n<p>Waffeln sind weiche Waffelkuchen, die zwischen zwei hei\u00dfen Platten gegart werden. Waffeln haben sehr alte Urspr\u00fcnge, tats\u00e4chlich wurden Waffeln bereits im antiken Griechenland in gusseisernen Platten zubereitet und verbreiteten sich dann im Mittelalter vor allem in der Gegend von Belgien, wo sie noch heute ein typisches Dessert sind. Waffeln werden hei\u00df gegessen, begleitet von frischem Obst, Ahornsirup, Schokolade, Sahne oder Eis.<\/p>","protected":false},"featured_media":5074,"comment_status":"open","ping_status":"closed","template":"","meta":{"_acf_changed":false,"inline_featured_image":false,"wprm-recipe-roundup-name":"","wprm-recipe-roundup-description":""},"pwb-brand":[417],"product_brand":[],"product_cat":[416],"product_tag":[],"class_list":{"0":"post-5073","1":"product","2":"type-product","3":"status-publish","4":"has-post-thumbnail","6":"pwb-brand-dcg","7":"product_cat-elettrodomestici","9":"first","10":"outofstock","11":"sale","12":"taxable","13":"shipping-taxable","14":"purchasable","15":"product-type-simple"},"acf":[],"yoast_head":"<!-- This site is optimized with the Yoast SEO Premium plugin v23.7 (Yoast SEO v27.6) - https:\/\/yoast.com\/product\/yoast-seo-premium-wordpress\/ -->\n<title>Piastra Per Waffle DCG WA2205 - Sapori Nostri<\/title>\n<meta name=\"robots\" content=\"index, follow, max-snippet:-1, max-image-preview:large, max-video-preview:-1\" \/>\n<link rel=\"canonical\" href=\"https:\/\/staging.baredev.com\/de\/piastra-per-waffle-dcg-wa2205\/\" \/>\n<meta property=\"og:locale\" content=\"de_DE\" \/>\n<meta property=\"og:type\" content=\"article\" \/>\n<meta property=\"og:title\" content=\"Piastra Per Waffle DCG WA2205\" \/>\n<meta property=\"og:description\" content=\"Macchina per preparare waffle, facile da usare con luce d&#039;indicazione, controllo della temperatura.  I waffle sono dei dolci a cialda morbidi, cotti tra due piastre roventi. I waffle vantano origini antichissime, infatti i waffle venivano preparati gi\u00e0 nell&#039;antica Grecia in piastre di ghisa per poi diffondersi nel Medioevo, soprattutto nella zona del Belgio, dove sono ancora oggi un dolce tipico. I waffle sono ottimi mangiati caldi accompagnati da frutta fresca, sciroppo d&#039;acero, cioccolata, panna o gelato.\" \/>\n<meta property=\"og:url\" content=\"https:\/\/staging.baredev.com\/de\/piastra-per-waffle-dcg-wa2205\/\" \/>\n<meta property=\"og:site_name\" content=\"Sapori Nostri\" \/>\n<meta property=\"article:publisher\" content=\"https:\/\/www.facebook.com\/saporinostri.it\/\" \/>\n<meta property=\"article:modified_time\" content=\"2024-11-18T21:54:29+00:00\" \/>\n<meta property=\"og:image\" content=\"https:\/\/staging.baredev.com\/wp-content\/uploads\/2020\/11\/piastra-per-waffle-dcg-wa2205.jpg\" \/>\n\t<meta property=\"og:image:width\" content=\"1100\" \/>\n\t<meta property=\"og:image:height\" content=\"1100\" \/>\n\t<meta property=\"og:image:type\" content=\"image\/jpeg\" \/>\n<meta name=\"twitter:card\" content=\"summary_large_image\" \/>\n<script type=\"application\/ld+json\" class=\"yoast-schema-graph\">{\"@context\":\"https:\\\/\\\/schema.org\",\"@graph\":[{\"@type\":\"WebPage\",\"@id\":\"https:\\\/\\\/staging.baredev.com\\\/de\\\/piastra-per-waffle-dcg-wa2205\\\/\",\"url\":\"https:\\\/\\\/staging.baredev.com\\\/de\\\/piastra-per-waffle-dcg-wa2205\\\/\",\"name\":\"Piastra Per Waffle DCG WA2205 - Sapori Nostri\",\"isPartOf\":{\"@id\":\"https:\\\/\\\/staging.baredev.com\\\/de\\\/#website\"},\"primaryImageOfPage\":{\"@id\":\"https:\\\/\\\/staging.baredev.com\\\/de\\\/piastra-per-waffle-dcg-wa2205\\\/#primaryimage\"},\"image\":{\"@id\":\"https:\\\/\\\/staging.baredev.com\\\/de\\\/piastra-per-waffle-dcg-wa2205\\\/#primaryimage\"},\"thumbnailUrl\":\"https:\\\/\\\/staging.baredev.com\\\/wp-content\\\/uploads\\\/2020\\\/11\\\/piastra-per-waffle-dcg-wa2205.jpg\",\"datePublished\":\"2020-11-26T10:39:02+00:00\",\"dateModified\":\"2024-11-18T21:54:29+00:00\",\"breadcrumb\":{\"@id\":\"https:\\\/\\\/staging.baredev.com\\\/de\\\/piastra-per-waffle-dcg-wa2205\\\/#breadcrumb\"},\"inLanguage\":\"de-DE\",\"potentialAction\":[{\"@type\":\"ReadAction\",\"target\":[\"https:\\\/\\\/staging.baredev.com\\\/de\\\/piastra-per-waffle-dcg-wa2205\\\/\"]}]},{\"@type\":\"ImageObject\",\"inLanguage\":\"de-DE\",\"@id\":\"https:\\\/\\\/staging.baredev.com\\\/de\\\/piastra-per-waffle-dcg-wa2205\\\/#primaryimage\",\"url\":\"https:\\\/\\\/staging.baredev.com\\\/wp-content\\\/uploads\\\/2020\\\/11\\\/piastra-per-waffle-dcg-wa2205.jpg\",\"contentUrl\":\"https:\\\/\\\/staging.baredev.com\\\/wp-content\\\/uploads\\\/2020\\\/11\\\/piastra-per-waffle-dcg-wa2205.jpg\",\"width\":1100,\"height\":1100,\"caption\":\"Piastra Per Waffle DCG WA2205\"},{\"@type\":\"BreadcrumbList\",\"@id\":\"https:\\\/\\\/staging.baredev.com\\\/de\\\/piastra-per-waffle-dcg-wa2205\\\/#breadcrumb\",\"itemListElement\":[{\"@type\":\"ListItem\",\"position\":1,\"name\":\"Home\",\"item\":\"https:\\\/\\\/staging.baredev.com\\\/de\\\/\"},{\"@type\":\"ListItem\",\"position\":2,\"name\":\"Shop\",\"item\":\"https:\\\/\\\/staging.baredev.com\\\/de\\\/shop\\\/\"},{\"@type\":\"ListItem\",\"position\":3,\"name\":\"Piastra Per Waffle DCG WA2205\"}]},{\"@type\":\"WebSite\",\"@id\":\"https:\\\/\\\/staging.baredev.com\\\/de\\\/#website\",\"url\":\"https:\\\/\\\/staging.baredev.com\\\/de\\\/\",\"name\":\"Sapori Nostri\",\"description\":\"\",\"publisher\":{\"@id\":\"https:\\\/\\\/staging.baredev.com\\\/de\\\/#organization\"},\"potentialAction\":[{\"@type\":\"SearchAction\",\"target\":{\"@type\":\"EntryPoint\",\"urlTemplate\":\"https:\\\/\\\/staging.baredev.com\\\/de\\\/?s={search_term_string}\"},\"query-input\":{\"@type\":\"PropertyValueSpecification\",\"valueRequired\":true,\"valueName\":\"search_term_string\"}}],\"inLanguage\":\"de-DE\"},{\"@type\":\"Organization\",\"@id\":\"https:\\\/\\\/staging.baredev.com\\\/de\\\/#organization\",\"name\":\"Sapori Nostri\",\"url\":\"https:\\\/\\\/staging.baredev.com\\\/de\\\/\",\"logo\":{\"@type\":\"ImageObject\",\"inLanguage\":\"de-DE\",\"@id\":\"https:\\\/\\\/staging.baredev.com\\\/de\\\/#\\\/schema\\\/logo\\\/image\\\/\",\"url\":\"https:\\\/\\\/staging.baredev.com\\\/wp-content\\\/uploads\\\/2020\\\/05\\\/logo-retina.png\",\"contentUrl\":\"https:\\\/\\\/staging.baredev.com\\\/wp-content\\\/uploads\\\/2020\\\/05\\\/logo-retina.png\",\"width\":500,\"height\":109,\"caption\":\"Sapori Nostri\"},\"image\":{\"@id\":\"https:\\\/\\\/staging.baredev.com\\\/de\\\/#\\\/schema\\\/logo\\\/image\\\/\"},\"sameAs\":[\"https:\\\/\\\/www.facebook.com\\\/saporinostri.it\\\/\",\"https:\\\/\\\/www.instagram.com\\\/saporinostri.it\\\/\"]}]}<\/script>\n<!-- \/ Yoast SEO Premium plugin. -->","yoast_head_json":{"title":"DCG WA2205 Waffeleisen - Sapori Nostra","robots":{"index":"index","follow":"follow","max-snippet":"max-snippet:-1","max-image-preview":"max-image-preview:large","max-video-preview":"max-video-preview:-1"},"canonical":"https:\/\/staging.baredev.com\/de\/piastra-per-waffle-dcg-wa2205\/","og_locale":"de_DE","og_type":"article","og_title":"Piastra Per Waffle DCG WA2205","og_description":"Macchina per preparare waffle, facile da usare con luce d'indicazione, controllo della temperatura.  I waffle sono dei dolci a cialda morbidi, cotti tra due piastre roventi. I waffle vantano origini antichissime, infatti i waffle venivano preparati gi\u00e0 nell'antica Grecia in piastre di ghisa per poi diffondersi nel Medioevo, soprattutto nella zona del Belgio, dove sono ancora oggi un dolce tipico. I waffle sono ottimi mangiati caldi accompagnati da frutta fresca, sciroppo d'acero, cioccolata, panna o gelato.","og_url":"https:\/\/staging.baredev.com\/de\/piastra-per-waffle-dcg-wa2205\/","og_site_name":"Sapori Nostri","article_publisher":"https:\/\/www.facebook.com\/saporinostri.it\/","article_modified_time":"2024-11-18T21:54:29+00:00","og_image":[{"width":1100,"height":1100,"url":"https:\/\/staging.baredev.com\/wp-content\/uploads\/2020\/11\/piastra-per-waffle-dcg-wa2205.jpg","type":"image\/jpeg"}],"twitter_card":"summary_large_image","schema":{"@context":"https:\/\/schema.org","@graph":[{"@type":"WebPage","@id":"https:\/\/staging.baredev.com\/de\/piastra-per-waffle-dcg-wa2205\/","url":"https:\/\/staging.baredev.com\/de\/piastra-per-waffle-dcg-wa2205\/","name":"DCG WA2205 Waffeleisen - Sapori Nostra","isPartOf":{"@id":"https:\/\/staging.baredev.com\/de\/#website"},"primaryImageOfPage":{"@id":"https:\/\/staging.baredev.com\/de\/piastra-per-waffle-dcg-wa2205\/#primaryimage"},"image":{"@id":"https:\/\/staging.baredev.com\/de\/piastra-per-waffle-dcg-wa2205\/#primaryimage"},"thumbnailUrl":"https:\/\/staging.baredev.com\/wp-content\/uploads\/2020\/11\/piastra-per-waffle-dcg-wa2205.jpg","datePublished":"2020-11-26T10:39:02+00:00","dateModified":"2024-11-18T21:54:29+00:00","breadcrumb":{"@id":"https:\/\/staging.baredev.com\/de\/piastra-per-waffle-dcg-wa2205\/#breadcrumb"},"inLanguage":"de-DE","potentialAction":[{"@type":"ReadAction","target":["https:\/\/staging.baredev.com\/de\/piastra-per-waffle-dcg-wa2205\/"]}]},{"@type":"ImageObject","inLanguage":"de-DE","@id":"https:\/\/staging.baredev.com\/de\/piastra-per-waffle-dcg-wa2205\/#primaryimage","url":"https:\/\/staging.baredev.com\/wp-content\/uploads\/2020\/11\/piastra-per-waffle-dcg-wa2205.jpg","contentUrl":"https:\/\/staging.baredev.com\/wp-content\/uploads\/2020\/11\/piastra-per-waffle-dcg-wa2205.jpg","width":1100,"height":1100,"caption":"Piastra Per Waffle DCG WA2205"},{"@type":"BreadcrumbList","@id":"https:\/\/staging.baredev.com\/de\/piastra-per-waffle-dcg-wa2205\/#breadcrumb","itemListElement":[{"@type":"ListItem","position":1,"name":"Home","item":"https:\/\/staging.baredev.com\/de\/"},{"@type":"ListItem","position":2,"name":"Shop","item":"https:\/\/staging.baredev.com\/de\/shop\/"},{"@type":"ListItem","position":3,"name":"Piastra Per Waffle DCG WA2205"}]},{"@type":"WebSite","@id":"https:\/\/staging.baredev.com\/de\/#website","url":"https:\/\/staging.baredev.com\/de\/","name":"Sapori Nostri","description":"","publisher":{"@id":"https:\/\/staging.baredev.com\/de\/#organization"},"potentialAction":[{"@type":"SearchAction","target":{"@type":"EntryPoint","urlTemplate":"https:\/\/staging.baredev.com\/de\/?s={search_term_string}"},"query-input":{"@type":"PropertyValueSpecification","valueRequired":true,"valueName":"search_term_string"}}],"inLanguage":"de-DE"},{"@type":"Organization","@id":"https:\/\/staging.baredev.com\/de\/#organization","name":"Sapori Nostri","url":"https:\/\/staging.baredev.com\/de\/","logo":{"@type":"ImageObject","inLanguage":"de-DE","@id":"https:\/\/staging.baredev.com\/de\/#\/schema\/logo\/image\/","url":"https:\/\/staging.baredev.com\/wp-content\/uploads\/2020\/05\/logo-retina.png","contentUrl":"https:\/\/staging.baredev.com\/wp-content\/uploads\/2020\/05\/logo-retina.png","width":500,"height":109,"caption":"Sapori Nostri"},"image":{"@id":"https:\/\/staging.baredev.com\/de\/#\/schema\/logo\/image\/"},"sameAs":["https:\/\/www.facebook.com\/saporinostri.it\/","https:\/\/www.instagram.com\/saporinostri.it\/"]}]}},"jetpack_sharing_enabled":true,"brands":[{"id":417,"name":"DCG","slug":"dcg"}],"_links":{"self":[{"href":"https:\/\/staging.baredev.com\/de\/wp-json\/wp\/v2\/product\/5073","targetHints":{"allow":["GET"]}}],"collection":[{"href":"https:\/\/staging.baredev.com\/de\/wp-json\/wp\/v2\/product"}],"about":[{"href":"https:\/\/staging.baredev.com\/de\/wp-json\/wp\/v2\/types\/product"}],"replies":[{"embeddable":true,"href":"https:\/\/staging.baredev.com\/de\/wp-json\/wp\/v2\/comments?post=5073"}],"wp:featuredmedia":[{"embeddable":true,"href":"https:\/\/staging.baredev.com\/de\/wp-json\/wp\/v2\/media\/5074"}],"wp:attachment":[{"href":"https:\/\/staging.baredev.com\/de\/wp-json\/wp\/v2\/media?parent=5073"}],"wp:term":[{"taxonomy":"pwb-brand","embeddable":true,"href":"https:\/\/staging.baredev.com\/de\/wp-json\/wp\/v2\/pwb-brand?post=5073"},{"taxonomy":"product_brand","embeddable":true,"href":"https:\/\/staging.baredev.com\/de\/wp-json\/wp\/v2\/product_brand?post=5073"},{"taxonomy":"product_cat","embeddable":true,"href":"https:\/\/staging.baredev.com\/de\/wp-json\/wp\/v2\/product_cat?post=5073"},{"taxonomy":"product_tag","embeddable":true,"href":"https:\/\/staging.baredev.com\/de\/wp-json\/wp\/v2\/product_tag?post=5073"}],"curies":[{"name":"wp","href":"https:\/\/api.w.org\/{rel}","templated":true}]}}