{"id":5391,"date":"2020-12-07T17:09:37","date_gmt":"2020-12-07T16:09:37","guid":{"rendered":"https:\/\/woocommerce-587295-4567585.cloudwaysapps.com\/?post_type=product&#038;p=5391"},"modified":"2026-05-10T18:28:31","modified_gmt":"2026-05-10T16:28:31","slug":"teglia-per-pizza-in-ferro-blu-40x30cm-emili-teglie","status":"publish","type":"product","link":"https:\/\/staging.baredev.com\/de\/teglia-per-pizza-in-ferro-blu-40x30cm-emili-teglie\/","title":{"rendered":"Blaue Eisen Pizzapfanne 40x30cm Emili Teglie"},"content":{"rendered":"<p>Diejenigen <a href=\"https:\/\/staging.baredev.com\/de\/produttore\/emili-teglie\/\"><strong>Emili Teglie<\/strong><\/a> geh\u00f6ren zu den <strong>beste pizzapfannen<\/strong>\u00a0 im heimischen backofen ist der drin<strong> blaues Eisen<\/strong>, Metall, das sich besser als andere zum Garen dieser Lebensmittel eignet, da es langsam und konstant W\u00e4rme abgibt und so f\u00fcr perfektes Garen, weiche, aber knusprige Pizza darunter und ohne Verbrennungen sorgt.<\/p>\n<p>Die Pizzapfanne <a href=\"https:\/\/staging.baredev.com\/de\/produttore\/emili-teglie\/\"><strong>Emili Teglie<\/strong><\/a> es ist nicht antihaftbeschichtet und ohne eine entsprechende Vorbehandlung w\u00e4re es schwierig, etwas herauszunehmen, ohne dass die Gefahr besteht, dass es am Pfannenboden selbst kleben bleibt.<\/p>\n<p>Das Rendering ist professionell, tats\u00e4chlich gibt es viele Pizzerien, die sich vorbereiten <strong>&#039;R\u00f6mische Pfannenpizza&#039;<\/strong> Tabletts verwenden <a href=\"https:\/\/staging.baredev.com\/de\/produttore\/emili-teglie\/\"><strong>Emili Teglie<\/strong><\/a>.<\/p>\n<p><strong>Die handwerkliche Verarbeitung des Produkts gew\u00e4hrleistet eine hohe Qualit\u00e4t und Best\u00e4ndigkeit der Pfanne. Etwaige Unvollkommenheiten beeintr\u00e4chtigen nicht die Qualit\u00e4t und Verwendung der Pfanne, sondern unterstreichen die Einzigartigkeit und Handwerkskunst des Produkts.<\/strong><\/p>\n<p>Die Diagonalen in der Mitte der Pfanne sorgen f\u00fcr ein gleichm\u00e4\u00dfigeres Garen.<\/p>\n<p>F\u00fcr die Emili Teglie Blaublechpfanne ist es notwendig, vor dem ersten Gebrauch den Vorgang &quot;Brennen&quot; durchzuf\u00fchren. Sie k\u00f6nnen die Ratschl\u00e4ge befolgen, die wir dem Paket beilegen, um es zuzubereiten, oder Informationen in den verschiedenen Online-Gruppen f\u00fcr Pizza in der r\u00f6mischen Pfanne oder bei erfahrenen Pizzab\u00e4ckern anfordern.<\/p>\n<ul>\n<li>Halten Sie die Pfanne von Feuchtigkeit fern.<\/li>\n<li><strong>NICHT<\/strong>\u00a0waschen\u00a0<strong>NOCH NIE<\/strong>\u00a0die Pfanne mit Wasser und\/oder Seife, nicht einmal um das aufgespr\u00fchte Vaseline-\u00d6l zu entfernen, um es zu sch\u00fctzen.<\/li>\n<li>Verwenden Sie saugf\u00e4higes Papier oder Baumwolle, um es nach Gebrauch zu reinigen.<\/li>\n<li>Bevor Sie die Pfanne wegstellen, empfehlen wir, die gesamte Innen- und Au\u00dfenfl\u00e4che leicht mit \u00d6l zu bestreichen.<\/li>\n<li>Verwenden Sie keine Metallutensilien, die mit der Pfanne in Ber\u00fchrung kommen.<\/li>\n<li>Die Pfanne kann die . erreichen<strong> maximale Temperatur von 310 \u00b0<\/strong> .<\/li>\n<\/ul>","protected":false},"excerpt":{"rendered":"<p><img decoding=\"async\" class=\"alignnone wp-image-12868 lazyload\" data-src=\"https:\/\/staging.baredev.com\/wp-content\/uploads\/2021\/06\/logo21.png\" alt=\"\" width=\"76\" height=\"57\" data-srcset=\"https:\/\/staging.baredev.com\/wp-content\/uploads\/2021\/06\/logo21.png 150w, https:\/\/staging.baredev.com\/wp-content\/uploads\/2021\/06\/logo21-16x12.png 16w\" data-sizes=\"(max-width: 76px) 100vw, 76px\" src=\"data:image\/gif;base64,R0lGODlhAQABAAAAACH5BAEKAAEALAAAAAABAAEAAAICTAEAOw==\" style=\"--smush-placeholder-width: 76px; --smush-placeholder-aspect-ratio: 76\/57;\" \/><noscript><img decoding=\"async\" class=\"alignnone wp-image-12868\" src=\"https:\/\/staging.baredev.com\/wp-content\/uploads\/2021\/06\/logo21.png\" alt=\"\" width=\"76\" height=\"57\" srcset=\"https:\/\/staging.baredev.com\/wp-content\/uploads\/2021\/06\/logo21.png 150w, https:\/\/staging.baredev.com\/wp-content\/uploads\/2021\/06\/logo21-16x12.png 16w\" sizes=\"(max-width: 76px) 100vw, 76px\" \/><\/noscript><\/p>\n<p><strong>8\/10 blaue Eisenpizzapfanne mit Diagonalen Emili Teglie<\/strong>, eines der besten Bleche zum Backen von Pizza im heimischen Ofen, auch als blaues Eisen bekannt, ein Metall, das sich besser als andere zum Backen dieser Speisen eignet, da es langsam und konstant W\u00e4rme abgibt und so ein perfektes, weiches, aber knuspriges Garen garantiert darunter und keine Verbrennungen.<\/p>\n<p><strong>Pfanne, die vor der Verwendung dieser Pizzapfanne eine &quot;<a href=\"https:\/\/staging.baredev.com\/de\/teglie-in-ferro-blu-bruciatura-cura-e-manutenzione\/\" target=\"_blank\" rel=\"noopener\">brennen<\/a>&quot;.<\/strong><\/p>\n<p><span style=\"font-size: 0.95em;\">Anleitung zur Durchf\u00fchrung der <a href=\"https:\/\/staging.baredev.com\/de\/teglie-in-ferro-blu-bruciatura-cura-e-manutenzione\/\" target=\"_blank\" rel=\"noopener\">brennen<\/a> Sie werden zusammen mit dem Emili-Tablett im Papierformat im Paket enthalten, k\u00f6nnen aber auch online unter diesem Link eingesehen werden &quot; <strong><a href=\"https:\/\/staging.baredev.com\/de\/teglie-in-ferro-blu-bruciatura-cura-e-manutenzione\/\" target=\"_blank\" rel=\"noopener\">Anleitung Brennen, Pflege und Wartung Blue Iron Trays<\/a><\/strong>.<\/span><\/p>\n<p>Ma\u00dfe: 40 x 30 x 2 cm<\/p>","protected":false},"featured_media":5392,"comment_status":"open","ping_status":"closed","template":"","meta":{"_acf_changed":false,"inline_featured_image":false,"wprm-recipe-roundup-name":"","wprm-recipe-roundup-description":""},"pwb-brand":[419],"product_brand":[],"product_cat":[149,145],"product_tag":[],"class_list":{"0":"post-5391","1":"product","2":"type-product","3":"status-publish","4":"has-post-thumbnail","6":"pwb-brand-emili-teglie","7":"product_cat-altro","8":"product_cat-utensili-cucina","10":"first","11":"instock","12":"sale","13":"taxable","14":"shipping-taxable","15":"purchasable","16":"product-type-simple"},"acf":[],"yoast_head":"<!-- This site is optimized with the Yoast SEO Premium plugin v23.7 (Yoast SEO v27.6) - https:\/\/yoast.com\/product\/yoast-seo-premium-wordpress\/ -->\n<title>Teglia per Pizza in Ferro Blu 40x30cm Emili Teglie - Sapori Nostri<\/title>\n<meta name=\"description\" content=\"Teglia per pizza in ferro blu 40x30 cm Emili Teglie, acquista subito le migliori teglie per pizza su Sapori Nostri\" \/>\n<meta name=\"robots\" content=\"index, follow, max-snippet:-1, max-image-preview:large, max-video-preview:-1\" \/>\n<link rel=\"canonical\" href=\"https:\/\/staging.baredev.com\/de\/teglia-per-pizza-in-ferro-blu-40x30cm-emili-teglie\/\" \/>\n<meta property=\"og:locale\" content=\"de_DE\" \/>\n<meta property=\"og:type\" content=\"article\" \/>\n<meta property=\"og:title\" content=\"Teglia per Pizza in Ferro Blu 40x30cm Emili Teglie\" \/>\n<meta property=\"og:description\" content=\"Teglia per pizza in ferro blu 40x30 cm Emili Teglie, acquista subito le migliori teglie per pizza su Sapori Nostri\" \/>\n<meta property=\"og:url\" content=\"https:\/\/staging.baredev.com\/de\/teglia-per-pizza-in-ferro-blu-40x30cm-emili-teglie\/\" \/>\n<meta property=\"og:site_name\" content=\"Sapori Nostri\" \/>\n<meta property=\"article:publisher\" content=\"https:\/\/www.facebook.com\/saporinostri.it\/\" \/>\n<meta property=\"article:modified_time\" content=\"2026-05-10T16:28:31+00:00\" \/>\n<meta property=\"og:image\" content=\"https:\/\/staging.baredev.com\/wp-content\/uploads\/2020\/12\/teglia-per-pizza-in-lamiera-blu-40x30-emili-teglie.jpg\" \/>\n\t<meta property=\"og:image:width\" content=\"1100\" \/>\n\t<meta property=\"og:image:height\" content=\"1100\" \/>\n\t<meta property=\"og:image:type\" content=\"image\/jpeg\" \/>\n<meta name=\"twitter:card\" content=\"summary_large_image\" \/>\n<meta name=\"twitter:label1\" content=\"Est. reading time\" \/>\n\t<meta name=\"twitter:data1\" content=\"3 minutes\" \/>\n<script type=\"application\/ld+json\" class=\"yoast-schema-graph\">{\"@context\":\"https:\\\/\\\/schema.org\",\"@graph\":[{\"@type\":\"WebPage\",\"@id\":\"https:\\\/\\\/staging.baredev.com\\\/de\\\/teglia-per-pizza-in-ferro-blu-40x30cm-emili-teglie\\\/\",\"url\":\"https:\\\/\\\/staging.baredev.com\\\/de\\\/teglia-per-pizza-in-ferro-blu-40x30cm-emili-teglie\\\/\",\"name\":\"Teglia per Pizza in Ferro Blu 40x30cm Emili Teglie - Sapori Nostri\",\"isPartOf\":{\"@id\":\"https:\\\/\\\/staging.baredev.com\\\/de\\\/#website\"},\"primaryImageOfPage\":{\"@id\":\"https:\\\/\\\/staging.baredev.com\\\/de\\\/teglia-per-pizza-in-ferro-blu-40x30cm-emili-teglie\\\/#primaryimage\"},\"image\":{\"@id\":\"https:\\\/\\\/staging.baredev.com\\\/de\\\/teglia-per-pizza-in-ferro-blu-40x30cm-emili-teglie\\\/#primaryimage\"},\"thumbnailUrl\":\"https:\\\/\\\/staging.baredev.com\\\/wp-content\\\/uploads\\\/2020\\\/12\\\/teglia-per-pizza-in-lamiera-blu-40x30-emili-teglie.jpg\",\"datePublished\":\"2020-12-07T16:09:37+00:00\",\"dateModified\":\"2026-05-10T16:28:31+00:00\",\"description\":\"Teglia per pizza in ferro blu 40x30 cm Emili Teglie, acquista subito le migliori teglie per pizza su Sapori Nostri\",\"breadcrumb\":{\"@id\":\"https:\\\/\\\/staging.baredev.com\\\/de\\\/teglia-per-pizza-in-ferro-blu-40x30cm-emili-teglie\\\/#breadcrumb\"},\"inLanguage\":\"de-DE\",\"potentialAction\":[{\"@type\":\"ReadAction\",\"target\":[\"https:\\\/\\\/staging.baredev.com\\\/de\\\/teglia-per-pizza-in-ferro-blu-40x30cm-emili-teglie\\\/\"]}]},{\"@type\":\"ImageObject\",\"inLanguage\":\"de-DE\",\"@id\":\"https:\\\/\\\/staging.baredev.com\\\/de\\\/teglia-per-pizza-in-ferro-blu-40x30cm-emili-teglie\\\/#primaryimage\",\"url\":\"https:\\\/\\\/staging.baredev.com\\\/wp-content\\\/uploads\\\/2020\\\/12\\\/teglia-per-pizza-in-lamiera-blu-40x30-emili-teglie.jpg\",\"contentUrl\":\"https:\\\/\\\/staging.baredev.com\\\/wp-content\\\/uploads\\\/2020\\\/12\\\/teglia-per-pizza-in-lamiera-blu-40x30-emili-teglie.jpg\",\"width\":1100,\"height\":1100,\"caption\":\"Teglia per Pizza in Lamiera Blu 40x30cm Emili Teglie\"},{\"@type\":\"BreadcrumbList\",\"@id\":\"https:\\\/\\\/staging.baredev.com\\\/de\\\/teglia-per-pizza-in-ferro-blu-40x30cm-emili-teglie\\\/#breadcrumb\",\"itemListElement\":[{\"@type\":\"ListItem\",\"position\":1,\"name\":\"Home\",\"item\":\"https:\\\/\\\/staging.baredev.com\\\/de\\\/\"},{\"@type\":\"ListItem\",\"position\":2,\"name\":\"Shop\",\"item\":\"https:\\\/\\\/staging.baredev.com\\\/de\\\/shop\\\/\"},{\"@type\":\"ListItem\",\"position\":3,\"name\":\"Teglia per Pizza in Ferro Blu 40x30cm Emili Teglie\"}]},{\"@type\":\"WebSite\",\"@id\":\"https:\\\/\\\/staging.baredev.com\\\/de\\\/#website\",\"url\":\"https:\\\/\\\/staging.baredev.com\\\/de\\\/\",\"name\":\"Sapori Nostri\",\"description\":\"\",\"publisher\":{\"@id\":\"https:\\\/\\\/staging.baredev.com\\\/de\\\/#organization\"},\"potentialAction\":[{\"@type\":\"SearchAction\",\"target\":{\"@type\":\"EntryPoint\",\"urlTemplate\":\"https:\\\/\\\/staging.baredev.com\\\/de\\\/?s={search_term_string}\"},\"query-input\":{\"@type\":\"PropertyValueSpecification\",\"valueRequired\":true,\"valueName\":\"search_term_string\"}}],\"inLanguage\":\"de-DE\"},{\"@type\":\"Organization\",\"@id\":\"https:\\\/\\\/staging.baredev.com\\\/de\\\/#organization\",\"name\":\"Sapori Nostri\",\"url\":\"https:\\\/\\\/staging.baredev.com\\\/de\\\/\",\"logo\":{\"@type\":\"ImageObject\",\"inLanguage\":\"de-DE\",\"@id\":\"https:\\\/\\\/staging.baredev.com\\\/de\\\/#\\\/schema\\\/logo\\\/image\\\/\",\"url\":\"https:\\\/\\\/staging.baredev.com\\\/wp-content\\\/uploads\\\/2020\\\/05\\\/logo-retina.png\",\"contentUrl\":\"https:\\\/\\\/staging.baredev.com\\\/wp-content\\\/uploads\\\/2020\\\/05\\\/logo-retina.png\",\"width\":500,\"height\":109,\"caption\":\"Sapori Nostri\"},\"image\":{\"@id\":\"https:\\\/\\\/staging.baredev.com\\\/de\\\/#\\\/schema\\\/logo\\\/image\\\/\"},\"sameAs\":[\"https:\\\/\\\/www.facebook.com\\\/saporinostri.it\\\/\",\"https:\\\/\\\/www.instagram.com\\\/saporinostri.it\\\/\"]}]}<\/script>\n<!-- \/ Yoast SEO Premium plugin. -->","yoast_head_json":{"title":"Blaue Eisen Pizzapfanne 40x30cm Emili Teglie - Sapori Our","description":"Blaue Pizzapfanne aus Eisen 40x30 cm Emili Teglie, kaufen Sie jetzt die besten Pizzapfannen bei Sapori Nostri","robots":{"index":"index","follow":"follow","max-snippet":"max-snippet:-1","max-image-preview":"max-image-preview:large","max-video-preview":"max-video-preview:-1"},"canonical":"https:\/\/staging.baredev.com\/de\/teglia-per-pizza-in-ferro-blu-40x30cm-emili-teglie\/","og_locale":"de_DE","og_type":"article","og_title":"Teglia per Pizza in Ferro Blu 40x30cm Emili Teglie","og_description":"Teglia per pizza in ferro blu 40x30 cm Emili Teglie, acquista subito le migliori teglie per pizza su Sapori Nostri","og_url":"https:\/\/staging.baredev.com\/de\/teglia-per-pizza-in-ferro-blu-40x30cm-emili-teglie\/","og_site_name":"Sapori Nostri","article_publisher":"https:\/\/www.facebook.com\/saporinostri.it\/","article_modified_time":"2026-05-10T16:28:31+00:00","og_image":[{"width":1100,"height":1100,"url":"https:\/\/staging.baredev.com\/wp-content\/uploads\/2020\/12\/teglia-per-pizza-in-lamiera-blu-40x30-emili-teglie.jpg","type":"image\/jpeg"}],"twitter_card":"summary_large_image","twitter_misc":{"Est. reading time":"3 minutes"},"schema":{"@context":"https:\/\/schema.org","@graph":[{"@type":"WebPage","@id":"https:\/\/staging.baredev.com\/de\/teglia-per-pizza-in-ferro-blu-40x30cm-emili-teglie\/","url":"https:\/\/staging.baredev.com\/de\/teglia-per-pizza-in-ferro-blu-40x30cm-emili-teglie\/","name":"Blaue Eisen Pizzapfanne 40x30cm Emili Teglie - Sapori Our","isPartOf":{"@id":"https:\/\/staging.baredev.com\/de\/#website"},"primaryImageOfPage":{"@id":"https:\/\/staging.baredev.com\/de\/teglia-per-pizza-in-ferro-blu-40x30cm-emili-teglie\/#primaryimage"},"image":{"@id":"https:\/\/staging.baredev.com\/de\/teglia-per-pizza-in-ferro-blu-40x30cm-emili-teglie\/#primaryimage"},"thumbnailUrl":"https:\/\/staging.baredev.com\/wp-content\/uploads\/2020\/12\/teglia-per-pizza-in-lamiera-blu-40x30-emili-teglie.jpg","datePublished":"2020-12-07T16:09:37+00:00","dateModified":"2026-05-10T16:28:31+00:00","description":"Blaue Pizzapfanne aus Eisen 40x30 cm Emili Teglie, kaufen Sie jetzt die besten Pizzapfannen bei Sapori Nostri","breadcrumb":{"@id":"https:\/\/staging.baredev.com\/de\/teglia-per-pizza-in-ferro-blu-40x30cm-emili-teglie\/#breadcrumb"},"inLanguage":"de-DE","potentialAction":[{"@type":"ReadAction","target":["https:\/\/staging.baredev.com\/de\/teglia-per-pizza-in-ferro-blu-40x30cm-emili-teglie\/"]}]},{"@type":"ImageObject","inLanguage":"de-DE","@id":"https:\/\/staging.baredev.com\/de\/teglia-per-pizza-in-ferro-blu-40x30cm-emili-teglie\/#primaryimage","url":"https:\/\/staging.baredev.com\/wp-content\/uploads\/2020\/12\/teglia-per-pizza-in-lamiera-blu-40x30-emili-teglie.jpg","contentUrl":"https:\/\/staging.baredev.com\/wp-content\/uploads\/2020\/12\/teglia-per-pizza-in-lamiera-blu-40x30-emili-teglie.jpg","width":1100,"height":1100,"caption":"Teglia per Pizza in Lamiera Blu 40x30cm Emili Teglie"},{"@type":"BreadcrumbList","@id":"https:\/\/staging.baredev.com\/de\/teglia-per-pizza-in-ferro-blu-40x30cm-emili-teglie\/#breadcrumb","itemListElement":[{"@type":"ListItem","position":1,"name":"Home","item":"https:\/\/staging.baredev.com\/de\/"},{"@type":"ListItem","position":2,"name":"Shop","item":"https:\/\/staging.baredev.com\/de\/shop\/"},{"@type":"ListItem","position":3,"name":"Teglia per Pizza in Ferro Blu 40x30cm Emili Teglie"}]},{"@type":"WebSite","@id":"https:\/\/staging.baredev.com\/de\/#website","url":"https:\/\/staging.baredev.com\/de\/","name":"Sapori Nostri","description":"","publisher":{"@id":"https:\/\/staging.baredev.com\/de\/#organization"},"potentialAction":[{"@type":"SearchAction","target":{"@type":"EntryPoint","urlTemplate":"https:\/\/staging.baredev.com\/de\/?s={search_term_string}"},"query-input":{"@type":"PropertyValueSpecification","valueRequired":true,"valueName":"search_term_string"}}],"inLanguage":"de-DE"},{"@type":"Organization","@id":"https:\/\/staging.baredev.com\/de\/#organization","name":"Sapori Nostri","url":"https:\/\/staging.baredev.com\/de\/","logo":{"@type":"ImageObject","inLanguage":"de-DE","@id":"https:\/\/staging.baredev.com\/de\/#\/schema\/logo\/image\/","url":"https:\/\/staging.baredev.com\/wp-content\/uploads\/2020\/05\/logo-retina.png","contentUrl":"https:\/\/staging.baredev.com\/wp-content\/uploads\/2020\/05\/logo-retina.png","width":500,"height":109,"caption":"Sapori Nostri"},"image":{"@id":"https:\/\/staging.baredev.com\/de\/#\/schema\/logo\/image\/"},"sameAs":["https:\/\/www.facebook.com\/saporinostri.it\/","https:\/\/www.instagram.com\/saporinostri.it\/"]}]}},"jetpack_sharing_enabled":true,"brands":[{"id":419,"name":"Emili Teglie","slug":"emili-teglie"}],"_links":{"self":[{"href":"https:\/\/staging.baredev.com\/de\/wp-json\/wp\/v2\/product\/5391","targetHints":{"allow":["GET"]}}],"collection":[{"href":"https:\/\/staging.baredev.com\/de\/wp-json\/wp\/v2\/product"}],"about":[{"href":"https:\/\/staging.baredev.com\/de\/wp-json\/wp\/v2\/types\/product"}],"replies":[{"embeddable":true,"href":"https:\/\/staging.baredev.com\/de\/wp-json\/wp\/v2\/comments?post=5391"}],"wp:featuredmedia":[{"embeddable":true,"href":"https:\/\/staging.baredev.com\/de\/wp-json\/wp\/v2\/media\/5392"}],"wp:attachment":[{"href":"https:\/\/staging.baredev.com\/de\/wp-json\/wp\/v2\/media?parent=5391"}],"wp:term":[{"taxonomy":"pwb-brand","embeddable":true,"href":"https:\/\/staging.baredev.com\/de\/wp-json\/wp\/v2\/pwb-brand?post=5391"},{"taxonomy":"product_brand","embeddable":true,"href":"https:\/\/staging.baredev.com\/de\/wp-json\/wp\/v2\/product_brand?post=5391"},{"taxonomy":"product_cat","embeddable":true,"href":"https:\/\/staging.baredev.com\/de\/wp-json\/wp\/v2\/product_cat?post=5391"},{"taxonomy":"product_tag","embeddable":true,"href":"https:\/\/staging.baredev.com\/de\/wp-json\/wp\/v2\/product_tag?post=5391"}],"curies":[{"name":"wp","href":"https:\/\/api.w.org\/{rel}","templated":true}]}}