{"id":8637,"date":"2021-03-12T08:07:53","date_gmt":"2021-03-12T07:07:53","guid":{"rendered":"https:\/\/woocommerce-587295-4567585.cloudwaysapps.com\/?post_type=product&#038;p=8637"},"modified":"2026-02-12T10:40:33","modified_gmt":"2026-02-12T09:40:33","slug":"datterino-giallo-in-acqua-di-mare-cosi-come-350g","status":"publish","type":"product","link":"https:\/\/staging.baredev.com\/en\/datterino-giallo-in-acqua-di-mare-cosi-come-350g\/","title":{"rendered":"Yellow Datterino in Sea Water As It Is 350g"},"content":{"rendered":"<div>Yellow Datterino in Sea Water So Com&#039;\u00e8 is a 100% natural tomato preserve without added sugars, preservatives or stabilizers.<\/div>\n<h3 class=\"mt-5\">As well as<\/h3>\n<div class=\"mt-3\">\n<p><strong>As well as<\/strong>, a name and a story that arise from the desire to represent the product in a way <strong>natural<\/strong>, exactly as you see it, <strong>without added sugars, preservatives or stabilizers<\/strong>. A line of<strong> high quality tomatoes<\/strong>, hand-picked and stored in glass, made only with the best tomato varieties: yellow Datterino, red Datterino and Pizzutello.<\/p>\n<p>There <strong>quality<\/strong> and the <strong>naturalness<\/strong> they are guaranteed by careful controls along the entire supply chain: from seed to soil, through irrigation, up to harvesting and processing. Tomatoes <strong>As well as<\/strong> in this way they acquire that special flavor, capable of satisfying the most demanding palates and the contemporary taste, increasingly oriented towards the search for<strong>excellence<\/strong> and, at the same time, the simplicity of the ingredients.<\/p>\n<\/div>","protected":false},"excerpt":{"rendered":"<p style=\"font-size: 1.1em; line-height: 1.3em; color: #333;\">Yellow Datterino in Seawater As it is, the sweet roundness of <strong>Yellow Datterini<\/strong> della Piana del Sele and purified sea water are two perfect ingredients to use together to enhance risotto and fish dishes. Seawater is more than just water and salt, it contains a full range of minerals and trace elements in optimal shape, proportion and balance.<\/p>\n<p style=\"font-size: 1.1em; line-height: 1.3em; color: #333;\"><strong>Net weight:<\/strong> 350 g<\/p>\n<p style=\"font-size: 1.1em; line-height: 1.3em; color: #333;\"><strong>Drained Weight:<\/strong> 210 g<\/p>\n<p><img decoding=\"async\" class=\"alignnone wp-image-7641 lazyload\" data-src=\"https:\/\/staging.baredev.com\/wp-content\/uploads\/2021\/02\/gambero-rosso.png\" alt=\"\" width=\"95\" height=\"80\" data-srcset=\"https:\/\/staging.baredev.com\/wp-content\/uploads\/2021\/02\/gambero-rosso.png 239w, https:\/\/staging.baredev.com\/wp-content\/uploads\/2021\/02\/gambero-rosso-150x126.png 150w, https:\/\/staging.baredev.com\/wp-content\/uploads\/2021\/02\/gambero-rosso-239x201.png 600w, https:\/\/staging.baredev.com\/wp-content\/uploads\/2021\/02\/gambero-rosso-100x84.png 100w\" data-sizes=\"(max-width: 95px) 100vw, 95px\" src=\"data:image\/gif;base64,R0lGODlhAQABAAAAACH5BAEKAAEALAAAAAABAAEAAAICTAEAOw==\" style=\"--smush-placeholder-width: 95px; --smush-placeholder-aspect-ratio: 95\/80;\" \/><noscript><img decoding=\"async\" class=\"alignnone wp-image-7641\" src=\"https:\/\/staging.baredev.com\/wp-content\/uploads\/2021\/02\/gambero-rosso.png\" alt=\"\" width=\"95\" height=\"80\" srcset=\"https:\/\/staging.baredev.com\/wp-content\/uploads\/2021\/02\/gambero-rosso.png 239w, https:\/\/staging.baredev.com\/wp-content\/uploads\/2021\/02\/gambero-rosso-150x126.png 150w, https:\/\/staging.baredev.com\/wp-content\/uploads\/2021\/02\/gambero-rosso-239x201.png 600w, https:\/\/staging.baredev.com\/wp-content\/uploads\/2021\/02\/gambero-rosso-100x84.png 100w\" sizes=\"(max-width: 95px) 100vw, 95px\" \/><\/noscript><\/p>","protected":false},"featured_media":17932,"comment_status":"open","ping_status":"closed","template":"","meta":{"_acf_changed":false,"inline_featured_image":false,"wprm-recipe-roundup-name":"","wprm-recipe-roundup-description":""},"pwb-brand":[428],"product_brand":[],"product_cat":[412,427],"product_tag":[],"class_list":{"0":"post-8637","1":"product","2":"type-product","3":"status-publish","4":"has-post-thumbnail","6":"pwb-brand-cosi-come","7":"product_cat-conserve","8":"product_cat-pomodori","10":"first","11":"instock","12":"sale","13":"taxable","14":"shipping-taxable","15":"purchasable","16":"product-type-simple"},"acf":[],"yoast_head":"<!-- This site is optimized with the Yoast SEO Premium plugin v23.7 (Yoast SEO v27.6) - https:\/\/yoast.com\/product\/yoast-seo-premium-wordpress\/ -->\n<title>Datterino Giallo in Acqua di Mare Cos\u00ec Com&#039;\u00e8 350g - Sapori Nostri<\/title>\n<meta name=\"description\" content=\"Datterino Giallo in Acqua di Mare Cos\u00ec Com&#039;\u00e8, dolce e gustoso, con completa gamma di minerali e oligoelementi grazie all&#039;acqua di mare\" \/>\n<meta name=\"robots\" content=\"index, follow, max-snippet:-1, max-image-preview:large, max-video-preview:-1\" \/>\n<link rel=\"canonical\" href=\"https:\/\/staging.baredev.com\/en\/datterino-giallo-in-acqua-di-mare-cosi-come-350g\/\" \/>\n<meta property=\"og:locale\" content=\"en_US\" \/>\n<meta property=\"og:type\" content=\"article\" \/>\n<meta property=\"og:title\" content=\"Datterino Giallo in Acqua di Mare Cos\u00ec Com&#039;\u00e8 350g\" \/>\n<meta property=\"og:description\" content=\"Datterino Giallo in Acqua di Mare Cos\u00ec Com&#039;\u00e8, dolce e gustoso, con completa gamma di minerali e oligoelementi grazie all&#039;acqua di mare\" \/>\n<meta property=\"og:url\" content=\"https:\/\/staging.baredev.com\/en\/datterino-giallo-in-acqua-di-mare-cosi-come-350g\/\" \/>\n<meta property=\"og:site_name\" content=\"Sapori Nostri\" \/>\n<meta property=\"article:publisher\" content=\"https:\/\/www.facebook.com\/saporinostri.it\/\" \/>\n<meta property=\"article:modified_time\" content=\"2026-02-12T09:40:33+00:00\" \/>\n<meta property=\"og:image\" content=\"https:\/\/staging.baredev.com\/wp-content\/uploads\/2021\/03\/datterino-giallo-in-acqua-di-mare-cosi-come-front.jpg\" \/>\n\t<meta property=\"og:image:width\" content=\"1100\" \/>\n\t<meta property=\"og:image:height\" content=\"1100\" \/>\n\t<meta property=\"og:image:type\" content=\"image\/jpeg\" \/>\n<meta name=\"twitter:card\" content=\"summary_large_image\" \/>\n<meta name=\"twitter:label1\" content=\"Est. reading time\" \/>\n\t<meta name=\"twitter:data1\" content=\"1 minute\" \/>\n<script type=\"application\/ld+json\" class=\"yoast-schema-graph\">{\"@context\":\"https:\\\/\\\/schema.org\",\"@graph\":[{\"@type\":\"WebPage\",\"@id\":\"https:\\\/\\\/staging.baredev.com\\\/en\\\/datterino-giallo-in-acqua-di-mare-cosi-come-350g\\\/\",\"url\":\"https:\\\/\\\/staging.baredev.com\\\/en\\\/datterino-giallo-in-acqua-di-mare-cosi-come-350g\\\/\",\"name\":\"Datterino Giallo in Acqua di Mare Cos\u00ec Com'\u00e8 350g - Sapori Nostri\",\"isPartOf\":{\"@id\":\"https:\\\/\\\/staging.baredev.com\\\/en\\\/#website\"},\"primaryImageOfPage\":{\"@id\":\"https:\\\/\\\/staging.baredev.com\\\/en\\\/datterino-giallo-in-acqua-di-mare-cosi-come-350g\\\/#primaryimage\"},\"image\":{\"@id\":\"https:\\\/\\\/staging.baredev.com\\\/en\\\/datterino-giallo-in-acqua-di-mare-cosi-come-350g\\\/#primaryimage\"},\"thumbnailUrl\":\"https:\\\/\\\/staging.baredev.com\\\/wp-content\\\/uploads\\\/2021\\\/03\\\/datterino-giallo-in-acqua-di-mare-cosi-come-front.jpg\",\"datePublished\":\"2021-03-12T07:07:53+00:00\",\"dateModified\":\"2026-02-12T09:40:33+00:00\",\"description\":\"Datterino Giallo in Acqua di Mare Cos\u00ec Com'\u00e8, dolce e gustoso, con completa gamma di minerali e oligoelementi grazie all'acqua di mare\",\"breadcrumb\":{\"@id\":\"https:\\\/\\\/staging.baredev.com\\\/en\\\/datterino-giallo-in-acqua-di-mare-cosi-come-350g\\\/#breadcrumb\"},\"inLanguage\":\"en-US\",\"potentialAction\":[{\"@type\":\"ReadAction\",\"target\":[\"https:\\\/\\\/staging.baredev.com\\\/en\\\/datterino-giallo-in-acqua-di-mare-cosi-come-350g\\\/\"]}]},{\"@type\":\"ImageObject\",\"inLanguage\":\"en-US\",\"@id\":\"https:\\\/\\\/staging.baredev.com\\\/en\\\/datterino-giallo-in-acqua-di-mare-cosi-come-350g\\\/#primaryimage\",\"url\":\"https:\\\/\\\/staging.baredev.com\\\/wp-content\\\/uploads\\\/2021\\\/03\\\/datterino-giallo-in-acqua-di-mare-cosi-come-front.jpg\",\"contentUrl\":\"https:\\\/\\\/staging.baredev.com\\\/wp-content\\\/uploads\\\/2021\\\/03\\\/datterino-giallo-in-acqua-di-mare-cosi-come-front.jpg\",\"width\":1100,\"height\":1100,\"caption\":\"Datterino Giallo in Acqua di Mare Cos\u00ec Com'\u00e8 350g\"},{\"@type\":\"BreadcrumbList\",\"@id\":\"https:\\\/\\\/staging.baredev.com\\\/en\\\/datterino-giallo-in-acqua-di-mare-cosi-come-350g\\\/#breadcrumb\",\"itemListElement\":[{\"@type\":\"ListItem\",\"position\":1,\"name\":\"Home\",\"item\":\"https:\\\/\\\/staging.baredev.com\\\/en\\\/\"},{\"@type\":\"ListItem\",\"position\":2,\"name\":\"Shop\",\"item\":\"https:\\\/\\\/staging.baredev.com\\\/en\\\/shop\\\/\"},{\"@type\":\"ListItem\",\"position\":3,\"name\":\"Datterino Giallo in Acqua di Mare Cos\u00ec Com&#8217;\u00e8 350g\"}]},{\"@type\":\"WebSite\",\"@id\":\"https:\\\/\\\/staging.baredev.com\\\/en\\\/#website\",\"url\":\"https:\\\/\\\/staging.baredev.com\\\/en\\\/\",\"name\":\"Sapori Nostri\",\"description\":\"\",\"publisher\":{\"@id\":\"https:\\\/\\\/staging.baredev.com\\\/en\\\/#organization\"},\"potentialAction\":[{\"@type\":\"SearchAction\",\"target\":{\"@type\":\"EntryPoint\",\"urlTemplate\":\"https:\\\/\\\/staging.baredev.com\\\/en\\\/?s={search_term_string}\"},\"query-input\":{\"@type\":\"PropertyValueSpecification\",\"valueRequired\":true,\"valueName\":\"search_term_string\"}}],\"inLanguage\":\"en-US\"},{\"@type\":\"Organization\",\"@id\":\"https:\\\/\\\/staging.baredev.com\\\/en\\\/#organization\",\"name\":\"Sapori Nostri\",\"url\":\"https:\\\/\\\/staging.baredev.com\\\/en\\\/\",\"logo\":{\"@type\":\"ImageObject\",\"inLanguage\":\"en-US\",\"@id\":\"https:\\\/\\\/staging.baredev.com\\\/en\\\/#\\\/schema\\\/logo\\\/image\\\/\",\"url\":\"https:\\\/\\\/staging.baredev.com\\\/wp-content\\\/uploads\\\/2020\\\/05\\\/logo-retina.png\",\"contentUrl\":\"https:\\\/\\\/staging.baredev.com\\\/wp-content\\\/uploads\\\/2020\\\/05\\\/logo-retina.png\",\"width\":500,\"height\":109,\"caption\":\"Sapori Nostri\"},\"image\":{\"@id\":\"https:\\\/\\\/staging.baredev.com\\\/en\\\/#\\\/schema\\\/logo\\\/image\\\/\"},\"sameAs\":[\"https:\\\/\\\/www.facebook.com\\\/saporinostri.it\\\/\",\"https:\\\/\\\/www.instagram.com\\\/saporinostri.it\\\/\"]}]}<\/script>\n<!-- \/ Yoast SEO Premium plugin. -->","yoast_head_json":{"title":"Yellow Datterino in Sea Water 350g - Sapori Nostra","description":"Yellow Datterino in Sea Water As it is, sweet and tasty, with a complete range of minerals and trace elements thanks to sea water","robots":{"index":"index","follow":"follow","max-snippet":"max-snippet:-1","max-image-preview":"max-image-preview:large","max-video-preview":"max-video-preview:-1"},"canonical":"https:\/\/staging.baredev.com\/en\/datterino-giallo-in-acqua-di-mare-cosi-come-350g\/","og_locale":"en_US","og_type":"article","og_title":"Datterino Giallo in Acqua di Mare Cos\u00ec Com'\u00e8 350g","og_description":"Datterino Giallo in Acqua di Mare Cos\u00ec Com'\u00e8, dolce e gustoso, con completa gamma di minerali e oligoelementi grazie all'acqua di mare","og_url":"https:\/\/staging.baredev.com\/en\/datterino-giallo-in-acqua-di-mare-cosi-come-350g\/","og_site_name":"Sapori Nostri","article_publisher":"https:\/\/www.facebook.com\/saporinostri.it\/","article_modified_time":"2026-02-12T09:40:33+00:00","og_image":[{"width":1100,"height":1100,"url":"https:\/\/staging.baredev.com\/wp-content\/uploads\/2021\/03\/datterino-giallo-in-acqua-di-mare-cosi-come-front.jpg","type":"image\/jpeg"}],"twitter_card":"summary_large_image","twitter_misc":{"Est. reading time":"1 minute"},"schema":{"@context":"https:\/\/schema.org","@graph":[{"@type":"WebPage","@id":"https:\/\/staging.baredev.com\/en\/datterino-giallo-in-acqua-di-mare-cosi-come-350g\/","url":"https:\/\/staging.baredev.com\/en\/datterino-giallo-in-acqua-di-mare-cosi-come-350g\/","name":"Yellow Datterino in Sea Water 350g - Sapori Nostra","isPartOf":{"@id":"https:\/\/staging.baredev.com\/en\/#website"},"primaryImageOfPage":{"@id":"https:\/\/staging.baredev.com\/en\/datterino-giallo-in-acqua-di-mare-cosi-come-350g\/#primaryimage"},"image":{"@id":"https:\/\/staging.baredev.com\/en\/datterino-giallo-in-acqua-di-mare-cosi-come-350g\/#primaryimage"},"thumbnailUrl":"https:\/\/staging.baredev.com\/wp-content\/uploads\/2021\/03\/datterino-giallo-in-acqua-di-mare-cosi-come-front.jpg","datePublished":"2021-03-12T07:07:53+00:00","dateModified":"2026-02-12T09:40:33+00:00","description":"Yellow Datterino in Sea Water As it is, sweet and tasty, with a complete range of minerals and trace elements thanks to sea water","breadcrumb":{"@id":"https:\/\/staging.baredev.com\/en\/datterino-giallo-in-acqua-di-mare-cosi-come-350g\/#breadcrumb"},"inLanguage":"en-US","potentialAction":[{"@type":"ReadAction","target":["https:\/\/staging.baredev.com\/en\/datterino-giallo-in-acqua-di-mare-cosi-come-350g\/"]}]},{"@type":"ImageObject","inLanguage":"en-US","@id":"https:\/\/staging.baredev.com\/en\/datterino-giallo-in-acqua-di-mare-cosi-come-350g\/#primaryimage","url":"https:\/\/staging.baredev.com\/wp-content\/uploads\/2021\/03\/datterino-giallo-in-acqua-di-mare-cosi-come-front.jpg","contentUrl":"https:\/\/staging.baredev.com\/wp-content\/uploads\/2021\/03\/datterino-giallo-in-acqua-di-mare-cosi-come-front.jpg","width":1100,"height":1100,"caption":"Datterino Giallo in Acqua di Mare Cos\u00ec Com'\u00e8 350g"},{"@type":"BreadcrumbList","@id":"https:\/\/staging.baredev.com\/en\/datterino-giallo-in-acqua-di-mare-cosi-come-350g\/#breadcrumb","itemListElement":[{"@type":"ListItem","position":1,"name":"Home","item":"https:\/\/staging.baredev.com\/en\/"},{"@type":"ListItem","position":2,"name":"Shop","item":"https:\/\/staging.baredev.com\/en\/shop\/"},{"@type":"ListItem","position":3,"name":"Datterino Giallo in Acqua di Mare Cos\u00ec Com&#8217;\u00e8 350g"}]},{"@type":"WebSite","@id":"https:\/\/staging.baredev.com\/en\/#website","url":"https:\/\/staging.baredev.com\/en\/","name":"Sapori Nostri","description":"","publisher":{"@id":"https:\/\/staging.baredev.com\/en\/#organization"},"potentialAction":[{"@type":"SearchAction","target":{"@type":"EntryPoint","urlTemplate":"https:\/\/staging.baredev.com\/en\/?s={search_term_string}"},"query-input":{"@type":"PropertyValueSpecification","valueRequired":true,"valueName":"search_term_string"}}],"inLanguage":"en-US"},{"@type":"Organization","@id":"https:\/\/staging.baredev.com\/en\/#organization","name":"Sapori Nostri","url":"https:\/\/staging.baredev.com\/en\/","logo":{"@type":"ImageObject","inLanguage":"en-US","@id":"https:\/\/staging.baredev.com\/en\/#\/schema\/logo\/image\/","url":"https:\/\/staging.baredev.com\/wp-content\/uploads\/2020\/05\/logo-retina.png","contentUrl":"https:\/\/staging.baredev.com\/wp-content\/uploads\/2020\/05\/logo-retina.png","width":500,"height":109,"caption":"Sapori Nostri"},"image":{"@id":"https:\/\/staging.baredev.com\/en\/#\/schema\/logo\/image\/"},"sameAs":["https:\/\/www.facebook.com\/saporinostri.it\/","https:\/\/www.instagram.com\/saporinostri.it\/"]}]}},"jetpack_sharing_enabled":true,"brands":[{"id":428,"name":"As well as","slug":"cosi-come"}],"_links":{"self":[{"href":"https:\/\/staging.baredev.com\/en\/wp-json\/wp\/v2\/product\/8637","targetHints":{"allow":["GET"]}}],"collection":[{"href":"https:\/\/staging.baredev.com\/en\/wp-json\/wp\/v2\/product"}],"about":[{"href":"https:\/\/staging.baredev.com\/en\/wp-json\/wp\/v2\/types\/product"}],"replies":[{"embeddable":true,"href":"https:\/\/staging.baredev.com\/en\/wp-json\/wp\/v2\/comments?post=8637"}],"wp:featuredmedia":[{"embeddable":true,"href":"https:\/\/staging.baredev.com\/en\/wp-json\/wp\/v2\/media\/17932"}],"wp:attachment":[{"href":"https:\/\/staging.baredev.com\/en\/wp-json\/wp\/v2\/media?parent=8637"}],"wp:term":[{"taxonomy":"pwb-brand","embeddable":true,"href":"https:\/\/staging.baredev.com\/en\/wp-json\/wp\/v2\/pwb-brand?post=8637"},{"taxonomy":"product_brand","embeddable":true,"href":"https:\/\/staging.baredev.com\/en\/wp-json\/wp\/v2\/product_brand?post=8637"},{"taxonomy":"product_cat","embeddable":true,"href":"https:\/\/staging.baredev.com\/en\/wp-json\/wp\/v2\/product_cat?post=8637"},{"taxonomy":"product_tag","embeddable":true,"href":"https:\/\/staging.baredev.com\/en\/wp-json\/wp\/v2\/product_tag?post=8637"}],"curies":[{"name":"wp","href":"https:\/\/api.w.org\/{rel}","templated":true}]}}