{"id":11274,"date":"2021-05-05T12:33:08","date_gmt":"2021-05-05T11:33:08","guid":{"rendered":"https:\/\/woocommerce-587295-4567585.cloudwaysapps.com\/?page_id=11274"},"modified":"2021-12-07T17:56:19","modified_gmt":"2021-12-07T16:56:19","slug":"assistenza-clienti","status":"publish","type":"page","link":"https:\/\/staging.baredev.com\/fr\/assistenza-clienti\/","title":{"rendered":"Service Clients"},"content":{"rendered":"<h2>Service Clients<\/h2>\n<p>Notre \u00e9quipe est toujours pr\u00eate \u00e0 vous aider.<\/p>\n<h6>Foire aux questions (FAQ)<\/h6>\n<h2>Commandes et exp\u00e9dition<\/h2>\n<p><a href=\"\">Quand vais-je recevoir ma commande ?<\/a><\/p>\n<p>Nella maggior parte dei casi, salvo imprevisti, l\u2019ordine viene consegnato in 24\/72 ore, per maggiori informazioni, puoi visitare la pagina <a href=\"https:\/\/staging.baredev.com\/fr\/spedizioni-e-tariffe\/\"><strong>Livraison et tarifs<\/strong><\/a><\/p>\n<p><a href=\"\">Comment cr\u00e9er un compte ?<\/a><\/p>\n<p>Vous pouvez cr\u00e9er un compte en visitant la page <strong><a href=\"https:\/\/staging.baredev.com\/fr\/my-account\/\">Mon compte<\/a><\/strong>, oppure durante il checkout, selezionando l\u2019opzione \u201c<em>Cr\u00e9er un compte?<\/em>\u201c.<\/p>\n<p><a href=\"\">Comment puis-je suivre mon envoi ?<\/a><\/p>\n<p>Vous pouvez suivre votre envoi via la page <a href=\"https:\/\/staging.baredev.com\/fr\/my-account\/orders\/\"><strong>Mes commandes<\/strong><\/a>, ou, si vous n&#039;\u00eates pas inscrit, via le <a href=\"https:\/\/staging.baredev.com\/fr\/order-tracking\/\"><strong>Suivi d&#039;exp\u00e9dition<\/strong><\/a>.<\/p>\n<p><a href=\"\">La livraison pour quel montant est-elle gratuite ?<\/a><\/p>\n<p>Pour le moment, nous ne sommes pas encore en mesure d&#039;offrir la livraison gratuite. Si vous voulez conna\u00eetre les frais de transport, vous pouvez visiter la page <a href=\"https:\/\/staging.baredev.com\/fr\/spedizioni-e-tariffe\/\"><strong>Livraison et tarifs<\/strong>.<\/a><\/p>\n<p><a href=\"\">O\u00f9 doit-on saisir le code promotionnel (coupon)\u00a0?<\/a><\/p>\n<p>Les codes de r\u00e9duction doivent \u00eatre saisis sur la page <a href=\"https:\/\/staging.baredev.com\/fr\/carrello\/\"><strong>Panier<\/strong><\/a> ou sur la page <a href=\"https:\/\/staging.baredev.com\/fr\/checkout\/\"><strong>V\u00e9rifier<\/strong><\/a>.<\/p>\n<p><a href=\"\">Quels sont les modes de paiement ?<\/a><\/p>\n<p>Vous pouvez payer via <strong>Papier<\/strong> ou alors <strong>Pay Pal<\/strong>. Uniquement pour les commandes sup\u00e9rieures \u00e0 10,01 Kg, il est possible de payer en <strong>paiement \u00e0 la livraison<\/strong> avec un suppl\u00e9ment de 5,00 \u20ac.<\/p>\n<p><a href=\"\">Y a-t-il une limite de d\u00e9penses minimale?<\/a><br \/>\nNo,&nbsp;\u00e8&nbsp;possibile&nbsp;acquistare&nbsp;liberamente&nbsp;tutti&nbsp;i&nbsp;prodotti&nbsp;senza&nbsp;dover&nbsp;raggiungere&nbsp;una&nbsp;spesa&nbsp;minima.<br \/>\n<a href=\"\">Exp\u00e9diez-vous \u00e9galement en Europe ?<\/a><\/p>\n<p>Spediamo in tutta Europa, i costi di spedizione e i tempi di consegna variano a seconda dell\u2019indirizzo di consegna.<\/p>\n<h6>Apr\u00e8s l&#039;achat<\/h6>\n<h2>Retrait et garanties<\/h2>\n<p><a href=\"\">Les marchandises re\u00e7ues sont endommag\u00e9es, que dois-je faire ?<\/a><\/p>\n<p>Si vous recevez un colis visiblement endommag\u00e9, veuillez accepter la marchandise sous r\u00e9serve.<\/p>\n<p>S&#039;il y a des dommages, veuillez nous envoyer d\u00e8s que possible:<\/p>\n<ul>\n<li>Foto dell\u2019imballo esterno ed interno<\/li>\n<li>Foto dell\u2019etichetta di spedizione<\/li>\n<li>Photo de la marchandise endommag\u00e9e<\/li>\n<li>Foto della conferma d\u2019ordine<\/li>\n<\/ul>\n<p>all\u2019indirizzo <strong><a href=\"mailto:spedizioni@opusgroupsrl.com\">spedizioni@opusgroupsrl.com<\/a><\/strong> ou par <strong><a href=\"https:\/\/api.whatsapp.com\/send?phone=3908231444406&amp;text=Ho%20ricevuto%20l'ordine%20danneggiato.\">Whatsapp<\/a><\/strong><\/p>\n<p><a href=\"\">Puis-je faire un retour ?<\/a><\/p>\n<p>En cas d&#039;achat de produits alimentaires, il n&#039;est pas possible de retourner la marchandise <em>(Voir les r\u00e9f\u00e9rences normatives)<\/em>.<\/p>\n<p>Per tutti gli altri prodotti hai 14 giorni se vuoi restituire la merce. Le spese di trasporto in caso di ripensamento sono a carico dell\u2019acquirente, per maggiori informazioni puoi consultare le nostre <a href=\"https:\/\/staging.baredev.com\/fr\/condizioni-generali-di-vendita\/\"><strong>Conditions G\u00e9n\u00e9rales de Vente<\/strong><\/a><\/p>\n<p>Exigences normatives\u00a0:<br \/>\nD\u00e9cret L\u00e9gislatif 06\/09\/2005, n. 206 Code de la consommation<br \/>\nD\u00e9cret l\u00e9gislatif 21\/02\/2014, n. 21.<\/p>\n<p><a href=\"\">Puis-je refuser un colis contre remboursement ?<\/a><\/p>\n<p>En cas d&#039;achat de produits alimentaires avec paiement \u00e0 la livraison, le client est oblig\u00e9 d&#039;accepter la marchandise, car le colis ne peut pas \u00eatre retourn\u00e9, donc s&#039;il y a un refus du colis, le client sera poursuivi.<\/p>\n<p>Si vous changez d&#039;avis, veuillez nous contacter rapidement.<\/p>\n<p>Exigences normatives\u00a0:<br \/>\nD\u00e9cret L\u00e9gislatif 06\/09\/2005, n. 206 Code de la consommation<br \/>\nD\u00e9cret l\u00e9gislatif 21\/02\/2014, n. 21.<\/p>\n<h2>Vous n&#039;avez pas trouv\u00e9 ce que vous cherchiez ?<\/h2>\n<p><a href=\"https:\/\/staging.baredev.com\/fr\/contattaci\/\" role=\"button\"><br \/>\nContactez-nous<br \/>\n<\/a><\/p>","protected":false},"excerpt":{"rendered":"<p>Assistenza Clienti Il nostro Team \u00e8 sempre pronto ad aiutarti. Domande Frequenti (FAQ) Ordini e Spedizioni Quando ricever\u00f2 il mio ordine? Nella maggior parte dei casi, salvo imprevisti, l\u2019ordine viene consegnato in 24\/72 ore, per maggiori informazioni, puoi visitare la pagina Spedizioni e Tariffe Come faccio a creare un account? Puoi creare un account visitando [&hellip;]<\/p>\n","protected":false},"author":1,"featured_media":0,"parent":0,"menu_order":0,"comment_status":"closed","ping_status":"closed","template":"template-fullwidth-no-heading.php","meta":{"_acf_changed":false,"inline_featured_image":false,"wprm-recipe-roundup-name":"","wprm-recipe-roundup-description":"","footnotes":""},"class_list":["post-11274","page","type-page","status-publish","hentry"],"acf":[],"yoast_head":"<!-- This site is optimized with the Yoast SEO Premium plugin v23.7 (Yoast SEO v27.6) - https:\/\/yoast.com\/product\/yoast-seo-premium-wordpress\/ -->\n<title>Assistenza Clienti - Sapori Nostri<\/title>\n<meta name=\"description\" content=\"Il Team Sapori Nostri \u00e8 sempre pronto ad aiutarti, puoi richiedere assistenza telefonicamente, tramite WhatsApp o Email\" \/>\n<meta name=\"robots\" content=\"index, follow, max-snippet:-1, max-image-preview:large, max-video-preview:-1\" \/>\n<link rel=\"canonical\" href=\"https:\/\/staging.baredev.com\/fr\/assistenza-clienti\/\" \/>\n<meta property=\"og:locale\" content=\"fr_FR\" \/>\n<meta property=\"og:type\" content=\"article\" \/>\n<meta property=\"og:title\" content=\"Assistenza Clienti\" \/>\n<meta property=\"og:description\" content=\"Il Team Sapori Nostri \u00e8 sempre pronto ad aiutarti, puoi richiedere assistenza telefonicamente, tramite WhatsApp o Email\" \/>\n<meta property=\"og:url\" content=\"https:\/\/staging.baredev.com\/fr\/assistenza-clienti\/\" \/>\n<meta property=\"og:site_name\" content=\"Sapori Nostri\" \/>\n<meta property=\"article:publisher\" content=\"https:\/\/www.facebook.com\/saporinostri.it\/\" \/>\n<meta property=\"article:modified_time\" content=\"2021-12-07T16:56:19+00:00\" \/>\n<meta name=\"twitter:card\" content=\"summary_large_image\" \/>\n<meta name=\"twitter:label1\" content=\"Est. reading time\" \/>\n\t<meta name=\"twitter:data1\" content=\"2 minutes\" \/>\n<script type=\"application\/ld+json\" class=\"yoast-schema-graph\">{\"@context\":\"https:\\\/\\\/schema.org\",\"@graph\":[{\"@type\":\"WebPage\",\"@id\":\"https:\\\/\\\/staging.baredev.com\\\/fr\\\/assistenza-clienti\\\/\",\"url\":\"https:\\\/\\\/staging.baredev.com\\\/fr\\\/assistenza-clienti\\\/\",\"name\":\"Assistenza Clienti - Sapori Nostri\",\"isPartOf\":{\"@id\":\"https:\\\/\\\/staging.baredev.com\\\/fr\\\/#website\"},\"datePublished\":\"2021-05-05T11:33:08+00:00\",\"dateModified\":\"2021-12-07T16:56:19+00:00\",\"description\":\"Il Team Sapori Nostri \u00e8 sempre pronto ad aiutarti, puoi richiedere assistenza telefonicamente, tramite WhatsApp o Email\",\"breadcrumb\":{\"@id\":\"https:\\\/\\\/staging.baredev.com\\\/fr\\\/assistenza-clienti\\\/#breadcrumb\"},\"inLanguage\":\"fr-FR\",\"potentialAction\":[{\"@type\":\"ReadAction\",\"target\":[\"https:\\\/\\\/staging.baredev.com\\\/fr\\\/assistenza-clienti\\\/\"]}]},{\"@type\":\"BreadcrumbList\",\"@id\":\"https:\\\/\\\/staging.baredev.com\\\/fr\\\/assistenza-clienti\\\/#breadcrumb\",\"itemListElement\":[{\"@type\":\"ListItem\",\"position\":1,\"name\":\"Home\",\"item\":\"https:\\\/\\\/staging.baredev.com\\\/fr\\\/\"},{\"@type\":\"ListItem\",\"position\":2,\"name\":\"Assistenza Clienti\"}]},{\"@type\":\"WebSite\",\"@id\":\"https:\\\/\\\/staging.baredev.com\\\/fr\\\/#website\",\"url\":\"https:\\\/\\\/staging.baredev.com\\\/fr\\\/\",\"name\":\"Sapori Nostri\",\"description\":\"\",\"publisher\":{\"@id\":\"https:\\\/\\\/staging.baredev.com\\\/fr\\\/#organization\"},\"potentialAction\":[{\"@type\":\"SearchAction\",\"target\":{\"@type\":\"EntryPoint\",\"urlTemplate\":\"https:\\\/\\\/staging.baredev.com\\\/fr\\\/?s={search_term_string}\"},\"query-input\":{\"@type\":\"PropertyValueSpecification\",\"valueRequired\":true,\"valueName\":\"search_term_string\"}}],\"inLanguage\":\"fr-FR\"},{\"@type\":\"Organization\",\"@id\":\"https:\\\/\\\/staging.baredev.com\\\/fr\\\/#organization\",\"name\":\"Sapori Nostri\",\"url\":\"https:\\\/\\\/staging.baredev.com\\\/fr\\\/\",\"logo\":{\"@type\":\"ImageObject\",\"inLanguage\":\"fr-FR\",\"@id\":\"https:\\\/\\\/staging.baredev.com\\\/fr\\\/#\\\/schema\\\/logo\\\/image\\\/\",\"url\":\"https:\\\/\\\/staging.baredev.com\\\/wp-content\\\/uploads\\\/2020\\\/05\\\/logo-retina.png\",\"contentUrl\":\"https:\\\/\\\/staging.baredev.com\\\/wp-content\\\/uploads\\\/2020\\\/05\\\/logo-retina.png\",\"width\":500,\"height\":109,\"caption\":\"Sapori Nostri\"},\"image\":{\"@id\":\"https:\\\/\\\/staging.baredev.com\\\/fr\\\/#\\\/schema\\\/logo\\\/image\\\/\"},\"sameAs\":[\"https:\\\/\\\/www.facebook.com\\\/saporinostri.it\\\/\",\"https:\\\/\\\/www.instagram.com\\\/saporinostri.it\\\/\"]}]}<\/script>\n<!-- \/ Yoast SEO Premium plugin. -->","yoast_head_json":{"title":"Service client - Sapori Notre","description":"L&#039;\u00e9quipe Sapori est toujours pr\u00eate \u00e0 vous aider, vous pouvez demander de l&#039;aide par t\u00e9l\u00e9phone, via WhatsApp ou par e-mail","robots":{"index":"index","follow":"follow","max-snippet":"max-snippet:-1","max-image-preview":"max-image-preview:large","max-video-preview":"max-video-preview:-1"},"canonical":"https:\/\/staging.baredev.com\/fr\/assistenza-clienti\/","og_locale":"fr_FR","og_type":"article","og_title":"Assistenza Clienti","og_description":"Il Team Sapori Nostri \u00e8 sempre pronto ad aiutarti, puoi richiedere assistenza telefonicamente, tramite WhatsApp o Email","og_url":"https:\/\/staging.baredev.com\/fr\/assistenza-clienti\/","og_site_name":"Sapori Nostri","article_publisher":"https:\/\/www.facebook.com\/saporinostri.it\/","article_modified_time":"2021-12-07T16:56:19+00:00","twitter_card":"summary_large_image","twitter_misc":{"Est. reading time":"2 minutes"},"schema":{"@context":"https:\/\/schema.org","@graph":[{"@type":"WebPage","@id":"https:\/\/staging.baredev.com\/fr\/assistenza-clienti\/","url":"https:\/\/staging.baredev.com\/fr\/assistenza-clienti\/","name":"Service client - Sapori Notre","isPartOf":{"@id":"https:\/\/staging.baredev.com\/fr\/#website"},"datePublished":"2021-05-05T11:33:08+00:00","dateModified":"2021-12-07T16:56:19+00:00","description":"L&#039;\u00e9quipe Sapori est toujours pr\u00eate \u00e0 vous aider, vous pouvez demander de l&#039;aide par t\u00e9l\u00e9phone, via WhatsApp ou par e-mail","breadcrumb":{"@id":"https:\/\/staging.baredev.com\/fr\/assistenza-clienti\/#breadcrumb"},"inLanguage":"fr-FR","potentialAction":[{"@type":"ReadAction","target":["https:\/\/staging.baredev.com\/fr\/assistenza-clienti\/"]}]},{"@type":"BreadcrumbList","@id":"https:\/\/staging.baredev.com\/fr\/assistenza-clienti\/#breadcrumb","itemListElement":[{"@type":"ListItem","position":1,"name":"Home","item":"https:\/\/staging.baredev.com\/fr\/"},{"@type":"ListItem","position":2,"name":"Assistenza Clienti"}]},{"@type":"WebSite","@id":"https:\/\/staging.baredev.com\/fr\/#website","url":"https:\/\/staging.baredev.com\/fr\/","name":"Sapori Nostri","description":"","publisher":{"@id":"https:\/\/staging.baredev.com\/fr\/#organization"},"potentialAction":[{"@type":"SearchAction","target":{"@type":"EntryPoint","urlTemplate":"https:\/\/staging.baredev.com\/fr\/?s={search_term_string}"},"query-input":{"@type":"PropertyValueSpecification","valueRequired":true,"valueName":"search_term_string"}}],"inLanguage":"fr-FR"},{"@type":"Organization","@id":"https:\/\/staging.baredev.com\/fr\/#organization","name":"Sapori Nostri","url":"https:\/\/staging.baredev.com\/fr\/","logo":{"@type":"ImageObject","inLanguage":"fr-FR","@id":"https:\/\/staging.baredev.com\/fr\/#\/schema\/logo\/image\/","url":"https:\/\/staging.baredev.com\/wp-content\/uploads\/2020\/05\/logo-retina.png","contentUrl":"https:\/\/staging.baredev.com\/wp-content\/uploads\/2020\/05\/logo-retina.png","width":500,"height":109,"caption":"Sapori Nostri"},"image":{"@id":"https:\/\/staging.baredev.com\/fr\/#\/schema\/logo\/image\/"},"sameAs":["https:\/\/www.facebook.com\/saporinostri.it\/","https:\/\/www.instagram.com\/saporinostri.it\/"]}]}},"jetpack_sharing_enabled":true,"_links":{"self":[{"href":"https:\/\/staging.baredev.com\/fr\/wp-json\/wp\/v2\/pages\/11274","targetHints":{"allow":["GET"]}}],"collection":[{"href":"https:\/\/staging.baredev.com\/fr\/wp-json\/wp\/v2\/pages"}],"about":[{"href":"https:\/\/staging.baredev.com\/fr\/wp-json\/wp\/v2\/types\/page"}],"author":[{"embeddable":true,"href":"https:\/\/staging.baredev.com\/fr\/wp-json\/wp\/v2\/users\/1"}],"replies":[{"embeddable":true,"href":"https:\/\/staging.baredev.com\/fr\/wp-json\/wp\/v2\/comments?post=11274"}],"version-history":[{"count":0,"href":"https:\/\/staging.baredev.com\/fr\/wp-json\/wp\/v2\/pages\/11274\/revisions"}],"wp:attachment":[{"href":"https:\/\/staging.baredev.com\/fr\/wp-json\/wp\/v2\/media?parent=11274"}],"curies":[{"name":"wp","href":"https:\/\/api.w.org\/{rel}","templated":true}]}}