{"id":2431,"date":"2020-05-25T16:07:44","date_gmt":"2020-05-25T15:07:44","guid":{"rendered":"http:\/\/172.105.66.148\/?page_id=2431"},"modified":"2022-08-17T09:33:10","modified_gmt":"2022-08-17T07:33:10","slug":"spedizioni-e-tariffe","status":"publish","type":"page","link":"https:\/\/staging.baredev.com\/fr\/spedizioni-e-tariffe\/","title":{"rendered":"Livraison et tarifs"},"content":{"rendered":"<\/p>\n<p>Les frais de port ne sont pas fixes, mais \u00e0 partir de<b> 7,30\u20ac<\/b> varient selon le poids et le volume des marchandises. Les d\u00e9lais de livraison varient en fonction du transporteur s\u00e9lectionn\u00e9, mais sont d&#039;environ 24\/72h.<\/p><p><strong>Les tarifs d&#039;exp\u00e9dition varient en fonction de la destination, du poids et du transporteur choisi<\/strong>, sont calcul\u00e9s automatiquement d\u00e8s que les produits sont ajout\u00e9s au panier. Ils sont disponibles sur les pages <a href=\"https:\/\/staging.baredev.com\/fr\/carrello\/\"><strong>Panier<\/strong><\/a> est <a href=\"https:\/\/staging.baredev.com\/fr\/checkout\/\"><strong>V\u00e9rifier<\/strong><\/a>.<\/p><p><\/p>\n<p><\/p>\n<p><\/p>\n<p><b>Les conditions de livraison ci-dessus s&#039;appliqueront uniquement aux commandes termin\u00e9es avant 12h00 chaque jour.<\/b><\/p>\t\t\n\t\t\t<h2>Vous n&#039;avez pas trouv\u00e9 ce que vous cherchiez ?<\/h2>\t\t\n\t\t\t<a href=\"https:\/\/staging.baredev.com\/fr\/assistenza-clienti\/\" role=\"button\">\n\t\t\t\t\t\tService Clients\n\t\t\t\t\t<\/a><!-- \/wp:paragraph --><!-- wp:post-content --><h2>Frais d&#039;envoi<\/h2>\t\t\n\t\t<p>Livraison en 24\/48 heures<\/p>\t\t\n\t\t\t<h2>Exp\u00e9dition<\/h2>\t\t\n\t\t<p>Nous exp\u00e9dions nos colis via <b>SDA, TNT, BRT, UPS\u00a0<\/b>est\u00a0<b>DHL<\/b>, vous pouvez choisir le service de messagerie que vous pr\u00e9f\u00e9rez \u00e0 la caisse.<\/p>\n<p>Les marchandises achet\u00e9es seront trait\u00e9es par nos soins et confi\u00e9es au transporteur dans les 24 heures suivant l&#039;achat.<\/p>\n<p>Nous ne sommes pas responsables des retards de livraison des produits qui ne sont pas pr\u00e9visibles ou qui ne nous sont pas imputables.<\/p>\n<p>Pour plus d&#039;informations sur la fa\u00e7on dont nous traitons les commandes, veuillez \u00e9galement lire les n\u00f4tres <a href=\"https:\/\/staging.baredev.com\/fr\/condizioni-generali-di-vendita\/\"><strong>Conditions G\u00e9n\u00e9rales de Vente<\/strong><\/a>.<\/p>\t\t\n\t\t\t<figure class='gallery-item'>\n\t\t\t\t<img decoding=\"async\" width=\"380\" height=\"240\" data-src=\"https:\/\/staging.baredev.com\/wp-content\/uploads\/2022\/03\/logo-sda.png\" alt=\"ADD\" data-srcset=\"https:\/\/staging.baredev.com\/wp-content\/uploads\/2022\/03\/logo-sda.png 380w, https:\/\/staging.baredev.com\/wp-content\/uploads\/2022\/03\/logo-sda-300x189.png 300w, https:\/\/staging.baredev.com\/wp-content\/uploads\/2022\/03\/logo-sda-18x12.png 18w, https:\/\/staging.baredev.com\/wp-content\/uploads\/2022\/03\/logo-sda-150x95.png 150w, https:\/\/staging.baredev.com\/wp-content\/uploads\/2022\/03\/logo-sda-64x40.png 64w\" data-sizes=\"auto, (max-width: 360px) 147px, (max-width: 380px) 100vw, 380px\" src=\"data:image\/gif;base64,R0lGODlhAQABAAAAACH5BAEKAAEALAAAAAABAAEAAAICTAEAOw==\" class=\"lazyload\" style=\"--smush-placeholder-width: 380px; --smush-placeholder-aspect-ratio: 380\/240;\" \/><noscript><img decoding=\"async\" width=\"380\" height=\"240\" src=\"https:\/\/staging.baredev.com\/wp-content\/uploads\/2022\/03\/logo-sda.png\" alt=\"ADD\" loading=\"lazy\" srcset=\"https:\/\/staging.baredev.com\/wp-content\/uploads\/2022\/03\/logo-sda.png 380w, https:\/\/staging.baredev.com\/wp-content\/uploads\/2022\/03\/logo-sda-300x189.png 300w, https:\/\/staging.baredev.com\/wp-content\/uploads\/2022\/03\/logo-sda-18x12.png 18w, https:\/\/staging.baredev.com\/wp-content\/uploads\/2022\/03\/logo-sda-150x95.png 150w, https:\/\/staging.baredev.com\/wp-content\/uploads\/2022\/03\/logo-sda-64x40.png 64w\" sizes=\"auto, (max-width: 360px) 147px, (max-width: 380px) 100vw, 380px\" \/><\/noscript>\n\t\t\t<\/figure><figure class='gallery-item'>\n\t\t\t\t<img decoding=\"async\" width=\"176\" height=\"39\" data-src=\"https:\/\/staging.baredev.com\/wp-content\/uploads\/2021\/05\/176px-DHL_Logo.svg.png\" alt=\"DHL\" data-srcset=\"https:\/\/staging.baredev.com\/wp-content\/uploads\/2021\/05\/176px-DHL_Logo.svg.png 176w, https:\/\/staging.baredev.com\/wp-content\/uploads\/2021\/05\/176px-DHL_Logo.svg-150x33.png 150w\" data-sizes=\"auto, (max-width: 360px) 147px, (max-width: 176px) 100vw, 176px\" src=\"data:image\/gif;base64,R0lGODlhAQABAAAAACH5BAEKAAEALAAAAAABAAEAAAICTAEAOw==\" class=\"lazyload\" style=\"--smush-placeholder-width: 176px; --smush-placeholder-aspect-ratio: 176\/39;\" \/><noscript><img decoding=\"async\" width=\"176\" height=\"39\" src=\"https:\/\/staging.baredev.com\/wp-content\/uploads\/2021\/05\/176px-DHL_Logo.svg.png\" alt=\"DHL\" loading=\"lazy\" srcset=\"https:\/\/staging.baredev.com\/wp-content\/uploads\/2021\/05\/176px-DHL_Logo.svg.png 176w, https:\/\/staging.baredev.com\/wp-content\/uploads\/2021\/05\/176px-DHL_Logo.svg-150x33.png 150w\" sizes=\"auto, (max-width: 360px) 147px, (max-width: 176px) 100vw, 176px\" \/><\/noscript>\n\t\t\t<\/figure><figure class='gallery-item'>\n\t\t\t\t<img decoding=\"async\" width=\"1133\" height=\"519\" data-src=\"https:\/\/staging.baredev.com\/wp-content\/uploads\/2022\/05\/TNT_Logo.svg\" alt=\"TNT\" data-sizes=\"auto, (max-width: 360px) 147px,\" src=\"data:image\/gif;base64,R0lGODlhAQABAAAAACH5BAEKAAEALAAAAAABAAEAAAICTAEAOw==\" class=\"lazyload\" style=\"--smush-placeholder-width: 1133px; --smush-placeholder-aspect-ratio: 1133\/519;\" \/><noscript><img decoding=\"async\" width=\"1133\" height=\"519\" src=\"https:\/\/staging.baredev.com\/wp-content\/uploads\/2022\/05\/TNT_Logo.svg\" alt=\"TNT\" loading=\"lazy\" sizes=\"auto, (max-width: 360px) 147px, \" \/><\/noscript>\n\t\t\t<\/figure><figure class='gallery-item'>\n\t\t\t\t<img decoding=\"async\" width=\"66\" height=\"32\" data-src=\"https:\/\/staging.baredev.com\/wp-content\/uploads\/2022\/05\/Logo_BRT.svg\" alt=\"BRT\" data-sizes=\"auto, (max-width: 360px) 147px,\" src=\"data:image\/gif;base64,R0lGODlhAQABAAAAACH5BAEKAAEALAAAAAABAAEAAAICTAEAOw==\" class=\"lazyload\" style=\"--smush-placeholder-width: 66px; --smush-placeholder-aspect-ratio: 66\/32;\" \/><noscript><img decoding=\"async\" width=\"66\" height=\"32\" src=\"https:\/\/staging.baredev.com\/wp-content\/uploads\/2022\/05\/Logo_BRT.svg\" alt=\"BRT\" loading=\"lazy\" sizes=\"auto, (max-width: 360px) 147px, \" \/><\/noscript>\n\t\t\t<\/figure><figure class='gallery-item'>\n\t\t\t\t<img decoding=\"async\" width=\"52\" height=\"61\" data-src=\"https:\/\/staging.baredev.com\/wp-content\/uploads\/2022\/05\/United_Parcel_Service_logo_2014.svg\" alt=\"UPS\" data-sizes=\"auto, (max-width: 360px) 147px,\" src=\"data:image\/gif;base64,R0lGODlhAQABAAAAACH5BAEKAAEALAAAAAABAAEAAAICTAEAOw==\" class=\"lazyload\" style=\"--smush-placeholder-width: 52px; --smush-placeholder-aspect-ratio: 52\/61;\" \/><noscript><img decoding=\"async\" width=\"52\" height=\"61\" src=\"https:\/\/staging.baredev.com\/wp-content\/uploads\/2022\/05\/United_Parcel_Service_logo_2014.svg\" alt=\"UPS\" loading=\"lazy\" sizes=\"auto, (max-width: 360px) 147px, \" \/><\/noscript>\n\t\t\t<\/figure>\n\t\t\t<h2>Tarifs<\/h2>\t\t\n\t\t<p><!-- wp:heading {\"textAlign\":\"center\"} \/--><\/p>\n<p><!-- wp:html \/--><\/p>\n<p><!-- wp:paragraph --><\/p>\n<p>Les frais de port ne sont pas fixes, mais \u00e0 partir de<b> 7,30\u20ac<\/b> varient selon le poids et le volume des marchandises. Les d\u00e9lais de livraison varient en fonction du transporteur s\u00e9lectionn\u00e9, mais sont d&#039;environ 24\/72h.<\/p><p><strong>Les tarifs d&#039;exp\u00e9dition varient en fonction de la destination, du poids et du transporteur choisi<\/strong>, sont calcul\u00e9s automatiquement d\u00e8s que les produits sont ajout\u00e9s au panier. Ils sont disponibles sur les pages <a href=\"https:\/\/staging.baredev.com\/fr\/carrello\/\"><strong>Panier<\/strong><\/a> est <a href=\"https:\/\/staging.baredev.com\/fr\/checkout\/\"><strong>V\u00e9rifier<\/strong><\/a>.<\/p><p><!-- wp:heading {\"textAlign\":\"center\"} --><!-- \/wp:paragraph --><\/p>\n<p><!-- wp:html --><!-- \/wp:spacer --><\/p>\n<p><!-- wp:paragraph --><\/p>\n<p><b>Les conditions de livraison ci-dessus s&#039;appliqueront uniquement aux commandes termin\u00e9es avant 12h00 chaque jour.<\/b><\/p>\t\t\n\t\t\t<h2>Vous n&#039;avez pas trouv\u00e9 ce que vous cherchiez ?<\/h2>\t\t\n\t\t\t<a href=\"https:\/\/staging.baredev.com\/fr\/assistenza-clienti\/\" role=\"button\">\n\t\t\t\t\t\tService Clients\n\t\t\t\t\t<\/a><!-- \/wp:post-content -->","protected":false},"excerpt":{"rendered":"<p>Spedizioni &amp; Tariffe Consegna in 24\/48 ore Spedizione Spediamo i nostri pacchi tramite SDA, TNT, BRT, UPS\u00a0e\u00a0DHL, potrai scegliere il corriere che preferisci al momento del checkout. La merce acquistata verr\u00e0 da noi processata e affidata al corriere entro 24 ore dal momento dell&#8217;acquisto. Non ci riteniamo responsabili per eventuali ritardi nella consegna dei prodotti [&hellip;]<\/p>\n","protected":false},"author":1,"featured_media":0,"parent":0,"menu_order":0,"comment_status":"closed","ping_status":"closed","template":"template-fullwidth-no-heading.php","meta":{"_acf_changed":false,"inline_featured_image":false,"wprm-recipe-roundup-name":"","wprm-recipe-roundup-description":"","footnotes":""},"class_list":["post-2431","page","type-page","status-publish","hentry"],"acf":[],"yoast_head":"<!-- This site is optimized with the Yoast SEO Premium plugin v23.7 (Yoast SEO v27.6) - https:\/\/yoast.com\/product\/yoast-seo-premium-wordpress\/ -->\n<title>Spedizioni e Tariffe - Sapori Nostri<\/title>\n<meta name=\"robots\" content=\"noindex, follow\" \/>\n<meta property=\"og:locale\" content=\"fr_FR\" \/>\n<meta property=\"og:type\" content=\"article\" \/>\n<meta property=\"og:title\" content=\"Spedizioni e Tariffe\" \/>\n<meta property=\"og:description\" content=\"Spedizioni &amp; Tariffe Consegna in 24\/48 ore Spedizione Spediamo i nostri pacchi tramite SDA, TNT, BRT, UPS\u00a0e\u00a0DHL, potrai scegliere il corriere che preferisci al momento del checkout. La merce acquistata verr\u00e0 da noi processata e affidata al corriere entro 24 ore dal momento dell&#8217;acquisto. Non ci riteniamo responsabili per eventuali ritardi nella consegna dei prodotti [&hellip;]\" \/>\n<meta property=\"og:url\" content=\"https:\/\/staging.baredev.com\/fr\/spedizioni-e-tariffe\/\" \/>\n<meta property=\"og:site_name\" content=\"Sapori Nostri\" \/>\n<meta property=\"article:publisher\" content=\"https:\/\/www.facebook.com\/saporinostri.it\/\" \/>\n<meta property=\"article:modified_time\" content=\"2022-08-17T07:33:10+00:00\" \/>\n<meta property=\"og:image\" content=\"https:\/\/staging.baredev.com\/wp-content\/uploads\/2022\/03\/logo-sda.png\" \/>\n<meta name=\"twitter:card\" content=\"summary_large_image\" \/>\n<meta name=\"twitter:label1\" content=\"Est. reading time\" \/>\n\t<meta name=\"twitter:data1\" content=\"2 minutes\" \/>\n<script type=\"application\/ld+json\" class=\"yoast-schema-graph\">{\"@context\":\"https:\\\/\\\/schema.org\",\"@graph\":[{\"@type\":\"WebPage\",\"@id\":\"https:\\\/\\\/staging.baredev.com\\\/fr\\\/spedizioni-e-tariffe\\\/\",\"url\":\"https:\\\/\\\/staging.baredev.com\\\/fr\\\/spedizioni-e-tariffe\\\/\",\"name\":\"Spedizioni e Tariffe - Sapori Nostri\",\"isPartOf\":{\"@id\":\"https:\\\/\\\/staging.baredev.com\\\/fr\\\/#website\"},\"primaryImageOfPage\":{\"@id\":\"https:\\\/\\\/staging.baredev.com\\\/fr\\\/spedizioni-e-tariffe\\\/#primaryimage\"},\"image\":{\"@id\":\"https:\\\/\\\/staging.baredev.com\\\/fr\\\/spedizioni-e-tariffe\\\/#primaryimage\"},\"thumbnailUrl\":\"https:\\\/\\\/staging.baredev.com\\\/wp-content\\\/uploads\\\/2022\\\/03\\\/logo-sda.png\",\"datePublished\":\"2020-05-25T15:07:44+00:00\",\"dateModified\":\"2022-08-17T07:33:10+00:00\",\"breadcrumb\":{\"@id\":\"https:\\\/\\\/staging.baredev.com\\\/fr\\\/spedizioni-e-tariffe\\\/#breadcrumb\"},\"inLanguage\":\"fr-FR\",\"potentialAction\":[{\"@type\":\"ReadAction\",\"target\":[\"https:\\\/\\\/staging.baredev.com\\\/fr\\\/spedizioni-e-tariffe\\\/\"]}]},{\"@type\":\"ImageObject\",\"inLanguage\":\"fr-FR\",\"@id\":\"https:\\\/\\\/staging.baredev.com\\\/fr\\\/spedizioni-e-tariffe\\\/#primaryimage\",\"url\":\"https:\\\/\\\/staging.baredev.com\\\/wp-content\\\/uploads\\\/2022\\\/03\\\/logo-sda.png\",\"contentUrl\":\"https:\\\/\\\/staging.baredev.com\\\/wp-content\\\/uploads\\\/2022\\\/03\\\/logo-sda.png\"},{\"@type\":\"BreadcrumbList\",\"@id\":\"https:\\\/\\\/staging.baredev.com\\\/fr\\\/spedizioni-e-tariffe\\\/#breadcrumb\",\"itemListElement\":[{\"@type\":\"ListItem\",\"position\":1,\"name\":\"Home\",\"item\":\"https:\\\/\\\/staging.baredev.com\\\/fr\\\/\"},{\"@type\":\"ListItem\",\"position\":2,\"name\":\"Spedizioni e Tariffe\"}]},{\"@type\":\"WebSite\",\"@id\":\"https:\\\/\\\/staging.baredev.com\\\/fr\\\/#website\",\"url\":\"https:\\\/\\\/staging.baredev.com\\\/fr\\\/\",\"name\":\"Sapori Nostri\",\"description\":\"\",\"publisher\":{\"@id\":\"https:\\\/\\\/staging.baredev.com\\\/fr\\\/#organization\"},\"potentialAction\":[{\"@type\":\"SearchAction\",\"target\":{\"@type\":\"EntryPoint\",\"urlTemplate\":\"https:\\\/\\\/staging.baredev.com\\\/fr\\\/?s={search_term_string}\"},\"query-input\":{\"@type\":\"PropertyValueSpecification\",\"valueRequired\":true,\"valueName\":\"search_term_string\"}}],\"inLanguage\":\"fr-FR\"},{\"@type\":\"Organization\",\"@id\":\"https:\\\/\\\/staging.baredev.com\\\/fr\\\/#organization\",\"name\":\"Sapori Nostri\",\"url\":\"https:\\\/\\\/staging.baredev.com\\\/fr\\\/\",\"logo\":{\"@type\":\"ImageObject\",\"inLanguage\":\"fr-FR\",\"@id\":\"https:\\\/\\\/staging.baredev.com\\\/fr\\\/#\\\/schema\\\/logo\\\/image\\\/\",\"url\":\"https:\\\/\\\/staging.baredev.com\\\/wp-content\\\/uploads\\\/2020\\\/05\\\/logo-retina.png\",\"contentUrl\":\"https:\\\/\\\/staging.baredev.com\\\/wp-content\\\/uploads\\\/2020\\\/05\\\/logo-retina.png\",\"width\":500,\"height\":109,\"caption\":\"Sapori Nostri\"},\"image\":{\"@id\":\"https:\\\/\\\/staging.baredev.com\\\/fr\\\/#\\\/schema\\\/logo\\\/image\\\/\"},\"sameAs\":[\"https:\\\/\\\/www.facebook.com\\\/saporinostri.it\\\/\",\"https:\\\/\\\/www.instagram.com\\\/saporinostri.it\\\/\"]}]}<\/script>\n<!-- \/ Yoast SEO Premium plugin. -->","yoast_head_json":{"title":"Livraison et tarifs - Sapori Nostra","robots":{"index":"noindex","follow":"follow"},"og_locale":"fr_FR","og_type":"article","og_title":"Spedizioni e Tariffe","og_description":"Spedizioni &amp; Tariffe Consegna in 24\/48 ore Spedizione Spediamo i nostri pacchi tramite SDA, TNT, BRT, UPS\u00a0e\u00a0DHL, potrai scegliere il corriere che preferisci al momento del checkout. La merce acquistata verr\u00e0 da noi processata e affidata al corriere entro 24 ore dal momento dell&#8217;acquisto. Non ci riteniamo responsabili per eventuali ritardi nella consegna dei prodotti [&hellip;]","og_url":"https:\/\/staging.baredev.com\/fr\/spedizioni-e-tariffe\/","og_site_name":"Sapori Nostri","article_publisher":"https:\/\/www.facebook.com\/saporinostri.it\/","article_modified_time":"2022-08-17T07:33:10+00:00","og_image":[{"url":"https:\/\/staging.baredev.com\/wp-content\/uploads\/2022\/03\/logo-sda.png","type":"","width":"","height":""}],"twitter_card":"summary_large_image","twitter_misc":{"Est. reading time":"2 minutes"},"schema":{"@context":"https:\/\/schema.org","@graph":[{"@type":"WebPage","@id":"https:\/\/staging.baredev.com\/fr\/spedizioni-e-tariffe\/","url":"https:\/\/staging.baredev.com\/fr\/spedizioni-e-tariffe\/","name":"Livraison et tarifs - Sapori Nostra","isPartOf":{"@id":"https:\/\/staging.baredev.com\/fr\/#website"},"primaryImageOfPage":{"@id":"https:\/\/staging.baredev.com\/fr\/spedizioni-e-tariffe\/#primaryimage"},"image":{"@id":"https:\/\/staging.baredev.com\/fr\/spedizioni-e-tariffe\/#primaryimage"},"thumbnailUrl":"https:\/\/staging.baredev.com\/wp-content\/uploads\/2022\/03\/logo-sda.png","datePublished":"2020-05-25T15:07:44+00:00","dateModified":"2022-08-17T07:33:10+00:00","breadcrumb":{"@id":"https:\/\/staging.baredev.com\/fr\/spedizioni-e-tariffe\/#breadcrumb"},"inLanguage":"fr-FR","potentialAction":[{"@type":"ReadAction","target":["https:\/\/staging.baredev.com\/fr\/spedizioni-e-tariffe\/"]}]},{"@type":"ImageObject","inLanguage":"fr-FR","@id":"https:\/\/staging.baredev.com\/fr\/spedizioni-e-tariffe\/#primaryimage","url":"https:\/\/staging.baredev.com\/wp-content\/uploads\/2022\/03\/logo-sda.png","contentUrl":"https:\/\/staging.baredev.com\/wp-content\/uploads\/2022\/03\/logo-sda.png"},{"@type":"BreadcrumbList","@id":"https:\/\/staging.baredev.com\/fr\/spedizioni-e-tariffe\/#breadcrumb","itemListElement":[{"@type":"ListItem","position":1,"name":"Home","item":"https:\/\/staging.baredev.com\/fr\/"},{"@type":"ListItem","position":2,"name":"Spedizioni e Tariffe"}]},{"@type":"WebSite","@id":"https:\/\/staging.baredev.com\/fr\/#website","url":"https:\/\/staging.baredev.com\/fr\/","name":"Sapori Nostri","description":"","publisher":{"@id":"https:\/\/staging.baredev.com\/fr\/#organization"},"potentialAction":[{"@type":"SearchAction","target":{"@type":"EntryPoint","urlTemplate":"https:\/\/staging.baredev.com\/fr\/?s={search_term_string}"},"query-input":{"@type":"PropertyValueSpecification","valueRequired":true,"valueName":"search_term_string"}}],"inLanguage":"fr-FR"},{"@type":"Organization","@id":"https:\/\/staging.baredev.com\/fr\/#organization","name":"Sapori Nostri","url":"https:\/\/staging.baredev.com\/fr\/","logo":{"@type":"ImageObject","inLanguage":"fr-FR","@id":"https:\/\/staging.baredev.com\/fr\/#\/schema\/logo\/image\/","url":"https:\/\/staging.baredev.com\/wp-content\/uploads\/2020\/05\/logo-retina.png","contentUrl":"https:\/\/staging.baredev.com\/wp-content\/uploads\/2020\/05\/logo-retina.png","width":500,"height":109,"caption":"Sapori Nostri"},"image":{"@id":"https:\/\/staging.baredev.com\/fr\/#\/schema\/logo\/image\/"},"sameAs":["https:\/\/www.facebook.com\/saporinostri.it\/","https:\/\/www.instagram.com\/saporinostri.it\/"]}]}},"jetpack_sharing_enabled":true,"_links":{"self":[{"href":"https:\/\/staging.baredev.com\/fr\/wp-json\/wp\/v2\/pages\/2431","targetHints":{"allow":["GET"]}}],"collection":[{"href":"https:\/\/staging.baredev.com\/fr\/wp-json\/wp\/v2\/pages"}],"about":[{"href":"https:\/\/staging.baredev.com\/fr\/wp-json\/wp\/v2\/types\/page"}],"author":[{"embeddable":true,"href":"https:\/\/staging.baredev.com\/fr\/wp-json\/wp\/v2\/users\/1"}],"replies":[{"embeddable":true,"href":"https:\/\/staging.baredev.com\/fr\/wp-json\/wp\/v2\/comments?post=2431"}],"version-history":[{"count":0,"href":"https:\/\/staging.baredev.com\/fr\/wp-json\/wp\/v2\/pages\/2431\/revisions"}],"wp:attachment":[{"href":"https:\/\/staging.baredev.com\/fr\/wp-json\/wp\/v2\/media?parent=2431"}],"curies":[{"name":"wp","href":"https:\/\/api.w.org\/{rel}","templated":true}]}}