{"id":17874,"date":"2022-02-21T16:09:52","date_gmt":"2022-02-21T15:09:52","guid":{"rendered":"https:\/\/woocommerce-587295-4567585.cloudwaysapps.com\/?post_type=product&#038;p=17874"},"modified":"2026-01-15T18:27:54","modified_gmt":"2026-01-15T17:27:54","slug":"mafaldine-igp-il-vecchio-pastificio-di-gragnano-500g","status":"publish","type":"product","link":"https:\/\/staging.baredev.com\/fr\/mafaldine-igp-il-vecchio-pastificio-di-gragnano-500g\/","title":{"rendered":"Mafaldine IGP Il Vecchio Pastificio di Gragnano 500g"},"content":{"rendered":"<p>Dans le respect de la grande tradition s\u00e9culaire de Gragnano, Il Vecchio Pastificio di Gragnano produit chaque jour, sous l&#039;\u0153il attentif du ma\u00eetre p\u00e2tissier, avec la m\u00e9thode artisanale Pasta di Gragnano IGP de la plus haute qualit\u00e9. En s\u00e9lectionnant la meilleure semoule de bl\u00e9 dur m\u00e9lang\u00e9e uniquement avec l&#039;eau douce des sources tr\u00e8s pures - mill\u00e9naires - de Gragnano, avec beaucoup de passion, de soin et de savoir-faire.<br \/>\nMafaldine lentement tir\u00e9e uniquement avec des matrices en bronze, comme l&#039;enseigne l&#039;histoire, qui donnent une rugosit\u00e9 extraordinaire aux p\u00e2tes; s\u00e9ch\u00e9 uniquement \u00e0 basse temp\u00e9rature, tr\u00e8s lentement, pour am\u00e9liorer encore l&#039;excellente qualit\u00e9 du produit, unique, savoureux, parfum\u00e9, avec un contr\u00f4le humain constant \u00e0 toutes les \u00e9tapes. Une usine de p\u00e2tes avant-gardiste avec une importante capacit\u00e9 de production, travaille au quotidien avec une m\u00e9thode artisanale rigoureuse et scrupuleuse.<\/p>\n<p><strong>Ingr\u00e9dients:<\/strong> Semoule de bl\u00e9 dur, eau de Gragnano.<\/p>","protected":false},"excerpt":{"rendered":"<p>Le Mafaldine IGP del Vecchio Pastificio di Gragnano vengono prodotte con semole di grano duro accuratamente selezionate e con purissima acqua fresca delle millenarie sorgenti di Gragnano, con tanta passione e maestria.<\/p>\n<p><strong>Peso Netto:<\/strong> 500 g<br \/>\n<strong>Cottura:<\/strong> 7 minuti<\/p>\n<div class=\"scadenza\">Scadenza Lotto Pi\u00f9 Recente: <b>[acf field=\"scadenza\"] L.[acf field=\"lotto\"]<\/b><\/div>\n","protected":false},"featured_media":17875,"comment_status":"open","ping_status":"closed","template":"","meta":{"_acf_changed":false,"inline_featured_image":false,"wprm-recipe-roundup-name":"","wprm-recipe-roundup-description":""},"pwb-brand":[411],"product_brand":[],"product_cat":[407],"product_tag":[],"class_list":{"0":"post-17874","1":"product","2":"type-product","3":"status-publish","4":"has-post-thumbnail","6":"pwb-brand-il-vecchio-pastificio-di-gragnano","7":"product_cat-pasta-artigianale","9":"first","10":"instock","11":"sale","12":"taxable","13":"shipping-taxable","14":"purchasable","15":"product-type-simple"},"acf":[],"yoast_head":"<!-- This site is optimized with the Yoast SEO Premium plugin v23.7 (Yoast SEO v27.6) - https:\/\/yoast.com\/product\/yoast-seo-premium-wordpress\/ -->\n<title>Mafaldine IGP Vecchio Pastificio di Gragnano 500g - Sapori Nostri<\/title>\n<meta name=\"description\" content=\"Mafaldine IGP Vecchio Pastificio di Gragnano, prodotte con semole selezionate e purissima acqua fresca delle sorgenti di Gragnano\" \/>\n<meta name=\"robots\" content=\"index, follow, max-snippet:-1, max-image-preview:large, max-video-preview:-1\" \/>\n<link rel=\"canonical\" href=\"https:\/\/staging.baredev.com\/fr\/mafaldine-igp-il-vecchio-pastificio-di-gragnano-500g\/\" \/>\n<meta property=\"og:locale\" content=\"fr_FR\" \/>\n<meta property=\"og:type\" content=\"article\" \/>\n<meta property=\"og:title\" content=\"Mafaldine IGP Il Vecchio Pastificio di Gragnano 500g\" \/>\n<meta property=\"og:description\" content=\"Mafaldine IGP Vecchio Pastificio di Gragnano, prodotte con semole selezionate e purissima acqua fresca delle sorgenti di Gragnano\" \/>\n<meta property=\"og:url\" content=\"https:\/\/staging.baredev.com\/fr\/mafaldine-igp-il-vecchio-pastificio-di-gragnano-500g\/\" \/>\n<meta property=\"og:site_name\" content=\"Sapori Nostri\" \/>\n<meta property=\"article:publisher\" content=\"https:\/\/www.facebook.com\/saporinostri.it\/\" \/>\n<meta property=\"article:modified_time\" content=\"2026-01-15T17:27:54+00:00\" \/>\n<meta property=\"og:image\" content=\"https:\/\/staging.baredev.com\/wp-content\/uploads\/2022\/02\/mafaldine-vecchio-pastificio-di-gragnano-front.jpg\" \/>\n\t<meta property=\"og:image:width\" content=\"1100\" \/>\n\t<meta property=\"og:image:height\" content=\"1100\" \/>\n\t<meta property=\"og:image:type\" content=\"image\/jpeg\" \/>\n<meta name=\"twitter:card\" content=\"summary_large_image\" \/>\n<meta name=\"twitter:label1\" content=\"Est. reading time\" \/>\n\t<meta name=\"twitter:data1\" content=\"1 minute\" \/>\n<script type=\"application\/ld+json\" class=\"yoast-schema-graph\">{\"@context\":\"https:\\\/\\\/schema.org\",\"@graph\":[{\"@type\":\"WebPage\",\"@id\":\"https:\\\/\\\/staging.baredev.com\\\/fr\\\/mafaldine-igp-il-vecchio-pastificio-di-gragnano-500g\\\/\",\"url\":\"https:\\\/\\\/staging.baredev.com\\\/fr\\\/mafaldine-igp-il-vecchio-pastificio-di-gragnano-500g\\\/\",\"name\":\"Mafaldine IGP Vecchio Pastificio di Gragnano 500g - Sapori Nostri\",\"isPartOf\":{\"@id\":\"https:\\\/\\\/staging.baredev.com\\\/fr\\\/#website\"},\"primaryImageOfPage\":{\"@id\":\"https:\\\/\\\/staging.baredev.com\\\/fr\\\/mafaldine-igp-il-vecchio-pastificio-di-gragnano-500g\\\/#primaryimage\"},\"image\":{\"@id\":\"https:\\\/\\\/staging.baredev.com\\\/fr\\\/mafaldine-igp-il-vecchio-pastificio-di-gragnano-500g\\\/#primaryimage\"},\"thumbnailUrl\":\"https:\\\/\\\/staging.baredev.com\\\/wp-content\\\/uploads\\\/2022\\\/02\\\/mafaldine-vecchio-pastificio-di-gragnano-front.jpg\",\"datePublished\":\"2022-02-21T15:09:52+00:00\",\"dateModified\":\"2026-01-15T17:27:54+00:00\",\"description\":\"Mafaldine IGP Vecchio Pastificio di Gragnano, prodotte con semole selezionate e purissima acqua fresca delle sorgenti di Gragnano\",\"breadcrumb\":{\"@id\":\"https:\\\/\\\/staging.baredev.com\\\/fr\\\/mafaldine-igp-il-vecchio-pastificio-di-gragnano-500g\\\/#breadcrumb\"},\"inLanguage\":\"fr-FR\",\"potentialAction\":[{\"@type\":\"ReadAction\",\"target\":[\"https:\\\/\\\/staging.baredev.com\\\/fr\\\/mafaldine-igp-il-vecchio-pastificio-di-gragnano-500g\\\/\"]}]},{\"@type\":\"ImageObject\",\"inLanguage\":\"fr-FR\",\"@id\":\"https:\\\/\\\/staging.baredev.com\\\/fr\\\/mafaldine-igp-il-vecchio-pastificio-di-gragnano-500g\\\/#primaryimage\",\"url\":\"https:\\\/\\\/staging.baredev.com\\\/wp-content\\\/uploads\\\/2022\\\/02\\\/mafaldine-vecchio-pastificio-di-gragnano-front.jpg\",\"contentUrl\":\"https:\\\/\\\/staging.baredev.com\\\/wp-content\\\/uploads\\\/2022\\\/02\\\/mafaldine-vecchio-pastificio-di-gragnano-front.jpg\",\"width\":1100,\"height\":1100,\"caption\":\"Mafaldine IGP Il Vecchio Pastificio di Gragnano 500g\"},{\"@type\":\"BreadcrumbList\",\"@id\":\"https:\\\/\\\/staging.baredev.com\\\/fr\\\/mafaldine-igp-il-vecchio-pastificio-di-gragnano-500g\\\/#breadcrumb\",\"itemListElement\":[{\"@type\":\"ListItem\",\"position\":1,\"name\":\"Home\",\"item\":\"https:\\\/\\\/staging.baredev.com\\\/fr\\\/\"},{\"@type\":\"ListItem\",\"position\":2,\"name\":\"Shop\",\"item\":\"https:\\\/\\\/staging.baredev.com\\\/fr\\\/shop\\\/\"},{\"@type\":\"ListItem\",\"position\":3,\"name\":\"Mafaldine IGP Il Vecchio Pastificio di Gragnano 500g\"}]},{\"@type\":\"WebSite\",\"@id\":\"https:\\\/\\\/staging.baredev.com\\\/fr\\\/#website\",\"url\":\"https:\\\/\\\/staging.baredev.com\\\/fr\\\/\",\"name\":\"Sapori Nostri\",\"description\":\"\",\"publisher\":{\"@id\":\"https:\\\/\\\/staging.baredev.com\\\/fr\\\/#organization\"},\"potentialAction\":[{\"@type\":\"SearchAction\",\"target\":{\"@type\":\"EntryPoint\",\"urlTemplate\":\"https:\\\/\\\/staging.baredev.com\\\/fr\\\/?s={search_term_string}\"},\"query-input\":{\"@type\":\"PropertyValueSpecification\",\"valueRequired\":true,\"valueName\":\"search_term_string\"}}],\"inLanguage\":\"fr-FR\"},{\"@type\":\"Organization\",\"@id\":\"https:\\\/\\\/staging.baredev.com\\\/fr\\\/#organization\",\"name\":\"Sapori Nostri\",\"url\":\"https:\\\/\\\/staging.baredev.com\\\/fr\\\/\",\"logo\":{\"@type\":\"ImageObject\",\"inLanguage\":\"fr-FR\",\"@id\":\"https:\\\/\\\/staging.baredev.com\\\/fr\\\/#\\\/schema\\\/logo\\\/image\\\/\",\"url\":\"https:\\\/\\\/staging.baredev.com\\\/wp-content\\\/uploads\\\/2020\\\/05\\\/logo-retina.png\",\"contentUrl\":\"https:\\\/\\\/staging.baredev.com\\\/wp-content\\\/uploads\\\/2020\\\/05\\\/logo-retina.png\",\"width\":500,\"height\":109,\"caption\":\"Sapori Nostri\"},\"image\":{\"@id\":\"https:\\\/\\\/staging.baredev.com\\\/fr\\\/#\\\/schema\\\/logo\\\/image\\\/\"},\"sameAs\":[\"https:\\\/\\\/www.facebook.com\\\/saporinostri.it\\\/\",\"https:\\\/\\\/www.instagram.com\\\/saporinostri.it\\\/\"]}]}<\/script>\n<!-- \/ Yoast SEO Premium plugin. -->","yoast_head_json":{"title":"Mafaldine IGP Old Pastificio di Gragnano 500g - Nos saveurs","description":"Mafaldine IGP Vecchio Pastificio di Gragnano, produit avec de la semoule s\u00e9lectionn\u00e9e et de l&#039;eau fra\u00eeche pure des sources de Gragnano","robots":{"index":"index","follow":"follow","max-snippet":"max-snippet:-1","max-image-preview":"max-image-preview:large","max-video-preview":"max-video-preview:-1"},"canonical":"https:\/\/staging.baredev.com\/fr\/mafaldine-igp-il-vecchio-pastificio-di-gragnano-500g\/","og_locale":"fr_FR","og_type":"article","og_title":"Mafaldine IGP Il Vecchio Pastificio di Gragnano 500g","og_description":"Mafaldine IGP Vecchio Pastificio di Gragnano, prodotte con semole selezionate e purissima acqua fresca delle sorgenti di Gragnano","og_url":"https:\/\/staging.baredev.com\/fr\/mafaldine-igp-il-vecchio-pastificio-di-gragnano-500g\/","og_site_name":"Sapori Nostri","article_publisher":"https:\/\/www.facebook.com\/saporinostri.it\/","article_modified_time":"2026-01-15T17:27:54+00:00","og_image":[{"width":1100,"height":1100,"url":"https:\/\/staging.baredev.com\/wp-content\/uploads\/2022\/02\/mafaldine-vecchio-pastificio-di-gragnano-front.jpg","type":"image\/jpeg"}],"twitter_card":"summary_large_image","twitter_misc":{"Est. reading time":"1 minute"},"schema":{"@context":"https:\/\/schema.org","@graph":[{"@type":"WebPage","@id":"https:\/\/staging.baredev.com\/fr\/mafaldine-igp-il-vecchio-pastificio-di-gragnano-500g\/","url":"https:\/\/staging.baredev.com\/fr\/mafaldine-igp-il-vecchio-pastificio-di-gragnano-500g\/","name":"Mafaldine IGP Old Pastificio di Gragnano 500g - Nos saveurs","isPartOf":{"@id":"https:\/\/staging.baredev.com\/fr\/#website"},"primaryImageOfPage":{"@id":"https:\/\/staging.baredev.com\/fr\/mafaldine-igp-il-vecchio-pastificio-di-gragnano-500g\/#primaryimage"},"image":{"@id":"https:\/\/staging.baredev.com\/fr\/mafaldine-igp-il-vecchio-pastificio-di-gragnano-500g\/#primaryimage"},"thumbnailUrl":"https:\/\/staging.baredev.com\/wp-content\/uploads\/2022\/02\/mafaldine-vecchio-pastificio-di-gragnano-front.jpg","datePublished":"2022-02-21T15:09:52+00:00","dateModified":"2026-01-15T17:27:54+00:00","description":"Mafaldine IGP Vecchio Pastificio di Gragnano, produit avec de la semoule s\u00e9lectionn\u00e9e et de l&#039;eau fra\u00eeche pure des sources de Gragnano","breadcrumb":{"@id":"https:\/\/staging.baredev.com\/fr\/mafaldine-igp-il-vecchio-pastificio-di-gragnano-500g\/#breadcrumb"},"inLanguage":"fr-FR","potentialAction":[{"@type":"ReadAction","target":["https:\/\/staging.baredev.com\/fr\/mafaldine-igp-il-vecchio-pastificio-di-gragnano-500g\/"]}]},{"@type":"ImageObject","inLanguage":"fr-FR","@id":"https:\/\/staging.baredev.com\/fr\/mafaldine-igp-il-vecchio-pastificio-di-gragnano-500g\/#primaryimage","url":"https:\/\/staging.baredev.com\/wp-content\/uploads\/2022\/02\/mafaldine-vecchio-pastificio-di-gragnano-front.jpg","contentUrl":"https:\/\/staging.baredev.com\/wp-content\/uploads\/2022\/02\/mafaldine-vecchio-pastificio-di-gragnano-front.jpg","width":1100,"height":1100,"caption":"Mafaldine IGP Il Vecchio Pastificio di Gragnano 500g"},{"@type":"BreadcrumbList","@id":"https:\/\/staging.baredev.com\/fr\/mafaldine-igp-il-vecchio-pastificio-di-gragnano-500g\/#breadcrumb","itemListElement":[{"@type":"ListItem","position":1,"name":"Home","item":"https:\/\/staging.baredev.com\/fr\/"},{"@type":"ListItem","position":2,"name":"Shop","item":"https:\/\/staging.baredev.com\/fr\/shop\/"},{"@type":"ListItem","position":3,"name":"Mafaldine IGP Il Vecchio Pastificio di Gragnano 500g"}]},{"@type":"WebSite","@id":"https:\/\/staging.baredev.com\/fr\/#website","url":"https:\/\/staging.baredev.com\/fr\/","name":"Sapori Nostri","description":"","publisher":{"@id":"https:\/\/staging.baredev.com\/fr\/#organization"},"potentialAction":[{"@type":"SearchAction","target":{"@type":"EntryPoint","urlTemplate":"https:\/\/staging.baredev.com\/fr\/?s={search_term_string}"},"query-input":{"@type":"PropertyValueSpecification","valueRequired":true,"valueName":"search_term_string"}}],"inLanguage":"fr-FR"},{"@type":"Organization","@id":"https:\/\/staging.baredev.com\/fr\/#organization","name":"Sapori Nostri","url":"https:\/\/staging.baredev.com\/fr\/","logo":{"@type":"ImageObject","inLanguage":"fr-FR","@id":"https:\/\/staging.baredev.com\/fr\/#\/schema\/logo\/image\/","url":"https:\/\/staging.baredev.com\/wp-content\/uploads\/2020\/05\/logo-retina.png","contentUrl":"https:\/\/staging.baredev.com\/wp-content\/uploads\/2020\/05\/logo-retina.png","width":500,"height":109,"caption":"Sapori Nostri"},"image":{"@id":"https:\/\/staging.baredev.com\/fr\/#\/schema\/logo\/image\/"},"sameAs":["https:\/\/www.facebook.com\/saporinostri.it\/","https:\/\/www.instagram.com\/saporinostri.it\/"]}]}},"jetpack_sharing_enabled":true,"brands":[{"id":411,"name":"Le vieux Pastificio di Gragnano","slug":"il-vecchio-pastificio-di-gragnano"}],"_links":{"self":[{"href":"https:\/\/staging.baredev.com\/fr\/wp-json\/wp\/v2\/product\/17874","targetHints":{"allow":["GET"]}}],"collection":[{"href":"https:\/\/staging.baredev.com\/fr\/wp-json\/wp\/v2\/product"}],"about":[{"href":"https:\/\/staging.baredev.com\/fr\/wp-json\/wp\/v2\/types\/product"}],"replies":[{"embeddable":true,"href":"https:\/\/staging.baredev.com\/fr\/wp-json\/wp\/v2\/comments?post=17874"}],"wp:featuredmedia":[{"embeddable":true,"href":"https:\/\/staging.baredev.com\/fr\/wp-json\/wp\/v2\/media\/17875"}],"wp:attachment":[{"href":"https:\/\/staging.baredev.com\/fr\/wp-json\/wp\/v2\/media?parent=17874"}],"wp:term":[{"taxonomy":"pwb-brand","embeddable":true,"href":"https:\/\/staging.baredev.com\/fr\/wp-json\/wp\/v2\/pwb-brand?post=17874"},{"taxonomy":"product_brand","embeddable":true,"href":"https:\/\/staging.baredev.com\/fr\/wp-json\/wp\/v2\/product_brand?post=17874"},{"taxonomy":"product_cat","embeddable":true,"href":"https:\/\/staging.baredev.com\/fr\/wp-json\/wp\/v2\/product_cat?post=17874"},{"taxonomy":"product_tag","embeddable":true,"href":"https:\/\/staging.baredev.com\/fr\/wp-json\/wp\/v2\/product_tag?post=17874"}],"curies":[{"name":"wp","href":"https:\/\/api.w.org\/{rel}","templated":true}]}}