{"id":18373,"date":"2022-03-18T15:22:37","date_gmt":"2022-03-18T14:22:37","guid":{"rendered":"https:\/\/woocommerce-587295-4567585.cloudwaysapps.com\/?post_type=product&#038;p=18373"},"modified":"2026-01-09T18:15:27","modified_gmt":"2026-01-09T17:15:27","slug":"pomodorini-datterini-gialli-semi-secchi-in-olio-grangusto-280g","status":"publish","type":"product","link":"https:\/\/staging.baredev.com\/fr\/pomodorini-datterini-gialli-semi-secchi-in-olio-grangusto-280g\/","title":{"rendered":"Tomates Datterini Jaunes Semi-S\u00e9ch\u00e9es \u00e0 l&#039;Huile de Grangusto 280g"},"content":{"rendered":"<p style=\"font-size: 1.1em; line-height: 1.3em; color: #333;\">Les Datterini Gialli Grangusto Piana del Sele semi-s\u00e9ch\u00e9es \u00e0 l&#039;huile sont des tomates extraordinaires qui combinent l&#039;extr\u00eame douceur du soleil d&#039;\u00e9t\u00e9 avec une faible acidit\u00e9. Id\u00e9ales pour garnir la focaccia, elles sont \u00e0 servir en accompagnement de l&#039;ap\u00e9ritif. Se distinguant par un go\u00fbt jamais acide, ils sont excellents sur la bruschetta, particuli\u00e8rement agr\u00e9ables avec l&#039;ajout d&#039;un peu d&#039;\u00e9pice.<\/p>","protected":false},"excerpt":{"rendered":"<p style=\"font-size: 1.1em; line-height: 1.3em; color: #333;\">D\u00e9licieuses tomates cerises semi-s\u00e9ch\u00e9es italiennes d\u00e9licatement parfum\u00e9es aux \u00e9pices rappelant notre M\u00e9diterran\u00e9e, d\u00e9licatement plac\u00e9es dans une d\u00e9licate huile de graines. Les tomates cerises semi-s\u00e9ch\u00e9es sont une excellente id\u00e9e \u00e0 apporter \u00e0 table pour les d\u00e9guster en ap\u00e9ritif, en accompagnement ou pour garnir des sandwichs et de la focaccia.<\/p>\n<p style=\"font-size: 1.1em; line-height: 1.3em; color: #333;\"><strong>Poids net:<\/strong> 280 grammes<\/p>\n<p style=\"font-size: 1.1em; line-height: 1.3em; color: #333;\"><strong>Poids \u00e9goutt\u00e9\u00a0:<\/strong> 180g<\/p>","protected":false},"featured_media":18376,"comment_status":"open","ping_status":"closed","template":"","meta":{"_acf_changed":false,"inline_featured_image":false,"wprm-recipe-roundup-name":"","wprm-recipe-roundup-description":""},"pwb-brand":[635],"product_brand":[],"product_cat":[412,427],"product_tag":[],"class_list":{"0":"post-18373","1":"product","2":"type-product","3":"status-publish","4":"has-post-thumbnail","6":"pwb-brand-grangusto","7":"product_cat-conserve","8":"product_cat-pomodori","10":"first","11":"instock","12":"sale","13":"taxable","14":"shipping-taxable","15":"purchasable","16":"product-type-simple"},"acf":[],"yoast_head":"<!-- This site is optimized with the Yoast SEO Premium plugin v23.7 (Yoast SEO v27.6) - https:\/\/yoast.com\/product\/yoast-seo-premium-wordpress\/ -->\n<title>Pomodorini Datterini Gialli Semi Secchi Grangusto 280g - Sapori Nostri<\/title>\n<meta name=\"description\" content=\"Datterini gialli semi secchi della Piana del Sele in olio Grangusto sono dei pomodori straordinari dal sapore unico, acquistali online\" \/>\n<meta name=\"robots\" content=\"index, follow, max-snippet:-1, max-image-preview:large, max-video-preview:-1\" \/>\n<link rel=\"canonical\" href=\"https:\/\/staging.baredev.com\/fr\/pomodorini-datterini-gialli-semi-secchi-in-olio-grangusto-280g\/\" \/>\n<meta property=\"og:locale\" content=\"fr_FR\" \/>\n<meta property=\"og:type\" content=\"article\" \/>\n<meta property=\"og:title\" content=\"Pomodorini Datterini Gialli Semi Secchi in Olio Grangusto 280g\" \/>\n<meta property=\"og:description\" content=\"Datterini gialli semi secchi della Piana del Sele in olio Grangusto sono dei pomodori straordinari dal sapore unico, acquistali online\" \/>\n<meta property=\"og:url\" content=\"https:\/\/staging.baredev.com\/fr\/pomodorini-datterini-gialli-semi-secchi-in-olio-grangusto-280g\/\" \/>\n<meta property=\"og:site_name\" content=\"Sapori Nostri\" \/>\n<meta property=\"article:publisher\" content=\"https:\/\/www.facebook.com\/saporinostri.it\/\" \/>\n<meta property=\"article:modified_time\" content=\"2026-01-09T17:15:27+00:00\" \/>\n<meta property=\"og:image\" content=\"https:\/\/staging.baredev.com\/wp-content\/uploads\/2022\/03\/pomodorini-datterini-gialli-semi-secchi-in-olio-grangusto-280g.jpg\" \/>\n\t<meta property=\"og:image:width\" content=\"1100\" \/>\n\t<meta property=\"og:image:height\" content=\"1100\" \/>\n\t<meta property=\"og:image:type\" content=\"image\/jpeg\" \/>\n<meta name=\"twitter:card\" content=\"summary_large_image\" \/>\n<meta name=\"twitter:label1\" content=\"Est. reading time\" \/>\n\t<meta name=\"twitter:data1\" content=\"1 minute\" \/>\n<script type=\"application\/ld+json\" class=\"yoast-schema-graph\">{\"@context\":\"https:\\\/\\\/schema.org\",\"@graph\":[{\"@type\":\"WebPage\",\"@id\":\"https:\\\/\\\/staging.baredev.com\\\/fr\\\/pomodorini-datterini-gialli-semi-secchi-in-olio-grangusto-280g\\\/\",\"url\":\"https:\\\/\\\/staging.baredev.com\\\/fr\\\/pomodorini-datterini-gialli-semi-secchi-in-olio-grangusto-280g\\\/\",\"name\":\"Pomodorini Datterini Gialli Semi Secchi Grangusto 280g - Sapori Nostri\",\"isPartOf\":{\"@id\":\"https:\\\/\\\/staging.baredev.com\\\/fr\\\/#website\"},\"primaryImageOfPage\":{\"@id\":\"https:\\\/\\\/staging.baredev.com\\\/fr\\\/pomodorini-datterini-gialli-semi-secchi-in-olio-grangusto-280g\\\/#primaryimage\"},\"image\":{\"@id\":\"https:\\\/\\\/staging.baredev.com\\\/fr\\\/pomodorini-datterini-gialli-semi-secchi-in-olio-grangusto-280g\\\/#primaryimage\"},\"thumbnailUrl\":\"https:\\\/\\\/staging.baredev.com\\\/wp-content\\\/uploads\\\/2022\\\/03\\\/pomodorini-datterini-gialli-semi-secchi-in-olio-grangusto-280g.jpg\",\"datePublished\":\"2022-03-18T14:22:37+00:00\",\"dateModified\":\"2026-01-09T17:15:27+00:00\",\"description\":\"Datterini gialli semi secchi della Piana del Sele in olio Grangusto sono dei pomodori straordinari dal sapore unico, acquistali online\",\"breadcrumb\":{\"@id\":\"https:\\\/\\\/staging.baredev.com\\\/fr\\\/pomodorini-datterini-gialli-semi-secchi-in-olio-grangusto-280g\\\/#breadcrumb\"},\"inLanguage\":\"fr-FR\",\"potentialAction\":[{\"@type\":\"ReadAction\",\"target\":[\"https:\\\/\\\/staging.baredev.com\\\/fr\\\/pomodorini-datterini-gialli-semi-secchi-in-olio-grangusto-280g\\\/\"]}]},{\"@type\":\"ImageObject\",\"inLanguage\":\"fr-FR\",\"@id\":\"https:\\\/\\\/staging.baredev.com\\\/fr\\\/pomodorini-datterini-gialli-semi-secchi-in-olio-grangusto-280g\\\/#primaryimage\",\"url\":\"https:\\\/\\\/staging.baredev.com\\\/wp-content\\\/uploads\\\/2022\\\/03\\\/pomodorini-datterini-gialli-semi-secchi-in-olio-grangusto-280g.jpg\",\"contentUrl\":\"https:\\\/\\\/staging.baredev.com\\\/wp-content\\\/uploads\\\/2022\\\/03\\\/pomodorini-datterini-gialli-semi-secchi-in-olio-grangusto-280g.jpg\",\"width\":1100,\"height\":1100,\"caption\":\"Pomodorini Datterini Gialli Semi Secchi in Olio Grangusto 280g\"},{\"@type\":\"BreadcrumbList\",\"@id\":\"https:\\\/\\\/staging.baredev.com\\\/fr\\\/pomodorini-datterini-gialli-semi-secchi-in-olio-grangusto-280g\\\/#breadcrumb\",\"itemListElement\":[{\"@type\":\"ListItem\",\"position\":1,\"name\":\"Home\",\"item\":\"https:\\\/\\\/staging.baredev.com\\\/fr\\\/\"},{\"@type\":\"ListItem\",\"position\":2,\"name\":\"Shop\",\"item\":\"https:\\\/\\\/staging.baredev.com\\\/fr\\\/shop\\\/\"},{\"@type\":\"ListItem\",\"position\":3,\"name\":\"Pomodorini Datterini Gialli Semi Secchi in Olio Grangusto 280g\"}]},{\"@type\":\"WebSite\",\"@id\":\"https:\\\/\\\/staging.baredev.com\\\/fr\\\/#website\",\"url\":\"https:\\\/\\\/staging.baredev.com\\\/fr\\\/\",\"name\":\"Sapori Nostri\",\"description\":\"\",\"publisher\":{\"@id\":\"https:\\\/\\\/staging.baredev.com\\\/fr\\\/#organization\"},\"potentialAction\":[{\"@type\":\"SearchAction\",\"target\":{\"@type\":\"EntryPoint\",\"urlTemplate\":\"https:\\\/\\\/staging.baredev.com\\\/fr\\\/?s={search_term_string}\"},\"query-input\":{\"@type\":\"PropertyValueSpecification\",\"valueRequired\":true,\"valueName\":\"search_term_string\"}}],\"inLanguage\":\"fr-FR\"},{\"@type\":\"Organization\",\"@id\":\"https:\\\/\\\/staging.baredev.com\\\/fr\\\/#organization\",\"name\":\"Sapori Nostri\",\"url\":\"https:\\\/\\\/staging.baredev.com\\\/fr\\\/\",\"logo\":{\"@type\":\"ImageObject\",\"inLanguage\":\"fr-FR\",\"@id\":\"https:\\\/\\\/staging.baredev.com\\\/fr\\\/#\\\/schema\\\/logo\\\/image\\\/\",\"url\":\"https:\\\/\\\/staging.baredev.com\\\/wp-content\\\/uploads\\\/2020\\\/05\\\/logo-retina.png\",\"contentUrl\":\"https:\\\/\\\/staging.baredev.com\\\/wp-content\\\/uploads\\\/2020\\\/05\\\/logo-retina.png\",\"width\":500,\"height\":109,\"caption\":\"Sapori Nostri\"},\"image\":{\"@id\":\"https:\\\/\\\/staging.baredev.com\\\/fr\\\/#\\\/schema\\\/logo\\\/image\\\/\"},\"sameAs\":[\"https:\\\/\\\/www.facebook.com\\\/saporinostri.it\\\/\",\"https:\\\/\\\/www.instagram.com\\\/saporinostri.it\\\/\"]}]}<\/script>\n<!-- \/ Yoast SEO Premium plugin. -->","yoast_head_json":{"title":"Tomates cerises Datterini jaunes semi-s\u00e9ch\u00e9es Grangusto 280g - Sapori Our","description":"Les tomates datterini jaunes semi-s\u00e9ch\u00e9es de Piana del Sele \u00e0 l&#039;huile de Grangusto sont des tomates extraordinaires au go\u00fbt unique, achetez-les en ligne","robots":{"index":"index","follow":"follow","max-snippet":"max-snippet:-1","max-image-preview":"max-image-preview:large","max-video-preview":"max-video-preview:-1"},"canonical":"https:\/\/staging.baredev.com\/fr\/pomodorini-datterini-gialli-semi-secchi-in-olio-grangusto-280g\/","og_locale":"fr_FR","og_type":"article","og_title":"Pomodorini Datterini Gialli Semi Secchi in Olio Grangusto 280g","og_description":"Datterini gialli semi secchi della Piana del Sele in olio Grangusto sono dei pomodori straordinari dal sapore unico, acquistali online","og_url":"https:\/\/staging.baredev.com\/fr\/pomodorini-datterini-gialli-semi-secchi-in-olio-grangusto-280g\/","og_site_name":"Sapori Nostri","article_publisher":"https:\/\/www.facebook.com\/saporinostri.it\/","article_modified_time":"2026-01-09T17:15:27+00:00","og_image":[{"width":1100,"height":1100,"url":"https:\/\/staging.baredev.com\/wp-content\/uploads\/2022\/03\/pomodorini-datterini-gialli-semi-secchi-in-olio-grangusto-280g.jpg","type":"image\/jpeg"}],"twitter_card":"summary_large_image","twitter_misc":{"Est. reading time":"1 minute"},"schema":{"@context":"https:\/\/schema.org","@graph":[{"@type":"WebPage","@id":"https:\/\/staging.baredev.com\/fr\/pomodorini-datterini-gialli-semi-secchi-in-olio-grangusto-280g\/","url":"https:\/\/staging.baredev.com\/fr\/pomodorini-datterini-gialli-semi-secchi-in-olio-grangusto-280g\/","name":"Tomates cerises Datterini jaunes semi-s\u00e9ch\u00e9es Grangusto 280g - Sapori Our","isPartOf":{"@id":"https:\/\/staging.baredev.com\/fr\/#website"},"primaryImageOfPage":{"@id":"https:\/\/staging.baredev.com\/fr\/pomodorini-datterini-gialli-semi-secchi-in-olio-grangusto-280g\/#primaryimage"},"image":{"@id":"https:\/\/staging.baredev.com\/fr\/pomodorini-datterini-gialli-semi-secchi-in-olio-grangusto-280g\/#primaryimage"},"thumbnailUrl":"https:\/\/staging.baredev.com\/wp-content\/uploads\/2022\/03\/pomodorini-datterini-gialli-semi-secchi-in-olio-grangusto-280g.jpg","datePublished":"2022-03-18T14:22:37+00:00","dateModified":"2026-01-09T17:15:27+00:00","description":"Les tomates datterini jaunes semi-s\u00e9ch\u00e9es de Piana del Sele \u00e0 l&#039;huile de Grangusto sont des tomates extraordinaires au go\u00fbt unique, achetez-les en ligne","breadcrumb":{"@id":"https:\/\/staging.baredev.com\/fr\/pomodorini-datterini-gialli-semi-secchi-in-olio-grangusto-280g\/#breadcrumb"},"inLanguage":"fr-FR","potentialAction":[{"@type":"ReadAction","target":["https:\/\/staging.baredev.com\/fr\/pomodorini-datterini-gialli-semi-secchi-in-olio-grangusto-280g\/"]}]},{"@type":"ImageObject","inLanguage":"fr-FR","@id":"https:\/\/staging.baredev.com\/fr\/pomodorini-datterini-gialli-semi-secchi-in-olio-grangusto-280g\/#primaryimage","url":"https:\/\/staging.baredev.com\/wp-content\/uploads\/2022\/03\/pomodorini-datterini-gialli-semi-secchi-in-olio-grangusto-280g.jpg","contentUrl":"https:\/\/staging.baredev.com\/wp-content\/uploads\/2022\/03\/pomodorini-datterini-gialli-semi-secchi-in-olio-grangusto-280g.jpg","width":1100,"height":1100,"caption":"Pomodorini Datterini Gialli Semi Secchi in Olio Grangusto 280g"},{"@type":"BreadcrumbList","@id":"https:\/\/staging.baredev.com\/fr\/pomodorini-datterini-gialli-semi-secchi-in-olio-grangusto-280g\/#breadcrumb","itemListElement":[{"@type":"ListItem","position":1,"name":"Home","item":"https:\/\/staging.baredev.com\/fr\/"},{"@type":"ListItem","position":2,"name":"Shop","item":"https:\/\/staging.baredev.com\/fr\/shop\/"},{"@type":"ListItem","position":3,"name":"Pomodorini Datterini Gialli Semi Secchi in Olio Grangusto 280g"}]},{"@type":"WebSite","@id":"https:\/\/staging.baredev.com\/fr\/#website","url":"https:\/\/staging.baredev.com\/fr\/","name":"Sapori Nostri","description":"","publisher":{"@id":"https:\/\/staging.baredev.com\/fr\/#organization"},"potentialAction":[{"@type":"SearchAction","target":{"@type":"EntryPoint","urlTemplate":"https:\/\/staging.baredev.com\/fr\/?s={search_term_string}"},"query-input":{"@type":"PropertyValueSpecification","valueRequired":true,"valueName":"search_term_string"}}],"inLanguage":"fr-FR"},{"@type":"Organization","@id":"https:\/\/staging.baredev.com\/fr\/#organization","name":"Sapori Nostri","url":"https:\/\/staging.baredev.com\/fr\/","logo":{"@type":"ImageObject","inLanguage":"fr-FR","@id":"https:\/\/staging.baredev.com\/fr\/#\/schema\/logo\/image\/","url":"https:\/\/staging.baredev.com\/wp-content\/uploads\/2020\/05\/logo-retina.png","contentUrl":"https:\/\/staging.baredev.com\/wp-content\/uploads\/2020\/05\/logo-retina.png","width":500,"height":109,"caption":"Sapori Nostri"},"image":{"@id":"https:\/\/staging.baredev.com\/fr\/#\/schema\/logo\/image\/"},"sameAs":["https:\/\/www.facebook.com\/saporinostri.it\/","https:\/\/www.instagram.com\/saporinostri.it\/"]}]}},"jetpack_sharing_enabled":true,"brands":[{"id":635,"name":"Bon go\u00fbt","slug":"grangusto"}],"_links":{"self":[{"href":"https:\/\/staging.baredev.com\/fr\/wp-json\/wp\/v2\/product\/18373","targetHints":{"allow":["GET"]}}],"collection":[{"href":"https:\/\/staging.baredev.com\/fr\/wp-json\/wp\/v2\/product"}],"about":[{"href":"https:\/\/staging.baredev.com\/fr\/wp-json\/wp\/v2\/types\/product"}],"replies":[{"embeddable":true,"href":"https:\/\/staging.baredev.com\/fr\/wp-json\/wp\/v2\/comments?post=18373"}],"wp:featuredmedia":[{"embeddable":true,"href":"https:\/\/staging.baredev.com\/fr\/wp-json\/wp\/v2\/media\/18376"}],"wp:attachment":[{"href":"https:\/\/staging.baredev.com\/fr\/wp-json\/wp\/v2\/media?parent=18373"}],"wp:term":[{"taxonomy":"pwb-brand","embeddable":true,"href":"https:\/\/staging.baredev.com\/fr\/wp-json\/wp\/v2\/pwb-brand?post=18373"},{"taxonomy":"product_brand","embeddable":true,"href":"https:\/\/staging.baredev.com\/fr\/wp-json\/wp\/v2\/product_brand?post=18373"},{"taxonomy":"product_cat","embeddable":true,"href":"https:\/\/staging.baredev.com\/fr\/wp-json\/wp\/v2\/product_cat?post=18373"},{"taxonomy":"product_tag","embeddable":true,"href":"https:\/\/staging.baredev.com\/fr\/wp-json\/wp\/v2\/product_tag?post=18373"}],"curies":[{"name":"wp","href":"https:\/\/api.w.org\/{rel}","templated":true}]}}