{"id":2201,"date":"2020-05-09T21:10:39","date_gmt":"2020-05-09T19:10:39","guid":{"rendered":"http:\/\/172.105.66.148\/?post_type=product&#038;p=2201"},"modified":"2026-04-26T03:27:55","modified_gmt":"2026-04-26T01:27:55","slug":"farina-fior-di-riso-caputo-500g","status":"publish","type":"product","link":"https:\/\/staging.baredev.com\/fr\/farina-fior-di-riso-caputo-500g\/","title":{"rendered":"Farine Fior di Riso Caputo 500g"},"content":{"rendered":"<p><strong>Fior di Riso Caputo<\/strong> c&#039;est un produit <strong>Sans gluten<\/strong> innovant avec une granulom\u00e9trie calibr\u00e9e, adapt\u00e9 au saupoudrage, in\u00e9gal\u00e9 en friture et tempura et excellent pour la pr\u00e9paration de cr\u00e8mes et de puddings.<\/p>\n<p>Produit semi-fini \u00e0 usage professionnel pour les pr\u00e9parations de produits <strong>sans gluten<\/strong> et aussi pour la pizza traditionnelle.<\/p>\n<p>La farine et les produits de boulangerie obtenus avec un traitement sans contamination par le gluten sont adapt\u00e9s \u00e0 la consommation par des personnes atteintes de <strong>maladie c\u0153liaque<\/strong> et doit suivre un r\u00e9gime strictement sans gluten.<\/p>\n<p>Id\u00e9al \u00e9galement pour la consommation des personnes non coeliaques qui choisissent un r\u00e9gime dans lequel le gluten est inf\u00e9rieur \u00e0 20 ppm.<\/p>\n<div class=\"mini-infobox-wrapper\">\n<p class=\"mini-infobox\"><b>Type de farine<\/b><br \/>\nPolyvalent<\/p>\n<p class=\"mini-infobox\"><b>Boulangerie<\/b><br \/>\n\u2014<\/p>\n<p class=\"mini-infobox\"><b>Prot\u00e9ines<\/b><br \/>\n7,00%<\/p>\n<p class=\"mini-infobox\"><b>\u00c9lasticit\u00e9<\/b><br \/>\n\u2014<\/p>\n<p class=\"mini-infobox\"><b>Levain<\/b><br \/>\n\u2014<\/p>\n<\/div>\n<h3 class=\"mt-5\">Le moulin de Caputo<\/h3>\n<div class=\"mt-3\">\n<p>Depuis 1924, le\u00a0<strong>Mulino Caputo<\/strong>\u00a0travaille le bl\u00e9 avec g\u00e9n\u00e9rosit\u00e9 et passion, pour offrir aux professionnels et aux passionn\u00e9s de l&#039;Art Blanc Caputo Farina la plus haute qualit\u00e9, produite dans le plein respect des mati\u00e8res premi\u00e8res et de la tradition.<\/p>\n<p>Il Molino Caputo produit une large gamme de farines \u00e0 usage domestique et professionnel. La farine Caputo est surtout utilis\u00e9e par les professionnels de la p\u00e2te \u00e0 confiserie, de la panification, des p\u00e2tes et de la pizza, avec de nombreux types de farines destin\u00e9es \u00e0 diff\u00e9rents proc\u00e9d\u00e9s.<\/p>\n<p>Autorit\u00e9, spontan\u00e9it\u00e9 et tradition, c&#039;est de ces valeurs que na\u00eet l&#039;art blanc de Mulino Caputo, qui gr\u00e2ce \u00e0 l&#039;exp\u00e9rience acquise en 3 g\u00e9n\u00e9rations de ma\u00eetres meuniers napolitains, lui permet de garantir des normes de qualit\u00e9 tr\u00e8s \u00e9lev\u00e9es, pour s&#039;assurer que l&#039;expert les restaurateurs et artisans du go\u00fbt expriment au mieux leur cr\u00e9ativit\u00e9.<\/p>\n<p>La farine Caputo a la capacit\u00e9 de pr\u00e9server pleinement le naturel et l&#039;authenticit\u00e9 des saveurs, pour cela et pour d&#039;autres raisons, Molino Caputo est appr\u00e9ci\u00e9 et reconnu dans le monde entier.<\/p>\n<\/div>","protected":false},"excerpt":{"rendered":"<p><b>Farina di Riso<\/b><\/p>\n<ul>\n<li>Farina <strong>Senza Glutine<\/strong><\/li>\n<li>Adatta al consumo da parte di persone che presentano <strong>celiachia<\/strong>.<\/li>\n<li>Adatto allo spolvero, insuperabile nella frittura e nella tempura e ottima per la preparazione di creme e budini.<\/li>\n<\/ul>\n<p><span style=\"font-size: 0.85em;\"><i class=\"fas fa-info-circle\"><\/i> <a href=\"https:\/\/staging.baredev.com\/sc\/scheda-tecnica-farina-fior-di-riso-mulino-caputo.pdf\" target=\"_blank\" rel=\"noopener\">Vedi Scheda Tecnica<\/a><\/span><\/p>\n<div class=\"scadenza\">Scadenza Lotto Pi\u00f9 Recente: <b>[acf field=\"scadenza\"] L.[acf field=\"lotto\"]<\/b><\/div>\n","protected":false},"featured_media":16970,"comment_status":"open","ping_status":"closed","template":"","meta":{"_acf_changed":false,"inline_featured_image":false,"wprm-recipe-roundup-name":"","wprm-recipe-roundup-description":""},"pwb-brand":[110],"product_brand":[],"product_cat":[97],"product_tag":[],"class_list":{"0":"post-2201","1":"product","2":"type-product","3":"status-publish","4":"has-post-thumbnail","6":"pwb-brand-mulino-caputo","7":"product_cat-farine","8":"product_shipping_class-iva-4","10":"first","11":"instock","12":"sale","13":"taxable","14":"shipping-taxable","15":"purchasable","16":"product-type-simple"},"acf":[],"yoast_head":"<!-- This site is optimized with the Yoast SEO Premium plugin v23.7 (Yoast SEO v27.6) - https:\/\/yoast.com\/product\/yoast-seo-premium-wordpress\/ -->\n<title>Farina Fior di Riso Caputo 500g | Senza Glutine - Sapori Nostri<\/title>\n<meta name=\"description\" content=\"Farina di Riso Caputo, Gluten Free adatta allo spolvero, insuperabile nella frittura, tempura e ottimo per la preparazione di creme e budini\" \/>\n<meta name=\"robots\" content=\"index, follow, max-snippet:-1, max-image-preview:large, max-video-preview:-1\" \/>\n<link rel=\"canonical\" href=\"https:\/\/staging.baredev.com\/fr\/farina-fior-di-riso-caputo-500g\/\" \/>\n<meta property=\"og:locale\" content=\"fr_FR\" \/>\n<meta property=\"og:type\" content=\"article\" \/>\n<meta property=\"og:title\" content=\"Farina Fior di Riso Caputo 500g\" \/>\n<meta property=\"og:description\" content=\"Farina di Riso Caputo, Gluten Free adatta allo spolvero, insuperabile nella frittura, tempura e ottimo per la preparazione di creme e budini\" \/>\n<meta property=\"og:url\" content=\"https:\/\/staging.baredev.com\/fr\/farina-fior-di-riso-caputo-500g\/\" \/>\n<meta property=\"og:site_name\" content=\"Sapori Nostri\" \/>\n<meta property=\"article:publisher\" content=\"https:\/\/www.facebook.com\/saporinostri.it\/\" \/>\n<meta property=\"article:modified_time\" content=\"2026-04-26T01:27:55+00:00\" \/>\n<meta property=\"og:image\" content=\"https:\/\/staging.baredev.com\/wp-content\/uploads\/2020\/05\/farina-fior-di-riso-mulino-caputo-500g.jpg\" \/>\n\t<meta property=\"og:image:width\" content=\"1500\" \/>\n\t<meta property=\"og:image:height\" content=\"1500\" \/>\n\t<meta property=\"og:image:type\" content=\"image\/jpeg\" \/>\n<meta name=\"twitter:card\" content=\"summary_large_image\" \/>\n<meta name=\"twitter:label1\" content=\"Est. reading time\" \/>\n\t<meta name=\"twitter:data1\" content=\"2 minutes\" \/>\n<script type=\"application\/ld+json\" class=\"yoast-schema-graph\">{\"@context\":\"https:\\\/\\\/schema.org\",\"@graph\":[{\"@type\":\"WebPage\",\"@id\":\"https:\\\/\\\/staging.baredev.com\\\/fr\\\/farina-fior-di-riso-caputo-500g\\\/\",\"url\":\"https:\\\/\\\/staging.baredev.com\\\/fr\\\/farina-fior-di-riso-caputo-500g\\\/\",\"name\":\"Farina Fior di Riso Caputo 500g | Senza Glutine - Sapori Nostri\",\"isPartOf\":{\"@id\":\"https:\\\/\\\/staging.baredev.com\\\/fr\\\/#website\"},\"primaryImageOfPage\":{\"@id\":\"https:\\\/\\\/staging.baredev.com\\\/fr\\\/farina-fior-di-riso-caputo-500g\\\/#primaryimage\"},\"image\":{\"@id\":\"https:\\\/\\\/staging.baredev.com\\\/fr\\\/farina-fior-di-riso-caputo-500g\\\/#primaryimage\"},\"thumbnailUrl\":\"https:\\\/\\\/staging.baredev.com\\\/wp-content\\\/uploads\\\/2020\\\/05\\\/farina-fior-di-riso-mulino-caputo-500g.jpg\",\"datePublished\":\"2020-05-09T19:10:39+00:00\",\"dateModified\":\"2026-04-26T01:27:55+00:00\",\"description\":\"Farina di Riso Caputo, Gluten Free adatta allo spolvero, insuperabile nella frittura, tempura e ottimo per la preparazione di creme e budini\",\"breadcrumb\":{\"@id\":\"https:\\\/\\\/staging.baredev.com\\\/fr\\\/farina-fior-di-riso-caputo-500g\\\/#breadcrumb\"},\"inLanguage\":\"fr-FR\",\"potentialAction\":[{\"@type\":\"ReadAction\",\"target\":[\"https:\\\/\\\/staging.baredev.com\\\/fr\\\/farina-fior-di-riso-caputo-500g\\\/\"]}]},{\"@type\":\"ImageObject\",\"inLanguage\":\"fr-FR\",\"@id\":\"https:\\\/\\\/staging.baredev.com\\\/fr\\\/farina-fior-di-riso-caputo-500g\\\/#primaryimage\",\"url\":\"https:\\\/\\\/staging.baredev.com\\\/wp-content\\\/uploads\\\/2020\\\/05\\\/farina-fior-di-riso-mulino-caputo-500g.jpg\",\"contentUrl\":\"https:\\\/\\\/staging.baredev.com\\\/wp-content\\\/uploads\\\/2020\\\/05\\\/farina-fior-di-riso-mulino-caputo-500g.jpg\",\"width\":1500,\"height\":1500,\"caption\":\"Farina Fior di Riso Caputo 500g\"},{\"@type\":\"BreadcrumbList\",\"@id\":\"https:\\\/\\\/staging.baredev.com\\\/fr\\\/farina-fior-di-riso-caputo-500g\\\/#breadcrumb\",\"itemListElement\":[{\"@type\":\"ListItem\",\"position\":1,\"name\":\"Home\",\"item\":\"https:\\\/\\\/staging.baredev.com\\\/fr\\\/\"},{\"@type\":\"ListItem\",\"position\":2,\"name\":\"Shop\",\"item\":\"https:\\\/\\\/staging.baredev.com\\\/fr\\\/shop\\\/\"},{\"@type\":\"ListItem\",\"position\":3,\"name\":\"Farina Fior di Riso Caputo 500g\"}]},{\"@type\":\"WebSite\",\"@id\":\"https:\\\/\\\/staging.baredev.com\\\/fr\\\/#website\",\"url\":\"https:\\\/\\\/staging.baredev.com\\\/fr\\\/\",\"name\":\"Sapori Nostri\",\"description\":\"\",\"publisher\":{\"@id\":\"https:\\\/\\\/staging.baredev.com\\\/fr\\\/#organization\"},\"potentialAction\":[{\"@type\":\"SearchAction\",\"target\":{\"@type\":\"EntryPoint\",\"urlTemplate\":\"https:\\\/\\\/staging.baredev.com\\\/fr\\\/?s={search_term_string}\"},\"query-input\":{\"@type\":\"PropertyValueSpecification\",\"valueRequired\":true,\"valueName\":\"search_term_string\"}}],\"inLanguage\":\"fr-FR\"},{\"@type\":\"Organization\",\"@id\":\"https:\\\/\\\/staging.baredev.com\\\/fr\\\/#organization\",\"name\":\"Sapori Nostri\",\"url\":\"https:\\\/\\\/staging.baredev.com\\\/fr\\\/\",\"logo\":{\"@type\":\"ImageObject\",\"inLanguage\":\"fr-FR\",\"@id\":\"https:\\\/\\\/staging.baredev.com\\\/fr\\\/#\\\/schema\\\/logo\\\/image\\\/\",\"url\":\"https:\\\/\\\/staging.baredev.com\\\/wp-content\\\/uploads\\\/2020\\\/05\\\/logo-retina.png\",\"contentUrl\":\"https:\\\/\\\/staging.baredev.com\\\/wp-content\\\/uploads\\\/2020\\\/05\\\/logo-retina.png\",\"width\":500,\"height\":109,\"caption\":\"Sapori Nostri\"},\"image\":{\"@id\":\"https:\\\/\\\/staging.baredev.com\\\/fr\\\/#\\\/schema\\\/logo\\\/image\\\/\"},\"sameAs\":[\"https:\\\/\\\/www.facebook.com\\\/saporinostri.it\\\/\",\"https:\\\/\\\/www.instagram.com\\\/saporinostri.it\\\/\"]}]}<\/script>\n<!-- \/ Yoast SEO Premium plugin. -->","yoast_head_json":{"title":"Farine Fior di Riso Caputo 500g | Sans Gluten - Nos Saveurs","description":"Farine de Riz Caputo, sans Gluten adapt\u00e9e pour saupoudrer, in\u00e9gal\u00e9e en friture, tempura et excellente pour la pr\u00e9paration de cr\u00e8mes et puddings","robots":{"index":"index","follow":"follow","max-snippet":"max-snippet:-1","max-image-preview":"max-image-preview:large","max-video-preview":"max-video-preview:-1"},"canonical":"https:\/\/staging.baredev.com\/fr\/farina-fior-di-riso-caputo-500g\/","og_locale":"fr_FR","og_type":"article","og_title":"Farina Fior di Riso Caputo 500g","og_description":"Farina di Riso Caputo, Gluten Free adatta allo spolvero, insuperabile nella frittura, tempura e ottimo per la preparazione di creme e budini","og_url":"https:\/\/staging.baredev.com\/fr\/farina-fior-di-riso-caputo-500g\/","og_site_name":"Sapori Nostri","article_publisher":"https:\/\/www.facebook.com\/saporinostri.it\/","article_modified_time":"2026-04-26T01:27:55+00:00","og_image":[{"width":1500,"height":1500,"url":"https:\/\/staging.baredev.com\/wp-content\/uploads\/2020\/05\/farina-fior-di-riso-mulino-caputo-500g.jpg","type":"image\/jpeg"}],"twitter_card":"summary_large_image","twitter_misc":{"Est. reading time":"2 minutes"},"schema":{"@context":"https:\/\/schema.org","@graph":[{"@type":"WebPage","@id":"https:\/\/staging.baredev.com\/fr\/farina-fior-di-riso-caputo-500g\/","url":"https:\/\/staging.baredev.com\/fr\/farina-fior-di-riso-caputo-500g\/","name":"Farine Fior di Riso Caputo 500g | Sans Gluten - Nos Saveurs","isPartOf":{"@id":"https:\/\/staging.baredev.com\/fr\/#website"},"primaryImageOfPage":{"@id":"https:\/\/staging.baredev.com\/fr\/farina-fior-di-riso-caputo-500g\/#primaryimage"},"image":{"@id":"https:\/\/staging.baredev.com\/fr\/farina-fior-di-riso-caputo-500g\/#primaryimage"},"thumbnailUrl":"https:\/\/staging.baredev.com\/wp-content\/uploads\/2020\/05\/farina-fior-di-riso-mulino-caputo-500g.jpg","datePublished":"2020-05-09T19:10:39+00:00","dateModified":"2026-04-26T01:27:55+00:00","description":"Farine de Riz Caputo, sans Gluten adapt\u00e9e pour saupoudrer, in\u00e9gal\u00e9e en friture, tempura et excellente pour la pr\u00e9paration de cr\u00e8mes et puddings","breadcrumb":{"@id":"https:\/\/staging.baredev.com\/fr\/farina-fior-di-riso-caputo-500g\/#breadcrumb"},"inLanguage":"fr-FR","potentialAction":[{"@type":"ReadAction","target":["https:\/\/staging.baredev.com\/fr\/farina-fior-di-riso-caputo-500g\/"]}]},{"@type":"ImageObject","inLanguage":"fr-FR","@id":"https:\/\/staging.baredev.com\/fr\/farina-fior-di-riso-caputo-500g\/#primaryimage","url":"https:\/\/staging.baredev.com\/wp-content\/uploads\/2020\/05\/farina-fior-di-riso-mulino-caputo-500g.jpg","contentUrl":"https:\/\/staging.baredev.com\/wp-content\/uploads\/2020\/05\/farina-fior-di-riso-mulino-caputo-500g.jpg","width":1500,"height":1500,"caption":"Farina Fior di Riso Caputo 500g"},{"@type":"BreadcrumbList","@id":"https:\/\/staging.baredev.com\/fr\/farina-fior-di-riso-caputo-500g\/#breadcrumb","itemListElement":[{"@type":"ListItem","position":1,"name":"Home","item":"https:\/\/staging.baredev.com\/fr\/"},{"@type":"ListItem","position":2,"name":"Shop","item":"https:\/\/staging.baredev.com\/fr\/shop\/"},{"@type":"ListItem","position":3,"name":"Farina Fior di Riso Caputo 500g"}]},{"@type":"WebSite","@id":"https:\/\/staging.baredev.com\/fr\/#website","url":"https:\/\/staging.baredev.com\/fr\/","name":"Sapori Nostri","description":"","publisher":{"@id":"https:\/\/staging.baredev.com\/fr\/#organization"},"potentialAction":[{"@type":"SearchAction","target":{"@type":"EntryPoint","urlTemplate":"https:\/\/staging.baredev.com\/fr\/?s={search_term_string}"},"query-input":{"@type":"PropertyValueSpecification","valueRequired":true,"valueName":"search_term_string"}}],"inLanguage":"fr-FR"},{"@type":"Organization","@id":"https:\/\/staging.baredev.com\/fr\/#organization","name":"Sapori Nostri","url":"https:\/\/staging.baredev.com\/fr\/","logo":{"@type":"ImageObject","inLanguage":"fr-FR","@id":"https:\/\/staging.baredev.com\/fr\/#\/schema\/logo\/image\/","url":"https:\/\/staging.baredev.com\/wp-content\/uploads\/2020\/05\/logo-retina.png","contentUrl":"https:\/\/staging.baredev.com\/wp-content\/uploads\/2020\/05\/logo-retina.png","width":500,"height":109,"caption":"Sapori Nostri"},"image":{"@id":"https:\/\/staging.baredev.com\/fr\/#\/schema\/logo\/image\/"},"sameAs":["https:\/\/www.facebook.com\/saporinostri.it\/","https:\/\/www.instagram.com\/saporinostri.it\/"]}]}},"jetpack_sharing_enabled":true,"brands":[{"id":110,"name":"Mulino Caputo","slug":"mulino-caputo"}],"_links":{"self":[{"href":"https:\/\/staging.baredev.com\/fr\/wp-json\/wp\/v2\/product\/2201","targetHints":{"allow":["GET"]}}],"collection":[{"href":"https:\/\/staging.baredev.com\/fr\/wp-json\/wp\/v2\/product"}],"about":[{"href":"https:\/\/staging.baredev.com\/fr\/wp-json\/wp\/v2\/types\/product"}],"replies":[{"embeddable":true,"href":"https:\/\/staging.baredev.com\/fr\/wp-json\/wp\/v2\/comments?post=2201"}],"wp:featuredmedia":[{"embeddable":true,"href":"https:\/\/staging.baredev.com\/fr\/wp-json\/wp\/v2\/media\/16970"}],"wp:attachment":[{"href":"https:\/\/staging.baredev.com\/fr\/wp-json\/wp\/v2\/media?parent=2201"}],"wp:term":[{"taxonomy":"pwb-brand","embeddable":true,"href":"https:\/\/staging.baredev.com\/fr\/wp-json\/wp\/v2\/pwb-brand?post=2201"},{"taxonomy":"product_brand","embeddable":true,"href":"https:\/\/staging.baredev.com\/fr\/wp-json\/wp\/v2\/product_brand?post=2201"},{"taxonomy":"product_cat","embeddable":true,"href":"https:\/\/staging.baredev.com\/fr\/wp-json\/wp\/v2\/product_cat?post=2201"},{"taxonomy":"product_tag","embeddable":true,"href":"https:\/\/staging.baredev.com\/fr\/wp-json\/wp\/v2\/product_tag?post=2201"}],"curies":[{"name":"wp","href":"https:\/\/api.w.org\/{rel}","templated":true}]}}