{"id":22361,"date":"2023-03-02T17:57:02","date_gmt":"2023-03-02T16:57:02","guid":{"rendered":"https:\/\/woocommerce-587295-4567585.cloudwaysapps.com\/?post_type=product&#038;p=22361"},"modified":"2026-01-26T10:28:21","modified_gmt":"2026-01-26T09:28:21","slug":"bomba-calabrese-delizie-di-calabria-180g","status":"publish","type":"product","link":"https:\/\/staging.baredev.com\/fr\/bomba-calabrese-delizie-di-calabria-180g\/","title":{"rendered":"Bomba calabraise D\u00e9lices de Calabre 180g"},"content":{"rendered":"<p>Le m\u00e9lange de piments et de l\u00e9gumes \u00ab\u00a0Bomba Calabrese\u00a0\u00bb de Delizie della Calabria est une authentique explosion de saveurs de Calabre. Ce condiment \u00e9tonnant a \u00e9t\u00e9 cr\u00e9\u00e9 pour ceux qui recherchent une touche \u00e9pic\u00e9e et savoureuse \u00e0 ajouter \u00e0 leurs plats pr\u00e9f\u00e9r\u00e9s.<\/p>\n<p>Bomba Calabrese est un m\u00e9lange artisanal de piments locaux et de l\u00e9gumes frais, soigneusement s\u00e9lectionn\u00e9s pour garantir le plus haut niveau de qualit\u00e9 et de go\u00fbt. Cette cr\u00e9ation de Delizie della Calabria capture la passion et la chaleur de la r\u00e9gion et l&#039;apporte directement dans votre cuisine.<\/p>\n<p>Avec son \u00e9quilibre parfait entre piquant et saveur, la Bomba Calabrese peut \u00eatre utilis\u00e9e de diverses mani\u00e8res cr\u00e9atives. Ajoutez-le comme condiment sur une pizza ou des p\u00e2tes pour une note \u00e9pic\u00e9e et savoureuse, m\u00e9langez-le avec du fromage pour une explosion de saveurs dans vos sandwichs ou utilisez-le pour cr\u00e9er des sauces et marinades extraordinaires.<\/p>\n<p>Soigneusement emball\u00e9e dans un pot contenant 180 g de pure bont\u00e9, la Bomba calabraise di Delizie della Calabria est le compl\u00e9ment id\u00e9al pour chaque table. Non seulement il satisfera votre envie de saveurs intenses, mais il vous offrira \u00e9galement un voyage culinaire dans la tradition gastronomique calabraise. Ajoutez une touche de passion et d&#039;audace \u00e0 vos repas avec Bomba Calabrese et d\u00e9couvrez le vrai sens de la cuisine calabraise.<\/p>","protected":false},"excerpt":{"rendered":"<p>Le m\u00e9lange de piments et de l\u00e9gumes \u00ab Bomba Calabrese \u00bb est une authentique explosion de saveurs de Calabre.<\/p>\n<p>Ce condiment \u00e9tonnant a \u00e9t\u00e9 cr\u00e9\u00e9 pour ceux qui recherchent une touche \u00e9pic\u00e9e et savoureuse \u00e0 ajouter \u00e0 leurs plats pr\u00e9f\u00e9r\u00e9s.<\/p>\n<p><strong>Poids net:<\/strong> 180g<\/p>\n<div class=\"scadenza\">Expiration du lot le plus r\u00e9cent\u00a0: <strong>02<\/strong><b>\/11\/2025 L.LF306C<\/b><\/div>","protected":false},"featured_media":24155,"comment_status":"open","ping_status":"closed","template":"","meta":{"_acf_changed":false,"inline_featured_image":false,"wprm-recipe-roundup-name":"","wprm-recipe-roundup-description":""},"pwb-brand":[653],"product_brand":[],"product_cat":[412,582],"product_tag":[],"class_list":{"0":"post-22361","1":"product","2":"type-product","3":"status-publish","4":"has-post-thumbnail","6":"pwb-brand-delizie-di-calabria","7":"product_cat-conserve","8":"product_cat-salse-di-accompagnamento","10":"first","11":"instock","12":"sale","13":"taxable","14":"shipping-taxable","15":"purchasable","16":"product-type-simple"},"acf":[],"yoast_head":"<!-- This site is optimized with the Yoast SEO Premium plugin v23.7 (Yoast SEO v27.6) - https:\/\/yoast.com\/product\/yoast-seo-premium-wordpress\/ -->\n<title>Bomba Calabrese Delizie di Calabria 180g - Sapori Nostri<\/title>\n<meta name=\"description\" content=\"La Bomba Calabrese \u00e8 un gustosissimo mix di Peperoncino e Ortaggi, un&#039;autentica esplosione di sapore proveniente dalla Calabria\" \/>\n<meta name=\"robots\" content=\"index, follow, max-snippet:-1, max-image-preview:large, max-video-preview:-1\" \/>\n<link rel=\"canonical\" href=\"https:\/\/staging.baredev.com\/fr\/bomba-calabrese-delizie-di-calabria-180g\/\" \/>\n<meta property=\"og:locale\" content=\"fr_FR\" \/>\n<meta property=\"og:type\" content=\"article\" \/>\n<meta property=\"og:title\" content=\"Bomba Calabrese Delizie di Calabria 180g\" \/>\n<meta property=\"og:description\" content=\"La Bomba Calabrese \u00e8 un gustosissimo mix di Peperoncino e Ortaggi, un&#039;autentica esplosione di sapore proveniente dalla Calabria\" \/>\n<meta property=\"og:url\" content=\"https:\/\/staging.baredev.com\/fr\/bomba-calabrese-delizie-di-calabria-180g\/\" \/>\n<meta property=\"og:site_name\" content=\"Sapori Nostri\" \/>\n<meta property=\"article:publisher\" content=\"https:\/\/www.facebook.com\/saporinostri.it\/\" \/>\n<meta property=\"article:modified_time\" content=\"2026-01-26T09:28:21+00:00\" \/>\n<meta property=\"og:image\" content=\"https:\/\/staging.baredev.com\/wp-content\/uploads\/2023\/03\/bomba-calabrese-delizie-della-calabria-180g.jpg\" \/>\n\t<meta property=\"og:image:width\" content=\"1500\" \/>\n\t<meta property=\"og:image:height\" content=\"1500\" \/>\n\t<meta property=\"og:image:type\" content=\"image\/jpeg\" \/>\n<meta name=\"twitter:card\" content=\"summary_large_image\" \/>\n<meta name=\"twitter:label1\" content=\"Est. reading time\" \/>\n\t<meta name=\"twitter:data1\" content=\"2 minutes\" \/>\n<script type=\"application\/ld+json\" class=\"yoast-schema-graph\">{\"@context\":\"https:\\\/\\\/schema.org\",\"@graph\":[{\"@type\":\"WebPage\",\"@id\":\"https:\\\/\\\/staging.baredev.com\\\/fr\\\/bomba-calabrese-delizie-di-calabria-180g\\\/\",\"url\":\"https:\\\/\\\/staging.baredev.com\\\/fr\\\/bomba-calabrese-delizie-di-calabria-180g\\\/\",\"name\":\"Bomba Calabrese Delizie di Calabria 180g - Sapori Nostri\",\"isPartOf\":{\"@id\":\"https:\\\/\\\/staging.baredev.com\\\/fr\\\/#website\"},\"primaryImageOfPage\":{\"@id\":\"https:\\\/\\\/staging.baredev.com\\\/fr\\\/bomba-calabrese-delizie-di-calabria-180g\\\/#primaryimage\"},\"image\":{\"@id\":\"https:\\\/\\\/staging.baredev.com\\\/fr\\\/bomba-calabrese-delizie-di-calabria-180g\\\/#primaryimage\"},\"thumbnailUrl\":\"https:\\\/\\\/staging.baredev.com\\\/wp-content\\\/uploads\\\/2023\\\/03\\\/bomba-calabrese-delizie-della-calabria-180g.jpg\",\"datePublished\":\"2023-03-02T16:57:02+00:00\",\"dateModified\":\"2026-01-26T09:28:21+00:00\",\"description\":\"La Bomba Calabrese \u00e8 un gustosissimo mix di Peperoncino e Ortaggi, un'autentica esplosione di sapore proveniente dalla Calabria\",\"breadcrumb\":{\"@id\":\"https:\\\/\\\/staging.baredev.com\\\/fr\\\/bomba-calabrese-delizie-di-calabria-180g\\\/#breadcrumb\"},\"inLanguage\":\"fr-FR\",\"potentialAction\":[{\"@type\":\"ReadAction\",\"target\":[\"https:\\\/\\\/staging.baredev.com\\\/fr\\\/bomba-calabrese-delizie-di-calabria-180g\\\/\"]}]},{\"@type\":\"ImageObject\",\"inLanguage\":\"fr-FR\",\"@id\":\"https:\\\/\\\/staging.baredev.com\\\/fr\\\/bomba-calabrese-delizie-di-calabria-180g\\\/#primaryimage\",\"url\":\"https:\\\/\\\/staging.baredev.com\\\/wp-content\\\/uploads\\\/2023\\\/03\\\/bomba-calabrese-delizie-della-calabria-180g.jpg\",\"contentUrl\":\"https:\\\/\\\/staging.baredev.com\\\/wp-content\\\/uploads\\\/2023\\\/03\\\/bomba-calabrese-delizie-della-calabria-180g.jpg\",\"width\":1500,\"height\":1500,\"caption\":\"Bomba Calabrese Delizie di Calabria 180g\"},{\"@type\":\"BreadcrumbList\",\"@id\":\"https:\\\/\\\/staging.baredev.com\\\/fr\\\/bomba-calabrese-delizie-di-calabria-180g\\\/#breadcrumb\",\"itemListElement\":[{\"@type\":\"ListItem\",\"position\":1,\"name\":\"Home\",\"item\":\"https:\\\/\\\/staging.baredev.com\\\/fr\\\/\"},{\"@type\":\"ListItem\",\"position\":2,\"name\":\"Shop\",\"item\":\"https:\\\/\\\/staging.baredev.com\\\/fr\\\/shop\\\/\"},{\"@type\":\"ListItem\",\"position\":3,\"name\":\"Bomba Calabrese Delizie di Calabria 180g\"}]},{\"@type\":\"WebSite\",\"@id\":\"https:\\\/\\\/staging.baredev.com\\\/fr\\\/#website\",\"url\":\"https:\\\/\\\/staging.baredev.com\\\/fr\\\/\",\"name\":\"Sapori Nostri\",\"description\":\"\",\"publisher\":{\"@id\":\"https:\\\/\\\/staging.baredev.com\\\/fr\\\/#organization\"},\"potentialAction\":[{\"@type\":\"SearchAction\",\"target\":{\"@type\":\"EntryPoint\",\"urlTemplate\":\"https:\\\/\\\/staging.baredev.com\\\/fr\\\/?s={search_term_string}\"},\"query-input\":{\"@type\":\"PropertyValueSpecification\",\"valueRequired\":true,\"valueName\":\"search_term_string\"}}],\"inLanguage\":\"fr-FR\"},{\"@type\":\"Organization\",\"@id\":\"https:\\\/\\\/staging.baredev.com\\\/fr\\\/#organization\",\"name\":\"Sapori Nostri\",\"url\":\"https:\\\/\\\/staging.baredev.com\\\/fr\\\/\",\"logo\":{\"@type\":\"ImageObject\",\"inLanguage\":\"fr-FR\",\"@id\":\"https:\\\/\\\/staging.baredev.com\\\/fr\\\/#\\\/schema\\\/logo\\\/image\\\/\",\"url\":\"https:\\\/\\\/staging.baredev.com\\\/wp-content\\\/uploads\\\/2020\\\/05\\\/logo-retina.png\",\"contentUrl\":\"https:\\\/\\\/staging.baredev.com\\\/wp-content\\\/uploads\\\/2020\\\/05\\\/logo-retina.png\",\"width\":500,\"height\":109,\"caption\":\"Sapori Nostri\"},\"image\":{\"@id\":\"https:\\\/\\\/staging.baredev.com\\\/fr\\\/#\\\/schema\\\/logo\\\/image\\\/\"},\"sameAs\":[\"https:\\\/\\\/www.facebook.com\\\/saporinostri.it\\\/\",\"https:\\\/\\\/www.instagram.com\\\/saporinostri.it\\\/\"]}]}<\/script>\n<!-- \/ Yoast SEO Premium plugin. -->","yoast_head_json":{"title":"Bomba calabraise D\u00e9lices de Calabre 180g - Sapori Nostri","description":"La Bomba calabraise est un savoureux m\u00e9lange de piment et de l\u00e9gumes, une authentique explosion de saveurs de Calabre","robots":{"index":"index","follow":"follow","max-snippet":"max-snippet:-1","max-image-preview":"max-image-preview:large","max-video-preview":"max-video-preview:-1"},"canonical":"https:\/\/staging.baredev.com\/fr\/bomba-calabrese-delizie-di-calabria-180g\/","og_locale":"fr_FR","og_type":"article","og_title":"Bomba Calabrese Delizie di Calabria 180g","og_description":"La Bomba Calabrese \u00e8 un gustosissimo mix di Peperoncino e Ortaggi, un'autentica esplosione di sapore proveniente dalla Calabria","og_url":"https:\/\/staging.baredev.com\/fr\/bomba-calabrese-delizie-di-calabria-180g\/","og_site_name":"Sapori Nostri","article_publisher":"https:\/\/www.facebook.com\/saporinostri.it\/","article_modified_time":"2026-01-26T09:28:21+00:00","og_image":[{"width":1500,"height":1500,"url":"https:\/\/staging.baredev.com\/wp-content\/uploads\/2023\/03\/bomba-calabrese-delizie-della-calabria-180g.jpg","type":"image\/jpeg"}],"twitter_card":"summary_large_image","twitter_misc":{"Est. reading time":"2 minutes"},"schema":{"@context":"https:\/\/schema.org","@graph":[{"@type":"WebPage","@id":"https:\/\/staging.baredev.com\/fr\/bomba-calabrese-delizie-di-calabria-180g\/","url":"https:\/\/staging.baredev.com\/fr\/bomba-calabrese-delizie-di-calabria-180g\/","name":"Bomba calabraise D\u00e9lices de Calabre 180g - Sapori Nostri","isPartOf":{"@id":"https:\/\/staging.baredev.com\/fr\/#website"},"primaryImageOfPage":{"@id":"https:\/\/staging.baredev.com\/fr\/bomba-calabrese-delizie-di-calabria-180g\/#primaryimage"},"image":{"@id":"https:\/\/staging.baredev.com\/fr\/bomba-calabrese-delizie-di-calabria-180g\/#primaryimage"},"thumbnailUrl":"https:\/\/staging.baredev.com\/wp-content\/uploads\/2023\/03\/bomba-calabrese-delizie-della-calabria-180g.jpg","datePublished":"2023-03-02T16:57:02+00:00","dateModified":"2026-01-26T09:28:21+00:00","description":"La Bomba calabraise est un savoureux m\u00e9lange de piment et de l\u00e9gumes, une authentique explosion de saveurs de Calabre","breadcrumb":{"@id":"https:\/\/staging.baredev.com\/fr\/bomba-calabrese-delizie-di-calabria-180g\/#breadcrumb"},"inLanguage":"fr-FR","potentialAction":[{"@type":"ReadAction","target":["https:\/\/staging.baredev.com\/fr\/bomba-calabrese-delizie-di-calabria-180g\/"]}]},{"@type":"ImageObject","inLanguage":"fr-FR","@id":"https:\/\/staging.baredev.com\/fr\/bomba-calabrese-delizie-di-calabria-180g\/#primaryimage","url":"https:\/\/staging.baredev.com\/wp-content\/uploads\/2023\/03\/bomba-calabrese-delizie-della-calabria-180g.jpg","contentUrl":"https:\/\/staging.baredev.com\/wp-content\/uploads\/2023\/03\/bomba-calabrese-delizie-della-calabria-180g.jpg","width":1500,"height":1500,"caption":"Bomba Calabrese Delizie di Calabria 180g"},{"@type":"BreadcrumbList","@id":"https:\/\/staging.baredev.com\/fr\/bomba-calabrese-delizie-di-calabria-180g\/#breadcrumb","itemListElement":[{"@type":"ListItem","position":1,"name":"Home","item":"https:\/\/staging.baredev.com\/fr\/"},{"@type":"ListItem","position":2,"name":"Shop","item":"https:\/\/staging.baredev.com\/fr\/shop\/"},{"@type":"ListItem","position":3,"name":"Bomba Calabrese Delizie di Calabria 180g"}]},{"@type":"WebSite","@id":"https:\/\/staging.baredev.com\/fr\/#website","url":"https:\/\/staging.baredev.com\/fr\/","name":"Sapori Nostri","description":"","publisher":{"@id":"https:\/\/staging.baredev.com\/fr\/#organization"},"potentialAction":[{"@type":"SearchAction","target":{"@type":"EntryPoint","urlTemplate":"https:\/\/staging.baredev.com\/fr\/?s={search_term_string}"},"query-input":{"@type":"PropertyValueSpecification","valueRequired":true,"valueName":"search_term_string"}}],"inLanguage":"fr-FR"},{"@type":"Organization","@id":"https:\/\/staging.baredev.com\/fr\/#organization","name":"Sapori Nostri","url":"https:\/\/staging.baredev.com\/fr\/","logo":{"@type":"ImageObject","inLanguage":"fr-FR","@id":"https:\/\/staging.baredev.com\/fr\/#\/schema\/logo\/image\/","url":"https:\/\/staging.baredev.com\/wp-content\/uploads\/2020\/05\/logo-retina.png","contentUrl":"https:\/\/staging.baredev.com\/wp-content\/uploads\/2020\/05\/logo-retina.png","width":500,"height":109,"caption":"Sapori Nostri"},"image":{"@id":"https:\/\/staging.baredev.com\/fr\/#\/schema\/logo\/image\/"},"sameAs":["https:\/\/www.facebook.com\/saporinostri.it\/","https:\/\/www.instagram.com\/saporinostri.it\/"]}]}},"jetpack_sharing_enabled":true,"brands":[{"id":653,"name":"D\u00e9lices calabrais","slug":"delizie-di-calabria"}],"_links":{"self":[{"href":"https:\/\/staging.baredev.com\/fr\/wp-json\/wp\/v2\/product\/22361","targetHints":{"allow":["GET"]}}],"collection":[{"href":"https:\/\/staging.baredev.com\/fr\/wp-json\/wp\/v2\/product"}],"about":[{"href":"https:\/\/staging.baredev.com\/fr\/wp-json\/wp\/v2\/types\/product"}],"replies":[{"embeddable":true,"href":"https:\/\/staging.baredev.com\/fr\/wp-json\/wp\/v2\/comments?post=22361"}],"wp:featuredmedia":[{"embeddable":true,"href":"https:\/\/staging.baredev.com\/fr\/wp-json\/wp\/v2\/media\/24155"}],"wp:attachment":[{"href":"https:\/\/staging.baredev.com\/fr\/wp-json\/wp\/v2\/media?parent=22361"}],"wp:term":[{"taxonomy":"pwb-brand","embeddable":true,"href":"https:\/\/staging.baredev.com\/fr\/wp-json\/wp\/v2\/pwb-brand?post=22361"},{"taxonomy":"product_brand","embeddable":true,"href":"https:\/\/staging.baredev.com\/fr\/wp-json\/wp\/v2\/product_brand?post=22361"},{"taxonomy":"product_cat","embeddable":true,"href":"https:\/\/staging.baredev.com\/fr\/wp-json\/wp\/v2\/product_cat?post=22361"},{"taxonomy":"product_tag","embeddable":true,"href":"https:\/\/staging.baredev.com\/fr\/wp-json\/wp\/v2\/product_tag?post=22361"}],"curies":[{"name":"wp","href":"https:\/\/api.w.org\/{rel}","templated":true}]}}