{"id":2340,"date":"2020-05-18T15:00:09","date_gmt":"2020-05-18T13:00:09","guid":{"rendered":"http:\/\/172.105.66.148\/?post_type=product&#038;p=2340"},"modified":"2026-05-08T15:34:07","modified_gmt":"2026-05-08T13:34:07","slug":"criscito-lievito-naturale-caputo-1-kg","status":"publish","type":"product","link":"https:\/\/staging.baredev.com\/fr\/criscito-lievito-naturale-caputo-1-kg\/","title":{"rendered":"Levure Naturelle Criscito Caputo 1 Kg"},"content":{"rendered":"<p>La levure s\u00e8che, aussi appel\u00e9e <strong>Criscito<\/strong>, est un produit naturel obtenu en m\u00e9langeant de la farine de bl\u00e9 tendre de type &quot;0&quot; et de l&#039;eau, acidifi\u00e9e par un complexe de levures et de bact\u00e9ries lactiques, capable de d\u00e9marrer la fermentation des p\u00e2tes pour les produits de boulangerie et de p\u00e2tisserie. Comme il ne devient plus actif pendant le s\u00e9chage, Criscito doit \u00eatre r\u00e9activ\u00e9 en utilisant une levure active dans la p\u00e2te, celle qui est habituellement utilis\u00e9e. De 20 \u00e0 50 grammes sont ajout\u00e9s pour chaque kilo de farine, en plus de la levure normale.<\/p>\n<p>Avec ce produit, vous pouvez enfin obtenir des produits de boulangerie au levain naturel (mixte), avec une extr\u00eame facilit\u00e9 : fini les rafra\u00eechissements, les jours d&#039;attente, les probl\u00e8mes de stockage. Cela am\u00e9liorera les caract\u00e9ristiques de qualit\u00e9 de vos produits de boulangerie : saveur et ar\u00f4me plus agr\u00e9ables, plus grande conservation et digestibilit\u00e9.<\/p>\n<div class=\"mini-infobox-wrapper\">\n<p class=\"mini-infobox\"><b>Type de farine<\/b><br \/>\nLevure<\/p>\n<p class=\"mini-infobox\"><b>Boulangerie<\/b><br \/>\n\u2014<\/p>\n<p class=\"mini-infobox\"><b>Prot\u00e9ines<\/b><br \/>\n15,80%<\/p>\n<p class=\"mini-infobox\"><b>\u00c9lasticit\u00e9<\/b><br \/>\n\u2014<\/p>\n<p class=\"mini-infobox\"><b>Levain<\/b><br \/>\n\u2014<\/p>\n<\/div>\n<h3 class=\"mt-5\">Le moulin de Caputo<\/h3>\n<div class=\"mt-3\">\n<p>Depuis 1924, le\u00a0<strong>Mulino Caputo<\/strong>\u00a0travaille le bl\u00e9 avec g\u00e9n\u00e9rosit\u00e9 et passion, pour offrir aux professionnels et aux passionn\u00e9s de l&#039;Art Blanc Caputo Farina la plus haute qualit\u00e9, produite dans le plein respect des mati\u00e8res premi\u00e8res et de la tradition.<\/p>\n<p>Il Molino Caputo produit une large gamme de farines \u00e0 usage domestique et professionnel. La farine Caputo est surtout utilis\u00e9e par les professionnels de la p\u00e2te \u00e0 confiserie, de la panification, des p\u00e2tes et de la pizza, avec de nombreux types de farines destin\u00e9es \u00e0 diff\u00e9rents proc\u00e9d\u00e9s.<\/p>\n<p>Autorit\u00e9, spontan\u00e9it\u00e9 et tradition, c&#039;est de ces valeurs que na\u00eet l&#039;art blanc de Mulino Caputo, qui gr\u00e2ce \u00e0 l&#039;exp\u00e9rience acquise en 3 g\u00e9n\u00e9rations de ma\u00eetres meuniers napolitains, lui permet de garantir des normes de qualit\u00e9 tr\u00e8s \u00e9lev\u00e9es, pour s&#039;assurer que l&#039;expert les restaurateurs et artisans du go\u00fbt expriment au mieux leur cr\u00e9ativit\u00e9.<\/p>\n<p>La farine Caputo a la capacit\u00e9 de pr\u00e9server pleinement le naturel et l&#039;authenticit\u00e9 des saveurs, pour cela et pour d&#039;autres raisons, Molino Caputo est appr\u00e9ci\u00e9 et reconnu dans le monde entier.<\/p>\n<\/div>","protected":false},"excerpt":{"rendered":"<p><b>Levure Naturelle &quot;Criscito&quot;<\/b><\/p>\n<ul>\n<li>Go\u00fbt et ar\u00f4me plus agr\u00e9ables, plus grande conservation et digestibilit\u00e9.<\/li>\n<li><b>Dosage d&#039;utilisation\u00a0:<\/b> De 20 \u00e0 50 grammes pour chaque kilo de farine, en plus de <a href=\"https:\/\/staging.baredev.com\/fr\/lievito-secco-caputo\/\">levure normale<\/a>.<\/li>\n<li>Criscito doit \u00eatre r\u00e9activ\u00e9 en utilisant un <a href=\"https:\/\/staging.baredev.com\/fr\/lievito-secco-caputo\/\">levure active<\/a>.<\/li>\n<\/ul>\n<div class=\"scadenza\">Expiration du lot le plus r\u00e9cent\u00a0: <b>11\/08\/2025 L.413711000550<\/b><\/div>","protected":false},"featured_media":4080,"comment_status":"open","ping_status":"closed","template":"","meta":{"_acf_changed":false,"inline_featured_image":false,"wprm-recipe-roundup-name":"","wprm-recipe-roundup-description":""},"pwb-brand":[110],"product_brand":[],"product_cat":[108],"product_tag":[],"class_list":{"0":"post-2340","1":"product","2":"type-product","3":"status-publish","4":"has-post-thumbnail","6":"pwb-brand-mulino-caputo","7":"product_cat-lieviti","9":"first","10":"instock","11":"sale","12":"taxable","13":"shipping-taxable","14":"purchasable","15":"product-type-simple"},"acf":[],"yoast_head":"<!-- This site is optimized with the Yoast SEO Premium plugin v23.7 (Yoast SEO v27.6) - https:\/\/yoast.com\/product\/yoast-seo-premium-wordpress\/ -->\n<title>Criscito Lievito Naturale Caputo 1 Kg - Sapori Nostri<\/title>\n<meta name=\"description\" content=\"Il lievito essiccato Caputo, chiamato anche Criscito, \u00e8 un prodotto naturale che si ottiene impastando farina di grano tenero di tipo &quot;0&quot; e acqua\" \/>\n<meta name=\"robots\" content=\"index, follow, max-snippet:-1, max-image-preview:large, max-video-preview:-1\" \/>\n<link rel=\"canonical\" href=\"https:\/\/staging.baredev.com\/fr\/criscito-lievito-naturale-caputo-1-kg\/\" \/>\n<meta property=\"og:locale\" content=\"fr_FR\" \/>\n<meta property=\"og:type\" content=\"article\" \/>\n<meta property=\"og:title\" content=\"Criscito Lievito Naturale Caputo 1 Kg\" \/>\n<meta property=\"og:description\" content=\"Il lievito essiccato Caputo, chiamato anche Criscito, \u00e8 un prodotto naturale che si ottiene impastando farina di grano tenero di tipo &quot;0&quot; e acqua\" \/>\n<meta property=\"og:url\" content=\"https:\/\/staging.baredev.com\/fr\/criscito-lievito-naturale-caputo-1-kg\/\" \/>\n<meta property=\"og:site_name\" content=\"Sapori Nostri\" \/>\n<meta property=\"article:publisher\" content=\"https:\/\/www.facebook.com\/saporinostri.it\/\" \/>\n<meta property=\"article:modified_time\" content=\"2026-05-08T13:34:07+00:00\" \/>\n<meta property=\"og:image\" content=\"https:\/\/staging.baredev.com\/wp-content\/uploads\/2020\/05\/criscito-lievito-madre-caputo-1-kg-front.jpg\" \/>\n\t<meta property=\"og:image:width\" content=\"1100\" \/>\n\t<meta property=\"og:image:height\" content=\"1100\" \/>\n\t<meta property=\"og:image:type\" content=\"image\/jpeg\" \/>\n<meta name=\"twitter:card\" content=\"summary_large_image\" \/>\n<meta name=\"twitter:label1\" content=\"Est. reading time\" \/>\n\t<meta name=\"twitter:data1\" content=\"2 minutes\" \/>\n<script type=\"application\/ld+json\" class=\"yoast-schema-graph\">{\"@context\":\"https:\\\/\\\/schema.org\",\"@graph\":[{\"@type\":\"WebPage\",\"@id\":\"https:\\\/\\\/staging.baredev.com\\\/fr\\\/criscito-lievito-naturale-caputo-1-kg\\\/\",\"url\":\"https:\\\/\\\/staging.baredev.com\\\/fr\\\/criscito-lievito-naturale-caputo-1-kg\\\/\",\"name\":\"Criscito Lievito Naturale Caputo 1 Kg - Sapori Nostri\",\"isPartOf\":{\"@id\":\"https:\\\/\\\/staging.baredev.com\\\/fr\\\/#website\"},\"primaryImageOfPage\":{\"@id\":\"https:\\\/\\\/staging.baredev.com\\\/fr\\\/criscito-lievito-naturale-caputo-1-kg\\\/#primaryimage\"},\"image\":{\"@id\":\"https:\\\/\\\/staging.baredev.com\\\/fr\\\/criscito-lievito-naturale-caputo-1-kg\\\/#primaryimage\"},\"thumbnailUrl\":\"https:\\\/\\\/staging.baredev.com\\\/wp-content\\\/uploads\\\/2020\\\/05\\\/criscito-lievito-madre-caputo-1-kg-front.jpg\",\"datePublished\":\"2020-05-18T13:00:09+00:00\",\"dateModified\":\"2026-05-08T13:34:07+00:00\",\"description\":\"Il lievito essiccato Caputo, chiamato anche Criscito, \u00e8 un prodotto naturale che si ottiene impastando farina di grano tenero di tipo \\\"0\\\" e acqua\",\"breadcrumb\":{\"@id\":\"https:\\\/\\\/staging.baredev.com\\\/fr\\\/criscito-lievito-naturale-caputo-1-kg\\\/#breadcrumb\"},\"inLanguage\":\"fr-FR\",\"potentialAction\":[{\"@type\":\"ReadAction\",\"target\":[\"https:\\\/\\\/staging.baredev.com\\\/fr\\\/criscito-lievito-naturale-caputo-1-kg\\\/\"]}]},{\"@type\":\"ImageObject\",\"inLanguage\":\"fr-FR\",\"@id\":\"https:\\\/\\\/staging.baredev.com\\\/fr\\\/criscito-lievito-naturale-caputo-1-kg\\\/#primaryimage\",\"url\":\"https:\\\/\\\/staging.baredev.com\\\/wp-content\\\/uploads\\\/2020\\\/05\\\/criscito-lievito-madre-caputo-1-kg-front.jpg\",\"contentUrl\":\"https:\\\/\\\/staging.baredev.com\\\/wp-content\\\/uploads\\\/2020\\\/05\\\/criscito-lievito-madre-caputo-1-kg-front.jpg\",\"width\":1100,\"height\":1100,\"caption\":\"Criscito Lievito Madre Caputo 1 Kg\"},{\"@type\":\"BreadcrumbList\",\"@id\":\"https:\\\/\\\/staging.baredev.com\\\/fr\\\/criscito-lievito-naturale-caputo-1-kg\\\/#breadcrumb\",\"itemListElement\":[{\"@type\":\"ListItem\",\"position\":1,\"name\":\"Home\",\"item\":\"https:\\\/\\\/staging.baredev.com\\\/fr\\\/\"},{\"@type\":\"ListItem\",\"position\":2,\"name\":\"Shop\",\"item\":\"https:\\\/\\\/staging.baredev.com\\\/fr\\\/shop\\\/\"},{\"@type\":\"ListItem\",\"position\":3,\"name\":\"Criscito Lievito Naturale Caputo 1 Kg\"}]},{\"@type\":\"WebSite\",\"@id\":\"https:\\\/\\\/staging.baredev.com\\\/fr\\\/#website\",\"url\":\"https:\\\/\\\/staging.baredev.com\\\/fr\\\/\",\"name\":\"Sapori Nostri\",\"description\":\"\",\"publisher\":{\"@id\":\"https:\\\/\\\/staging.baredev.com\\\/fr\\\/#organization\"},\"potentialAction\":[{\"@type\":\"SearchAction\",\"target\":{\"@type\":\"EntryPoint\",\"urlTemplate\":\"https:\\\/\\\/staging.baredev.com\\\/fr\\\/?s={search_term_string}\"},\"query-input\":{\"@type\":\"PropertyValueSpecification\",\"valueRequired\":true,\"valueName\":\"search_term_string\"}}],\"inLanguage\":\"fr-FR\"},{\"@type\":\"Organization\",\"@id\":\"https:\\\/\\\/staging.baredev.com\\\/fr\\\/#organization\",\"name\":\"Sapori Nostri\",\"url\":\"https:\\\/\\\/staging.baredev.com\\\/fr\\\/\",\"logo\":{\"@type\":\"ImageObject\",\"inLanguage\":\"fr-FR\",\"@id\":\"https:\\\/\\\/staging.baredev.com\\\/fr\\\/#\\\/schema\\\/logo\\\/image\\\/\",\"url\":\"https:\\\/\\\/staging.baredev.com\\\/wp-content\\\/uploads\\\/2020\\\/05\\\/logo-retina.png\",\"contentUrl\":\"https:\\\/\\\/staging.baredev.com\\\/wp-content\\\/uploads\\\/2020\\\/05\\\/logo-retina.png\",\"width\":500,\"height\":109,\"caption\":\"Sapori Nostri\"},\"image\":{\"@id\":\"https:\\\/\\\/staging.baredev.com\\\/fr\\\/#\\\/schema\\\/logo\\\/image\\\/\"},\"sameAs\":[\"https:\\\/\\\/www.facebook.com\\\/saporinostri.it\\\/\",\"https:\\\/\\\/www.instagram.com\\\/saporinostri.it\\\/\"]}]}<\/script>\n<!-- \/ Yoast SEO Premium plugin. -->","yoast_head_json":{"title":"Levure Naturelle Criscito Caputo 1 Kg - Nos Saveurs","description":"La levure s\u00e8che Caputo, \u00e9galement appel\u00e9e Criscito, est un produit naturel obtenu en m\u00e9langeant de la farine de bl\u00e9 tendre de type &quot;0&quot; et de l&#039;eau","robots":{"index":"index","follow":"follow","max-snippet":"max-snippet:-1","max-image-preview":"max-image-preview:large","max-video-preview":"max-video-preview:-1"},"canonical":"https:\/\/staging.baredev.com\/fr\/criscito-lievito-naturale-caputo-1-kg\/","og_locale":"fr_FR","og_type":"article","og_title":"Criscito Lievito Naturale Caputo 1 Kg","og_description":"Il lievito essiccato Caputo, chiamato anche Criscito, \u00e8 un prodotto naturale che si ottiene impastando farina di grano tenero di tipo \"0\" e acqua","og_url":"https:\/\/staging.baredev.com\/fr\/criscito-lievito-naturale-caputo-1-kg\/","og_site_name":"Sapori Nostri","article_publisher":"https:\/\/www.facebook.com\/saporinostri.it\/","article_modified_time":"2026-05-08T13:34:07+00:00","og_image":[{"width":1100,"height":1100,"url":"https:\/\/staging.baredev.com\/wp-content\/uploads\/2020\/05\/criscito-lievito-madre-caputo-1-kg-front.jpg","type":"image\/jpeg"}],"twitter_card":"summary_large_image","twitter_misc":{"Est. reading time":"2 minutes"},"schema":{"@context":"https:\/\/schema.org","@graph":[{"@type":"WebPage","@id":"https:\/\/staging.baredev.com\/fr\/criscito-lievito-naturale-caputo-1-kg\/","url":"https:\/\/staging.baredev.com\/fr\/criscito-lievito-naturale-caputo-1-kg\/","name":"Levure Naturelle Criscito Caputo 1 Kg - Nos Saveurs","isPartOf":{"@id":"https:\/\/staging.baredev.com\/fr\/#website"},"primaryImageOfPage":{"@id":"https:\/\/staging.baredev.com\/fr\/criscito-lievito-naturale-caputo-1-kg\/#primaryimage"},"image":{"@id":"https:\/\/staging.baredev.com\/fr\/criscito-lievito-naturale-caputo-1-kg\/#primaryimage"},"thumbnailUrl":"https:\/\/staging.baredev.com\/wp-content\/uploads\/2020\/05\/criscito-lievito-madre-caputo-1-kg-front.jpg","datePublished":"2020-05-18T13:00:09+00:00","dateModified":"2026-05-08T13:34:07+00:00","description":"La levure s\u00e8che Caputo, \u00e9galement appel\u00e9e Criscito, est un produit naturel obtenu en m\u00e9langeant de la farine de bl\u00e9 tendre de type &quot;0&quot; et de l&#039;eau","breadcrumb":{"@id":"https:\/\/staging.baredev.com\/fr\/criscito-lievito-naturale-caputo-1-kg\/#breadcrumb"},"inLanguage":"fr-FR","potentialAction":[{"@type":"ReadAction","target":["https:\/\/staging.baredev.com\/fr\/criscito-lievito-naturale-caputo-1-kg\/"]}]},{"@type":"ImageObject","inLanguage":"fr-FR","@id":"https:\/\/staging.baredev.com\/fr\/criscito-lievito-naturale-caputo-1-kg\/#primaryimage","url":"https:\/\/staging.baredev.com\/wp-content\/uploads\/2020\/05\/criscito-lievito-madre-caputo-1-kg-front.jpg","contentUrl":"https:\/\/staging.baredev.com\/wp-content\/uploads\/2020\/05\/criscito-lievito-madre-caputo-1-kg-front.jpg","width":1100,"height":1100,"caption":"Criscito Lievito Madre Caputo 1 Kg"},{"@type":"BreadcrumbList","@id":"https:\/\/staging.baredev.com\/fr\/criscito-lievito-naturale-caputo-1-kg\/#breadcrumb","itemListElement":[{"@type":"ListItem","position":1,"name":"Home","item":"https:\/\/staging.baredev.com\/fr\/"},{"@type":"ListItem","position":2,"name":"Shop","item":"https:\/\/staging.baredev.com\/fr\/shop\/"},{"@type":"ListItem","position":3,"name":"Criscito Lievito Naturale Caputo 1 Kg"}]},{"@type":"WebSite","@id":"https:\/\/staging.baredev.com\/fr\/#website","url":"https:\/\/staging.baredev.com\/fr\/","name":"Sapori Nostri","description":"","publisher":{"@id":"https:\/\/staging.baredev.com\/fr\/#organization"},"potentialAction":[{"@type":"SearchAction","target":{"@type":"EntryPoint","urlTemplate":"https:\/\/staging.baredev.com\/fr\/?s={search_term_string}"},"query-input":{"@type":"PropertyValueSpecification","valueRequired":true,"valueName":"search_term_string"}}],"inLanguage":"fr-FR"},{"@type":"Organization","@id":"https:\/\/staging.baredev.com\/fr\/#organization","name":"Sapori Nostri","url":"https:\/\/staging.baredev.com\/fr\/","logo":{"@type":"ImageObject","inLanguage":"fr-FR","@id":"https:\/\/staging.baredev.com\/fr\/#\/schema\/logo\/image\/","url":"https:\/\/staging.baredev.com\/wp-content\/uploads\/2020\/05\/logo-retina.png","contentUrl":"https:\/\/staging.baredev.com\/wp-content\/uploads\/2020\/05\/logo-retina.png","width":500,"height":109,"caption":"Sapori Nostri"},"image":{"@id":"https:\/\/staging.baredev.com\/fr\/#\/schema\/logo\/image\/"},"sameAs":["https:\/\/www.facebook.com\/saporinostri.it\/","https:\/\/www.instagram.com\/saporinostri.it\/"]}]}},"jetpack_sharing_enabled":true,"brands":[{"id":110,"name":"Mulino Caputo","slug":"mulino-caputo"}],"_links":{"self":[{"href":"https:\/\/staging.baredev.com\/fr\/wp-json\/wp\/v2\/product\/2340","targetHints":{"allow":["GET"]}}],"collection":[{"href":"https:\/\/staging.baredev.com\/fr\/wp-json\/wp\/v2\/product"}],"about":[{"href":"https:\/\/staging.baredev.com\/fr\/wp-json\/wp\/v2\/types\/product"}],"replies":[{"embeddable":true,"href":"https:\/\/staging.baredev.com\/fr\/wp-json\/wp\/v2\/comments?post=2340"}],"wp:featuredmedia":[{"embeddable":true,"href":"https:\/\/staging.baredev.com\/fr\/wp-json\/wp\/v2\/media\/4080"}],"wp:attachment":[{"href":"https:\/\/staging.baredev.com\/fr\/wp-json\/wp\/v2\/media?parent=2340"}],"wp:term":[{"taxonomy":"pwb-brand","embeddable":true,"href":"https:\/\/staging.baredev.com\/fr\/wp-json\/wp\/v2\/pwb-brand?post=2340"},{"taxonomy":"product_brand","embeddable":true,"href":"https:\/\/staging.baredev.com\/fr\/wp-json\/wp\/v2\/product_brand?post=2340"},{"taxonomy":"product_cat","embeddable":true,"href":"https:\/\/staging.baredev.com\/fr\/wp-json\/wp\/v2\/product_cat?post=2340"},{"taxonomy":"product_tag","embeddable":true,"href":"https:\/\/staging.baredev.com\/fr\/wp-json\/wp\/v2\/product_tag?post=2340"}],"curies":[{"name":"wp","href":"https:\/\/api.w.org\/{rel}","templated":true}]}}