{"id":2427,"date":"2020-05-24T02:05:59","date_gmt":"2020-05-24T00:05:59","guid":{"rendered":"http:\/\/172.105.66.148\/?post_type=product&#038;p=2427"},"modified":"2024-11-05T18:27:13","modified_gmt":"2024-11-05T17:27:13","slug":"asse-per-impastare-tondo","status":"publish","type":"product","link":"https:\/\/staging.baredev.com\/fr\/asse-per-impastare-tondo\/","title":{"rendered":"Planche \u00e0 p\u00e9trir ronde"},"content":{"rendered":"<p style=\"font-size: 1.2em; line-height: 1.5; color: #121212;\">Le p\u00e9trin rond n&#039;entra\u00eene pas de modification inacceptable de la composition des produits alimentaires ni de d\u00e9t\u00e9rioration des caract\u00e9ristiques organoleptiques.<\/p>\n<p style=\"font-size: 1.2em; line-height: 1.5; color: #121212;\">Pr\u00e9caution d&#039;utilisation et d&#039;entretien :<br \/>\nle bois est un mat\u00e9riau naturel et poreux et peut donc absorber les contaminants externes tels que les d\u00e9tergents. Il est recommand\u00e9 de laver la table apr\u00e8s utilisation avec de l&#039;eau et du bicarbonate. Laissez la planche s\u00e9cher naturellement, sans la placer \u00e0 proximit\u00e9 de sources de chaleur directes pour \u00e9viter les d\u00e9formations et les fissures.<\/p>","protected":false},"excerpt":{"rendered":"<p style=\"font-size: 1.2em; line-height: 1.5; color: #121212;\">Planche \u00e0 p\u00e2te ronde en bois pratique, avec une bande qui bloque la planche sur le bord de la table, garantissant sa stabilit\u00e9.<br \/>\nC&#039;est l&#039;outil incontournable en cuisine, pour pr\u00e9parer de savoureuses pizzas, raviolis, tagliatelles, p\u00e2te \u00e0 pain et focaccia, g\u00e2teaux et biscuits etc.<\/p>\n<p style=\"font-size: 1.2em; line-height: 1.5; color: #121212;\"><b>Diam\u00e8tre:<\/b> 70cm<\/p>","protected":false},"featured_media":2428,"comment_status":"open","ping_status":"closed","template":"","meta":{"_acf_changed":false,"inline_featured_image":false,"wprm-recipe-roundup-name":"","wprm-recipe-roundup-description":""},"pwb-brand":[152],"product_brand":[],"product_cat":[159,145],"product_tag":[],"class_list":{"0":"post-2427","1":"product","2":"type-product","3":"status-publish","4":"has-post-thumbnail","6":"pwb-brand-panetta","7":"product_cat-tavole-e-assi","8":"product_cat-utensili-cucina","10":"first","11":"outofstock","12":"sale","13":"taxable","14":"shipping-taxable","15":"purchasable","16":"product-type-simple"},"acf":[],"yoast_head":"<!-- This site is optimized with the Yoast SEO Premium plugin v23.7 (Yoast SEO v27.6) - https:\/\/yoast.com\/product\/yoast-seo-premium-wordpress\/ -->\n<title>Asse per Impastare Tondo - Sapori Nostri<\/title>\n<meta name=\"description\" content=\"Asse per impastare tondo in legno, con listello che blocca l&#039;asse sul bordo del tavolo garantendone la stabilit\u00e0, utensile che non pu\u00f2 mancare in cucina\" \/>\n<meta name=\"robots\" content=\"index, follow, max-snippet:-1, max-image-preview:large, max-video-preview:-1\" \/>\n<link rel=\"canonical\" href=\"https:\/\/staging.baredev.com\/fr\/asse-per-impastare-tondo\/\" \/>\n<meta property=\"og:locale\" content=\"fr_FR\" \/>\n<meta property=\"og:type\" content=\"article\" \/>\n<meta property=\"og:title\" content=\"Asse per Impastare Tondo\" \/>\n<meta property=\"og:description\" content=\"Asse per impastare tondo in legno, con listello che blocca l&#039;asse sul bordo del tavolo garantendone la stabilit\u00e0, utensile che non pu\u00f2 mancare in cucina\" \/>\n<meta property=\"og:url\" content=\"https:\/\/staging.baredev.com\/fr\/asse-per-impastare-tondo\/\" \/>\n<meta property=\"og:site_name\" content=\"Sapori Nostri\" \/>\n<meta property=\"article:publisher\" content=\"https:\/\/www.facebook.com\/saporinostri.it\/\" \/>\n<meta property=\"article:modified_time\" content=\"2024-11-05T17:27:13+00:00\" \/>\n<meta property=\"og:image\" content=\"https:\/\/staging.baredev.com\/wp-content\/uploads\/2020\/05\/asse-pasta-tondo.jpg\" \/>\n\t<meta property=\"og:image:width\" content=\"500\" \/>\n\t<meta property=\"og:image:height\" content=\"500\" \/>\n\t<meta property=\"og:image:type\" content=\"image\/jpeg\" \/>\n<meta name=\"twitter:card\" content=\"summary_large_image\" \/>\n<script type=\"application\/ld+json\" class=\"yoast-schema-graph\">{\"@context\":\"https:\\\/\\\/schema.org\",\"@graph\":[{\"@type\":\"WebPage\",\"@id\":\"https:\\\/\\\/staging.baredev.com\\\/fr\\\/asse-per-impastare-tondo\\\/\",\"url\":\"https:\\\/\\\/staging.baredev.com\\\/fr\\\/asse-per-impastare-tondo\\\/\",\"name\":\"Asse per Impastare Tondo - Sapori Nostri\",\"isPartOf\":{\"@id\":\"https:\\\/\\\/staging.baredev.com\\\/fr\\\/#website\"},\"primaryImageOfPage\":{\"@id\":\"https:\\\/\\\/staging.baredev.com\\\/fr\\\/asse-per-impastare-tondo\\\/#primaryimage\"},\"image\":{\"@id\":\"https:\\\/\\\/staging.baredev.com\\\/fr\\\/asse-per-impastare-tondo\\\/#primaryimage\"},\"thumbnailUrl\":\"https:\\\/\\\/staging.baredev.com\\\/wp-content\\\/uploads\\\/2020\\\/05\\\/asse-pasta-tondo.jpg\",\"datePublished\":\"2020-05-24T00:05:59+00:00\",\"dateModified\":\"2024-11-05T17:27:13+00:00\",\"description\":\"Asse per impastare tondo in legno, con listello che blocca l'asse sul bordo del tavolo garantendone la stabilit\u00e0, utensile che non pu\u00f2 mancare in cucina\",\"breadcrumb\":{\"@id\":\"https:\\\/\\\/staging.baredev.com\\\/fr\\\/asse-per-impastare-tondo\\\/#breadcrumb\"},\"inLanguage\":\"fr-FR\",\"potentialAction\":[{\"@type\":\"ReadAction\",\"target\":[\"https:\\\/\\\/staging.baredev.com\\\/fr\\\/asse-per-impastare-tondo\\\/\"]}]},{\"@type\":\"ImageObject\",\"inLanguage\":\"fr-FR\",\"@id\":\"https:\\\/\\\/staging.baredev.com\\\/fr\\\/asse-per-impastare-tondo\\\/#primaryimage\",\"url\":\"https:\\\/\\\/staging.baredev.com\\\/wp-content\\\/uploads\\\/2020\\\/05\\\/asse-pasta-tondo.jpg\",\"contentUrl\":\"https:\\\/\\\/staging.baredev.com\\\/wp-content\\\/uploads\\\/2020\\\/05\\\/asse-pasta-tondo.jpg\",\"width\":500,\"height\":500},{\"@type\":\"BreadcrumbList\",\"@id\":\"https:\\\/\\\/staging.baredev.com\\\/fr\\\/asse-per-impastare-tondo\\\/#breadcrumb\",\"itemListElement\":[{\"@type\":\"ListItem\",\"position\":1,\"name\":\"Home\",\"item\":\"https:\\\/\\\/staging.baredev.com\\\/fr\\\/\"},{\"@type\":\"ListItem\",\"position\":2,\"name\":\"Shop\",\"item\":\"https:\\\/\\\/staging.baredev.com\\\/fr\\\/shop\\\/\"},{\"@type\":\"ListItem\",\"position\":3,\"name\":\"Asse per Impastare Tondo\"}]},{\"@type\":\"WebSite\",\"@id\":\"https:\\\/\\\/staging.baredev.com\\\/fr\\\/#website\",\"url\":\"https:\\\/\\\/staging.baredev.com\\\/fr\\\/\",\"name\":\"Sapori Nostri\",\"description\":\"\",\"publisher\":{\"@id\":\"https:\\\/\\\/staging.baredev.com\\\/fr\\\/#organization\"},\"potentialAction\":[{\"@type\":\"SearchAction\",\"target\":{\"@type\":\"EntryPoint\",\"urlTemplate\":\"https:\\\/\\\/staging.baredev.com\\\/fr\\\/?s={search_term_string}\"},\"query-input\":{\"@type\":\"PropertyValueSpecification\",\"valueRequired\":true,\"valueName\":\"search_term_string\"}}],\"inLanguage\":\"fr-FR\"},{\"@type\":\"Organization\",\"@id\":\"https:\\\/\\\/staging.baredev.com\\\/fr\\\/#organization\",\"name\":\"Sapori Nostri\",\"url\":\"https:\\\/\\\/staging.baredev.com\\\/fr\\\/\",\"logo\":{\"@type\":\"ImageObject\",\"inLanguage\":\"fr-FR\",\"@id\":\"https:\\\/\\\/staging.baredev.com\\\/fr\\\/#\\\/schema\\\/logo\\\/image\\\/\",\"url\":\"https:\\\/\\\/staging.baredev.com\\\/wp-content\\\/uploads\\\/2020\\\/05\\\/logo-retina.png\",\"contentUrl\":\"https:\\\/\\\/staging.baredev.com\\\/wp-content\\\/uploads\\\/2020\\\/05\\\/logo-retina.png\",\"width\":500,\"height\":109,\"caption\":\"Sapori Nostri\"},\"image\":{\"@id\":\"https:\\\/\\\/staging.baredev.com\\\/fr\\\/#\\\/schema\\\/logo\\\/image\\\/\"},\"sameAs\":[\"https:\\\/\\\/www.facebook.com\\\/saporinostri.it\\\/\",\"https:\\\/\\\/www.instagram.com\\\/saporinostri.it\\\/\"]}]}<\/script>\n<!-- \/ Yoast SEO Premium plugin. -->","yoast_head_json":{"title":"Planche \u00e0 P\u00e9trir Ronde - Sapori Nostra","description":"Planche \u00e0 p\u00e9trir ronde en bois, avec bande qui bloque l&#039;axe sur le bord de la table assurant sa stabilit\u00e9, un outil qui ne peut pas manquer dans la cuisine","robots":{"index":"index","follow":"follow","max-snippet":"max-snippet:-1","max-image-preview":"max-image-preview:large","max-video-preview":"max-video-preview:-1"},"canonical":"https:\/\/staging.baredev.com\/fr\/asse-per-impastare-tondo\/","og_locale":"fr_FR","og_type":"article","og_title":"Asse per Impastare Tondo","og_description":"Asse per impastare tondo in legno, con listello che blocca l'asse sul bordo del tavolo garantendone la stabilit\u00e0, utensile che non pu\u00f2 mancare in cucina","og_url":"https:\/\/staging.baredev.com\/fr\/asse-per-impastare-tondo\/","og_site_name":"Sapori Nostri","article_publisher":"https:\/\/www.facebook.com\/saporinostri.it\/","article_modified_time":"2024-11-05T17:27:13+00:00","og_image":[{"width":500,"height":500,"url":"https:\/\/staging.baredev.com\/wp-content\/uploads\/2020\/05\/asse-pasta-tondo.jpg","type":"image\/jpeg"}],"twitter_card":"summary_large_image","schema":{"@context":"https:\/\/schema.org","@graph":[{"@type":"WebPage","@id":"https:\/\/staging.baredev.com\/fr\/asse-per-impastare-tondo\/","url":"https:\/\/staging.baredev.com\/fr\/asse-per-impastare-tondo\/","name":"Planche \u00e0 P\u00e9trir Ronde - Sapori Nostra","isPartOf":{"@id":"https:\/\/staging.baredev.com\/fr\/#website"},"primaryImageOfPage":{"@id":"https:\/\/staging.baredev.com\/fr\/asse-per-impastare-tondo\/#primaryimage"},"image":{"@id":"https:\/\/staging.baredev.com\/fr\/asse-per-impastare-tondo\/#primaryimage"},"thumbnailUrl":"https:\/\/staging.baredev.com\/wp-content\/uploads\/2020\/05\/asse-pasta-tondo.jpg","datePublished":"2020-05-24T00:05:59+00:00","dateModified":"2024-11-05T17:27:13+00:00","description":"Planche \u00e0 p\u00e9trir ronde en bois, avec bande qui bloque l&#039;axe sur le bord de la table assurant sa stabilit\u00e9, un outil qui ne peut pas manquer dans la cuisine","breadcrumb":{"@id":"https:\/\/staging.baredev.com\/fr\/asse-per-impastare-tondo\/#breadcrumb"},"inLanguage":"fr-FR","potentialAction":[{"@type":"ReadAction","target":["https:\/\/staging.baredev.com\/fr\/asse-per-impastare-tondo\/"]}]},{"@type":"ImageObject","inLanguage":"fr-FR","@id":"https:\/\/staging.baredev.com\/fr\/asse-per-impastare-tondo\/#primaryimage","url":"https:\/\/staging.baredev.com\/wp-content\/uploads\/2020\/05\/asse-pasta-tondo.jpg","contentUrl":"https:\/\/staging.baredev.com\/wp-content\/uploads\/2020\/05\/asse-pasta-tondo.jpg","width":500,"height":500},{"@type":"BreadcrumbList","@id":"https:\/\/staging.baredev.com\/fr\/asse-per-impastare-tondo\/#breadcrumb","itemListElement":[{"@type":"ListItem","position":1,"name":"Home","item":"https:\/\/staging.baredev.com\/fr\/"},{"@type":"ListItem","position":2,"name":"Shop","item":"https:\/\/staging.baredev.com\/fr\/shop\/"},{"@type":"ListItem","position":3,"name":"Asse per Impastare Tondo"}]},{"@type":"WebSite","@id":"https:\/\/staging.baredev.com\/fr\/#website","url":"https:\/\/staging.baredev.com\/fr\/","name":"Sapori Nostri","description":"","publisher":{"@id":"https:\/\/staging.baredev.com\/fr\/#organization"},"potentialAction":[{"@type":"SearchAction","target":{"@type":"EntryPoint","urlTemplate":"https:\/\/staging.baredev.com\/fr\/?s={search_term_string}"},"query-input":{"@type":"PropertyValueSpecification","valueRequired":true,"valueName":"search_term_string"}}],"inLanguage":"fr-FR"},{"@type":"Organization","@id":"https:\/\/staging.baredev.com\/fr\/#organization","name":"Sapori Nostri","url":"https:\/\/staging.baredev.com\/fr\/","logo":{"@type":"ImageObject","inLanguage":"fr-FR","@id":"https:\/\/staging.baredev.com\/fr\/#\/schema\/logo\/image\/","url":"https:\/\/staging.baredev.com\/wp-content\/uploads\/2020\/05\/logo-retina.png","contentUrl":"https:\/\/staging.baredev.com\/wp-content\/uploads\/2020\/05\/logo-retina.png","width":500,"height":109,"caption":"Sapori Nostri"},"image":{"@id":"https:\/\/staging.baredev.com\/fr\/#\/schema\/logo\/image\/"},"sameAs":["https:\/\/www.facebook.com\/saporinostri.it\/","https:\/\/www.instagram.com\/saporinostri.it\/"]}]}},"jetpack_sharing_enabled":true,"brands":[{"id":152,"name":"Panetta","slug":"panetta"}],"_links":{"self":[{"href":"https:\/\/staging.baredev.com\/fr\/wp-json\/wp\/v2\/product\/2427","targetHints":{"allow":["GET"]}}],"collection":[{"href":"https:\/\/staging.baredev.com\/fr\/wp-json\/wp\/v2\/product"}],"about":[{"href":"https:\/\/staging.baredev.com\/fr\/wp-json\/wp\/v2\/types\/product"}],"replies":[{"embeddable":true,"href":"https:\/\/staging.baredev.com\/fr\/wp-json\/wp\/v2\/comments?post=2427"}],"wp:featuredmedia":[{"embeddable":true,"href":"https:\/\/staging.baredev.com\/fr\/wp-json\/wp\/v2\/media\/2428"}],"wp:attachment":[{"href":"https:\/\/staging.baredev.com\/fr\/wp-json\/wp\/v2\/media?parent=2427"}],"wp:term":[{"taxonomy":"pwb-brand","embeddable":true,"href":"https:\/\/staging.baredev.com\/fr\/wp-json\/wp\/v2\/pwb-brand?post=2427"},{"taxonomy":"product_brand","embeddable":true,"href":"https:\/\/staging.baredev.com\/fr\/wp-json\/wp\/v2\/product_brand?post=2427"},{"taxonomy":"product_cat","embeddable":true,"href":"https:\/\/staging.baredev.com\/fr\/wp-json\/wp\/v2\/product_cat?post=2427"},{"taxonomy":"product_tag","embeddable":true,"href":"https:\/\/staging.baredev.com\/fr\/wp-json\/wp\/v2\/product_tag?post=2427"}],"curies":[{"name":"wp","href":"https:\/\/api.w.org\/{rel}","templated":true}]}}