{"id":2665,"date":"2020-07-20T15:25:54","date_gmt":"2020-07-20T13:25:54","guid":{"rendered":"http:\/\/172.105.66.148\/?post_type=product&#038;p=2665"},"modified":"2024-11-05T18:28:01","modified_gmt":"2024-11-05T17:28:01","slug":"olio-di-oliva-affumicato-porto-di-mola","status":"publish","type":"product","link":"https:\/\/staging.baredev.com\/fr\/olio-di-oliva-affumicato-porto-di-mola\/","title":{"rendered":"Huile d&#039;Olive Extra Vierge Fum\u00e9e Porto di Mola"},"content":{"rendered":"<p style=\"font-size: 1.2em; line-height: 1.5; color: #121212; margin-bottom: 20px;\">La recherche et l&#039;\u00e9tude de l&#039;\u00e9quilibre parfait sont \u00e0 la base d&#039;une Huile d&#039;Olive Vierge Extra, r\u00e9sultat d&#039;un fumage \u00e0 froid lent au bois de ch\u00eane. Sa forte saveur le rend id\u00e9al pour accompagner les aliments d\u00e9licats, tels que les fromages locaux frais, les crevettes et langoustines crues, les viandes blanches, rehaussant les ar\u00f4mes et amplifiant le go\u00fbt \u00e0 chaque bouch\u00e9e.<\/p>","protected":false},"excerpt":{"rendered":"<div style=\"font-size: 1.06em; color: #333; line-height: 1.3em;\"><strong>Astuces:<\/strong> Fum\u00e9<br \/>\n<strong>Id\u00e9al pour:<\/strong> Poisson Cru, Mozzarella et Viande Blanche<br \/>\n<strong>Cultivar\u00a0:<\/strong> Leccino, Frantoio et Sessana<\/div>","protected":false},"featured_media":4351,"comment_status":"open","ping_status":"closed","template":"","meta":{"_acf_changed":false,"inline_featured_image":false,"wprm-recipe-roundup-name":"","wprm-recipe-roundup-description":""},"pwb-brand":[191],"product_brand":[],"product_cat":[194],"product_tag":[],"class_list":{"0":"post-2665","1":"product","2":"type-product","3":"status-publish","4":"has-post-thumbnail","6":"pwb-brand-porto-di-mola","7":"product_cat-olio","9":"first","10":"outofstock","11":"sale","12":"taxable","13":"shipping-taxable","14":"purchasable","15":"product-type-simple"},"acf":[],"yoast_head":"<!-- This site is optimized with the Yoast SEO Premium plugin v23.7 (Yoast SEO v27.6) - https:\/\/yoast.com\/product\/yoast-seo-premium-wordpress\/ -->\n<title>Olio Extravergine Di Oliva Affumicato Porto di Mola - Sapori Nostri<\/title>\n<meta name=\"description\" content=\"Ricerca e studio dell\u2019equilibrio perfetto sono alla base dell&#039;Olio Extra Vergine di Oliva Porto di Mola, affumicato lentamente a freddo con legno di quercia\" \/>\n<meta name=\"robots\" content=\"index, follow, max-snippet:-1, max-image-preview:large, max-video-preview:-1\" \/>\n<link rel=\"canonical\" href=\"https:\/\/staging.baredev.com\/fr\/olio-di-oliva-affumicato-porto-di-mola\/\" \/>\n<meta property=\"og:locale\" content=\"fr_FR\" \/>\n<meta property=\"og:type\" content=\"article\" \/>\n<meta property=\"og:title\" content=\"Olio Extravergine Di Oliva Affumicato Porto di Mola\" \/>\n<meta property=\"og:description\" content=\"Ricerca e studio dell\u2019equilibrio perfetto sono alla base dell&#039;Olio Extra Vergine di Oliva Porto di Mola, affumicato lentamente a freddo con legno di quercia\" \/>\n<meta property=\"og:url\" content=\"https:\/\/staging.baredev.com\/fr\/olio-di-oliva-affumicato-porto-di-mola\/\" \/>\n<meta property=\"og:site_name\" content=\"Sapori Nostri\" \/>\n<meta property=\"article:publisher\" content=\"https:\/\/www.facebook.com\/saporinostri.it\/\" \/>\n<meta property=\"article:modified_time\" content=\"2024-11-05T17:28:01+00:00\" \/>\n<meta property=\"og:image\" content=\"https:\/\/staging.baredev.com\/wp-content\/uploads\/2020\/07\/olio-extravergine-di-oliva-affumicato-frantoio-porto-di-mola-front.jpg\" \/>\n\t<meta property=\"og:image:width\" content=\"1100\" \/>\n\t<meta property=\"og:image:height\" content=\"1100\" \/>\n\t<meta property=\"og:image:type\" content=\"image\/jpeg\" \/>\n<meta name=\"twitter:card\" content=\"summary_large_image\" \/>\n<script type=\"application\/ld+json\" class=\"yoast-schema-graph\">{\"@context\":\"https:\\\/\\\/schema.org\",\"@graph\":[{\"@type\":\"WebPage\",\"@id\":\"https:\\\/\\\/staging.baredev.com\\\/fr\\\/olio-di-oliva-affumicato-porto-di-mola\\\/\",\"url\":\"https:\\\/\\\/staging.baredev.com\\\/fr\\\/olio-di-oliva-affumicato-porto-di-mola\\\/\",\"name\":\"Olio Extravergine Di Oliva Affumicato Porto di Mola - Sapori Nostri\",\"isPartOf\":{\"@id\":\"https:\\\/\\\/staging.baredev.com\\\/fr\\\/#website\"},\"primaryImageOfPage\":{\"@id\":\"https:\\\/\\\/staging.baredev.com\\\/fr\\\/olio-di-oliva-affumicato-porto-di-mola\\\/#primaryimage\"},\"image\":{\"@id\":\"https:\\\/\\\/staging.baredev.com\\\/fr\\\/olio-di-oliva-affumicato-porto-di-mola\\\/#primaryimage\"},\"thumbnailUrl\":\"https:\\\/\\\/staging.baredev.com\\\/wp-content\\\/uploads\\\/2020\\\/07\\\/olio-extravergine-di-oliva-affumicato-frantoio-porto-di-mola-front.jpg\",\"datePublished\":\"2020-07-20T13:25:54+00:00\",\"dateModified\":\"2024-11-05T17:28:01+00:00\",\"description\":\"Ricerca e studio dell\u2019equilibrio perfetto sono alla base dell'Olio Extra Vergine di Oliva Porto di Mola, affumicato lentamente a freddo con legno di quercia\",\"breadcrumb\":{\"@id\":\"https:\\\/\\\/staging.baredev.com\\\/fr\\\/olio-di-oliva-affumicato-porto-di-mola\\\/#breadcrumb\"},\"inLanguage\":\"fr-FR\",\"potentialAction\":[{\"@type\":\"ReadAction\",\"target\":[\"https:\\\/\\\/staging.baredev.com\\\/fr\\\/olio-di-oliva-affumicato-porto-di-mola\\\/\"]}]},{\"@type\":\"ImageObject\",\"inLanguage\":\"fr-FR\",\"@id\":\"https:\\\/\\\/staging.baredev.com\\\/fr\\\/olio-di-oliva-affumicato-porto-di-mola\\\/#primaryimage\",\"url\":\"https:\\\/\\\/staging.baredev.com\\\/wp-content\\\/uploads\\\/2020\\\/07\\\/olio-extravergine-di-oliva-affumicato-frantoio-porto-di-mola-front.jpg\",\"contentUrl\":\"https:\\\/\\\/staging.baredev.com\\\/wp-content\\\/uploads\\\/2020\\\/07\\\/olio-extravergine-di-oliva-affumicato-frantoio-porto-di-mola-front.jpg\",\"width\":1100,\"height\":1100,\"caption\":\"Olio Extravergine Di Oliva Affumicato Porto di Mola\"},{\"@type\":\"BreadcrumbList\",\"@id\":\"https:\\\/\\\/staging.baredev.com\\\/fr\\\/olio-di-oliva-affumicato-porto-di-mola\\\/#breadcrumb\",\"itemListElement\":[{\"@type\":\"ListItem\",\"position\":1,\"name\":\"Home\",\"item\":\"https:\\\/\\\/staging.baredev.com\\\/fr\\\/\"},{\"@type\":\"ListItem\",\"position\":2,\"name\":\"Shop\",\"item\":\"https:\\\/\\\/staging.baredev.com\\\/fr\\\/shop\\\/\"},{\"@type\":\"ListItem\",\"position\":3,\"name\":\"Olio Extravergine Di Oliva Affumicato Porto di Mola\"}]},{\"@type\":\"WebSite\",\"@id\":\"https:\\\/\\\/staging.baredev.com\\\/fr\\\/#website\",\"url\":\"https:\\\/\\\/staging.baredev.com\\\/fr\\\/\",\"name\":\"Sapori Nostri\",\"description\":\"\",\"publisher\":{\"@id\":\"https:\\\/\\\/staging.baredev.com\\\/fr\\\/#organization\"},\"potentialAction\":[{\"@type\":\"SearchAction\",\"target\":{\"@type\":\"EntryPoint\",\"urlTemplate\":\"https:\\\/\\\/staging.baredev.com\\\/fr\\\/?s={search_term_string}\"},\"query-input\":{\"@type\":\"PropertyValueSpecification\",\"valueRequired\":true,\"valueName\":\"search_term_string\"}}],\"inLanguage\":\"fr-FR\"},{\"@type\":\"Organization\",\"@id\":\"https:\\\/\\\/staging.baredev.com\\\/fr\\\/#organization\",\"name\":\"Sapori Nostri\",\"url\":\"https:\\\/\\\/staging.baredev.com\\\/fr\\\/\",\"logo\":{\"@type\":\"ImageObject\",\"inLanguage\":\"fr-FR\",\"@id\":\"https:\\\/\\\/staging.baredev.com\\\/fr\\\/#\\\/schema\\\/logo\\\/image\\\/\",\"url\":\"https:\\\/\\\/staging.baredev.com\\\/wp-content\\\/uploads\\\/2020\\\/05\\\/logo-retina.png\",\"contentUrl\":\"https:\\\/\\\/staging.baredev.com\\\/wp-content\\\/uploads\\\/2020\\\/05\\\/logo-retina.png\",\"width\":500,\"height\":109,\"caption\":\"Sapori Nostri\"},\"image\":{\"@id\":\"https:\\\/\\\/staging.baredev.com\\\/fr\\\/#\\\/schema\\\/logo\\\/image\\\/\"},\"sameAs\":[\"https:\\\/\\\/www.facebook.com\\\/saporinostri.it\\\/\",\"https:\\\/\\\/www.instagram.com\\\/saporinostri.it\\\/\"]}]}<\/script>\n<!-- \/ Yoast SEO Premium plugin. -->","yoast_head_json":{"title":"Huile d&#039;Olive Extra Vierge Fum\u00e9e Porto di Mola - Nos Saveurs","description":"La recherche et l&#039;\u00e9tude de l&#039;\u00e9quilibre parfait sont \u00e0 la base de l&#039;huile d&#039;olive extra vierge Porto di Mola, lentement fum\u00e9e \u00e0 froid au bois de ch\u00eane","robots":{"index":"index","follow":"follow","max-snippet":"max-snippet:-1","max-image-preview":"max-image-preview:large","max-video-preview":"max-video-preview:-1"},"canonical":"https:\/\/staging.baredev.com\/fr\/olio-di-oliva-affumicato-porto-di-mola\/","og_locale":"fr_FR","og_type":"article","og_title":"Olio Extravergine Di Oliva Affumicato Porto di Mola","og_description":"Ricerca e studio dell\u2019equilibrio perfetto sono alla base dell'Olio Extra Vergine di Oliva Porto di Mola, affumicato lentamente a freddo con legno di quercia","og_url":"https:\/\/staging.baredev.com\/fr\/olio-di-oliva-affumicato-porto-di-mola\/","og_site_name":"Sapori Nostri","article_publisher":"https:\/\/www.facebook.com\/saporinostri.it\/","article_modified_time":"2024-11-05T17:28:01+00:00","og_image":[{"width":1100,"height":1100,"url":"https:\/\/staging.baredev.com\/wp-content\/uploads\/2020\/07\/olio-extravergine-di-oliva-affumicato-frantoio-porto-di-mola-front.jpg","type":"image\/jpeg"}],"twitter_card":"summary_large_image","schema":{"@context":"https:\/\/schema.org","@graph":[{"@type":"WebPage","@id":"https:\/\/staging.baredev.com\/fr\/olio-di-oliva-affumicato-porto-di-mola\/","url":"https:\/\/staging.baredev.com\/fr\/olio-di-oliva-affumicato-porto-di-mola\/","name":"Huile d&#039;Olive Extra Vierge Fum\u00e9e Porto di Mola - Nos Saveurs","isPartOf":{"@id":"https:\/\/staging.baredev.com\/fr\/#website"},"primaryImageOfPage":{"@id":"https:\/\/staging.baredev.com\/fr\/olio-di-oliva-affumicato-porto-di-mola\/#primaryimage"},"image":{"@id":"https:\/\/staging.baredev.com\/fr\/olio-di-oliva-affumicato-porto-di-mola\/#primaryimage"},"thumbnailUrl":"https:\/\/staging.baredev.com\/wp-content\/uploads\/2020\/07\/olio-extravergine-di-oliva-affumicato-frantoio-porto-di-mola-front.jpg","datePublished":"2020-07-20T13:25:54+00:00","dateModified":"2024-11-05T17:28:01+00:00","description":"La recherche et l&#039;\u00e9tude de l&#039;\u00e9quilibre parfait sont \u00e0 la base de l&#039;huile d&#039;olive extra vierge Porto di Mola, lentement fum\u00e9e \u00e0 froid au bois de ch\u00eane","breadcrumb":{"@id":"https:\/\/staging.baredev.com\/fr\/olio-di-oliva-affumicato-porto-di-mola\/#breadcrumb"},"inLanguage":"fr-FR","potentialAction":[{"@type":"ReadAction","target":["https:\/\/staging.baredev.com\/fr\/olio-di-oliva-affumicato-porto-di-mola\/"]}]},{"@type":"ImageObject","inLanguage":"fr-FR","@id":"https:\/\/staging.baredev.com\/fr\/olio-di-oliva-affumicato-porto-di-mola\/#primaryimage","url":"https:\/\/staging.baredev.com\/wp-content\/uploads\/2020\/07\/olio-extravergine-di-oliva-affumicato-frantoio-porto-di-mola-front.jpg","contentUrl":"https:\/\/staging.baredev.com\/wp-content\/uploads\/2020\/07\/olio-extravergine-di-oliva-affumicato-frantoio-porto-di-mola-front.jpg","width":1100,"height":1100,"caption":"Olio Extravergine Di Oliva Affumicato Porto di Mola"},{"@type":"BreadcrumbList","@id":"https:\/\/staging.baredev.com\/fr\/olio-di-oliva-affumicato-porto-di-mola\/#breadcrumb","itemListElement":[{"@type":"ListItem","position":1,"name":"Home","item":"https:\/\/staging.baredev.com\/fr\/"},{"@type":"ListItem","position":2,"name":"Shop","item":"https:\/\/staging.baredev.com\/fr\/shop\/"},{"@type":"ListItem","position":3,"name":"Olio Extravergine Di Oliva Affumicato Porto di Mola"}]},{"@type":"WebSite","@id":"https:\/\/staging.baredev.com\/fr\/#website","url":"https:\/\/staging.baredev.com\/fr\/","name":"Sapori Nostri","description":"","publisher":{"@id":"https:\/\/staging.baredev.com\/fr\/#organization"},"potentialAction":[{"@type":"SearchAction","target":{"@type":"EntryPoint","urlTemplate":"https:\/\/staging.baredev.com\/fr\/?s={search_term_string}"},"query-input":{"@type":"PropertyValueSpecification","valueRequired":true,"valueName":"search_term_string"}}],"inLanguage":"fr-FR"},{"@type":"Organization","@id":"https:\/\/staging.baredev.com\/fr\/#organization","name":"Sapori Nostri","url":"https:\/\/staging.baredev.com\/fr\/","logo":{"@type":"ImageObject","inLanguage":"fr-FR","@id":"https:\/\/staging.baredev.com\/fr\/#\/schema\/logo\/image\/","url":"https:\/\/staging.baredev.com\/wp-content\/uploads\/2020\/05\/logo-retina.png","contentUrl":"https:\/\/staging.baredev.com\/wp-content\/uploads\/2020\/05\/logo-retina.png","width":500,"height":109,"caption":"Sapori Nostri"},"image":{"@id":"https:\/\/staging.baredev.com\/fr\/#\/schema\/logo\/image\/"},"sameAs":["https:\/\/www.facebook.com\/saporinostri.it\/","https:\/\/www.instagram.com\/saporinostri.it\/"]}]}},"jetpack_sharing_enabled":true,"brands":[{"id":191,"name":"Port de Mola","slug":"porto-di-mola"}],"_links":{"self":[{"href":"https:\/\/staging.baredev.com\/fr\/wp-json\/wp\/v2\/product\/2665","targetHints":{"allow":["GET"]}}],"collection":[{"href":"https:\/\/staging.baredev.com\/fr\/wp-json\/wp\/v2\/product"}],"about":[{"href":"https:\/\/staging.baredev.com\/fr\/wp-json\/wp\/v2\/types\/product"}],"replies":[{"embeddable":true,"href":"https:\/\/staging.baredev.com\/fr\/wp-json\/wp\/v2\/comments?post=2665"}],"wp:featuredmedia":[{"embeddable":true,"href":"https:\/\/staging.baredev.com\/fr\/wp-json\/wp\/v2\/media\/4351"}],"wp:attachment":[{"href":"https:\/\/staging.baredev.com\/fr\/wp-json\/wp\/v2\/media?parent=2665"}],"wp:term":[{"taxonomy":"pwb-brand","embeddable":true,"href":"https:\/\/staging.baredev.com\/fr\/wp-json\/wp\/v2\/pwb-brand?post=2665"},{"taxonomy":"product_brand","embeddable":true,"href":"https:\/\/staging.baredev.com\/fr\/wp-json\/wp\/v2\/product_brand?post=2665"},{"taxonomy":"product_cat","embeddable":true,"href":"https:\/\/staging.baredev.com\/fr\/wp-json\/wp\/v2\/product_cat?post=2665"},{"taxonomy":"product_tag","embeddable":true,"href":"https:\/\/staging.baredev.com\/fr\/wp-json\/wp\/v2\/product_tag?post=2665"}],"curies":[{"name":"wp","href":"https:\/\/api.w.org\/{rel}","templated":true}]}}