{"id":28486,"date":"2024-05-24T12:13:13","date_gmt":"2024-05-24T10:13:13","guid":{"rendered":"https:\/\/www.saporinostri.it\/?post_type=product&#038;p=28486"},"modified":"2026-05-01T13:48:52","modified_gmt":"2026-05-01T11:48:52","slug":"aceto-balsamico-di-modena-igp","status":"publish","type":"product","link":"https:\/\/staging.baredev.com\/fr\/aceto-balsamico-di-modena-igp\/","title":{"rendered":"Vinaigre Balsamique de Mod\u00e8ne IGP"},"content":{"rendered":"<div class=\"ap-wrapper\">\n<div class=\"ap-col f-1\">\n<p>L\u00c0<strong>Classe balsamique de Mod\u00e8ne IGP <em>Monari Federzoni<\/em><\/strong> il est produit selon la tradition : le mo\u00fbt de raisin et le vinaigre de vin m\u00fbrissent lentement dans des f\u00fbts en bois, donnant au vinaigre d&#039;agr\u00e9ables notes aromatiques et velout\u00e9es.<\/p>\n<p>Pour assurer la <strong>qualit\u00e9 sup\u00e9rieure<\/strong> De son processus de production, Monari Federzoni produit enti\u00e8rement le vinaigre de vin utilis\u00e9 pour les fermentations. Gr\u00e2ce aux ac\u00e9tifiants et \u00e0 la fermentation immerg\u00e9e, <span style=\"text-decoration: underline;\"><em>obtient un vinaigre tr\u00e8s alcoolis\u00e9 capable de pr\u00e9server les ar\u00f4mes d&#039;un vin soigneusement s\u00e9lectionn\u00e9<\/em><\/span>, <strong>garantie d&#039;un<\/strong> <strong>go\u00fbt unique<\/strong>.<\/p>\n<p>Une attention particuli\u00e8re port\u00e9e \u00e0 la qualit\u00e9 a permis \u00e0 Monari Federzoni d&#039;obtenir le <em>principales Certifications du Syst\u00e8me Qualit\u00e9<\/em>: <strong>CRB<\/strong> est <strong>IFS<\/strong> (Niveau sup\u00e9rieur).<\/p>\n<p>Monari Federzoni a \u00e9galement obtenu la reconnaissance<strong> IGP<\/strong> (<span style=\"text-decoration: underline;\">Indication G\u00e9ographique Prot\u00e9g\u00e9e<\/span>)<\/p>\n<p>L&#039;entreprise est entour\u00e9e de plus de <strong>110 hectares<\/strong> des vignes<\/p>\n<\/div>\n<\/div>\n<div class=\"mini-infobox-wrapper\"><\/div>\n<div class=\"mt-3\"><\/div>","protected":false},"excerpt":{"rendered":"<p>L\u00c0<strong>Classe balsamique de Mod\u00e8ne IGP <em>Monari Federzoni<\/em><\/strong> il est produit selon la tradition : le mo\u00fbt de raisin et le vinaigre de vin m\u00fbrissent lentement dans des f\u00fbts en bois, donnant au vinaigre d&#039;agr\u00e9ables notes aromatiques et velout\u00e9es.<\/p>","protected":false},"featured_media":34592,"comment_status":"open","ping_status":"closed","template":"","meta":{"_acf_changed":false,"inline_featured_image":false,"wprm-recipe-roundup-name":"","wprm-recipe-roundup-description":""},"pwb-brand":[671],"product_brand":[],"product_cat":[645,582],"product_tag":[],"class_list":{"0":"post-28486","1":"product","2":"type-product","3":"status-publish","4":"has-post-thumbnail","6":"pwb-brand-monari-federzoni-1912","7":"product_cat-gourmet","8":"product_cat-salse-di-accompagnamento","9":"product_shipping_class-iva-10","11":"first","12":"outofstock","13":"sale","14":"taxable","15":"shipping-taxable","16":"purchasable","17":"product-type-simple"},"acf":[],"yoast_head":"<!-- This site is optimized with the Yoast SEO Premium plugin v23.7 (Yoast SEO v27.6) - https:\/\/yoast.com\/product\/yoast-seo-premium-wordpress\/ -->\n<title>Aceto Balsamico Di Modena I.G.P. - Sapori Nostri<\/title>\n<meta name=\"description\" content=\"L&#039;Aceto Balsamico di Modena\u00a0 I.G.P Monari Federzoni \u00e8 prodotto secondo la tradizione: matura lentamente in botti di legno.\" \/>\n<meta name=\"robots\" content=\"index, follow, max-snippet:-1, max-image-preview:large, max-video-preview:-1\" \/>\n<link rel=\"canonical\" href=\"https:\/\/staging.baredev.com\/fr\/aceto-balsamico-di-modena-igp\/\" \/>\n<meta property=\"og:locale\" content=\"fr_FR\" \/>\n<meta property=\"og:type\" content=\"article\" \/>\n<meta property=\"og:title\" content=\"Aceto Balsamico Di Modena I.G.P.\" \/>\n<meta property=\"og:description\" content=\"L&#039;Aceto Balsamico di Modena\u00a0 I.G.P Monari Federzoni \u00e8 prodotto secondo la tradizione: matura lentamente in botti di legno.\" \/>\n<meta property=\"og:url\" content=\"https:\/\/staging.baredev.com\/fr\/aceto-balsamico-di-modena-igp\/\" \/>\n<meta property=\"og:site_name\" content=\"Sapori Nostri\" \/>\n<meta property=\"article:publisher\" content=\"https:\/\/www.facebook.com\/saporinostri.it\/\" \/>\n<meta property=\"article:modified_time\" content=\"2026-05-01T11:48:52+00:00\" \/>\n<meta property=\"og:image\" content=\"https:\/\/staging.baredev.com\/wp-content\/uploads\/2024\/05\/Aceto-Monari-1-e1752909478546.png\" \/>\n\t<meta property=\"og:image:width\" content=\"1000\" \/>\n\t<meta property=\"og:image:height\" content=\"1000\" \/>\n\t<meta property=\"og:image:type\" content=\"image\/png\" \/>\n<meta name=\"twitter:card\" content=\"summary_large_image\" \/>\n<meta name=\"twitter:label1\" content=\"Est. reading time\" \/>\n\t<meta name=\"twitter:data1\" content=\"2 minutes\" \/>\n<script type=\"application\/ld+json\" class=\"yoast-schema-graph\">{\"@context\":\"https:\\\/\\\/schema.org\",\"@graph\":[{\"@type\":\"WebPage\",\"@id\":\"https:\\\/\\\/staging.baredev.com\\\/fr\\\/aceto-balsamico-di-modena-igp\\\/\",\"url\":\"https:\\\/\\\/staging.baredev.com\\\/fr\\\/aceto-balsamico-di-modena-igp\\\/\",\"name\":\"Aceto Balsamico Di Modena I.G.P. - Sapori Nostri\",\"isPartOf\":{\"@id\":\"https:\\\/\\\/staging.baredev.com\\\/fr\\\/#website\"},\"primaryImageOfPage\":{\"@id\":\"https:\\\/\\\/staging.baredev.com\\\/fr\\\/aceto-balsamico-di-modena-igp\\\/#primaryimage\"},\"image\":{\"@id\":\"https:\\\/\\\/staging.baredev.com\\\/fr\\\/aceto-balsamico-di-modena-igp\\\/#primaryimage\"},\"thumbnailUrl\":\"https:\\\/\\\/staging.baredev.com\\\/wp-content\\\/uploads\\\/2024\\\/05\\\/Aceto-Monari-1-e1752909478546.png\",\"datePublished\":\"2024-05-24T10:13:13+00:00\",\"dateModified\":\"2026-05-01T11:48:52+00:00\",\"description\":\"L'Aceto Balsamico di Modena\u00a0 I.G.P Monari Federzoni \u00e8 prodotto secondo la tradizione: matura lentamente in botti di legno.\",\"breadcrumb\":{\"@id\":\"https:\\\/\\\/staging.baredev.com\\\/fr\\\/aceto-balsamico-di-modena-igp\\\/#breadcrumb\"},\"inLanguage\":\"fr-FR\",\"potentialAction\":[{\"@type\":\"ReadAction\",\"target\":[\"https:\\\/\\\/staging.baredev.com\\\/fr\\\/aceto-balsamico-di-modena-igp\\\/\"]}]},{\"@type\":\"ImageObject\",\"inLanguage\":\"fr-FR\",\"@id\":\"https:\\\/\\\/staging.baredev.com\\\/fr\\\/aceto-balsamico-di-modena-igp\\\/#primaryimage\",\"url\":\"https:\\\/\\\/staging.baredev.com\\\/wp-content\\\/uploads\\\/2024\\\/05\\\/Aceto-Monari-1-e1752909478546.png\",\"contentUrl\":\"https:\\\/\\\/staging.baredev.com\\\/wp-content\\\/uploads\\\/2024\\\/05\\\/Aceto-Monari-1-e1752909478546.png\",\"width\":1000,\"height\":1000},{\"@type\":\"BreadcrumbList\",\"@id\":\"https:\\\/\\\/staging.baredev.com\\\/fr\\\/aceto-balsamico-di-modena-igp\\\/#breadcrumb\",\"itemListElement\":[{\"@type\":\"ListItem\",\"position\":1,\"name\":\"Home\",\"item\":\"https:\\\/\\\/staging.baredev.com\\\/fr\\\/\"},{\"@type\":\"ListItem\",\"position\":2,\"name\":\"Shop\",\"item\":\"https:\\\/\\\/staging.baredev.com\\\/fr\\\/shop\\\/\"},{\"@type\":\"ListItem\",\"position\":3,\"name\":\"Aceto Balsamico Di Modena I.G.P.\"}]},{\"@type\":\"WebSite\",\"@id\":\"https:\\\/\\\/staging.baredev.com\\\/fr\\\/#website\",\"url\":\"https:\\\/\\\/staging.baredev.com\\\/fr\\\/\",\"name\":\"Sapori Nostri\",\"description\":\"\",\"publisher\":{\"@id\":\"https:\\\/\\\/staging.baredev.com\\\/fr\\\/#organization\"},\"potentialAction\":[{\"@type\":\"SearchAction\",\"target\":{\"@type\":\"EntryPoint\",\"urlTemplate\":\"https:\\\/\\\/staging.baredev.com\\\/fr\\\/?s={search_term_string}\"},\"query-input\":{\"@type\":\"PropertyValueSpecification\",\"valueRequired\":true,\"valueName\":\"search_term_string\"}}],\"inLanguage\":\"fr-FR\"},{\"@type\":\"Organization\",\"@id\":\"https:\\\/\\\/staging.baredev.com\\\/fr\\\/#organization\",\"name\":\"Sapori Nostri\",\"url\":\"https:\\\/\\\/staging.baredev.com\\\/fr\\\/\",\"logo\":{\"@type\":\"ImageObject\",\"inLanguage\":\"fr-FR\",\"@id\":\"https:\\\/\\\/staging.baredev.com\\\/fr\\\/#\\\/schema\\\/logo\\\/image\\\/\",\"url\":\"https:\\\/\\\/staging.baredev.com\\\/wp-content\\\/uploads\\\/2020\\\/05\\\/logo-retina.png\",\"contentUrl\":\"https:\\\/\\\/staging.baredev.com\\\/wp-content\\\/uploads\\\/2020\\\/05\\\/logo-retina.png\",\"width\":500,\"height\":109,\"caption\":\"Sapori Nostri\"},\"image\":{\"@id\":\"https:\\\/\\\/staging.baredev.com\\\/fr\\\/#\\\/schema\\\/logo\\\/image\\\/\"},\"sameAs\":[\"https:\\\/\\\/www.facebook.com\\\/saporinostri.it\\\/\",\"https:\\\/\\\/www.instagram.com\\\/saporinostri.it\\\/\"]}]}<\/script>\n<!-- \/ Yoast SEO Premium plugin. -->","yoast_head_json":{"title":"Vinaigre Balsamique de Mod\u00e8ne IGP - Sapori Nostri","description":"Le Vinaigre Balsamique de Mod\u00e8ne IGP Monari Federzoni est produit selon la tradition : il m\u00fbrit lentement dans des f\u00fbts en bois.","robots":{"index":"index","follow":"follow","max-snippet":"max-snippet:-1","max-image-preview":"max-image-preview:large","max-video-preview":"max-video-preview:-1"},"canonical":"https:\/\/staging.baredev.com\/fr\/aceto-balsamico-di-modena-igp\/","og_locale":"fr_FR","og_type":"article","og_title":"Aceto Balsamico Di Modena I.G.P.","og_description":"L'Aceto Balsamico di Modena\u00a0 I.G.P Monari Federzoni \u00e8 prodotto secondo la tradizione: matura lentamente in botti di legno.","og_url":"https:\/\/staging.baredev.com\/fr\/aceto-balsamico-di-modena-igp\/","og_site_name":"Sapori Nostri","article_publisher":"https:\/\/www.facebook.com\/saporinostri.it\/","article_modified_time":"2026-05-01T11:48:52+00:00","og_image":[{"width":1000,"height":1000,"url":"https:\/\/staging.baredev.com\/wp-content\/uploads\/2024\/05\/Aceto-Monari-1-e1752909478546.png","type":"image\/png"}],"twitter_card":"summary_large_image","twitter_misc":{"Est. reading time":"2 minutes"},"schema":{"@context":"https:\/\/schema.org","@graph":[{"@type":"WebPage","@id":"https:\/\/staging.baredev.com\/fr\/aceto-balsamico-di-modena-igp\/","url":"https:\/\/staging.baredev.com\/fr\/aceto-balsamico-di-modena-igp\/","name":"Vinaigre Balsamique de Mod\u00e8ne IGP - Sapori Nostri","isPartOf":{"@id":"https:\/\/staging.baredev.com\/fr\/#website"},"primaryImageOfPage":{"@id":"https:\/\/staging.baredev.com\/fr\/aceto-balsamico-di-modena-igp\/#primaryimage"},"image":{"@id":"https:\/\/staging.baredev.com\/fr\/aceto-balsamico-di-modena-igp\/#primaryimage"},"thumbnailUrl":"https:\/\/staging.baredev.com\/wp-content\/uploads\/2024\/05\/Aceto-Monari-1-e1752909478546.png","datePublished":"2024-05-24T10:13:13+00:00","dateModified":"2026-05-01T11:48:52+00:00","description":"Le Vinaigre Balsamique de Mod\u00e8ne IGP Monari Federzoni est produit selon la tradition : il m\u00fbrit lentement dans des f\u00fbts en bois.","breadcrumb":{"@id":"https:\/\/staging.baredev.com\/fr\/aceto-balsamico-di-modena-igp\/#breadcrumb"},"inLanguage":"fr-FR","potentialAction":[{"@type":"ReadAction","target":["https:\/\/staging.baredev.com\/fr\/aceto-balsamico-di-modena-igp\/"]}]},{"@type":"ImageObject","inLanguage":"fr-FR","@id":"https:\/\/staging.baredev.com\/fr\/aceto-balsamico-di-modena-igp\/#primaryimage","url":"https:\/\/staging.baredev.com\/wp-content\/uploads\/2024\/05\/Aceto-Monari-1-e1752909478546.png","contentUrl":"https:\/\/staging.baredev.com\/wp-content\/uploads\/2024\/05\/Aceto-Monari-1-e1752909478546.png","width":1000,"height":1000},{"@type":"BreadcrumbList","@id":"https:\/\/staging.baredev.com\/fr\/aceto-balsamico-di-modena-igp\/#breadcrumb","itemListElement":[{"@type":"ListItem","position":1,"name":"Home","item":"https:\/\/staging.baredev.com\/fr\/"},{"@type":"ListItem","position":2,"name":"Shop","item":"https:\/\/staging.baredev.com\/fr\/shop\/"},{"@type":"ListItem","position":3,"name":"Aceto Balsamico Di Modena I.G.P."}]},{"@type":"WebSite","@id":"https:\/\/staging.baredev.com\/fr\/#website","url":"https:\/\/staging.baredev.com\/fr\/","name":"Sapori Nostri","description":"","publisher":{"@id":"https:\/\/staging.baredev.com\/fr\/#organization"},"potentialAction":[{"@type":"SearchAction","target":{"@type":"EntryPoint","urlTemplate":"https:\/\/staging.baredev.com\/fr\/?s={search_term_string}"},"query-input":{"@type":"PropertyValueSpecification","valueRequired":true,"valueName":"search_term_string"}}],"inLanguage":"fr-FR"},{"@type":"Organization","@id":"https:\/\/staging.baredev.com\/fr\/#organization","name":"Sapori Nostri","url":"https:\/\/staging.baredev.com\/fr\/","logo":{"@type":"ImageObject","inLanguage":"fr-FR","@id":"https:\/\/staging.baredev.com\/fr\/#\/schema\/logo\/image\/","url":"https:\/\/staging.baredev.com\/wp-content\/uploads\/2020\/05\/logo-retina.png","contentUrl":"https:\/\/staging.baredev.com\/wp-content\/uploads\/2020\/05\/logo-retina.png","width":500,"height":109,"caption":"Sapori Nostri"},"image":{"@id":"https:\/\/staging.baredev.com\/fr\/#\/schema\/logo\/image\/"},"sameAs":["https:\/\/www.facebook.com\/saporinostri.it\/","https:\/\/www.instagram.com\/saporinostri.it\/"]}]}},"jetpack_sharing_enabled":true,"brands":[{"id":671,"name":"Monari Federzoni 1912","slug":"monari-federzoni-1912"}],"_links":{"self":[{"href":"https:\/\/staging.baredev.com\/fr\/wp-json\/wp\/v2\/product\/28486","targetHints":{"allow":["GET"]}}],"collection":[{"href":"https:\/\/staging.baredev.com\/fr\/wp-json\/wp\/v2\/product"}],"about":[{"href":"https:\/\/staging.baredev.com\/fr\/wp-json\/wp\/v2\/types\/product"}],"replies":[{"embeddable":true,"href":"https:\/\/staging.baredev.com\/fr\/wp-json\/wp\/v2\/comments?post=28486"}],"wp:featuredmedia":[{"embeddable":true,"href":"https:\/\/staging.baredev.com\/fr\/wp-json\/wp\/v2\/media\/34592"}],"wp:attachment":[{"href":"https:\/\/staging.baredev.com\/fr\/wp-json\/wp\/v2\/media?parent=28486"}],"wp:term":[{"taxonomy":"pwb-brand","embeddable":true,"href":"https:\/\/staging.baredev.com\/fr\/wp-json\/wp\/v2\/pwb-brand?post=28486"},{"taxonomy":"product_brand","embeddable":true,"href":"https:\/\/staging.baredev.com\/fr\/wp-json\/wp\/v2\/product_brand?post=28486"},{"taxonomy":"product_cat","embeddable":true,"href":"https:\/\/staging.baredev.com\/fr\/wp-json\/wp\/v2\/product_cat?post=28486"},{"taxonomy":"product_tag","embeddable":true,"href":"https:\/\/staging.baredev.com\/fr\/wp-json\/wp\/v2\/product_tag?post=28486"}],"curies":[{"name":"wp","href":"https:\/\/api.w.org\/{rel}","templated":true}]}}