{"id":31149,"date":"2024-12-04T13:00:33","date_gmt":"2024-12-04T12:00:33","guid":{"rendered":"https:\/\/www.saporinostri.it\/?post_type=product&#038;p=31149"},"modified":"2026-01-26T11:49:57","modified_gmt":"2026-01-26T10:49:57","slug":"crema-di-pistacchio-280gr-nobiliradici","status":"publish","type":"product","link":"https:\/\/staging.baredev.com\/fr\/crema-di-pistacchio-280gr-nobiliradici\/","title":{"rendered":"Cr\u00e8me de pistache 280gr NobiliRadici"},"content":{"rendered":"<p>L\u00e0 <em><strong>Cr\u00e8me de pistache Nobili Radici<\/strong><\/em> C&#039;est un authentique d\u00e9lice pour le palais, \u00e9labor\u00e9 \u00e0 partir de pistaches de haute qualit\u00e9, soigneusement s\u00e9lectionn\u00e9es, associ\u00e9es \u00e0 la saveur d\u00e9licate de <strong>chocolat blanc <\/strong>pour assurer une saveur intense et enveloppante.<\/p>\n<p>Sa texture velout\u00e9e et son go\u00fbt riche de pistache grill\u00e9e se marient \u00e0 une<strong> \u00e9quilibre d\u00e9licat du sucre et de l&#039;huile,<\/strong> cr\u00e9ant une cr\u00e8me irr\u00e9sistible, parfaite pour garnir des desserts, tartiner sur du pain ou des croissants, ou comme garniture pour la cr\u00e8me glac\u00e9e et le yaourt.<\/p>\n<p>Un produit qui<strong> Il contient toute l&#039;authenticit\u00e9 et la passion des mati\u00e8res premi\u00e8res,<\/strong> id\u00e9al pour ceux qui recherchent une exp\u00e9rience de d\u00e9gustation unique et raffin\u00e9e.<\/p>","protected":false},"excerpt":{"rendered":"<p>La Crema di Pistacchio Nobili Radici \u00e8 un&#8217;autentica delizia per il palato, realizzata con pistacchi di alta qualit\u00e0, accuratamente selezionati uniti al delicato sapore della cioccolata bianca per garantire un sapore intenso e avvolgente. La sua consistenza vellutata e il gusto ricco di pistacchio tostato si fondono con un delicato equilibrio di zucchero e olio, [&hellip;]<\/p>\n","protected":false},"featured_media":31165,"comment_status":"open","ping_status":"closed","template":"","meta":{"_acf_changed":false,"inline_featured_image":false,"wprm-recipe-roundup-name":"","wprm-recipe-roundup-description":""},"pwb-brand":[],"product_brand":[],"product_cat":[577,412],"product_tag":[],"class_list":{"0":"post-31149","1":"product","2":"type-product","3":"status-publish","4":"has-post-thumbnail","6":"product_cat-confetture-e-marmellate","7":"product_cat-conserve","9":"first","10":"instock","11":"sale","12":"taxable","13":"shipping-taxable","14":"purchasable","15":"product-type-simple"},"acf":[],"yoast_head":"<!-- This site is optimized with the Yoast SEO Premium plugin v23.7 (Yoast SEO v27.6) - https:\/\/yoast.com\/product\/yoast-seo-premium-wordpress\/ -->\n<title>Crema di Pistacchio 280gr NobiliRadici - Sapori Nostri<\/title>\n<meta name=\"description\" content=\"La Crema di Pistacchio \u00e8 una dolce e vellutata preparazione che si distingue per il suo sapore ricco e aromatico. Ideale anche per farcire dolci\" \/>\n<meta name=\"robots\" content=\"index, follow, max-snippet:-1, max-image-preview:large, max-video-preview:-1\" \/>\n<link rel=\"canonical\" href=\"https:\/\/staging.baredev.com\/fr\/crema-di-pistacchio-280gr-nobiliradici\/\" \/>\n<meta property=\"og:locale\" content=\"fr_FR\" \/>\n<meta property=\"og:type\" content=\"article\" \/>\n<meta property=\"og:title\" content=\"Crema di Pistacchio 280gr NobiliRadici\" \/>\n<meta property=\"og:description\" content=\"La Crema di Pistacchio \u00e8 una dolce e vellutata preparazione che si distingue per il suo sapore ricco e aromatico. Ideale anche per farcire dolci\" \/>\n<meta property=\"og:url\" content=\"https:\/\/staging.baredev.com\/fr\/crema-di-pistacchio-280gr-nobiliradici\/\" \/>\n<meta property=\"og:site_name\" content=\"Sapori Nostri\" \/>\n<meta property=\"article:publisher\" content=\"https:\/\/www.facebook.com\/saporinostri.it\/\" \/>\n<meta property=\"article:modified_time\" content=\"2026-01-26T10:49:57+00:00\" \/>\n<meta property=\"og:image\" content=\"https:\/\/staging.baredev.com\/wp-content\/uploads\/2024\/12\/Senza-titolo-3-1-3.png\" \/>\n\t<meta property=\"og:image:width\" content=\"1080\" \/>\n\t<meta property=\"og:image:height\" content=\"1080\" \/>\n\t<meta property=\"og:image:type\" content=\"image\/png\" \/>\n<meta name=\"twitter:card\" content=\"summary_large_image\" \/>\n<meta name=\"twitter:label1\" content=\"Est. reading time\" \/>\n\t<meta name=\"twitter:data1\" content=\"2 minutes\" \/>\n<script type=\"application\/ld+json\" class=\"yoast-schema-graph\">{\"@context\":\"https:\\\/\\\/schema.org\",\"@graph\":[{\"@type\":\"WebPage\",\"@id\":\"https:\\\/\\\/staging.baredev.com\\\/fr\\\/crema-di-pistacchio-280gr-nobiliradici\\\/\",\"url\":\"https:\\\/\\\/staging.baredev.com\\\/fr\\\/crema-di-pistacchio-280gr-nobiliradici\\\/\",\"name\":\"Crema di Pistacchio 280gr NobiliRadici - Sapori Nostri\",\"isPartOf\":{\"@id\":\"https:\\\/\\\/staging.baredev.com\\\/fr\\\/#website\"},\"primaryImageOfPage\":{\"@id\":\"https:\\\/\\\/staging.baredev.com\\\/fr\\\/crema-di-pistacchio-280gr-nobiliradici\\\/#primaryimage\"},\"image\":{\"@id\":\"https:\\\/\\\/staging.baredev.com\\\/fr\\\/crema-di-pistacchio-280gr-nobiliradici\\\/#primaryimage\"},\"thumbnailUrl\":\"https:\\\/\\\/staging.baredev.com\\\/wp-content\\\/uploads\\\/2024\\\/12\\\/Senza-titolo-3-1-3.png\",\"datePublished\":\"2024-12-04T12:00:33+00:00\",\"dateModified\":\"2026-01-26T10:49:57+00:00\",\"description\":\"La Crema di Pistacchio \u00e8 una dolce e vellutata preparazione che si distingue per il suo sapore ricco e aromatico. Ideale anche per farcire dolci\",\"breadcrumb\":{\"@id\":\"https:\\\/\\\/staging.baredev.com\\\/fr\\\/crema-di-pistacchio-280gr-nobiliradici\\\/#breadcrumb\"},\"inLanguage\":\"fr-FR\",\"potentialAction\":[{\"@type\":\"ReadAction\",\"target\":[\"https:\\\/\\\/staging.baredev.com\\\/fr\\\/crema-di-pistacchio-280gr-nobiliradici\\\/\"]}]},{\"@type\":\"ImageObject\",\"inLanguage\":\"fr-FR\",\"@id\":\"https:\\\/\\\/staging.baredev.com\\\/fr\\\/crema-di-pistacchio-280gr-nobiliradici\\\/#primaryimage\",\"url\":\"https:\\\/\\\/staging.baredev.com\\\/wp-content\\\/uploads\\\/2024\\\/12\\\/Senza-titolo-3-1-3.png\",\"contentUrl\":\"https:\\\/\\\/staging.baredev.com\\\/wp-content\\\/uploads\\\/2024\\\/12\\\/Senza-titolo-3-1-3.png\",\"width\":1080,\"height\":1080},{\"@type\":\"BreadcrumbList\",\"@id\":\"https:\\\/\\\/staging.baredev.com\\\/fr\\\/crema-di-pistacchio-280gr-nobiliradici\\\/#breadcrumb\",\"itemListElement\":[{\"@type\":\"ListItem\",\"position\":1,\"name\":\"Home\",\"item\":\"https:\\\/\\\/staging.baredev.com\\\/fr\\\/\"},{\"@type\":\"ListItem\",\"position\":2,\"name\":\"Shop\",\"item\":\"https:\\\/\\\/staging.baredev.com\\\/fr\\\/shop\\\/\"},{\"@type\":\"ListItem\",\"position\":3,\"name\":\"Crema di Pistacchio 280gr NobiliRadici\"}]},{\"@type\":\"WebSite\",\"@id\":\"https:\\\/\\\/staging.baredev.com\\\/fr\\\/#website\",\"url\":\"https:\\\/\\\/staging.baredev.com\\\/fr\\\/\",\"name\":\"Sapori Nostri\",\"description\":\"\",\"publisher\":{\"@id\":\"https:\\\/\\\/staging.baredev.com\\\/fr\\\/#organization\"},\"potentialAction\":[{\"@type\":\"SearchAction\",\"target\":{\"@type\":\"EntryPoint\",\"urlTemplate\":\"https:\\\/\\\/staging.baredev.com\\\/fr\\\/?s={search_term_string}\"},\"query-input\":{\"@type\":\"PropertyValueSpecification\",\"valueRequired\":true,\"valueName\":\"search_term_string\"}}],\"inLanguage\":\"fr-FR\"},{\"@type\":\"Organization\",\"@id\":\"https:\\\/\\\/staging.baredev.com\\\/fr\\\/#organization\",\"name\":\"Sapori Nostri\",\"url\":\"https:\\\/\\\/staging.baredev.com\\\/fr\\\/\",\"logo\":{\"@type\":\"ImageObject\",\"inLanguage\":\"fr-FR\",\"@id\":\"https:\\\/\\\/staging.baredev.com\\\/fr\\\/#\\\/schema\\\/logo\\\/image\\\/\",\"url\":\"https:\\\/\\\/staging.baredev.com\\\/wp-content\\\/uploads\\\/2020\\\/05\\\/logo-retina.png\",\"contentUrl\":\"https:\\\/\\\/staging.baredev.com\\\/wp-content\\\/uploads\\\/2020\\\/05\\\/logo-retina.png\",\"width\":500,\"height\":109,\"caption\":\"Sapori Nostri\"},\"image\":{\"@id\":\"https:\\\/\\\/staging.baredev.com\\\/fr\\\/#\\\/schema\\\/logo\\\/image\\\/\"},\"sameAs\":[\"https:\\\/\\\/www.facebook.com\\\/saporinostri.it\\\/\",\"https:\\\/\\\/www.instagram.com\\\/saporinostri.it\\\/\"]}]}<\/script>\n<!-- \/ Yoast SEO Premium plugin. -->","yoast_head_json":{"title":"Cr\u00e8me de pistache 280gr NobiliRadici - Sapori Nostri","description":"La Cr\u00e8me de Pistache est une pr\u00e9paration douce et velout\u00e9e qui se distingue par sa saveur riche et aromatique. Id\u00e9al \u00e9galement pour garnir des desserts","robots":{"index":"index","follow":"follow","max-snippet":"max-snippet:-1","max-image-preview":"max-image-preview:large","max-video-preview":"max-video-preview:-1"},"canonical":"https:\/\/staging.baredev.com\/fr\/crema-di-pistacchio-280gr-nobiliradici\/","og_locale":"fr_FR","og_type":"article","og_title":"Crema di Pistacchio 280gr NobiliRadici","og_description":"La Crema di Pistacchio \u00e8 una dolce e vellutata preparazione che si distingue per il suo sapore ricco e aromatico. Ideale anche per farcire dolci","og_url":"https:\/\/staging.baredev.com\/fr\/crema-di-pistacchio-280gr-nobiliradici\/","og_site_name":"Sapori Nostri","article_publisher":"https:\/\/www.facebook.com\/saporinostri.it\/","article_modified_time":"2026-01-26T10:49:57+00:00","og_image":[{"width":1080,"height":1080,"url":"https:\/\/staging.baredev.com\/wp-content\/uploads\/2024\/12\/Senza-titolo-3-1-3.png","type":"image\/png"}],"twitter_card":"summary_large_image","twitter_misc":{"Est. reading time":"2 minutes"},"schema":{"@context":"https:\/\/schema.org","@graph":[{"@type":"WebPage","@id":"https:\/\/staging.baredev.com\/fr\/crema-di-pistacchio-280gr-nobiliradici\/","url":"https:\/\/staging.baredev.com\/fr\/crema-di-pistacchio-280gr-nobiliradici\/","name":"Cr\u00e8me de pistache 280gr NobiliRadici - Sapori Nostri","isPartOf":{"@id":"https:\/\/staging.baredev.com\/fr\/#website"},"primaryImageOfPage":{"@id":"https:\/\/staging.baredev.com\/fr\/crema-di-pistacchio-280gr-nobiliradici\/#primaryimage"},"image":{"@id":"https:\/\/staging.baredev.com\/fr\/crema-di-pistacchio-280gr-nobiliradici\/#primaryimage"},"thumbnailUrl":"https:\/\/staging.baredev.com\/wp-content\/uploads\/2024\/12\/Senza-titolo-3-1-3.png","datePublished":"2024-12-04T12:00:33+00:00","dateModified":"2026-01-26T10:49:57+00:00","description":"La Cr\u00e8me de Pistache est une pr\u00e9paration douce et velout\u00e9e qui se distingue par sa saveur riche et aromatique. Id\u00e9al \u00e9galement pour garnir des desserts","breadcrumb":{"@id":"https:\/\/staging.baredev.com\/fr\/crema-di-pistacchio-280gr-nobiliradici\/#breadcrumb"},"inLanguage":"fr-FR","potentialAction":[{"@type":"ReadAction","target":["https:\/\/staging.baredev.com\/fr\/crema-di-pistacchio-280gr-nobiliradici\/"]}]},{"@type":"ImageObject","inLanguage":"fr-FR","@id":"https:\/\/staging.baredev.com\/fr\/crema-di-pistacchio-280gr-nobiliradici\/#primaryimage","url":"https:\/\/staging.baredev.com\/wp-content\/uploads\/2024\/12\/Senza-titolo-3-1-3.png","contentUrl":"https:\/\/staging.baredev.com\/wp-content\/uploads\/2024\/12\/Senza-titolo-3-1-3.png","width":1080,"height":1080},{"@type":"BreadcrumbList","@id":"https:\/\/staging.baredev.com\/fr\/crema-di-pistacchio-280gr-nobiliradici\/#breadcrumb","itemListElement":[{"@type":"ListItem","position":1,"name":"Home","item":"https:\/\/staging.baredev.com\/fr\/"},{"@type":"ListItem","position":2,"name":"Shop","item":"https:\/\/staging.baredev.com\/fr\/shop\/"},{"@type":"ListItem","position":3,"name":"Crema di Pistacchio 280gr NobiliRadici"}]},{"@type":"WebSite","@id":"https:\/\/staging.baredev.com\/fr\/#website","url":"https:\/\/staging.baredev.com\/fr\/","name":"Sapori Nostri","description":"","publisher":{"@id":"https:\/\/staging.baredev.com\/fr\/#organization"},"potentialAction":[{"@type":"SearchAction","target":{"@type":"EntryPoint","urlTemplate":"https:\/\/staging.baredev.com\/fr\/?s={search_term_string}"},"query-input":{"@type":"PropertyValueSpecification","valueRequired":true,"valueName":"search_term_string"}}],"inLanguage":"fr-FR"},{"@type":"Organization","@id":"https:\/\/staging.baredev.com\/fr\/#organization","name":"Sapori Nostri","url":"https:\/\/staging.baredev.com\/fr\/","logo":{"@type":"ImageObject","inLanguage":"fr-FR","@id":"https:\/\/staging.baredev.com\/fr\/#\/schema\/logo\/image\/","url":"https:\/\/staging.baredev.com\/wp-content\/uploads\/2020\/05\/logo-retina.png","contentUrl":"https:\/\/staging.baredev.com\/wp-content\/uploads\/2020\/05\/logo-retina.png","width":500,"height":109,"caption":"Sapori Nostri"},"image":{"@id":"https:\/\/staging.baredev.com\/fr\/#\/schema\/logo\/image\/"},"sameAs":["https:\/\/www.facebook.com\/saporinostri.it\/","https:\/\/www.instagram.com\/saporinostri.it\/"]}]}},"jetpack_sharing_enabled":true,"brands":[],"_links":{"self":[{"href":"https:\/\/staging.baredev.com\/fr\/wp-json\/wp\/v2\/product\/31149","targetHints":{"allow":["GET"]}}],"collection":[{"href":"https:\/\/staging.baredev.com\/fr\/wp-json\/wp\/v2\/product"}],"about":[{"href":"https:\/\/staging.baredev.com\/fr\/wp-json\/wp\/v2\/types\/product"}],"replies":[{"embeddable":true,"href":"https:\/\/staging.baredev.com\/fr\/wp-json\/wp\/v2\/comments?post=31149"}],"wp:featuredmedia":[{"embeddable":true,"href":"https:\/\/staging.baredev.com\/fr\/wp-json\/wp\/v2\/media\/31165"}],"wp:attachment":[{"href":"https:\/\/staging.baredev.com\/fr\/wp-json\/wp\/v2\/media?parent=31149"}],"wp:term":[{"taxonomy":"pwb-brand","embeddable":true,"href":"https:\/\/staging.baredev.com\/fr\/wp-json\/wp\/v2\/pwb-brand?post=31149"},{"taxonomy":"product_brand","embeddable":true,"href":"https:\/\/staging.baredev.com\/fr\/wp-json\/wp\/v2\/product_brand?post=31149"},{"taxonomy":"product_cat","embeddable":true,"href":"https:\/\/staging.baredev.com\/fr\/wp-json\/wp\/v2\/product_cat?post=31149"},{"taxonomy":"product_tag","embeddable":true,"href":"https:\/\/staging.baredev.com\/fr\/wp-json\/wp\/v2\/product_tag?post=31149"}],"curies":[{"name":"wp","href":"https:\/\/api.w.org\/{rel}","templated":true}]}}