{"id":5073,"date":"2020-11-26T11:39:02","date_gmt":"2020-11-26T10:39:02","guid":{"rendered":"https:\/\/woocommerce-587295-4567585.cloudwaysapps.com\/?post_type=product&#038;p=5073"},"modified":"2024-11-18T22:54:29","modified_gmt":"2024-11-18T21:54:29","slug":"piastra-per-waffle-dcg-wa2205","status":"publish","type":"product","link":"https:\/\/staging.baredev.com\/fr\/piastra-per-waffle-dcg-wa2205\/","title":{"rendered":"Gaufrier DCG WA2205"},"content":{"rendered":"<p>Certification A12, plaque anti-adh\u00e9sive, poign\u00e9es, calorifuge, couvercle anti-br\u00fblure, voyant de contr\u00f4le.<\/p>\n<p>Alimentation : 230V 50Hz 700W<\/p>\n<p>Dimensions : 20x26x8,5cm<\/p>","protected":false},"excerpt":{"rendered":"<p>Gaufrier facile \u00e0 utiliser avec voyant lumineux, contr\u00f4le de la temp\u00e9rature.<\/p>\n<p>Les gaufres sont des g\u00e2teaux gaufr\u00e9s moelleux, cuits entre deux plaques chauffantes. Les gaufres ont des origines tr\u00e8s anciennes, en effet les gaufres \u00e9taient d\u00e9j\u00e0 pr\u00e9par\u00e9es dans la Gr\u00e8ce antique dans des plaques de fonte puis se sont r\u00e9pandues au Moyen \u00c2ge, notamment dans la r\u00e9gion de la Belgique, o\u00f9 elles sont encore aujourd&#039;hui un dessert typique. Les gaufres se d\u00e9gustent chaudes accompagn\u00e9es de fruits frais, de sirop d&#039;\u00e9rable, de chocolat, de cr\u00e8me ou de cr\u00e8me glac\u00e9e.<\/p>","protected":false},"featured_media":5074,"comment_status":"open","ping_status":"closed","template":"","meta":{"_acf_changed":false,"inline_featured_image":false,"wprm-recipe-roundup-name":"","wprm-recipe-roundup-description":""},"pwb-brand":[417],"product_brand":[],"product_cat":[416],"product_tag":[],"class_list":{"0":"post-5073","1":"product","2":"type-product","3":"status-publish","4":"has-post-thumbnail","6":"pwb-brand-dcg","7":"product_cat-elettrodomestici","9":"first","10":"outofstock","11":"sale","12":"taxable","13":"shipping-taxable","14":"purchasable","15":"product-type-simple"},"acf":[],"yoast_head":"<!-- This site is optimized with the Yoast SEO Premium plugin v23.7 (Yoast SEO v27.6) - https:\/\/yoast.com\/product\/yoast-seo-premium-wordpress\/ -->\n<title>Piastra Per Waffle DCG WA2205 - Sapori Nostri<\/title>\n<meta name=\"robots\" content=\"index, follow, max-snippet:-1, max-image-preview:large, max-video-preview:-1\" \/>\n<link rel=\"canonical\" href=\"https:\/\/staging.baredev.com\/fr\/piastra-per-waffle-dcg-wa2205\/\" \/>\n<meta property=\"og:locale\" content=\"fr_FR\" \/>\n<meta property=\"og:type\" content=\"article\" \/>\n<meta property=\"og:title\" content=\"Piastra Per Waffle DCG WA2205\" \/>\n<meta property=\"og:description\" content=\"Macchina per preparare waffle, facile da usare con luce d&#039;indicazione, controllo della temperatura.  I waffle sono dei dolci a cialda morbidi, cotti tra due piastre roventi. I waffle vantano origini antichissime, infatti i waffle venivano preparati gi\u00e0 nell&#039;antica Grecia in piastre di ghisa per poi diffondersi nel Medioevo, soprattutto nella zona del Belgio, dove sono ancora oggi un dolce tipico. I waffle sono ottimi mangiati caldi accompagnati da frutta fresca, sciroppo d&#039;acero, cioccolata, panna o gelato.\" \/>\n<meta property=\"og:url\" content=\"https:\/\/staging.baredev.com\/fr\/piastra-per-waffle-dcg-wa2205\/\" \/>\n<meta property=\"og:site_name\" content=\"Sapori Nostri\" \/>\n<meta property=\"article:publisher\" content=\"https:\/\/www.facebook.com\/saporinostri.it\/\" \/>\n<meta property=\"article:modified_time\" content=\"2024-11-18T21:54:29+00:00\" \/>\n<meta property=\"og:image\" content=\"https:\/\/staging.baredev.com\/wp-content\/uploads\/2020\/11\/piastra-per-waffle-dcg-wa2205.jpg\" \/>\n\t<meta property=\"og:image:width\" content=\"1100\" \/>\n\t<meta property=\"og:image:height\" content=\"1100\" \/>\n\t<meta property=\"og:image:type\" content=\"image\/jpeg\" \/>\n<meta name=\"twitter:card\" content=\"summary_large_image\" \/>\n<script type=\"application\/ld+json\" class=\"yoast-schema-graph\">{\"@context\":\"https:\\\/\\\/schema.org\",\"@graph\":[{\"@type\":\"WebPage\",\"@id\":\"https:\\\/\\\/staging.baredev.com\\\/fr\\\/piastra-per-waffle-dcg-wa2205\\\/\",\"url\":\"https:\\\/\\\/staging.baredev.com\\\/fr\\\/piastra-per-waffle-dcg-wa2205\\\/\",\"name\":\"Piastra Per Waffle DCG WA2205 - Sapori Nostri\",\"isPartOf\":{\"@id\":\"https:\\\/\\\/staging.baredev.com\\\/fr\\\/#website\"},\"primaryImageOfPage\":{\"@id\":\"https:\\\/\\\/staging.baredev.com\\\/fr\\\/piastra-per-waffle-dcg-wa2205\\\/#primaryimage\"},\"image\":{\"@id\":\"https:\\\/\\\/staging.baredev.com\\\/fr\\\/piastra-per-waffle-dcg-wa2205\\\/#primaryimage\"},\"thumbnailUrl\":\"https:\\\/\\\/staging.baredev.com\\\/wp-content\\\/uploads\\\/2020\\\/11\\\/piastra-per-waffle-dcg-wa2205.jpg\",\"datePublished\":\"2020-11-26T10:39:02+00:00\",\"dateModified\":\"2024-11-18T21:54:29+00:00\",\"breadcrumb\":{\"@id\":\"https:\\\/\\\/staging.baredev.com\\\/fr\\\/piastra-per-waffle-dcg-wa2205\\\/#breadcrumb\"},\"inLanguage\":\"fr-FR\",\"potentialAction\":[{\"@type\":\"ReadAction\",\"target\":[\"https:\\\/\\\/staging.baredev.com\\\/fr\\\/piastra-per-waffle-dcg-wa2205\\\/\"]}]},{\"@type\":\"ImageObject\",\"inLanguage\":\"fr-FR\",\"@id\":\"https:\\\/\\\/staging.baredev.com\\\/fr\\\/piastra-per-waffle-dcg-wa2205\\\/#primaryimage\",\"url\":\"https:\\\/\\\/staging.baredev.com\\\/wp-content\\\/uploads\\\/2020\\\/11\\\/piastra-per-waffle-dcg-wa2205.jpg\",\"contentUrl\":\"https:\\\/\\\/staging.baredev.com\\\/wp-content\\\/uploads\\\/2020\\\/11\\\/piastra-per-waffle-dcg-wa2205.jpg\",\"width\":1100,\"height\":1100,\"caption\":\"Piastra Per Waffle DCG WA2205\"},{\"@type\":\"BreadcrumbList\",\"@id\":\"https:\\\/\\\/staging.baredev.com\\\/fr\\\/piastra-per-waffle-dcg-wa2205\\\/#breadcrumb\",\"itemListElement\":[{\"@type\":\"ListItem\",\"position\":1,\"name\":\"Home\",\"item\":\"https:\\\/\\\/staging.baredev.com\\\/fr\\\/\"},{\"@type\":\"ListItem\",\"position\":2,\"name\":\"Shop\",\"item\":\"https:\\\/\\\/staging.baredev.com\\\/fr\\\/shop\\\/\"},{\"@type\":\"ListItem\",\"position\":3,\"name\":\"Piastra Per Waffle DCG WA2205\"}]},{\"@type\":\"WebSite\",\"@id\":\"https:\\\/\\\/staging.baredev.com\\\/fr\\\/#website\",\"url\":\"https:\\\/\\\/staging.baredev.com\\\/fr\\\/\",\"name\":\"Sapori Nostri\",\"description\":\"\",\"publisher\":{\"@id\":\"https:\\\/\\\/staging.baredev.com\\\/fr\\\/#organization\"},\"potentialAction\":[{\"@type\":\"SearchAction\",\"target\":{\"@type\":\"EntryPoint\",\"urlTemplate\":\"https:\\\/\\\/staging.baredev.com\\\/fr\\\/?s={search_term_string}\"},\"query-input\":{\"@type\":\"PropertyValueSpecification\",\"valueRequired\":true,\"valueName\":\"search_term_string\"}}],\"inLanguage\":\"fr-FR\"},{\"@type\":\"Organization\",\"@id\":\"https:\\\/\\\/staging.baredev.com\\\/fr\\\/#organization\",\"name\":\"Sapori Nostri\",\"url\":\"https:\\\/\\\/staging.baredev.com\\\/fr\\\/\",\"logo\":{\"@type\":\"ImageObject\",\"inLanguage\":\"fr-FR\",\"@id\":\"https:\\\/\\\/staging.baredev.com\\\/fr\\\/#\\\/schema\\\/logo\\\/image\\\/\",\"url\":\"https:\\\/\\\/staging.baredev.com\\\/wp-content\\\/uploads\\\/2020\\\/05\\\/logo-retina.png\",\"contentUrl\":\"https:\\\/\\\/staging.baredev.com\\\/wp-content\\\/uploads\\\/2020\\\/05\\\/logo-retina.png\",\"width\":500,\"height\":109,\"caption\":\"Sapori Nostri\"},\"image\":{\"@id\":\"https:\\\/\\\/staging.baredev.com\\\/fr\\\/#\\\/schema\\\/logo\\\/image\\\/\"},\"sameAs\":[\"https:\\\/\\\/www.facebook.com\\\/saporinostri.it\\\/\",\"https:\\\/\\\/www.instagram.com\\\/saporinostri.it\\\/\"]}]}<\/script>\n<!-- \/ Yoast SEO Premium plugin. -->","yoast_head_json":{"title":"Gaufrier DCG WA2205 - Sapori Nostra","robots":{"index":"index","follow":"follow","max-snippet":"max-snippet:-1","max-image-preview":"max-image-preview:large","max-video-preview":"max-video-preview:-1"},"canonical":"https:\/\/staging.baredev.com\/fr\/piastra-per-waffle-dcg-wa2205\/","og_locale":"fr_FR","og_type":"article","og_title":"Piastra Per Waffle DCG WA2205","og_description":"Macchina per preparare waffle, facile da usare con luce d'indicazione, controllo della temperatura.  I waffle sono dei dolci a cialda morbidi, cotti tra due piastre roventi. I waffle vantano origini antichissime, infatti i waffle venivano preparati gi\u00e0 nell'antica Grecia in piastre di ghisa per poi diffondersi nel Medioevo, soprattutto nella zona del Belgio, dove sono ancora oggi un dolce tipico. I waffle sono ottimi mangiati caldi accompagnati da frutta fresca, sciroppo d'acero, cioccolata, panna o gelato.","og_url":"https:\/\/staging.baredev.com\/fr\/piastra-per-waffle-dcg-wa2205\/","og_site_name":"Sapori Nostri","article_publisher":"https:\/\/www.facebook.com\/saporinostri.it\/","article_modified_time":"2024-11-18T21:54:29+00:00","og_image":[{"width":1100,"height":1100,"url":"https:\/\/staging.baredev.com\/wp-content\/uploads\/2020\/11\/piastra-per-waffle-dcg-wa2205.jpg","type":"image\/jpeg"}],"twitter_card":"summary_large_image","schema":{"@context":"https:\/\/schema.org","@graph":[{"@type":"WebPage","@id":"https:\/\/staging.baredev.com\/fr\/piastra-per-waffle-dcg-wa2205\/","url":"https:\/\/staging.baredev.com\/fr\/piastra-per-waffle-dcg-wa2205\/","name":"Gaufrier DCG WA2205 - Sapori Nostra","isPartOf":{"@id":"https:\/\/staging.baredev.com\/fr\/#website"},"primaryImageOfPage":{"@id":"https:\/\/staging.baredev.com\/fr\/piastra-per-waffle-dcg-wa2205\/#primaryimage"},"image":{"@id":"https:\/\/staging.baredev.com\/fr\/piastra-per-waffle-dcg-wa2205\/#primaryimage"},"thumbnailUrl":"https:\/\/staging.baredev.com\/wp-content\/uploads\/2020\/11\/piastra-per-waffle-dcg-wa2205.jpg","datePublished":"2020-11-26T10:39:02+00:00","dateModified":"2024-11-18T21:54:29+00:00","breadcrumb":{"@id":"https:\/\/staging.baredev.com\/fr\/piastra-per-waffle-dcg-wa2205\/#breadcrumb"},"inLanguage":"fr-FR","potentialAction":[{"@type":"ReadAction","target":["https:\/\/staging.baredev.com\/fr\/piastra-per-waffle-dcg-wa2205\/"]}]},{"@type":"ImageObject","inLanguage":"fr-FR","@id":"https:\/\/staging.baredev.com\/fr\/piastra-per-waffle-dcg-wa2205\/#primaryimage","url":"https:\/\/staging.baredev.com\/wp-content\/uploads\/2020\/11\/piastra-per-waffle-dcg-wa2205.jpg","contentUrl":"https:\/\/staging.baredev.com\/wp-content\/uploads\/2020\/11\/piastra-per-waffle-dcg-wa2205.jpg","width":1100,"height":1100,"caption":"Piastra Per Waffle DCG WA2205"},{"@type":"BreadcrumbList","@id":"https:\/\/staging.baredev.com\/fr\/piastra-per-waffle-dcg-wa2205\/#breadcrumb","itemListElement":[{"@type":"ListItem","position":1,"name":"Home","item":"https:\/\/staging.baredev.com\/fr\/"},{"@type":"ListItem","position":2,"name":"Shop","item":"https:\/\/staging.baredev.com\/fr\/shop\/"},{"@type":"ListItem","position":3,"name":"Piastra Per Waffle DCG WA2205"}]},{"@type":"WebSite","@id":"https:\/\/staging.baredev.com\/fr\/#website","url":"https:\/\/staging.baredev.com\/fr\/","name":"Sapori Nostri","description":"","publisher":{"@id":"https:\/\/staging.baredev.com\/fr\/#organization"},"potentialAction":[{"@type":"SearchAction","target":{"@type":"EntryPoint","urlTemplate":"https:\/\/staging.baredev.com\/fr\/?s={search_term_string}"},"query-input":{"@type":"PropertyValueSpecification","valueRequired":true,"valueName":"search_term_string"}}],"inLanguage":"fr-FR"},{"@type":"Organization","@id":"https:\/\/staging.baredev.com\/fr\/#organization","name":"Sapori Nostri","url":"https:\/\/staging.baredev.com\/fr\/","logo":{"@type":"ImageObject","inLanguage":"fr-FR","@id":"https:\/\/staging.baredev.com\/fr\/#\/schema\/logo\/image\/","url":"https:\/\/staging.baredev.com\/wp-content\/uploads\/2020\/05\/logo-retina.png","contentUrl":"https:\/\/staging.baredev.com\/wp-content\/uploads\/2020\/05\/logo-retina.png","width":500,"height":109,"caption":"Sapori Nostri"},"image":{"@id":"https:\/\/staging.baredev.com\/fr\/#\/schema\/logo\/image\/"},"sameAs":["https:\/\/www.facebook.com\/saporinostri.it\/","https:\/\/www.instagram.com\/saporinostri.it\/"]}]}},"jetpack_sharing_enabled":true,"brands":[{"id":417,"name":"GCD","slug":"dcg"}],"_links":{"self":[{"href":"https:\/\/staging.baredev.com\/fr\/wp-json\/wp\/v2\/product\/5073","targetHints":{"allow":["GET"]}}],"collection":[{"href":"https:\/\/staging.baredev.com\/fr\/wp-json\/wp\/v2\/product"}],"about":[{"href":"https:\/\/staging.baredev.com\/fr\/wp-json\/wp\/v2\/types\/product"}],"replies":[{"embeddable":true,"href":"https:\/\/staging.baredev.com\/fr\/wp-json\/wp\/v2\/comments?post=5073"}],"wp:featuredmedia":[{"embeddable":true,"href":"https:\/\/staging.baredev.com\/fr\/wp-json\/wp\/v2\/media\/5074"}],"wp:attachment":[{"href":"https:\/\/staging.baredev.com\/fr\/wp-json\/wp\/v2\/media?parent=5073"}],"wp:term":[{"taxonomy":"pwb-brand","embeddable":true,"href":"https:\/\/staging.baredev.com\/fr\/wp-json\/wp\/v2\/pwb-brand?post=5073"},{"taxonomy":"product_brand","embeddable":true,"href":"https:\/\/staging.baredev.com\/fr\/wp-json\/wp\/v2\/product_brand?post=5073"},{"taxonomy":"product_cat","embeddable":true,"href":"https:\/\/staging.baredev.com\/fr\/wp-json\/wp\/v2\/product_cat?post=5073"},{"taxonomy":"product_tag","embeddable":true,"href":"https:\/\/staging.baredev.com\/fr\/wp-json\/wp\/v2\/product_tag?post=5073"}],"curies":[{"name":"wp","href":"https:\/\/api.w.org\/{rel}","templated":true}]}}