{"id":5391,"date":"2020-12-07T17:09:37","date_gmt":"2020-12-07T16:09:37","guid":{"rendered":"https:\/\/woocommerce-587295-4567585.cloudwaysapps.com\/?post_type=product&#038;p=5391"},"modified":"2026-05-10T18:28:31","modified_gmt":"2026-05-10T16:28:31","slug":"teglia-per-pizza-in-ferro-blu-40x30cm-emili-teglie","status":"publish","type":"product","link":"https:\/\/staging.baredev.com\/fr\/teglia-per-pizza-in-ferro-blu-40x30cm-emili-teglie\/","title":{"rendered":"Po\u00eale \u00e0 pizza en fer bleu 40x30cm Emili Teglie"},"content":{"rendered":"<p>ceux de <a href=\"https:\/\/staging.baredev.com\/fr\/produttore\/emili-teglie\/\"><strong>Emili Teglie<\/strong><\/a> sont parmi les <strong>meilleures po\u00eales \u00e0 pizza<\/strong>\u00a0 dans le four domestique est celui dans<strong> fer bleu<\/strong>, m\u00e9tal qui, mieux que d&#039;autres, convient \u00e0 la cuisson de ces aliments car il d\u00e9gage de la chaleur lentement et constamment, assurant ainsi une cuisson parfaite, une pizza moelleuse mais croustillante en dessous et sans br\u00fblures.<\/p>\n<p>Le plat \u00e0 pizza <a href=\"https:\/\/staging.baredev.com\/fr\/produttore\/emili-teglie\/\"><strong>Emili Teglie<\/strong><\/a> il n&#039;est pas antiadh\u00e9sif et sans un traitement initial ad\u00e9quat il serait difficile de sortir quoi que ce soit sans risquer que cela colle au fond de la casserole elle-m\u00eame.<\/p>\n<p>Le rendu est professionnel, en effet il existe de nombreuses pizzerias qui pr\u00e9parent <strong>&#039;Pizza \u00e0 la romaine&#039;<\/strong> \u00e0 l&#039;aide de plateaux <a href=\"https:\/\/staging.baredev.com\/fr\/produttore\/emili-teglie\/\"><strong>Emili Teglie<\/strong><\/a>.<\/p>\n<p><strong>L&#039;artisanat du produit assure une haute qualit\u00e9 et r\u00e9sistance de la po\u00eale. Les imperfections n&#039;affectent pas la qualit\u00e9 et l&#039;utilisation de la po\u00eale, mais soulignent le caract\u00e8re unique et le savoir-faire du produit.<\/strong><\/p>\n<p>Les diagonales faites au centre de la casserole assurent une cuisson plus uniforme.<\/p>\n<p>Pour la plaque bleue Emili Teglie, il est n\u00e9cessaire d&#039;effectuer la proc\u00e9dure de \u00ab\u00a0br\u00fblage\u00a0\u00bb avant la premi\u00e8re utilisation. Vous pouvez suivre les conseils que nous joindrons au colis pour la r\u00e9aliser, ou demander des informations dans les diff\u00e9rents groupes en ligne d\u00e9di\u00e9s \u00e0 la pizza \u00e0 la po\u00eale romaine ou aux pizza\u00efolos experts.<\/p>\n<ul>\n<li>Gardez la casserole \u00e0 l&#039;abri de l&#039;humidit\u00e9.<\/li>\n<li><strong>NE PAS<\/strong>\u00a0laver\u00a0<strong>JAMAIS<\/strong>\u00a0la casserole avec de l&#039;eau et\/ou du savon, sans m\u00eame retirer l&#039;huile de vaseline pulv\u00e9ris\u00e9e pour la prot\u00e9ger.<\/li>\n<li>Utilisez du papier absorbant ou du coton pour le nettoyer apr\u00e8s utilisation.<\/li>\n<li>Avant de ranger la po\u00eale, nous vous recommandons de brosser l\u00e9g\u00e8rement avec de l&#039;huile sur toute la surface interne et externe.<\/li>\n<li>N&#039;utilisez pas d&#039;ustensiles m\u00e9talliques en contact avec la casserole.<\/li>\n<li>La casserole peut atteindre le<strong> temp\u00e9rature maximale de 310 \u00b0<\/strong> .<\/li>\n<\/ul>","protected":false},"excerpt":{"rendered":"<p><img decoding=\"async\" class=\"alignnone wp-image-12868 lazyload\" data-src=\"https:\/\/staging.baredev.com\/wp-content\/uploads\/2021\/06\/logo21.png\" alt=\"\" width=\"76\" height=\"57\" data-srcset=\"https:\/\/staging.baredev.com\/wp-content\/uploads\/2021\/06\/logo21.png 150w, https:\/\/staging.baredev.com\/wp-content\/uploads\/2021\/06\/logo21-16x12.png 16w\" data-sizes=\"(max-width: 76px) 100vw, 76px\" src=\"data:image\/gif;base64,R0lGODlhAQABAAAAACH5BAEKAAEALAAAAAABAAEAAAICTAEAOw==\" style=\"--smush-placeholder-width: 76px; --smush-placeholder-aspect-ratio: 76\/57;\" \/><noscript><img decoding=\"async\" class=\"alignnone wp-image-12868\" src=\"https:\/\/staging.baredev.com\/wp-content\/uploads\/2021\/06\/logo21.png\" alt=\"\" width=\"76\" height=\"57\" srcset=\"https:\/\/staging.baredev.com\/wp-content\/uploads\/2021\/06\/logo21.png 150w, https:\/\/staging.baredev.com\/wp-content\/uploads\/2021\/06\/logo21-16x12.png 16w\" sizes=\"(max-width: 76px) 100vw, 76px\" \/><\/noscript><\/p>\n<p><strong>Plat \u00e0 pizza en fer bleu 8\/10 avec diagonales Emili Teglie<\/strong>, l&#039;un des meilleurs plateaux pour la cuisson des pizzas au four domestique, \u00e9galement connu sous le nom de fer bleu, un m\u00e9tal qui, mieux que d&#039;autres, convient \u00e0 la cuisson de ces aliments car il d\u00e9gage de la chaleur lentement et constamment, garantissant ainsi une cuisson parfaite, douce mais croustillante en dessous et pas de br\u00fblure.<\/p>\n<p><strong>Po\u00eale qui, avant d&#039;\u00eatre utilis\u00e9e, cette po\u00eale \u00e0 pizza n\u00e9cessite un &quot;<a href=\"https:\/\/staging.baredev.com\/fr\/teglie-in-ferro-blu-bruciatura-cura-e-manutenzione\/\" target=\"_blank\" rel=\"noopener\">br\u00fbler<\/a>&quot;.<\/strong><\/p>\n<p><span style=\"font-size: 0.95em;\">Instructions pour effectuer le <a href=\"https:\/\/staging.baredev.com\/fr\/teglie-in-ferro-blu-bruciatura-cura-e-manutenzione\/\" target=\"_blank\" rel=\"noopener\">br\u00fbler<\/a> ils seront inclus dans le colis avec la barquette Emili au format papier, mais vous pouvez aussi les consulter en ligne sur ce lien &quot; <strong><a href=\"https:\/\/staging.baredev.com\/fr\/teglie-in-ferro-blu-bruciatura-cura-e-manutenzione\/\" target=\"_blank\" rel=\"noopener\">Instructions Br\u00fblage, entretien et maintenance Blue Iron Trays<\/a><\/strong>.<\/span><\/p>\n<p>Dimensions : 40x30x2cm<\/p>","protected":false},"featured_media":5392,"comment_status":"open","ping_status":"closed","template":"","meta":{"_acf_changed":false,"inline_featured_image":false,"wprm-recipe-roundup-name":"","wprm-recipe-roundup-description":""},"pwb-brand":[419],"product_brand":[],"product_cat":[149,145],"product_tag":[],"class_list":{"0":"post-5391","1":"product","2":"type-product","3":"status-publish","4":"has-post-thumbnail","6":"pwb-brand-emili-teglie","7":"product_cat-altro","8":"product_cat-utensili-cucina","10":"first","11":"instock","12":"sale","13":"taxable","14":"shipping-taxable","15":"purchasable","16":"product-type-simple"},"acf":[],"yoast_head":"<!-- This site is optimized with the Yoast SEO Premium plugin v23.7 (Yoast SEO v27.6) - https:\/\/yoast.com\/product\/yoast-seo-premium-wordpress\/ -->\n<title>Teglia per Pizza in Ferro Blu 40x30cm Emili Teglie - Sapori Nostri<\/title>\n<meta name=\"description\" content=\"Teglia per pizza in ferro blu 40x30 cm Emili Teglie, acquista subito le migliori teglie per pizza su Sapori Nostri\" \/>\n<meta name=\"robots\" content=\"index, follow, max-snippet:-1, max-image-preview:large, max-video-preview:-1\" \/>\n<link rel=\"canonical\" href=\"https:\/\/staging.baredev.com\/fr\/teglia-per-pizza-in-ferro-blu-40x30cm-emili-teglie\/\" \/>\n<meta property=\"og:locale\" content=\"fr_FR\" \/>\n<meta property=\"og:type\" content=\"article\" \/>\n<meta property=\"og:title\" content=\"Teglia per Pizza in Ferro Blu 40x30cm Emili Teglie\" \/>\n<meta property=\"og:description\" content=\"Teglia per pizza in ferro blu 40x30 cm Emili Teglie, acquista subito le migliori teglie per pizza su Sapori Nostri\" \/>\n<meta property=\"og:url\" content=\"https:\/\/staging.baredev.com\/fr\/teglia-per-pizza-in-ferro-blu-40x30cm-emili-teglie\/\" \/>\n<meta property=\"og:site_name\" content=\"Sapori Nostri\" \/>\n<meta property=\"article:publisher\" content=\"https:\/\/www.facebook.com\/saporinostri.it\/\" \/>\n<meta property=\"article:modified_time\" content=\"2026-05-10T16:28:31+00:00\" \/>\n<meta property=\"og:image\" content=\"https:\/\/staging.baredev.com\/wp-content\/uploads\/2020\/12\/teglia-per-pizza-in-lamiera-blu-40x30-emili-teglie.jpg\" \/>\n\t<meta property=\"og:image:width\" content=\"1100\" \/>\n\t<meta property=\"og:image:height\" content=\"1100\" \/>\n\t<meta property=\"og:image:type\" content=\"image\/jpeg\" \/>\n<meta name=\"twitter:card\" content=\"summary_large_image\" \/>\n<meta name=\"twitter:label1\" content=\"Est. reading time\" \/>\n\t<meta name=\"twitter:data1\" content=\"3 minutes\" \/>\n<script type=\"application\/ld+json\" class=\"yoast-schema-graph\">{\"@context\":\"https:\\\/\\\/schema.org\",\"@graph\":[{\"@type\":\"WebPage\",\"@id\":\"https:\\\/\\\/staging.baredev.com\\\/fr\\\/teglia-per-pizza-in-ferro-blu-40x30cm-emili-teglie\\\/\",\"url\":\"https:\\\/\\\/staging.baredev.com\\\/fr\\\/teglia-per-pizza-in-ferro-blu-40x30cm-emili-teglie\\\/\",\"name\":\"Teglia per Pizza in Ferro Blu 40x30cm Emili Teglie - Sapori Nostri\",\"isPartOf\":{\"@id\":\"https:\\\/\\\/staging.baredev.com\\\/fr\\\/#website\"},\"primaryImageOfPage\":{\"@id\":\"https:\\\/\\\/staging.baredev.com\\\/fr\\\/teglia-per-pizza-in-ferro-blu-40x30cm-emili-teglie\\\/#primaryimage\"},\"image\":{\"@id\":\"https:\\\/\\\/staging.baredev.com\\\/fr\\\/teglia-per-pizza-in-ferro-blu-40x30cm-emili-teglie\\\/#primaryimage\"},\"thumbnailUrl\":\"https:\\\/\\\/staging.baredev.com\\\/wp-content\\\/uploads\\\/2020\\\/12\\\/teglia-per-pizza-in-lamiera-blu-40x30-emili-teglie.jpg\",\"datePublished\":\"2020-12-07T16:09:37+00:00\",\"dateModified\":\"2026-05-10T16:28:31+00:00\",\"description\":\"Teglia per pizza in ferro blu 40x30 cm Emili Teglie, acquista subito le migliori teglie per pizza su Sapori Nostri\",\"breadcrumb\":{\"@id\":\"https:\\\/\\\/staging.baredev.com\\\/fr\\\/teglia-per-pizza-in-ferro-blu-40x30cm-emili-teglie\\\/#breadcrumb\"},\"inLanguage\":\"fr-FR\",\"potentialAction\":[{\"@type\":\"ReadAction\",\"target\":[\"https:\\\/\\\/staging.baredev.com\\\/fr\\\/teglia-per-pizza-in-ferro-blu-40x30cm-emili-teglie\\\/\"]}]},{\"@type\":\"ImageObject\",\"inLanguage\":\"fr-FR\",\"@id\":\"https:\\\/\\\/staging.baredev.com\\\/fr\\\/teglia-per-pizza-in-ferro-blu-40x30cm-emili-teglie\\\/#primaryimage\",\"url\":\"https:\\\/\\\/staging.baredev.com\\\/wp-content\\\/uploads\\\/2020\\\/12\\\/teglia-per-pizza-in-lamiera-blu-40x30-emili-teglie.jpg\",\"contentUrl\":\"https:\\\/\\\/staging.baredev.com\\\/wp-content\\\/uploads\\\/2020\\\/12\\\/teglia-per-pizza-in-lamiera-blu-40x30-emili-teglie.jpg\",\"width\":1100,\"height\":1100,\"caption\":\"Teglia per Pizza in Lamiera Blu 40x30cm Emili Teglie\"},{\"@type\":\"BreadcrumbList\",\"@id\":\"https:\\\/\\\/staging.baredev.com\\\/fr\\\/teglia-per-pizza-in-ferro-blu-40x30cm-emili-teglie\\\/#breadcrumb\",\"itemListElement\":[{\"@type\":\"ListItem\",\"position\":1,\"name\":\"Home\",\"item\":\"https:\\\/\\\/staging.baredev.com\\\/fr\\\/\"},{\"@type\":\"ListItem\",\"position\":2,\"name\":\"Shop\",\"item\":\"https:\\\/\\\/staging.baredev.com\\\/fr\\\/shop\\\/\"},{\"@type\":\"ListItem\",\"position\":3,\"name\":\"Teglia per Pizza in Ferro Blu 40x30cm Emili Teglie\"}]},{\"@type\":\"WebSite\",\"@id\":\"https:\\\/\\\/staging.baredev.com\\\/fr\\\/#website\",\"url\":\"https:\\\/\\\/staging.baredev.com\\\/fr\\\/\",\"name\":\"Sapori Nostri\",\"description\":\"\",\"publisher\":{\"@id\":\"https:\\\/\\\/staging.baredev.com\\\/fr\\\/#organization\"},\"potentialAction\":[{\"@type\":\"SearchAction\",\"target\":{\"@type\":\"EntryPoint\",\"urlTemplate\":\"https:\\\/\\\/staging.baredev.com\\\/fr\\\/?s={search_term_string}\"},\"query-input\":{\"@type\":\"PropertyValueSpecification\",\"valueRequired\":true,\"valueName\":\"search_term_string\"}}],\"inLanguage\":\"fr-FR\"},{\"@type\":\"Organization\",\"@id\":\"https:\\\/\\\/staging.baredev.com\\\/fr\\\/#organization\",\"name\":\"Sapori Nostri\",\"url\":\"https:\\\/\\\/staging.baredev.com\\\/fr\\\/\",\"logo\":{\"@type\":\"ImageObject\",\"inLanguage\":\"fr-FR\",\"@id\":\"https:\\\/\\\/staging.baredev.com\\\/fr\\\/#\\\/schema\\\/logo\\\/image\\\/\",\"url\":\"https:\\\/\\\/staging.baredev.com\\\/wp-content\\\/uploads\\\/2020\\\/05\\\/logo-retina.png\",\"contentUrl\":\"https:\\\/\\\/staging.baredev.com\\\/wp-content\\\/uploads\\\/2020\\\/05\\\/logo-retina.png\",\"width\":500,\"height\":109,\"caption\":\"Sapori Nostri\"},\"image\":{\"@id\":\"https:\\\/\\\/staging.baredev.com\\\/fr\\\/#\\\/schema\\\/logo\\\/image\\\/\"},\"sameAs\":[\"https:\\\/\\\/www.facebook.com\\\/saporinostri.it\\\/\",\"https:\\\/\\\/www.instagram.com\\\/saporinostri.it\\\/\"]}]}<\/script>\n<!-- \/ Yoast SEO Premium plugin. -->","yoast_head_json":{"title":"Po\u00eale \u00e0 pizza en fer bleu 40x30cm Emili Teglie - Sapori Our","description":"Plaque \u00e0 pizza en fer bleu 40x30 cm Emili Teglie, achetez les meilleures plaques \u00e0 pizza maintenant sur Sapori Nostri","robots":{"index":"index","follow":"follow","max-snippet":"max-snippet:-1","max-image-preview":"max-image-preview:large","max-video-preview":"max-video-preview:-1"},"canonical":"https:\/\/staging.baredev.com\/fr\/teglia-per-pizza-in-ferro-blu-40x30cm-emili-teglie\/","og_locale":"fr_FR","og_type":"article","og_title":"Teglia per Pizza in Ferro Blu 40x30cm Emili Teglie","og_description":"Teglia per pizza in ferro blu 40x30 cm Emili Teglie, acquista subito le migliori teglie per pizza su Sapori Nostri","og_url":"https:\/\/staging.baredev.com\/fr\/teglia-per-pizza-in-ferro-blu-40x30cm-emili-teglie\/","og_site_name":"Sapori Nostri","article_publisher":"https:\/\/www.facebook.com\/saporinostri.it\/","article_modified_time":"2026-05-10T16:28:31+00:00","og_image":[{"width":1100,"height":1100,"url":"https:\/\/staging.baredev.com\/wp-content\/uploads\/2020\/12\/teglia-per-pizza-in-lamiera-blu-40x30-emili-teglie.jpg","type":"image\/jpeg"}],"twitter_card":"summary_large_image","twitter_misc":{"Est. reading time":"3 minutes"},"schema":{"@context":"https:\/\/schema.org","@graph":[{"@type":"WebPage","@id":"https:\/\/staging.baredev.com\/fr\/teglia-per-pizza-in-ferro-blu-40x30cm-emili-teglie\/","url":"https:\/\/staging.baredev.com\/fr\/teglia-per-pizza-in-ferro-blu-40x30cm-emili-teglie\/","name":"Po\u00eale \u00e0 pizza en fer bleu 40x30cm Emili Teglie - Sapori Our","isPartOf":{"@id":"https:\/\/staging.baredev.com\/fr\/#website"},"primaryImageOfPage":{"@id":"https:\/\/staging.baredev.com\/fr\/teglia-per-pizza-in-ferro-blu-40x30cm-emili-teglie\/#primaryimage"},"image":{"@id":"https:\/\/staging.baredev.com\/fr\/teglia-per-pizza-in-ferro-blu-40x30cm-emili-teglie\/#primaryimage"},"thumbnailUrl":"https:\/\/staging.baredev.com\/wp-content\/uploads\/2020\/12\/teglia-per-pizza-in-lamiera-blu-40x30-emili-teglie.jpg","datePublished":"2020-12-07T16:09:37+00:00","dateModified":"2026-05-10T16:28:31+00:00","description":"Plaque \u00e0 pizza en fer bleu 40x30 cm Emili Teglie, achetez les meilleures plaques \u00e0 pizza maintenant sur Sapori Nostri","breadcrumb":{"@id":"https:\/\/staging.baredev.com\/fr\/teglia-per-pizza-in-ferro-blu-40x30cm-emili-teglie\/#breadcrumb"},"inLanguage":"fr-FR","potentialAction":[{"@type":"ReadAction","target":["https:\/\/staging.baredev.com\/fr\/teglia-per-pizza-in-ferro-blu-40x30cm-emili-teglie\/"]}]},{"@type":"ImageObject","inLanguage":"fr-FR","@id":"https:\/\/staging.baredev.com\/fr\/teglia-per-pizza-in-ferro-blu-40x30cm-emili-teglie\/#primaryimage","url":"https:\/\/staging.baredev.com\/wp-content\/uploads\/2020\/12\/teglia-per-pizza-in-lamiera-blu-40x30-emili-teglie.jpg","contentUrl":"https:\/\/staging.baredev.com\/wp-content\/uploads\/2020\/12\/teglia-per-pizza-in-lamiera-blu-40x30-emili-teglie.jpg","width":1100,"height":1100,"caption":"Teglia per Pizza in Lamiera Blu 40x30cm Emili Teglie"},{"@type":"BreadcrumbList","@id":"https:\/\/staging.baredev.com\/fr\/teglia-per-pizza-in-ferro-blu-40x30cm-emili-teglie\/#breadcrumb","itemListElement":[{"@type":"ListItem","position":1,"name":"Home","item":"https:\/\/staging.baredev.com\/fr\/"},{"@type":"ListItem","position":2,"name":"Shop","item":"https:\/\/staging.baredev.com\/fr\/shop\/"},{"@type":"ListItem","position":3,"name":"Teglia per Pizza in Ferro Blu 40x30cm Emili Teglie"}]},{"@type":"WebSite","@id":"https:\/\/staging.baredev.com\/fr\/#website","url":"https:\/\/staging.baredev.com\/fr\/","name":"Sapori Nostri","description":"","publisher":{"@id":"https:\/\/staging.baredev.com\/fr\/#organization"},"potentialAction":[{"@type":"SearchAction","target":{"@type":"EntryPoint","urlTemplate":"https:\/\/staging.baredev.com\/fr\/?s={search_term_string}"},"query-input":{"@type":"PropertyValueSpecification","valueRequired":true,"valueName":"search_term_string"}}],"inLanguage":"fr-FR"},{"@type":"Organization","@id":"https:\/\/staging.baredev.com\/fr\/#organization","name":"Sapori Nostri","url":"https:\/\/staging.baredev.com\/fr\/","logo":{"@type":"ImageObject","inLanguage":"fr-FR","@id":"https:\/\/staging.baredev.com\/fr\/#\/schema\/logo\/image\/","url":"https:\/\/staging.baredev.com\/wp-content\/uploads\/2020\/05\/logo-retina.png","contentUrl":"https:\/\/staging.baredev.com\/wp-content\/uploads\/2020\/05\/logo-retina.png","width":500,"height":109,"caption":"Sapori Nostri"},"image":{"@id":"https:\/\/staging.baredev.com\/fr\/#\/schema\/logo\/image\/"},"sameAs":["https:\/\/www.facebook.com\/saporinostri.it\/","https:\/\/www.instagram.com\/saporinostri.it\/"]}]}},"jetpack_sharing_enabled":true,"brands":[{"id":419,"name":"Emili Teglie","slug":"emili-teglie"}],"_links":{"self":[{"href":"https:\/\/staging.baredev.com\/fr\/wp-json\/wp\/v2\/product\/5391","targetHints":{"allow":["GET"]}}],"collection":[{"href":"https:\/\/staging.baredev.com\/fr\/wp-json\/wp\/v2\/product"}],"about":[{"href":"https:\/\/staging.baredev.com\/fr\/wp-json\/wp\/v2\/types\/product"}],"replies":[{"embeddable":true,"href":"https:\/\/staging.baredev.com\/fr\/wp-json\/wp\/v2\/comments?post=5391"}],"wp:featuredmedia":[{"embeddable":true,"href":"https:\/\/staging.baredev.com\/fr\/wp-json\/wp\/v2\/media\/5392"}],"wp:attachment":[{"href":"https:\/\/staging.baredev.com\/fr\/wp-json\/wp\/v2\/media?parent=5391"}],"wp:term":[{"taxonomy":"pwb-brand","embeddable":true,"href":"https:\/\/staging.baredev.com\/fr\/wp-json\/wp\/v2\/pwb-brand?post=5391"},{"taxonomy":"product_brand","embeddable":true,"href":"https:\/\/staging.baredev.com\/fr\/wp-json\/wp\/v2\/product_brand?post=5391"},{"taxonomy":"product_cat","embeddable":true,"href":"https:\/\/staging.baredev.com\/fr\/wp-json\/wp\/v2\/product_cat?post=5391"},{"taxonomy":"product_tag","embeddable":true,"href":"https:\/\/staging.baredev.com\/fr\/wp-json\/wp\/v2\/product_tag?post=5391"}],"curies":[{"name":"wp","href":"https:\/\/api.w.org\/{rel}","templated":true}]}}