{"id":8637,"date":"2021-03-12T08:07:53","date_gmt":"2021-03-12T07:07:53","guid":{"rendered":"https:\/\/woocommerce-587295-4567585.cloudwaysapps.com\/?post_type=product&#038;p=8637"},"modified":"2026-02-12T10:40:33","modified_gmt":"2026-02-12T09:40:33","slug":"datterino-giallo-in-acqua-di-mare-cosi-come-350g","status":"publish","type":"product","link":"https:\/\/staging.baredev.com\/fr\/datterino-giallo-in-acqua-di-mare-cosi-come-350g\/","title":{"rendered":"Datterino jaune \u00e0 l&#039;eau de mer tel quel 350g"},"content":{"rendered":"<div>Datterino Giallo in Acqua di Mare Tel quel est une conserve de tomates naturelle 100% sans sucres ajout\u00e9s, sans conservateurs ni stabilisants.<\/div>\n<h3 class=\"mt-5\">Ainsi que<\/h3>\n<div class=\"mt-3\">\n<p><strong>Ainsi que<\/strong>, un nom et une histoire qui naissent de la volont\u00e9 de repr\u00e9senter le produit d&#039;une mani\u00e8re <strong>Naturel<\/strong>, exactement comme vous le voyez, <strong>sans sucres ajout\u00e9s, sans conservateurs ni stabilisants<\/strong>. Une ligne de<strong> tomates de haute qualit\u00e9<\/strong>, cueillies \u00e0 la main et conserv\u00e9es en verre, \u00e9labor\u00e9es uniquement avec les meilleures vari\u00e9t\u00e9s de tomates : Datterino jaune, Datterino rouge et Pizzutello.<\/p>\n<p>L\u00e0 <strong>qualit\u00e9<\/strong> et le <strong>naturel<\/strong> ils sont garantis par des contr\u00f4les minutieux tout au long de la cha\u00eene d&#039;approvisionnement : de la graine au sol, en passant par l&#039;irrigation, jusqu&#039;\u00e0 la r\u00e9colte et la transformation. Tomates <strong>Ainsi que<\/strong> ils acqui\u00e8rent ainsi cette saveur particuli\u00e8re, capable de satisfaire les palais les plus exigeants et le go\u00fbt contemporain, de plus en plus orient\u00e9 vers la recherche de<strong>excellence<\/strong> et, en m\u00eame temps, la simplicit\u00e9 des ingr\u00e9dients.<\/p>\n<\/div>","protected":false},"excerpt":{"rendered":"<p style=\"font-size: 1.1em; line-height: 1.3em; color: #333;\">Datterino jaune en eau de mer Telle quelle, la douce rondeur de <strong>Datterini jaune<\/strong> della Piana del Sele et l&#039;eau de mer purifi\u00e9e sont deux ingr\u00e9dients parfaits \u00e0 utiliser ensemble pour rehausser le risotto et les plats de poisson. L&#039;eau de mer est plus que de l&#039;eau et du sel, elle contient une gamme compl\u00e8te de min\u00e9raux et d&#039;oligo-\u00e9l\u00e9ments dans une forme, une proportion et un \u00e9quilibre optimaux.<\/p>\n<p style=\"font-size: 1.1em; line-height: 1.3em; color: #333;\"><strong>Poids net:<\/strong> 350g<\/p>\n<p style=\"font-size: 1.1em; line-height: 1.3em; color: #333;\"><strong>Poids \u00e9goutt\u00e9\u00a0:<\/strong> 210 grammes<\/p>\n<p><img decoding=\"async\" class=\"alignnone wp-image-7641 lazyload\" data-src=\"https:\/\/staging.baredev.com\/wp-content\/uploads\/2021\/02\/gambero-rosso.png\" alt=\"\" width=\"95\" height=\"80\" data-srcset=\"https:\/\/staging.baredev.com\/wp-content\/uploads\/2021\/02\/gambero-rosso.png 239w, https:\/\/staging.baredev.com\/wp-content\/uploads\/2021\/02\/gambero-rosso-150x126.png 150w, https:\/\/staging.baredev.com\/wp-content\/uploads\/2021\/02\/gambero-rosso-239x201.png 600w, https:\/\/staging.baredev.com\/wp-content\/uploads\/2021\/02\/gambero-rosso-100x84.png 100w\" data-sizes=\"(max-width: 95px) 100vw, 95px\" src=\"data:image\/gif;base64,R0lGODlhAQABAAAAACH5BAEKAAEALAAAAAABAAEAAAICTAEAOw==\" style=\"--smush-placeholder-width: 95px; --smush-placeholder-aspect-ratio: 95\/80;\" \/><noscript><img decoding=\"async\" class=\"alignnone wp-image-7641\" src=\"https:\/\/staging.baredev.com\/wp-content\/uploads\/2021\/02\/gambero-rosso.png\" alt=\"\" width=\"95\" height=\"80\" srcset=\"https:\/\/staging.baredev.com\/wp-content\/uploads\/2021\/02\/gambero-rosso.png 239w, https:\/\/staging.baredev.com\/wp-content\/uploads\/2021\/02\/gambero-rosso-150x126.png 150w, https:\/\/staging.baredev.com\/wp-content\/uploads\/2021\/02\/gambero-rosso-239x201.png 600w, https:\/\/staging.baredev.com\/wp-content\/uploads\/2021\/02\/gambero-rosso-100x84.png 100w\" sizes=\"(max-width: 95px) 100vw, 95px\" \/><\/noscript><\/p>","protected":false},"featured_media":17932,"comment_status":"open","ping_status":"closed","template":"","meta":{"_acf_changed":false,"inline_featured_image":false,"wprm-recipe-roundup-name":"","wprm-recipe-roundup-description":""},"pwb-brand":[428],"product_brand":[],"product_cat":[412,427],"product_tag":[],"class_list":{"0":"post-8637","1":"product","2":"type-product","3":"status-publish","4":"has-post-thumbnail","6":"pwb-brand-cosi-come","7":"product_cat-conserve","8":"product_cat-pomodori","10":"first","11":"instock","12":"sale","13":"taxable","14":"shipping-taxable","15":"purchasable","16":"product-type-simple"},"acf":[],"yoast_head":"<!-- This site is optimized with the Yoast SEO Premium plugin v23.7 (Yoast SEO v27.6) - https:\/\/yoast.com\/product\/yoast-seo-premium-wordpress\/ -->\n<title>Datterino Giallo in Acqua di Mare Cos\u00ec Com&#039;\u00e8 350g - Sapori Nostri<\/title>\n<meta name=\"description\" content=\"Datterino Giallo in Acqua di Mare Cos\u00ec Com&#039;\u00e8, dolce e gustoso, con completa gamma di minerali e oligoelementi grazie all&#039;acqua di mare\" \/>\n<meta name=\"robots\" content=\"index, follow, max-snippet:-1, max-image-preview:large, max-video-preview:-1\" \/>\n<link rel=\"canonical\" href=\"https:\/\/staging.baredev.com\/fr\/datterino-giallo-in-acqua-di-mare-cosi-come-350g\/\" \/>\n<meta property=\"og:locale\" content=\"fr_FR\" \/>\n<meta property=\"og:type\" content=\"article\" \/>\n<meta property=\"og:title\" content=\"Datterino Giallo in Acqua di Mare Cos\u00ec Com&#039;\u00e8 350g\" \/>\n<meta property=\"og:description\" content=\"Datterino Giallo in Acqua di Mare Cos\u00ec Com&#039;\u00e8, dolce e gustoso, con completa gamma di minerali e oligoelementi grazie all&#039;acqua di mare\" \/>\n<meta property=\"og:url\" content=\"https:\/\/staging.baredev.com\/fr\/datterino-giallo-in-acqua-di-mare-cosi-come-350g\/\" \/>\n<meta property=\"og:site_name\" content=\"Sapori Nostri\" \/>\n<meta property=\"article:publisher\" content=\"https:\/\/www.facebook.com\/saporinostri.it\/\" \/>\n<meta property=\"article:modified_time\" content=\"2026-02-12T09:40:33+00:00\" \/>\n<meta property=\"og:image\" content=\"https:\/\/staging.baredev.com\/wp-content\/uploads\/2021\/03\/datterino-giallo-in-acqua-di-mare-cosi-come-front.jpg\" \/>\n\t<meta property=\"og:image:width\" content=\"1100\" \/>\n\t<meta property=\"og:image:height\" content=\"1100\" \/>\n\t<meta property=\"og:image:type\" content=\"image\/jpeg\" \/>\n<meta name=\"twitter:card\" content=\"summary_large_image\" \/>\n<meta name=\"twitter:label1\" content=\"Est. reading time\" \/>\n\t<meta name=\"twitter:data1\" content=\"1 minute\" \/>\n<script type=\"application\/ld+json\" class=\"yoast-schema-graph\">{\"@context\":\"https:\\\/\\\/schema.org\",\"@graph\":[{\"@type\":\"WebPage\",\"@id\":\"https:\\\/\\\/staging.baredev.com\\\/fr\\\/datterino-giallo-in-acqua-di-mare-cosi-come-350g\\\/\",\"url\":\"https:\\\/\\\/staging.baredev.com\\\/fr\\\/datterino-giallo-in-acqua-di-mare-cosi-come-350g\\\/\",\"name\":\"Datterino Giallo in Acqua di Mare Cos\u00ec Com'\u00e8 350g - Sapori Nostri\",\"isPartOf\":{\"@id\":\"https:\\\/\\\/staging.baredev.com\\\/fr\\\/#website\"},\"primaryImageOfPage\":{\"@id\":\"https:\\\/\\\/staging.baredev.com\\\/fr\\\/datterino-giallo-in-acqua-di-mare-cosi-come-350g\\\/#primaryimage\"},\"image\":{\"@id\":\"https:\\\/\\\/staging.baredev.com\\\/fr\\\/datterino-giallo-in-acqua-di-mare-cosi-come-350g\\\/#primaryimage\"},\"thumbnailUrl\":\"https:\\\/\\\/staging.baredev.com\\\/wp-content\\\/uploads\\\/2021\\\/03\\\/datterino-giallo-in-acqua-di-mare-cosi-come-front.jpg\",\"datePublished\":\"2021-03-12T07:07:53+00:00\",\"dateModified\":\"2026-02-12T09:40:33+00:00\",\"description\":\"Datterino Giallo in Acqua di Mare Cos\u00ec Com'\u00e8, dolce e gustoso, con completa gamma di minerali e oligoelementi grazie all'acqua di mare\",\"breadcrumb\":{\"@id\":\"https:\\\/\\\/staging.baredev.com\\\/fr\\\/datterino-giallo-in-acqua-di-mare-cosi-come-350g\\\/#breadcrumb\"},\"inLanguage\":\"fr-FR\",\"potentialAction\":[{\"@type\":\"ReadAction\",\"target\":[\"https:\\\/\\\/staging.baredev.com\\\/fr\\\/datterino-giallo-in-acqua-di-mare-cosi-come-350g\\\/\"]}]},{\"@type\":\"ImageObject\",\"inLanguage\":\"fr-FR\",\"@id\":\"https:\\\/\\\/staging.baredev.com\\\/fr\\\/datterino-giallo-in-acqua-di-mare-cosi-come-350g\\\/#primaryimage\",\"url\":\"https:\\\/\\\/staging.baredev.com\\\/wp-content\\\/uploads\\\/2021\\\/03\\\/datterino-giallo-in-acqua-di-mare-cosi-come-front.jpg\",\"contentUrl\":\"https:\\\/\\\/staging.baredev.com\\\/wp-content\\\/uploads\\\/2021\\\/03\\\/datterino-giallo-in-acqua-di-mare-cosi-come-front.jpg\",\"width\":1100,\"height\":1100,\"caption\":\"Datterino Giallo in Acqua di Mare Cos\u00ec Com'\u00e8 350g\"},{\"@type\":\"BreadcrumbList\",\"@id\":\"https:\\\/\\\/staging.baredev.com\\\/fr\\\/datterino-giallo-in-acqua-di-mare-cosi-come-350g\\\/#breadcrumb\",\"itemListElement\":[{\"@type\":\"ListItem\",\"position\":1,\"name\":\"Home\",\"item\":\"https:\\\/\\\/staging.baredev.com\\\/fr\\\/\"},{\"@type\":\"ListItem\",\"position\":2,\"name\":\"Shop\",\"item\":\"https:\\\/\\\/staging.baredev.com\\\/fr\\\/shop\\\/\"},{\"@type\":\"ListItem\",\"position\":3,\"name\":\"Datterino Giallo in Acqua di Mare Cos\u00ec Com&#8217;\u00e8 350g\"}]},{\"@type\":\"WebSite\",\"@id\":\"https:\\\/\\\/staging.baredev.com\\\/fr\\\/#website\",\"url\":\"https:\\\/\\\/staging.baredev.com\\\/fr\\\/\",\"name\":\"Sapori Nostri\",\"description\":\"\",\"publisher\":{\"@id\":\"https:\\\/\\\/staging.baredev.com\\\/fr\\\/#organization\"},\"potentialAction\":[{\"@type\":\"SearchAction\",\"target\":{\"@type\":\"EntryPoint\",\"urlTemplate\":\"https:\\\/\\\/staging.baredev.com\\\/fr\\\/?s={search_term_string}\"},\"query-input\":{\"@type\":\"PropertyValueSpecification\",\"valueRequired\":true,\"valueName\":\"search_term_string\"}}],\"inLanguage\":\"fr-FR\"},{\"@type\":\"Organization\",\"@id\":\"https:\\\/\\\/staging.baredev.com\\\/fr\\\/#organization\",\"name\":\"Sapori Nostri\",\"url\":\"https:\\\/\\\/staging.baredev.com\\\/fr\\\/\",\"logo\":{\"@type\":\"ImageObject\",\"inLanguage\":\"fr-FR\",\"@id\":\"https:\\\/\\\/staging.baredev.com\\\/fr\\\/#\\\/schema\\\/logo\\\/image\\\/\",\"url\":\"https:\\\/\\\/staging.baredev.com\\\/wp-content\\\/uploads\\\/2020\\\/05\\\/logo-retina.png\",\"contentUrl\":\"https:\\\/\\\/staging.baredev.com\\\/wp-content\\\/uploads\\\/2020\\\/05\\\/logo-retina.png\",\"width\":500,\"height\":109,\"caption\":\"Sapori Nostri\"},\"image\":{\"@id\":\"https:\\\/\\\/staging.baredev.com\\\/fr\\\/#\\\/schema\\\/logo\\\/image\\\/\"},\"sameAs\":[\"https:\\\/\\\/www.facebook.com\\\/saporinostri.it\\\/\",\"https:\\\/\\\/www.instagram.com\\\/saporinostri.it\\\/\"]}]}<\/script>\n<!-- \/ Yoast SEO Premium plugin. -->","yoast_head_json":{"title":"Datterino Jaune \u00e0 l&#039;Eau de Mer 350g - Sapori Nostra","description":"Datterino jaune \u00e0 l&#039;eau de mer Tel quel, doux et savoureux, avec une gamme compl\u00e8te de min\u00e9raux et d&#039;oligo-\u00e9l\u00e9ments gr\u00e2ce \u00e0 l&#039;eau de mer","robots":{"index":"index","follow":"follow","max-snippet":"max-snippet:-1","max-image-preview":"max-image-preview:large","max-video-preview":"max-video-preview:-1"},"canonical":"https:\/\/staging.baredev.com\/fr\/datterino-giallo-in-acqua-di-mare-cosi-come-350g\/","og_locale":"fr_FR","og_type":"article","og_title":"Datterino Giallo in Acqua di Mare Cos\u00ec Com'\u00e8 350g","og_description":"Datterino Giallo in Acqua di Mare Cos\u00ec Com'\u00e8, dolce e gustoso, con completa gamma di minerali e oligoelementi grazie all'acqua di mare","og_url":"https:\/\/staging.baredev.com\/fr\/datterino-giallo-in-acqua-di-mare-cosi-come-350g\/","og_site_name":"Sapori Nostri","article_publisher":"https:\/\/www.facebook.com\/saporinostri.it\/","article_modified_time":"2026-02-12T09:40:33+00:00","og_image":[{"width":1100,"height":1100,"url":"https:\/\/staging.baredev.com\/wp-content\/uploads\/2021\/03\/datterino-giallo-in-acqua-di-mare-cosi-come-front.jpg","type":"image\/jpeg"}],"twitter_card":"summary_large_image","twitter_misc":{"Est. reading time":"1 minute"},"schema":{"@context":"https:\/\/schema.org","@graph":[{"@type":"WebPage","@id":"https:\/\/staging.baredev.com\/fr\/datterino-giallo-in-acqua-di-mare-cosi-come-350g\/","url":"https:\/\/staging.baredev.com\/fr\/datterino-giallo-in-acqua-di-mare-cosi-come-350g\/","name":"Datterino Jaune \u00e0 l&#039;Eau de Mer 350g - Sapori Nostra","isPartOf":{"@id":"https:\/\/staging.baredev.com\/fr\/#website"},"primaryImageOfPage":{"@id":"https:\/\/staging.baredev.com\/fr\/datterino-giallo-in-acqua-di-mare-cosi-come-350g\/#primaryimage"},"image":{"@id":"https:\/\/staging.baredev.com\/fr\/datterino-giallo-in-acqua-di-mare-cosi-come-350g\/#primaryimage"},"thumbnailUrl":"https:\/\/staging.baredev.com\/wp-content\/uploads\/2021\/03\/datterino-giallo-in-acqua-di-mare-cosi-come-front.jpg","datePublished":"2021-03-12T07:07:53+00:00","dateModified":"2026-02-12T09:40:33+00:00","description":"Datterino jaune \u00e0 l&#039;eau de mer Tel quel, doux et savoureux, avec une gamme compl\u00e8te de min\u00e9raux et d&#039;oligo-\u00e9l\u00e9ments gr\u00e2ce \u00e0 l&#039;eau de mer","breadcrumb":{"@id":"https:\/\/staging.baredev.com\/fr\/datterino-giallo-in-acqua-di-mare-cosi-come-350g\/#breadcrumb"},"inLanguage":"fr-FR","potentialAction":[{"@type":"ReadAction","target":["https:\/\/staging.baredev.com\/fr\/datterino-giallo-in-acqua-di-mare-cosi-come-350g\/"]}]},{"@type":"ImageObject","inLanguage":"fr-FR","@id":"https:\/\/staging.baredev.com\/fr\/datterino-giallo-in-acqua-di-mare-cosi-come-350g\/#primaryimage","url":"https:\/\/staging.baredev.com\/wp-content\/uploads\/2021\/03\/datterino-giallo-in-acqua-di-mare-cosi-come-front.jpg","contentUrl":"https:\/\/staging.baredev.com\/wp-content\/uploads\/2021\/03\/datterino-giallo-in-acqua-di-mare-cosi-come-front.jpg","width":1100,"height":1100,"caption":"Datterino Giallo in Acqua di Mare Cos\u00ec Com'\u00e8 350g"},{"@type":"BreadcrumbList","@id":"https:\/\/staging.baredev.com\/fr\/datterino-giallo-in-acqua-di-mare-cosi-come-350g\/#breadcrumb","itemListElement":[{"@type":"ListItem","position":1,"name":"Home","item":"https:\/\/staging.baredev.com\/fr\/"},{"@type":"ListItem","position":2,"name":"Shop","item":"https:\/\/staging.baredev.com\/fr\/shop\/"},{"@type":"ListItem","position":3,"name":"Datterino Giallo in Acqua di Mare Cos\u00ec Com&#8217;\u00e8 350g"}]},{"@type":"WebSite","@id":"https:\/\/staging.baredev.com\/fr\/#website","url":"https:\/\/staging.baredev.com\/fr\/","name":"Sapori Nostri","description":"","publisher":{"@id":"https:\/\/staging.baredev.com\/fr\/#organization"},"potentialAction":[{"@type":"SearchAction","target":{"@type":"EntryPoint","urlTemplate":"https:\/\/staging.baredev.com\/fr\/?s={search_term_string}"},"query-input":{"@type":"PropertyValueSpecification","valueRequired":true,"valueName":"search_term_string"}}],"inLanguage":"fr-FR"},{"@type":"Organization","@id":"https:\/\/staging.baredev.com\/fr\/#organization","name":"Sapori Nostri","url":"https:\/\/staging.baredev.com\/fr\/","logo":{"@type":"ImageObject","inLanguage":"fr-FR","@id":"https:\/\/staging.baredev.com\/fr\/#\/schema\/logo\/image\/","url":"https:\/\/staging.baredev.com\/wp-content\/uploads\/2020\/05\/logo-retina.png","contentUrl":"https:\/\/staging.baredev.com\/wp-content\/uploads\/2020\/05\/logo-retina.png","width":500,"height":109,"caption":"Sapori Nostri"},"image":{"@id":"https:\/\/staging.baredev.com\/fr\/#\/schema\/logo\/image\/"},"sameAs":["https:\/\/www.facebook.com\/saporinostri.it\/","https:\/\/www.instagram.com\/saporinostri.it\/"]}]}},"jetpack_sharing_enabled":true,"brands":[{"id":428,"name":"Aussi bien que","slug":"cosi-come"}],"_links":{"self":[{"href":"https:\/\/staging.baredev.com\/fr\/wp-json\/wp\/v2\/product\/8637","targetHints":{"allow":["GET"]}}],"collection":[{"href":"https:\/\/staging.baredev.com\/fr\/wp-json\/wp\/v2\/product"}],"about":[{"href":"https:\/\/staging.baredev.com\/fr\/wp-json\/wp\/v2\/types\/product"}],"replies":[{"embeddable":true,"href":"https:\/\/staging.baredev.com\/fr\/wp-json\/wp\/v2\/comments?post=8637"}],"wp:featuredmedia":[{"embeddable":true,"href":"https:\/\/staging.baredev.com\/fr\/wp-json\/wp\/v2\/media\/17932"}],"wp:attachment":[{"href":"https:\/\/staging.baredev.com\/fr\/wp-json\/wp\/v2\/media?parent=8637"}],"wp:term":[{"taxonomy":"pwb-brand","embeddable":true,"href":"https:\/\/staging.baredev.com\/fr\/wp-json\/wp\/v2\/pwb-brand?post=8637"},{"taxonomy":"product_brand","embeddable":true,"href":"https:\/\/staging.baredev.com\/fr\/wp-json\/wp\/v2\/product_brand?post=8637"},{"taxonomy":"product_cat","embeddable":true,"href":"https:\/\/staging.baredev.com\/fr\/wp-json\/wp\/v2\/product_cat?post=8637"},{"taxonomy":"product_tag","embeddable":true,"href":"https:\/\/staging.baredev.com\/fr\/wp-json\/wp\/v2\/product_tag?post=8637"}],"curies":[{"name":"wp","href":"https:\/\/api.w.org\/{rel}","templated":true}]}}